{"id":999,"date":"2022-08-31T21:09:12","date_gmt":"2022-08-31T21:09:12","guid":{"rendered":"https:\/\/theclimatebook.org\/notas-finais\/como-o-planeta-esta-a-mudar\/2-20-os-insectos\/"},"modified":"2022-08-31T21:09:12","modified_gmt":"2022-08-31T21:09:12","slug":"2-20-os-insectos","status":"publish","type":"page","link":"https:\/\/theclimatebook.org\/pt-pt\/notas-finais\/como-o-planeta-esta-a-mudar\/2-20-os-insectos\/","title":{"rendered":"2.20 Os Insectos"},"content":{"rendered":"<div class=\"notes\">\n<p class=\"author\"><a href=\"\/contributors#dave-goulson\" rel=\"author\">Dave Goulson<\/a><\/p>\n<p class=\"date\">Todas as fontes online foram acedidas no dia <time datetime=\"2022-02-26\">26 de Fevereiro de 2022<\/time><\/p>\n<ol start=\"110\">\n<li>\n<p>\n<q>no Reino Unido as popula\u00e7\u00f5es de lepid\u00f3pteros diminu\u00edram cerca de 50% desde 1976<\/q> Warren, M. S., <em>et al<\/em>., <cite>\u2018The decline of butterflies in Europe: problems, significance, and possible solutions\u2019<\/cite>, <span class=\"book\">Proceedings of the National Academy of Sciences<\/span>, 118 (2), 2021: Article e2002551117, <a href=\"https:\/\/doi.org\/10.1073\/pnas.2002551117\" target=\"_blank\" rel=\"noopener\">https:\/\/doi.org\/10.1073\/pnas.2002551117<\/a>.\n<\/p>\n<p>\n<q>A biomassa de insetos voadores nas reservas naturais da Alemanha<\/q> Hallmann, C. A., <em>et al<\/em>., <cite>\u2018More than 75 percent decline over 27 years in total flying insect biomass in protected areas\u2019<\/cite>, <span class=\"book\">PLOS One<\/span>, 12 (10), 2017: Article e0185809, <a href=\"https:\/\/doi.org\/10.1371\/journal.pone.0185809\" target=\"_blank\" rel=\"noopener\">https:\/\/doi.org\/10.1371\/journal.pone.0185809<\/a>.\n<\/p>\n<p>\n<q>os tric\u00f3pteros diminu\u00edram 60% entre 2006 e 2017<\/q> Ibid.\n<\/p>\n<p>\n<q>Na Am\u00e9rica do Norte, a popula\u00e7\u00e3o da borboleta-monarca<\/q> Center for Biological Diversity, <cite>\u2018Eastern monarch butterfly population falls again\u2019<\/cite>, <a href=\"https:\/\/biologicaldiversity.org\/w\/news\/press-releases\/eastern-monarch-butterfly-population-falls-again-2021-02-25\/\" target=\"_blank\" rel=\"noopener\">https:\/\/biologicaldiversity.org\/w\/news\/press-releases\/eastern-monarch-butterfly-population-falls-again-2021-02-25\/<\/a>, 25 de Fevereiro de 2021.\n<\/p>\n<\/li>\n<li>\n<p>\n<q>As tentativas de calcular uma taxa m\u00e9dia de decl\u00ednio<\/q> Wagner, D. L., <em>et al<\/em>., <cite>\u2018Insect decline in the Anthropocene: death by a thousand cuts\u2019<\/cite>, <span class=\"book\">, Proceedings of the National Academy of Sciences<\/span>, 118 (2), 2021: Article e2023989118, <a href=\"https:\/\/www.pnas.org\/content\/118\/2\/e2023989118\/\" target=\"_blank\" rel=\"noopener\">https:\/\/www.pnas.org\/content\/118\/2\/e2023989118\/<\/a>.\n<\/p>\n<\/li>\n<li>\n<p>\n<q>A popula\u00e7\u00e3o de borboletas da esp\u00e9cie Tyria jacobaeae\u2026 diminuiu 83%<\/q> Fox, R., <em>et al<\/em>., <cite><span class=\"book\">The State of Britain\u2019s Larger Moths<\/span><\/cite>, Butterfly Conservation and Rothamsted Research, 2006, <a href=\"https:\/\/doi.org\/10.23637\/rothamsted.898z8\" target=\"_blank\" rel=\"noopener\">https:\/\/doi.org\/10.23637\/rothamsted.898z8<\/a>.\n<\/p>\n<\/li>\n<\/ol>\n<\/div>\n","protected":false},"excerpt":{"rendered":"<p>Dave Goulson Todas as fontes online foram acedidas no dia 26 de Fevereiro de 2022 no Reino Unido as popula\u00e7\u00f5es de lepid\u00f3pteros diminu\u00edram cerca de 50% desde 1976 Warren, M. S., et al., \u2018The decline of butterflies in Europe: problems, significance, and possible solutions\u2019, Proceedings of the National Academy of Sciences, 118 (2), 2021: Article&hellip;<\/p>\n","protected":false},"author":5,"featured_media":0,"parent":981,"menu_order":20,"comment_status":"closed","ping_status":"closed","template":"page-essay.php","meta":{"footnotes":""},"class_list":["post-999","page","type-page","status-publish","hentry"],"_links":{"self":[{"href":"https:\/\/theclimatebook.org\/pt-pt\/wp-json\/wp\/v2\/pages\/999","targetHints":{"allow":["GET"]}}],"collection":[{"href":"https:\/\/theclimatebook.org\/pt-pt\/wp-json\/wp\/v2\/pages"}],"about":[{"href":"https:\/\/theclimatebook.org\/pt-pt\/wp-json\/wp\/v2\/types\/page"}],"author":[{"embeddable":true,"href":"https:\/\/theclimatebook.org\/pt-pt\/wp-json\/wp\/v2\/users\/5"}],"replies":[{"embeddable":true,"href":"https:\/\/theclimatebook.org\/pt-pt\/wp-json\/wp\/v2\/comments?post=999"}],"version-history":[{"count":0,"href":"https:\/\/theclimatebook.org\/pt-pt\/wp-json\/wp\/v2\/pages\/999\/revisions"}],"up":[{"embeddable":true,"href":"https:\/\/theclimatebook.org\/pt-pt\/wp-json\/wp\/v2\/pages\/981"}],"wp:attachment":[{"href":"https:\/\/theclimatebook.org\/pt-pt\/wp-json\/wp\/v2\/media?parent=999"}],"curies":[{"name":"wp","href":"https:\/\/api.w.org\/{rel}","templated":true}]}}