{"id":995,"date":"2022-08-25T12:14:59","date_gmt":"2022-08-25T12:14:59","guid":{"rendered":"https:\/\/theclimatebook.org\/notas-finais\/como-o-planeta-esta-a-mudar\/2-15-esta-muito-mais-perto-de-nos-do-que-pensamos\/"},"modified":"2022-08-25T12:14:59","modified_gmt":"2022-08-25T12:14:59","slug":"2-15-esta-muito-mais-perto-de-nos-do-que-pensamos","status":"publish","type":"page","link":"https:\/\/theclimatebook.org\/pt-pt\/notas-finais\/como-o-planeta-esta-a-mudar\/2-15-esta-muito-mais-perto-de-nos-do-que-pensamos\/","title":{"rendered":"2.15 Est\u00e1 muito mais perto de n\u00f3s do que pensamos"},"content":{"rendered":"<div class=\"notes\">\n<p class=\"author\"><a href=\"\/contributors#greta-thunberg\" rel=\"author\">Greta Thunberg<\/a><\/p>\n<p class=\"date\">Todas as fontes online foram acedidas no dia  <time datetime=\"2022-02-03\">3 de Fevereiro de 2022<\/time><\/p>\n<ol start=\"90\">\n<li>\n<p>\n<q>\u201cOs ministros do Ambiente de quase 200 pa\u00edses concordaram\u201d<\/q> Watts, J., <cite>\u2018Biodiversity talks: ministers in Nagoya adopt new strategy\u2019<\/cite>, <span class=\"book\">Guardian<\/span>, 29 de Outubro de 2010, <a href=\"https:\/\/www.theguardian.com\/environment\/2010\/oct\/29\/biodiversity-talks-ministers-nagoya-strategy\" target=\"_blank\" rel=\"noopener\">https:\/\/www.theguardian.com\/environment\/2010\/oct\/29\/biodiversity-talks-ministers-nagoya-strategy<\/a>.\n<\/p>\n<\/li>\n<li>\n<p>\n<q>a aldeia de Bondo foi arrasada<\/q> McClanahan, P., <cite>\u2018The Bondo landslide and the future of climate disasters\u2019<\/cite>, <span class=\"book\">Outside<\/span>, 19 august 2019, <a href=\"https:\/\/www.outsideonline.com\/outdoor-adventure\/environment\/bondo-switzerland-landslide-climate-change\/\" target=\"_blank\" rel=\"noopener\">https:\/\/www.outsideonline.com\/outdoor-adventure\/environment\/bondo-switzerland-landslide-climate-change\/<\/a>, <a href=\"https:\/\/www.bbc.com\/news\/world-europe-41049827\" target=\"_blank\" rel=\"noopener\">https:\/\/www.bbc.com\/news\/world-europe-41049827<\/a>.\n<\/p>\n<\/li>\n<li>\n<p>\n<q>um per\u00edodo \u201cde quarenta e quatro a cento e quatro anos\u201d <\/q> Sterman, J. D., <em>et al<\/em>., <cite>\u2018Does replacing coal with wood lower CO<sub>2<\/sub> emissions? Dynamic lifecycle analysis of wood bioenergy\u2019<\/cite>, <span class=\"book\">Environmental Research Letters<\/span>, 13 (1), 2018: Article 015007, <a href=\"https:\/\/doi.org\/10.1088\/1748-9326\/aaa512\" target=\"_blank\" rel=\"noopener\">https:\/\/doi.org\/10.1088\/1748-9326\/aaa512<\/a>.\n<\/p>\n<p>\n<q>o ponto fraco do Protocolo de Quioto<\/q><br \/>\n<a href=\"https:\/\/www.newyorker.com\/news\/annals-of-a-warming-planet\/the-millions-of-tons-of-carbon-emissions-that-dont-officially-exist\" target=\"_blank\" rel=\"noopener\">https:\/\/www.newyorker.com\/news\/annals-of-a-warming-planet\/the-millions-of-tons-of-carbon-emissions-that-dont-officially-exist<\/a>.\n<\/p>\n<p>\n<q>a central el\u00e9trica de Drax \u00e9 o maior emissor individual de CO<sub>2<\/sub><\/q> Cockburn, H., <cite>\u2018UK\u2019s biggest carbon emitter Drax \u201cgreenwashing\u201d wood-fired power at COP26\u2019<\/cite>, <span class=\"book\">Independent<\/span>, 12 de Novembro de 2021, <a href=\"https:\/\/www.independent.co.uk\/climate-change\/news\/drax-greenwashing-cop26-wood-emissions-b1956072.html\" target=\"_blank\" rel=\"noopener\">https:\/\/www.independent.co.uk\/climate-change\/news\/drax-greenwashing-cop26-wood-emissions-b1956072.html<\/a>.\n<\/p>\n<p>\n<q>no Canad\u00e1, na Finl\u00e2ndia, na Su\u00e9cia<\/q>, <a href=\"https:\/\/www.bbc.com\/news\/science-environment-63089348\" target=\"_blank\" rel=\"noopener\">https:\/\/www.bbc.com\/news\/science-environment-63089348<\/a><br \/>\n<a href=\"https:\/\/www.nrdc.org\/sites\/default\/files\/global-markets-biomass-energy-devastating-us-forests-202209.pdf\" target=\"_blank\" rel=\"noopener\">https:\/\/www.nrdc.org\/sites\/default\/files\/global-markets-biomass-energy-devastating-us-forests-202209.pdf<\/a><br \/>\n<a href=\"https:\/\/www.theguardian.com\/world\/2021\/jan\/14\/carbon-neutrality-is-a-fairy-tale-how-the-race-for-renewables-is-burning-europes-forests\" target=\"_blank\" rel=\"noopener\">https:\/\/www.theguardian.com\/world\/2021\/jan\/14\/carbon-neutrality-is-a-fairy-tale-how-the-race-for-renewables-is-burning-europes-forests<\/a>, <a href=\"https:\/\/forestdefenders.eu\/yes-finland-is-devouring-its-forests-for-biomass-fuel\/\" target=\"_blank\" rel=\"noopener\">https:\/\/forestdefenders.eu\/yes-finland-is-devouring-its-forests-for-biomass-fuel\/<\/a>, <a href=\"https:\/\/www.dn.se\/sverige\/svenska-trad-eldas-upp-trots-branschens-och-ministerns-loften\/\" target=\"_blank\" rel=\"noopener\">https:\/\/www.dn.se\/sverige\/svenska-trad-eldas-upp-trots-branschens-och-ministerns-loften\/<\/a>, <a href=\"https:\/\/www.skogsstyrelsen.se\/globalassets\/statistik\/statistiska-meddelanden\/sm-bruttoavverkning-2019.pdf\" target=\"_blank\" rel=\"noopener\">https:\/\/www.skogsstyrelsen.se\/globalassets\/statistik\/statistiska-meddelanden\/sm-bruttoavverkning-2019.pdf<\/a>,<br \/>\n<a href=\"https:\/\/www.gu.se\/sites\/default\/files\/2020-11\/Nyhetsbrev9.pdf\" target=\"_blank\" rel=\"noopener\">https:\/\/www.gu.se\/sites\/default\/files\/2020-11\/Nyhetsbrev9.pdf<\/a>,<br \/>\n<a href=\"https:\/\/www.dn.se\/sverige\/sverige-avverkar-skog-som-eu-vill-skydda-behovs-ett-radslag\/\" target=\"_blank\" rel=\"noopener\">https:\/\/www.dn.se\/sverige\/sverige-avverkar-skog-som-eu-vill-skydda-behovs-ett-radslag\/<\/a>.\n<\/p>\n<\/li>\n<li>\n<p>\n<q>produ\u00e7\u00e3o de\u2026 124,6 mil milh\u00f5es de metros c\u00fabicos de g\u00e1s f\u00f3ssil<\/q> Brown, M., and McConnaughey, J., <cite>\u2018Companies bid $192 million in 1st Gulf oil sale under Biden\u2019<\/cite>, AP News, 17 de Novembro de 2021, <a href=\"https:\/\/apnews.com\/article\/climate-joe-biden-science-business-environment-and-nature-cc0deca6a28aab21cd4e0aa35ea7b6af\" target=\"_blank\" rel=\"noopener\">https:\/\/apnews.com\/article\/climate-joe-biden-science-business-environment-and-nature-cc0deca6a28aab21cd4e0aa35ea7b6af<\/a>.\n<\/p>\n<\/li>\n<\/ol>\n<\/div>\n","protected":false},"excerpt":{"rendered":"<p>Greta Thunberg Todas as fontes online foram acedidas no dia 3 de Fevereiro de 2022 \u201cOs ministros do Ambiente de quase 200 pa\u00edses concordaram\u201d Watts, J., \u2018Biodiversity talks: ministers in Nagoya adopt new strategy\u2019, Guardian, 29 de Outubro de 2010, https:\/\/www.theguardian.com\/environment\/2010\/oct\/29\/biodiversity-talks-ministers-nagoya-strategy. a aldeia de Bondo foi arrasada McClanahan, P., \u2018The Bondo landslide and the future&hellip;<\/p>\n","protected":false},"author":5,"featured_media":0,"parent":981,"menu_order":15,"comment_status":"closed","ping_status":"closed","template":"page-essay.php","meta":{"footnotes":""},"class_list":["post-995","page","type-page","status-publish","hentry"],"_links":{"self":[{"href":"https:\/\/theclimatebook.org\/pt-pt\/wp-json\/wp\/v2\/pages\/995","targetHints":{"allow":["GET"]}}],"collection":[{"href":"https:\/\/theclimatebook.org\/pt-pt\/wp-json\/wp\/v2\/pages"}],"about":[{"href":"https:\/\/theclimatebook.org\/pt-pt\/wp-json\/wp\/v2\/types\/page"}],"author":[{"embeddable":true,"href":"https:\/\/theclimatebook.org\/pt-pt\/wp-json\/wp\/v2\/users\/5"}],"replies":[{"embeddable":true,"href":"https:\/\/theclimatebook.org\/pt-pt\/wp-json\/wp\/v2\/comments?post=995"}],"version-history":[{"count":0,"href":"https:\/\/theclimatebook.org\/pt-pt\/wp-json\/wp\/v2\/pages\/995\/revisions"}],"up":[{"embeddable":true,"href":"https:\/\/theclimatebook.org\/pt-pt\/wp-json\/wp\/v2\/pages\/981"}],"wp:attachment":[{"href":"https:\/\/theclimatebook.org\/pt-pt\/wp-json\/wp\/v2\/media?parent=995"}],"curies":[{"name":"wp","href":"https:\/\/api.w.org\/{rel}","templated":true}]}}