{"id":992,"date":"2022-08-24T15:42:19","date_gmt":"2022-08-24T15:42:19","guid":{"rendered":"https:\/\/theclimatebook.org\/notas-finais\/como-o-planeta-esta-a-mudar\/2-12-a-acidificacao-e-os-ecossistemas-marinhos\/"},"modified":"2022-08-24T15:42:19","modified_gmt":"2022-08-24T15:42:19","slug":"2-12-a-acidificacao-e-os-ecossistemas-marinhos","status":"publish","type":"page","link":"https:\/\/theclimatebook.org\/pt-pt\/notas-finais\/como-o-planeta-esta-a-mudar\/2-12-a-acidificacao-e-os-ecossistemas-marinhos\/","title":{"rendered":"2.12 A Acidifica\u00e7\u00e3o e os Ecossistemas Marinhos"},"content":{"rendered":"<div class=\"notes\">\n<p class=\"author\"><a href=\"\/contributors#hans-otto-p\u00f6rtner\" rel=\"author\">Hans-Otto P\u00f6rtner<\/a><\/p>\n<p class=\"date\">Todas as fontes online foram acedidas no dia  <time datetime=\"2022-02-27\">27 de Fevereiro de 2022<\/time><\/p>\n<ol start=\"84\">\n<li>\n<p>\n<q>Os oceanos absorveram 20 a 30%<\/q> Painel Intergovernamental sobre as Altera\u00e7\u00f5es Clim\u00e1ticas, <cite>\u2018Summary for policymakers\u2019<\/cite>, in <span class=\"book\">IPCC Special Report on the Ocean and Cryosphere in a Changing Climate<\/span>, ed. H.-O. P\u00f6rtner <em>et al<\/em>. (Cambridge: Cambridge University Press, 2022), <a href=\"https:\/\/doi.org\/10.1017\/9781009157964.001\" target=\"_blank\" rel=\"noopener\">https:\/\/doi.org\/10.1017\/9781009157964.001<\/a>.\n<\/p>\n<p>\n<q>reduz a calcifica\u00e7\u00e3o\u2026 ou provoca a desestabiliza\u00e7\u00e3o de ecossistemas \u00e0 base de carbonato<\/q> Hoegh-Guldberg, O., <em>et al<\/em>., <cite>\u2018Impacts of 1.5\u00b0C global warming on natural and human systems\u2019<\/cite>, in Painel Intergovernamental sobre as Altera\u00e7\u00f5es Clim\u00e1ticas, <span class=\"book\">Global Warming of 1.5\u00b0C: An IPCC Special Report on the Impacts of Global Warming of 1.5\u00b0C above Pre-industrial Levels and Related Global Greenhouse Gas Emission Pathways, in the Context of Strengthening the Global Response to the Threat of Climate Change, Sustainable Development, and Efforts to Eradicate Poverty<\/span>, ed. V. Masson-Delmotte (Cambridge: Cambridge University Press, 2018), <a href=\"https:\/\/www.ipcc.ch\/sr15\/chapter\/chapter-3\/\" target=\"_blank\" rel=\"noopener\">https:\/\/www.ipcc.ch\/sr15\/chapter\/chapter-3\/<\/a>.\n<\/p>\n<\/li>\n<\/ol>\n<\/div>\n","protected":false},"excerpt":{"rendered":"<p>Hans-Otto P\u00f6rtner Todas as fontes online foram acedidas no dia 27 de Fevereiro de 2022 Os oceanos absorveram 20 a 30% Painel Intergovernamental sobre as Altera\u00e7\u00f5es Clim\u00e1ticas, \u2018Summary for policymakers\u2019, in IPCC Special Report on the Ocean and Cryosphere in a Changing Climate, ed. H.-O. P\u00f6rtner et al. (Cambridge: Cambridge University Press, 2022), https:\/\/doi.org\/10.1017\/9781009157964.001. reduz&hellip;<\/p>\n","protected":false},"author":5,"featured_media":0,"parent":981,"menu_order":12,"comment_status":"closed","ping_status":"closed","template":"page-essay.php","meta":{"footnotes":""},"class_list":["post-992","page","type-page","status-publish","hentry"],"_links":{"self":[{"href":"https:\/\/theclimatebook.org\/pt-pt\/wp-json\/wp\/v2\/pages\/992","targetHints":{"allow":["GET"]}}],"collection":[{"href":"https:\/\/theclimatebook.org\/pt-pt\/wp-json\/wp\/v2\/pages"}],"about":[{"href":"https:\/\/theclimatebook.org\/pt-pt\/wp-json\/wp\/v2\/types\/page"}],"author":[{"embeddable":true,"href":"https:\/\/theclimatebook.org\/pt-pt\/wp-json\/wp\/v2\/users\/5"}],"replies":[{"embeddable":true,"href":"https:\/\/theclimatebook.org\/pt-pt\/wp-json\/wp\/v2\/comments?post=992"}],"version-history":[{"count":0,"href":"https:\/\/theclimatebook.org\/pt-pt\/wp-json\/wp\/v2\/pages\/992\/revisions"}],"up":[{"embeddable":true,"href":"https:\/\/theclimatebook.org\/pt-pt\/wp-json\/wp\/v2\/pages\/981"}],"wp:attachment":[{"href":"https:\/\/theclimatebook.org\/pt-pt\/wp-json\/wp\/v2\/media?parent=992"}],"curies":[{"name":"wp","href":"https:\/\/api.w.org\/{rel}","templated":true}]}}