{"id":991,"date":"2022-08-24T15:31:57","date_gmt":"2022-08-24T15:31:57","guid":{"rendered":"https:\/\/theclimatebook.org\/notas-finais\/como-o-planeta-esta-a-mudar\/2-11-o-aquecimento-dos-oceanos-e-a-subida-do-nivel-do-mar\/"},"modified":"2022-08-24T15:31:57","modified_gmt":"2022-08-24T15:31:57","slug":"2-11-o-aquecimento-dos-oceanos-e-a-subida-do-nivel-do-mar","status":"publish","type":"page","link":"https:\/\/theclimatebook.org\/pt-pt\/notas-finais\/como-o-planeta-esta-a-mudar\/2-11-o-aquecimento-dos-oceanos-e-a-subida-do-nivel-do-mar\/","title":{"rendered":"2.11 O Aquecimento dos Oceanos e a Subida do N\u00edvel do Mar"},"content":{"rendered":"<div class=\"notes\">\n<p class=\"author\"><a href=\"\/contributors#stefan-rahmstorf\" rel=\"author\">Stefan Rahmstorf<\/a><\/p>\n<p class=\"date\">Todas as fontes online foram acedidas no dia  <time datetime=\"2022-01-11\">11 de Janeiro de 2022<\/time><\/p>\n<ol start=\"79\">\n<li>\n<p><q>Os gases com efeito de estufa come\u00e7am a diminuir<\/q> MacDougall, A. H., <em>et al<\/em>. <cite>\u2018Is there warming in the pipeline? A multi-model analysis of the zero emissions commitment from CO<sub>2<\/sub>\u2019<\/cite>, <span class=\"book\">Biogeosciences<\/span>, 17 (11), 2020: 2987\u20133016, <a href=\"https:\/\/doi.org\/10.5194\/bg-17-2987-2020\" target=\"_blank\" rel=\"noopener\">https:\/\/doi.org\/10.5194\/bg-17-2987-2020<\/a>.<\/p>\n<p><q>incrementa a pluviosidade global<\/q> Pendergrass, A. G., and Knutti, R., <cite>\u2018The uneven nature of daily precipitation and its change\u2019<\/cite>, <span class=\"book\">Geophysical Research Letters<\/span>, 45 (21), 2018: 11980\u201388, <a href=\"https:\/\/doi.org\/10.1029\/2018GL080298\" target=\"_blank\" rel=\"noopener\">https:\/\/doi.org\/10.1029\/2018GL080298<\/a>.<\/p>\n<\/li>\n<li>\n<p><q>At\u00e9 agora, a subida do n\u00edvel do mar\u2026 est\u00e1 de acordo com os dados independentes<\/q> WCRP Global Sea Level Budget Group, <cite>\u2018Global sea-level budget 1993\u2013present\u2019<\/cite>, <span class=\"book\">Earth System Science Data<\/span>, 10 (3), 2018: 1551\u201390, <a href=\"https:\/\/doi.org\/10.5194\/essd-10-1551-2018\" target=\"_blank\" rel=\"noopener\">https:\/\/doi.org\/10.5194\/essd-10-1551-2018<\/a>.<\/p>\n<\/li>\n<li value=\"82\">\n<p><q>A AMOC \u00e9 a principal raz\u00e3o<\/q> Feulner, G., <em>et al<\/em>., <cite>\u2018On the origin of the surface air temperature difference between the hemispheres in Earth\u2019s present-day climate\u2019<\/cite>, <span class=\"book\">Journal of Climate<\/span>, 26 (18) 2013: 7136\u201350, <a href=\"https:\/\/journals.ametsoc.org\/view\/journals\/clim\/26\/18\/jcli-d-12-00636.1.xml\" target=\"_blank\" rel=\"noopener\">https:\/\/journals.ametsoc.org\/view\/journals\/clim\/26\/18\/jcli-d-12-00636.1.xml<\/a>.<\/p>\n<\/li>\n<li>\n<p><q>h\u00e1 sinais de alerta cred\u00edveis, com base em dados de observa\u00e7\u00e3o<\/q> Boers, N., <cite>\u2018Observation-based early-warning signals for a collapse of the Atlantic Meridional Overturning Circulation\u2019<\/cite>, <span class=\"book\">Nature Climate Change<\/span>, 11 (8), 2021: 680\u201388, <a href=\"https:\/\/doi.org\/10.1038\/s41558-021-01097-4\" target=\"_blank\" rel=\"noopener\">https:\/\/doi.org\/10.1038\/s41558-021-01097-4<\/a>.<\/p>\n<\/li>\n<\/ol>\n<\/div>\n","protected":false},"excerpt":{"rendered":"<p>Stefan Rahmstorf Todas as fontes online foram acedidas no dia 11 de Janeiro de 2022 Os gases com efeito de estufa come\u00e7am a diminuir MacDougall, A. H., et al. \u2018Is there warming in the pipeline? A multi-model analysis of the zero emissions commitment from CO2\u2019, Biogeosciences, 17 (11), 2020: 2987\u20133016, https:\/\/doi.org\/10.5194\/bg-17-2987-2020. incrementa a pluviosidade global&hellip;<\/p>\n","protected":false},"author":5,"featured_media":0,"parent":981,"menu_order":11,"comment_status":"closed","ping_status":"closed","template":"page-essay.php","meta":{"footnotes":""},"class_list":["post-991","page","type-page","status-publish","hentry"],"_links":{"self":[{"href":"https:\/\/theclimatebook.org\/pt-pt\/wp-json\/wp\/v2\/pages\/991","targetHints":{"allow":["GET"]}}],"collection":[{"href":"https:\/\/theclimatebook.org\/pt-pt\/wp-json\/wp\/v2\/pages"}],"about":[{"href":"https:\/\/theclimatebook.org\/pt-pt\/wp-json\/wp\/v2\/types\/page"}],"author":[{"embeddable":true,"href":"https:\/\/theclimatebook.org\/pt-pt\/wp-json\/wp\/v2\/users\/5"}],"replies":[{"embeddable":true,"href":"https:\/\/theclimatebook.org\/pt-pt\/wp-json\/wp\/v2\/comments?post=991"}],"version-history":[{"count":0,"href":"https:\/\/theclimatebook.org\/pt-pt\/wp-json\/wp\/v2\/pages\/991\/revisions"}],"up":[{"embeddable":true,"href":"https:\/\/theclimatebook.org\/pt-pt\/wp-json\/wp\/v2\/pages\/981"}],"wp:attachment":[{"href":"https:\/\/theclimatebook.org\/pt-pt\/wp-json\/wp\/v2\/media?parent=991"}],"curies":[{"name":"wp","href":"https:\/\/api.w.org\/{rel}","templated":true}]}}