{"id":990,"date":"2022-08-24T14:45:03","date_gmt":"2022-08-24T14:45:03","guid":{"rendered":"https:\/\/theclimatebook.org\/notas-finais\/como-o-planeta-esta-a-mudar\/2-10-os-mantos-e-plataformas-de-gelo-e-os-glaciares\/"},"modified":"2022-08-24T14:45:03","modified_gmt":"2022-08-24T14:45:03","slug":"2-10-os-mantos-e-plataformas-de-gelo-e-os-glaciares","status":"publish","type":"page","link":"https:\/\/theclimatebook.org\/pt-pt\/notas-finais\/como-o-planeta-esta-a-mudar\/2-10-os-mantos-e-plataformas-de-gelo-e-os-glaciares\/","title":{"rendered":"2.10 Os Mantos e Plataformas de Gelo e os Glaciares"},"content":{"rendered":"<div class=\"notes\">\n<p class=\"author\"><a href=\"\/contributors#ricarda-winkelmann\" rel=\"author\">Ricarda Winkelmann<\/a><\/p>\n<p class=\"date\">Todas as fontes online foram acedidas no dia  <time datetime=\"2022-02-27\">27 de Fevereiro de 2022<\/time><\/p>\n<ol start=\"76\">\n<li>\n<p>\n<q>j\u00e1 se perderam 12,8 bili\u00f5es de toneladas de gelo<\/q> Slater, T., <em>et al<\/em>., <cite>\u2018Earth\u2019s ice imbalance\u2019<\/cite>, <span class=\"book\">Cryosphere<\/span>, 15 (1), 2021: 233\u201346, <a href=\"https:\/\/doi.org\/10.5194\/tc-15-233-2021\" target=\"_blank\" rel=\"noopener\">https:\/\/doi.org\/10.5194\/tc-15-233-2021<\/a>.\n<\/p>\n<p>\n<q>mesmo perdas ligeiras podem aumentar significativamente o risco de inunda\u00e7\u00f5e<\/q> Painel Intergovernamental sobre as Altera\u00e7\u00f5es Clim\u00e1ticas, <cite><span class=\"book\">IPCC Special Report on the Ocean and Cryosphere in a Changing Climate<\/span><\/cite>, ed. H.-O. Po\u0308rtner <em>et al<\/em>. (Cambridge: Cambridge University Press, 2022), <a href=\"https:\/\/www.ipcc.ch\/srocc\/\" target=\"_blank\" rel=\"noopener\">https:\/\/www.ipcc.ch\/srocc\/<\/a>.\n<\/p>\n<\/li>\n<li>\n<p>\n<q>esta retroalimenta\u00e7\u00e3o do degelo\u2026 pode levar \u00e0 perda sustentada de gelo<\/q> Fox-Kemper, B., <em>et al<\/em>., <cite>\u2018Ocean, cryosphere and sea level change\u2019<\/cite>, in Painel Intergovernamental sobre as Altera\u00e7\u00f5es Clim\u00e1ticas, <span class=\"book\">Climate Change 2021: The Physical Science Basis. Contribution of Working Group I to the Sixth Assessment Report of the Painel Intergovernamental sobre as Altera\u00e7\u00f5es Clim\u00e1ticas<\/span>, ed. V. Masson-Delmotte <em>et al<\/em>. (Cambridge: Cambridge University Press, no prelo), <a href=\"https:\/\/www.ipcc.ch\/report\/ar6\/wg1\/\" rel=\"noopener\" target=\"_blank\">https:\/\/www.ipcc.ch\/report\/ar6\/wg1\/<\/a>.\n<\/p>\n<p>\n<q>perdem espessura\u2026 \u00e1guas oce\u00e2nicas mais quentes<\/q> Winkelmann, R., <em>et al<\/em>., <cite>\u2018The Antarctic ice sheet \u2013 a sleeping giant?\u2019<\/cite>, Frontiers for Young Minds, 27 de Abril de 2022, <a href=\"https:\/\/kids.frontiersin.org\/articles\/10.3389\/frym.2022.702643\" target=\"_blank\" rel=\"noopener\">https:\/\/kids.frontiersin.org\/articles\/10.3389\/frym.2022.702643<\/a>.\n<\/p>\n<p>\n<q>Estes ciclos de retroalimenta\u00e7\u00e3o positiva s\u00e3o o motivo por que ambos os mantos de gelo<\/q> Lenton, T. M., <em>et al<\/em>., <cite>\u2018Tipping elements in the Earth\u2019s climate system\u2019<\/cite>, <span class=\"book\">Proceedings of the National Academy of Sciences<\/span>, 105 (6), 2008: 1786\u201393, <a href=\"https:\/\/doi.org\/10.1073\/pnas.0705414105\" target=\"_blank\" rel=\"noopener\">https:\/\/doi.org\/10.1073\/pnas.0705414105<\/a>; Armstrong McKay, D., <em>et al<\/em>., <cite>\u2018Updated assessment suggests >1.5\u00b0C global warming could trigger multiple tipping points\u2019<\/cite> (in review), Earth and Space Science Open Archive, 23 de Dezembro de 2021, <a href=\"https:\/\/doi.org\/10.1002\/essoar.10509769.1\" target=\"_blank\" rel=\"noopener\">https:\/\/doi.org\/10.1002\/essoar.10509769.1<\/a>.\n<\/p>\n<p>\n<q>O risco\u2026 aumenta acentuadamente quando \u00e9 ultrapassado o n\u00edvel de aquecimento global de 1,5 a 2\u00b0C<\/q> Armstrong McKay <em>et al<\/em>., <cite>\u2018Updated assessment suggests >1.5\u00b0C global warming could trigger multiple tipping points\u2019<\/cite>; Martin, M. A., <em>et al<\/em>., <cite>\u2018Ten new insights in climate science 2021: a horizon scan\u2019<\/cite>, <span class=\"book\">Global Sustainability<\/span>, 4, 2021: Article e25, <a href=\"https:\/\/doi.org\/10.1017\/sus.2021.25\" target=\"_blank\" rel=\"noopener\">https:\/\/doi.org\/10.1017\/sus.2021.25<\/a>.\n<\/p>\n<p>\n<q>Mesmo que as temperaturas voltassem a descer<\/q> Robinson, A., Calov, R., and Ganopolski, A., <cite>\u2018Multistability and critical thresholds of the Greenland ice sheet\u2019<\/cite>, <span class=\"book\">Nature Climate Change<\/span>, 2 (6), 2012: 429\u201332, <a href=\"https:\/\/doi.org\/10.1038\/nclimate1449\" target=\"_blank\" rel=\"noopener\">https:\/\/doi.org\/10.1038\/nclimate1449<\/a>; Garbe, J. T., <em>et al<\/em>., <cite>\u2018Hysteresis of the Antarctic ice sheet\u2019<\/cite>, <span class=\"book\">Nature<\/span>, 585 (7826), 2020: 538\u201344, <a href=\"https:\/\/doi.org\/10.1038\/s41586-020-2727-5\" target=\"_blank\" rel=\"noopener\">https:\/\/doi.org\/10.1038\/s41586-020-2727-5<\/a>.\n<\/p>\n<\/li>\n<\/ol>\n<\/div>\n","protected":false},"excerpt":{"rendered":"<p>Ricarda Winkelmann Todas as fontes online foram acedidas no dia 27 de Fevereiro de 2022 j\u00e1 se perderam 12,8 bili\u00f5es de toneladas de gelo Slater, T., et al., \u2018Earth\u2019s ice imbalance\u2019, Cryosphere, 15 (1), 2021: 233\u201346, https:\/\/doi.org\/10.5194\/tc-15-233-2021. mesmo perdas ligeiras podem aumentar significativamente o risco de inunda\u00e7\u00f5e Painel Intergovernamental sobre as Altera\u00e7\u00f5es Clim\u00e1ticas, IPCC Special&hellip;<\/p>\n","protected":false},"author":5,"featured_media":0,"parent":981,"menu_order":10,"comment_status":"closed","ping_status":"closed","template":"page-essay.php","meta":{"footnotes":""},"class_list":["post-990","page","type-page","status-publish","hentry"],"_links":{"self":[{"href":"https:\/\/theclimatebook.org\/pt-pt\/wp-json\/wp\/v2\/pages\/990","targetHints":{"allow":["GET"]}}],"collection":[{"href":"https:\/\/theclimatebook.org\/pt-pt\/wp-json\/wp\/v2\/pages"}],"about":[{"href":"https:\/\/theclimatebook.org\/pt-pt\/wp-json\/wp\/v2\/types\/page"}],"author":[{"embeddable":true,"href":"https:\/\/theclimatebook.org\/pt-pt\/wp-json\/wp\/v2\/users\/5"}],"replies":[{"embeddable":true,"href":"https:\/\/theclimatebook.org\/pt-pt\/wp-json\/wp\/v2\/comments?post=990"}],"version-history":[{"count":0,"href":"https:\/\/theclimatebook.org\/pt-pt\/wp-json\/wp\/v2\/pages\/990\/revisions"}],"up":[{"embeddable":true,"href":"https:\/\/theclimatebook.org\/pt-pt\/wp-json\/wp\/v2\/pages\/981"}],"wp:attachment":[{"href":"https:\/\/theclimatebook.org\/pt-pt\/wp-json\/wp\/v2\/media?parent=990"}],"curies":[{"name":"wp","href":"https:\/\/api.w.org\/{rel}","templated":true}]}}