{"id":988,"date":"2022-08-24T14:11:12","date_gmt":"2022-08-24T14:11:12","guid":{"rendered":"https:\/\/theclimatebook.org\/notas-finais\/como-o-planeta-esta-a-mudar\/2-7-condicoes-atmosfericas-perigosas\/"},"modified":"2022-08-24T14:11:12","modified_gmt":"2022-08-24T14:11:12","slug":"2-7-condicoes-atmosfericas-perigosas","status":"publish","type":"page","link":"https:\/\/theclimatebook.org\/pt-pt\/notas-finais\/como-o-planeta-esta-a-mudar\/2-7-condicoes-atmosfericas-perigosas\/","title":{"rendered":"2.7 Condi\u00e7\u00f5es Atmosf\u00e9ricas Perigosas"},"content":{"rendered":"<div class=\"notes\">\n<p class=\"author\"><a href=\"\/contributors#friederike-otto\" rel=\"author\">Friederike Otto<\/a><\/p>\n<p class=\"date\">Todas as fontes online foram acedidas no dia  <time datetime=\"2022-07-28\">28 de Julho de 2022<\/time><\/p>\n<ol start=\"67\">\n<li>\n<p>\n<q>mas a maior parte das pessoas sofre os seus efeitos por meio de fen\u00f3menos atmosf\u00e9ricos extremos<\/q> Harrington, L. J., and Otto, F. E. L., <cite>\u2018Adapting attribution science to the climate extremes of tomorrow\u2019<\/cite>, <span class=\"book\">Environmental Research Letters<\/span>, 13 (12), 2018: Article 12306, <a href=\"https:\/\/doi.org\/10.1088\/1748-9326\/aaf4cc\" target=\"_blank\" rel=\"noopener\">https:\/\/doi.org\/10.1088\/1748-9326\/aaf4cc<\/a>.\n<\/p>\n<p>\n<q>impacto di\u00e1rio nas condi\u00e7\u00f5es atmosf\u00e9ricas<\/q> Sippel, S., <em>et al<\/em>., <cite>\u2018Climate change now detectable from any single day of weather at global scale\u2019<\/cite>, <span class=\"book\">Nature Climate Change<\/span>, 10 (1), 2020: 35\u201341, <a href=\"https:\/\/doi.org\/10.1038\/s41558-019-0666-7\" target=\"_blank\" rel=\"noopener\">https:\/\/doi.org\/10.1038\/s41558-019-0666-7<\/a>.\n<\/p>\n<p>\n<q>o aumento das temperaturas incrementaria a frequ\u00eancia das ondas de calor mais extremas<\/q>\u2003National Academies of Sciences, Engineering, and Medicine, <cite><span class=\"book\">Attribution of Extreme Weather Events in the Context of Climate Change<\/span><\/cite>(Washington, DC: The National Academies Press, 2016), <a href=\"https:\/\/doi.org\/10.17226\/21852\" target=\"_blank\" rel=\"noopener\">https:\/\/doi.org\/10.17226\/21852<\/a>.\n<\/p>\n<p>\n<q>A ci\u00eancia da atribui\u00e7\u00e3o \u00e9 linear na sua concep\u00e7\u00e3o te\u00f3rica<\/q> Otto, F. E. L., <cite>\u2018Attribution of weather and climate events\u2019<\/cite>, <span class=\"book\">Annual Review of Environment and Resources<\/span>, 42, 2017: 627\u201346, <a href=\"https:\/\/doi.org\/10.1146\/annurev-environ-102016-060847\" target=\"_blank\" rel=\"noopener\">https:\/\/doi.org\/10.1146\/annurev-environ-102016-060847<\/a>.\n<\/p>\n<\/li>\n<li>\n<p>\n<q>Na \u00faltima d\u00e9cada, a ci\u00eancia fez progressos <\/q> Van Oldenborgh, G. J., <em>et al<\/em>., <cite>\u2018Pathways and pitfalls in extreme event attribution\u2019<\/cite>, <span class=\"book\">Climate Change<\/span>, 166 (1\u20132), 2021: Article 13, <a href=\"https:\/\/doi.org\/10.1007\/s10584-021-03071-7\" target=\"_blank\" rel=\"noopener\">https:\/\/doi.org\/10.1007\/s10584-021-03071-7<\/a>.\n<\/p>\n<p>\n<q>\u201cas altera\u00e7\u00f5es clim\u00e1ticas antropog\u00e9nicas j\u00e1 est\u00e3o a afetar\u201d<\/q> Painel Intergovernamental sobre as Altera\u00e7\u00f5es Clim\u00e1ticas, <cite>\u2018Summary for policymakers\u2019<\/cite>, in <span class=\"book\">Climate Change 2021: The Physical Science Basis. Contribution of Working Group I to the Sixth Assessment Report of the Painel Intergovernamental sobre as Altera\u00e7\u00f5es Clim\u00e1ticas<\/span>, ed. V. Masson-Delmotte <em>et al<\/em>. (Cambridge: Cambridge University Press, no prelo), <a href=\"https:\/\/www.ipcc.ch\/report\/ar6\/wg1\/\" rel=\"noopener\" target=\"_blank\">https:\/\/www.ipcc.ch\/report\/ar6\/wg1\/<\/a>.\n<\/p>\n<p>\n<q>No caso do furac\u00e3o Harvey<\/q> Risser, M. D., and Wehner, M. F., <cite>\u2018Attributable human-induced changes in the likelihood and magnitude of the observed extreme precipitation during Hurricane Harvey\u2019<\/cite>, <span class=\"book\">Geophysical Research Letters<\/span>, 44 (24), 2017: 12457\u201364, <a href=\"https:\/\/doi.org\/10.1002\/2017GL075888\" target=\"_blank\" rel=\"noopener\">https:\/\/doi.org\/10.1002\/2017GL075888<\/a>; van Oldenborgh, G. J., <em>et al<\/em>., <cite>\u2018Attribution of extreme rainfall from Hurricane Harvey, august 2017\u2019<\/cite>, <span class=\"book\">Environmental Research Letters<\/span>, 12 (12), 2017: Article 124009, <a href=\"https:\/\/doi.org\/10.1088\/1748-9326\/aa9ef2\" target=\"_blank\" rel=\"noopener\">https:\/\/doi.org\/10.1088\/1748-9326\/aa9ef2<\/a>.\n<\/p>\n<p>\n<q>O custo total da precipita\u00e7\u00e3o associada \u00e0 tempestade<\/q> Frame, D. J., <em>et al<\/em>., <cite>\u2018The economic costs of Hurricane Harvey attributable to climate change\u2019<\/cite>, <span class=\"book\">Climate Change<\/span>, 160 (2), 2020: 271\u201381, <a href=\"https:\/\/doi.org\/10.1007\/s10584-020-02692-8\" target=\"_blank\" rel=\"noopener\">https:\/\/doi.org\/10.1007\/s10584-020-02692-8<\/a>.\n<\/p>\n<p>\n<q>teria havido menos 70 mil pessoas afectadas<\/q> Strauss, B. H., <em>et al<\/em>., <cite>\u2018Economic damages from Hurricane Sandy attributable to sea level rise caused by anthropogenic climate change\u2019<\/cite>, <span class=\"book\">Nature Communications<\/span>, 12, 2021: Article 2720, <a href=\"https:\/\/doi.org\/10.1038\/s41467-021-22838-1\" target=\"_blank\" rel=\"noopener\">https:\/\/doi.org\/10.1038\/s41467-021-22838-1<\/a>.\n<\/p>\n<p>\n<q>Quando as tempestades se tornam mais lentas, maior pode ser a pluviosidade <\/q> Seneviratne, S. I., <em>et al<\/em>., <cite>\u2018Weather and climate extreme events in a changing climate\u2019<\/cite> in Painel Intergovernamental sobre as Altera\u00e7\u00f5es Clim\u00e1ticas, <span class=\"book\">Climate Change 2021: The Physical Science Basis. Contribution of Working Group I to the Sixth Assessment Report of the Intergovernmental Panel on Change<\/span>, ed. V. Masson-Delmotte <em>et al<\/em>. (Cambridge: Cambridge University Press, no prelo), <a href=\"https:\/\/www.ipcc.ch\/report\/ar6\/wg1\/.\" rel=\"noopener\" target=\"_blank\">https:\/\/www.ipcc.ch\/report\/ar6\/wg1\/<\/a>.\n<\/p>\n<\/li>\n<\/ol>\n<\/div>\n","protected":false},"excerpt":{"rendered":"<p>Friederike Otto Todas as fontes online foram acedidas no dia 28 de Julho de 2022 mas a maior parte das pessoas sofre os seus efeitos por meio de fen\u00f3menos atmosf\u00e9ricos extremos Harrington, L. J., and Otto, F. E. L., \u2018Adapting attribution science to the climate extremes of tomorrow\u2019, Environmental Research Letters, 13 (12), 2018: Article&hellip;<\/p>\n","protected":false},"author":5,"featured_media":0,"parent":981,"menu_order":7,"comment_status":"closed","ping_status":"closed","template":"page-essay.php","meta":{"footnotes":""},"class_list":["post-988","page","type-page","status-publish","hentry"],"_links":{"self":[{"href":"https:\/\/theclimatebook.org\/pt-pt\/wp-json\/wp\/v2\/pages\/988","targetHints":{"allow":["GET"]}}],"collection":[{"href":"https:\/\/theclimatebook.org\/pt-pt\/wp-json\/wp\/v2\/pages"}],"about":[{"href":"https:\/\/theclimatebook.org\/pt-pt\/wp-json\/wp\/v2\/types\/page"}],"author":[{"embeddable":true,"href":"https:\/\/theclimatebook.org\/pt-pt\/wp-json\/wp\/v2\/users\/5"}],"replies":[{"embeddable":true,"href":"https:\/\/theclimatebook.org\/pt-pt\/wp-json\/wp\/v2\/comments?post=988"}],"version-history":[{"count":0,"href":"https:\/\/theclimatebook.org\/pt-pt\/wp-json\/wp\/v2\/pages\/988\/revisions"}],"up":[{"embeddable":true,"href":"https:\/\/theclimatebook.org\/pt-pt\/wp-json\/wp\/v2\/pages\/981"}],"wp:attachment":[{"href":"https:\/\/theclimatebook.org\/pt-pt\/wp-json\/wp\/v2\/media?parent=988"}],"curies":[{"name":"wp","href":"https:\/\/api.w.org\/{rel}","templated":true}]}}