{"id":987,"date":"2022-08-24T13:48:35","date_gmt":"2022-08-24T13:48:35","guid":{"rendered":"https:\/\/theclimatebook.org\/notas-finais\/como-o-planeta-esta-a-mudar\/2-6-o-aquecimento-do-arctico-e-a-corrente-de-jacto\/"},"modified":"2022-08-24T13:48:35","modified_gmt":"2022-08-24T13:48:35","slug":"2-6-o-aquecimento-do-arctico-e-a-corrente-de-jacto","status":"publish","type":"page","link":"https:\/\/theclimatebook.org\/pt-pt\/notas-finais\/como-o-planeta-esta-a-mudar\/2-6-o-aquecimento-do-arctico-e-a-corrente-de-jacto\/","title":{"rendered":"2.6 O Aquecimento do \u00c1rctico e a Corrente de Jacto"},"content":{"rendered":"<div class=\"notes\">\n<p class=\"author\"><a href=\"\/contributors#jennifer-francis\" rel=\"author\">Jennifer Francis<\/a><\/p>\n<p class=\"date\">Todas as fontes online foram acedidas no dia  <time datetime=\"2021-10-11\">11 de Outubro de 2021<\/time><\/p>\n<ol start=\"62\">\n<li>\n<p>\n<q>O \u00c1rctico est\u00e1 a aquecer rapidamente<\/q> Arctic Monitoring and Assessment Programme, <cite><span class=\"book\">Arctic Climate Change Update 2021: Key Trends and Impacts. Summary for Policy-makers<\/span><\/cite>, 2021, <a href=\"https:\/\/www.amap.no\/documents\/doc\/arctic-climate-change-update-2021-key-trends-and-impacts.-summary-for-policy-makers\/3508\" target=\"_blank\" rel=\"noopener\">https:\/\/www.amap.no\/documents\/doc\/arctic-climate-change-update-2021-key-trends-and-impacts.-summary-for-policy-makers\/3508<\/a>.\n<\/p>\n<\/li>\n<li>\n<p>\n<q>o aquecimento desproporcional do \u00c1rctico<\/q> Cohen, J., <em>et al<\/em>., <cite>\u2018Warm Arctic episodes linked with increased frequency of extreme winter weather in the United States\u2019<\/cite>, <span class=\"book\">Nature Communications<\/span>, 9, 2018: Article 869, <a href=\"https:\/\/doi.org\/10.1038\/s41467-018-02992-9\" target=\"_blank\" rel=\"noopener\">https:\/\/doi.org\/10.1038\/s41467-018-02992-9<\/a>.\n<\/p>\n<p>\n<q>a corrente de jato\u2026 o hemisf\u00e9rio norte<\/q> Martin, J. E., <cite>\u2018Recent trends in the waviness of the northern hemisphere wintertime polar and subtropical jets\u2019<\/cite>, <span class=\"book\">Journal of Geophysical Research: Atmospheres<\/span>, 126 (9), 2021: Article e2020JD033668, <a href=\"https:\/\/doi.org\/10.1029\/2020JD033668\" target=\"_blank\" rel=\"noopener\">https:\/\/doi.org\/10.1029\/2020JD033668<\/a>.\n<\/p>\n<p>\n<q>Steve Vavrus e eu propusemos<\/q> Francis, J. A., and Vavrus, S. J., <cite>\u2018Evidence linking Arctic amplification to extreme weather in mid-latitudes\u2019<\/cite>, <span class=\"book\">Geophysical Research Letters<\/span>, 126 (9), 2021: Article e2020JD033668, <a href=\"https:\/\/doi.org\/10.1029\/2020JD033668\" target=\"_blank\" rel=\"noopener\">https:\/\/doi.org\/10.1029\/2020JD033668<\/a>.\n<\/p>\n<\/li>\n<li>\n<p>\n<q>onda de frio extremo\u2026 nas regi\u00f5es centro e sul dos Estados Unidos<\/q> Cohen J., <em>et al<\/em>., <cite>\u2018Linking Arctic variability and change with extreme winter weather in the United States\u2019<\/cite>, <span class=\"book\">Science<\/span>, 373 (6559), 2021: 1116\u201321, <a href=\"https:\/\/doi.org\/10.1126\/science.abi9167\" target=\"_blank\" rel=\"noopener\">https:\/\/doi.org\/10.1126\/science.abi9167<\/a>.\n<\/p>\n<p>\n<q>prejudicaram o fornecimento de energia\u2026 congelaram as canaliza\u00e7\u00f5es de \u00e1gua<\/q> Wikipedia, <cite>\u20182021 Texas power crisis\u2019<\/cite>, <a href=\"https:\/\/en.wikipedia.org\/wiki\/2021_Texas_power_crisis\" target=\"_blank\" rel=\"noopener\">https:\/\/en.wikipedia.org\/wiki\/2021_Texas_power_crisis<\/a>.\n<\/p>\n<p>\n<q>Uma nova linha de pesquisa tamb\u00e9m descobriu uma liga\u00e7\u00e3o estival<\/q> Mann, M. E., <em>et al<\/em>., <cite>\u2018Projected changes in persistent extreme summer weather events: the role of quasi-resonant amplification\u2019<\/cite>, <span class=\"book\">Science Advances<\/span>, 4 (10), 2018: Article eaat3272, <a href=\"https:\/\/www.science.org\/doi\/10.1126\/sciadv.aat3272\" target=\"_blank\" rel=\"noopener\">https:\/\/www.science.org\/doi\/10.1126\/sciadv.aat3272<\/a>.\n<\/p>\n<p>\n<q>A bifurca\u00e7\u00e3o tende a ocorrer quando o manto de neve primaveril<\/q> Rutgers University Global Snow Lab, <a href=\"http:\/\/climate.rutgers.edu\/snowcover\/\" target=\"_blank\" rel=\"noopener\">http:\/\/climate.rutgers.edu\/snowcover\/<\/a>.\n<\/p>\n<\/li>\n<\/ol>\n<\/div>\n","protected":false},"excerpt":{"rendered":"<p>Jennifer Francis Todas as fontes online foram acedidas no dia 11 de Outubro de 2021 O \u00c1rctico est\u00e1 a aquecer rapidamente Arctic Monitoring and Assessment Programme, Arctic Climate Change Update 2021: Key Trends and Impacts. Summary for Policy-makers, 2021, https:\/\/www.amap.no\/documents\/doc\/arctic-climate-change-update-2021-key-trends-and-impacts.-summary-for-policy-makers\/3508. o aquecimento desproporcional do \u00c1rctico Cohen, J., et al., \u2018Warm Arctic episodes linked with increased&hellip;<\/p>\n","protected":false},"author":5,"featured_media":0,"parent":981,"menu_order":6,"comment_status":"closed","ping_status":"closed","template":"page-essay.php","meta":{"footnotes":""},"class_list":["post-987","page","type-page","status-publish","hentry"],"_links":{"self":[{"href":"https:\/\/theclimatebook.org\/pt-pt\/wp-json\/wp\/v2\/pages\/987","targetHints":{"allow":["GET"]}}],"collection":[{"href":"https:\/\/theclimatebook.org\/pt-pt\/wp-json\/wp\/v2\/pages"}],"about":[{"href":"https:\/\/theclimatebook.org\/pt-pt\/wp-json\/wp\/v2\/types\/page"}],"author":[{"embeddable":true,"href":"https:\/\/theclimatebook.org\/pt-pt\/wp-json\/wp\/v2\/users\/5"}],"replies":[{"embeddable":true,"href":"https:\/\/theclimatebook.org\/pt-pt\/wp-json\/wp\/v2\/comments?post=987"}],"version-history":[{"count":0,"href":"https:\/\/theclimatebook.org\/pt-pt\/wp-json\/wp\/v2\/pages\/987\/revisions"}],"up":[{"embeddable":true,"href":"https:\/\/theclimatebook.org\/pt-pt\/wp-json\/wp\/v2\/pages\/981"}],"wp:attachment":[{"href":"https:\/\/theclimatebook.org\/pt-pt\/wp-json\/wp\/v2\/media?parent=987"}],"curies":[{"name":"wp","href":"https:\/\/api.w.org\/{rel}","templated":true}]}}