{"id":985,"date":"2022-08-24T13:10:37","date_gmt":"2022-08-24T13:10:37","guid":{"rendered":"https:\/\/theclimatebook.org\/notas-finais\/como-o-planeta-esta-a-mudar\/2-5-as-nuvens\/"},"modified":"2022-08-24T13:10:37","modified_gmt":"2022-08-24T13:10:37","slug":"2-5-as-nuvens","status":"publish","type":"page","link":"https:\/\/theclimatebook.org\/pt-pt\/notas-finais\/como-o-planeta-esta-a-mudar\/2-5-as-nuvens\/","title":{"rendered":"2.5 As Nuvens"},"content":{"rendered":"<div class=\"notes\">\n<p class=\"author\"><a href=\"\/contributors#paulo-ceppi\" rel=\"author\">Paulo Ceppi<\/a><\/p>\n<p class=\"date\">Todas as fontes online foram acedidas no dia  <time datetime=\"2022-03-04\">4 de Mar\u00e7o de 2022<\/time><\/p>\n<ol start=\"60\">\n<li>\n<p>\n<q>O impacto clim\u00e1tico da elimina\u00e7\u00e3o de todas as nuvens<\/q> O impacto das nuvens no or\u00e7amento da radia\u00e7\u00e3o terrestre, conhecido como \u201cefeito radioactivo das nuvens\u201d, \u00e9 estimado em -19,6 W m<sup>\u20132<\/sup>, Loeb <em>et al<\/em>. (2020), <cite>\u2018Toward a consistent definition between satellite and model clear-sky radiative fluxes.\u2019<\/cite> J. Clim. 33, 61\u201375, doi: 10.1175\/JCLI-D-19-0381.1.<br \/> <br \/>\nEm contraste, uma duplica\u00e7\u00e3o do di\u00f3xido de carbono atmosf\u00e9rico \u00e9 estimada em +3,93 W m<sup>\u20132<\/sup>, Forster, P., T. Storelvmo, K. Armour, W. Collins, J.-L. Dufresne, D. Frame, D. J. Lunt, T. Mauritsen, M. D. Palmer, M. Watanabe, M. Wild, and H. Zhang, 2021: <cite>\u2018The Earth\u2019s Energy Budget, Climate Feedbacks, and Climate Sensitivity.\u2019<\/cite> In Climate Change 2021: The Physical Science Basis. Contribution of Working Group I to the Sixth Assessment Report of the Painel Intergovernamental sobre as Altera\u00e7\u00f5es Clim\u00e1ticas [Masson-Delmotte, V., P. Zhai, A. Pirani, S.L. Connors, C. P\u00e9an, S. Berger, N.  Caud, Y. Chen, L. Goldfarb, M. I. Gomis, M. Huang, K. Leitzell, E. Lonnoy, J.B.R. Matthews, T.K. Maycock, T. Waterfield, O. Yelek\u00e7i, R. Yu, and B. Zhou (eds.)]. Cambridge University Press, Cambridge, United Kingdom and New York, NY, USA, pp. 923\u20131054, doi:10.1017\/9781009157896.009, approximately five times smaller.\n<\/p>\n<p>\n<q>A retroalimenta\u00e7\u00e3o das nuvens constitui uma grande incerteza<\/q> O Relat\u00f3rio Charney (1979), que foi a primeira avalia\u00e7\u00e3o baseada em modelos do impacto clim\u00e1tico das emiss\u00f5es de di\u00f3xido de carbono humano, j\u00e1 tinha notado a grande incerteza de como as nuvens iriam afectar as altera\u00e7\u00f5es clim\u00e1ticas. National Research Council, 1979. <span class=\"book\">Carbon Dioxide and Climate: A Scientific Assessment<\/span>. Washington, DC: The National Academies Press, <a href=\"https:\/\/doi.org\/10.17226\/12181\" rel=\"noopener\" target=\"_blank\">https:\/\/doi.org\/10.17226\/12181<\/a>.\n<\/p>\n<\/li>\n<li>\n<p>\n<q>mais forte ser\u00e1 o efeito de cobertura<\/q> O efeito de estufa (ou \u201cde cobertura\u201d) das nuvens \u00e9 proporcional \u00e0 sua altitude: as nuvens mais altas s\u00e3o mais frias, e portanto emitem menos radia\u00e7\u00e3o de calor. Assim, as nuvens ascendentes (desde que todas as outras coisas permane\u00e7am iguais) significam menos perda de calor por radia\u00e7\u00e3o para o espa\u00e7o &#8211; um efeito de aquecimento.\n<\/p>\n<p>\n<q>\u00e9 poss\u00edvel que a intensifica\u00e7\u00e3o do efeito das nuvens prossiga<\/q> Bjordal <em>et al<\/em>. argumentam que a retroalimenta\u00e7\u00e3o das nuvens nas regi\u00f5es polares se torna mais intensa a temperaturas mais elevadas, porque essa retroalimenta\u00e7\u00e3o depende da rela\u00e7\u00e3o entre o gelo e a \u00e1gua l\u00edquida na nuvem: Bjordal, J., <em>et al<\/em>., <cite>\u2018Equilibrium climate sensitivity above 5\u00b0C plausible due to state-dependent cloud feedback\u2019<\/cite>, <span class=\"book\">Nature Geoscience<\/span>, 13 (11), 2020: 718\u201321, <a href=\"https:\/\/doi.org\/10.1038\/s41561-020-00649-1\" target=\"_blank\" rel=\"noopener\">https:\/\/doi.org\/10.1038\/s41561-020-00649-1<\/a>. A evid\u00eancia experimental de as nuvens actuarem como ponto de viragem foi fornecida por Schneider, T., <em>et al<\/em>., <cite>\u2018Possible climate transitions from breakup of stratocumulus decks under greenhouse warming\u2019<\/cite>, <span class=\"book\">Nature Geoscience<\/span>, 12 (3), 2019: 163\u20137, <a href=\"https:\/\/doi.org\/10.1038\/s41561-019-0310-1\" target=\"_blank\" rel=\"noopener\">https:\/\/doi.org\/10.1038\/s41561-019-0310-1<\/a>, com uma redu\u00e7\u00e3o abrupta da quantidade de nuvens tropicais baixas uma vez que a concentra\u00e7\u00e3o de di\u00f3xido de carbono atmosf\u00e9rico excede 1.200 partes por milh\u00e3o &#8211; mas note-se que isto \u00e9 v\u00e1rias vezes superior aos n\u00edveis actuais.\n<\/p>\n<\/li>\n<\/ol>\n<\/div>\n","protected":false},"excerpt":{"rendered":"<p>Paulo Ceppi Todas as fontes online foram acedidas no dia 4 de Mar\u00e7o de 2022 O impacto clim\u00e1tico da elimina\u00e7\u00e3o de todas as nuvens O impacto das nuvens no or\u00e7amento da radia\u00e7\u00e3o terrestre, conhecido como \u201cefeito radioactivo das nuvens\u201d, \u00e9 estimado em -19,6 W m\u20132, Loeb et al. (2020), \u2018Toward a consistent definition between satellite&hellip;<\/p>\n","protected":false},"author":5,"featured_media":0,"parent":981,"menu_order":5,"comment_status":"closed","ping_status":"closed","template":"page-essay.php","meta":{"footnotes":""},"class_list":["post-985","page","type-page","status-publish","hentry"],"_links":{"self":[{"href":"https:\/\/theclimatebook.org\/pt-pt\/wp-json\/wp\/v2\/pages\/985","targetHints":{"allow":["GET"]}}],"collection":[{"href":"https:\/\/theclimatebook.org\/pt-pt\/wp-json\/wp\/v2\/pages"}],"about":[{"href":"https:\/\/theclimatebook.org\/pt-pt\/wp-json\/wp\/v2\/types\/page"}],"author":[{"embeddable":true,"href":"https:\/\/theclimatebook.org\/pt-pt\/wp-json\/wp\/v2\/users\/5"}],"replies":[{"embeddable":true,"href":"https:\/\/theclimatebook.org\/pt-pt\/wp-json\/wp\/v2\/comments?post=985"}],"version-history":[{"count":0,"href":"https:\/\/theclimatebook.org\/pt-pt\/wp-json\/wp\/v2\/pages\/985\/revisions"}],"up":[{"embeddable":true,"href":"https:\/\/theclimatebook.org\/pt-pt\/wp-json\/wp\/v2\/pages\/981"}],"wp:attachment":[{"href":"https:\/\/theclimatebook.org\/pt-pt\/wp-json\/wp\/v2\/media?parent=985"}],"curies":[{"name":"wp","href":"https:\/\/api.w.org\/{rel}","templated":true}]}}