{"id":984,"date":"2022-08-24T12:56:56","date_gmt":"2022-08-24T12:56:56","guid":{"rendered":"https:\/\/theclimatebook.org\/notas-finais\/como-o-planeta-esta-a-mudar\/2-3-o-metano-e-outros-gases\/"},"modified":"2022-11-15T14:22:22","modified_gmt":"2022-11-15T14:22:22","slug":"2-3-o-metano-e-outros-gases","status":"publish","type":"page","link":"https:\/\/theclimatebook.org\/pt-pt\/notas-finais\/como-o-planeta-esta-a-mudar\/2-3-o-metano-e-outros-gases\/","title":{"rendered":"2.3 O Metano e Outros Gases"},"content":{"rendered":"<div class=\"notes\">\n<p class=\"author\"><a href=\"\/contributors#zeke-hausfather\" rel=\"author\">Zeke Hausfather<\/a><\/p>\n<p class=\"date\">Todas as fontes online foram acedidas no dia  <time datetime=\"2022-03-07\">7 de Mar\u00e7o de 2022<\/time><\/p>\n<ol start=\"53\">\n<li>\n<p>\n<q>trinta vezes mais potente do que o CO<sub>2<\/sub> num per\u00edodo de cem anos<\/q> Szopa, S., <em>et al<\/em>., <cite>\u2018Short-lived climate forcers\u2019<\/cite>, in Painel Intergovernamental sobre as Altera\u00e7\u00f5es Clim\u00e1ticas, <span class=\"book\">Climate Change 2021: The Physical Science Basis. Contribution of Working Group I to the Sixth Assessment Report of the Painel Intergovernamental sobre as Altera\u00e7\u00f5es Clim\u00e1ticas<\/span>, ed. V. Masson-Delmotte <em>et al<\/em>. (Cambridge: Cambridge University Press, no prelo), <a href=\"https:\/\/www.ipcc.ch\/report\/ar6\/wg1\/\" rel=\"noopener\" target=\"_blank\">https:\/\/www.ipcc.ch\/report\/ar6\/wg1\/<\/a>.\n<\/p>\n<p>\n<q>Em futuros cen\u00e1rios relacionados com os valores de refer\u00eancia das emiss\u00f5es<\/q> Riahi, K., <em>et al<\/em>., <cite>\u2018The shared socioeconomic pathways and their energy, land use, and greenhouse gas emissions implications: an overview\u2019<\/cite>, <span class=\"book\">Global Environmental Change<\/span>, 42, 2017: 153\u201368, <a href=\"https:\/\/doi.org\/10.1016\/j.gloenvcha.2016.05.009\" target=\"_blank\" rel=\"noopener\">https:\/\/doi.org\/10.1016\/j.gloenvcha.2016.05.009<\/a>.\n<\/p>\n<\/li>\n<\/ol>\n<\/div>\n","protected":false},"excerpt":{"rendered":"<p>Zeke Hausfather Todas as fontes online foram acedidas no dia 7 de Mar\u00e7o de 2022 trinta vezes mais potente do que o CO2 num per\u00edodo de cem anos Szopa, S., et al., \u2018Short-lived climate forcers\u2019, in Painel Intergovernamental sobre as Altera\u00e7\u00f5es Clim\u00e1ticas, Climate Change 2021: The Physical Science Basis. Contribution of Working Group I to&hellip;<\/p>\n","protected":false},"author":5,"featured_media":0,"parent":981,"menu_order":3,"comment_status":"closed","ping_status":"closed","template":"page-essay.php","meta":{"footnotes":""},"class_list":["post-984","page","type-page","status-publish","hentry"],"_links":{"self":[{"href":"https:\/\/theclimatebook.org\/pt-pt\/wp-json\/wp\/v2\/pages\/984","targetHints":{"allow":["GET"]}}],"collection":[{"href":"https:\/\/theclimatebook.org\/pt-pt\/wp-json\/wp\/v2\/pages"}],"about":[{"href":"https:\/\/theclimatebook.org\/pt-pt\/wp-json\/wp\/v2\/types\/page"}],"author":[{"embeddable":true,"href":"https:\/\/theclimatebook.org\/pt-pt\/wp-json\/wp\/v2\/users\/5"}],"replies":[{"embeddable":true,"href":"https:\/\/theclimatebook.org\/pt-pt\/wp-json\/wp\/v2\/comments?post=984"}],"version-history":[{"count":0,"href":"https:\/\/theclimatebook.org\/pt-pt\/wp-json\/wp\/v2\/pages\/984\/revisions"}],"up":[{"embeddable":true,"href":"https:\/\/theclimatebook.org\/pt-pt\/wp-json\/wp\/v2\/pages\/981"}],"wp:attachment":[{"href":"https:\/\/theclimatebook.org\/pt-pt\/wp-json\/wp\/v2\/media?parent=984"}],"curies":[{"name":"wp","href":"https:\/\/api.w.org\/{rel}","templated":true}]}}