{"id":983,"date":"2022-08-16T12:53:06","date_gmt":"2022-08-16T12:53:06","guid":{"rendered":"https:\/\/theclimatebook.org\/notas-finais\/como-o-planeta-esta-a-mudar\/2-2-o-calor\/"},"modified":"2022-08-16T12:53:06","modified_gmt":"2022-08-16T12:53:06","slug":"2-2-o-calor","status":"publish","type":"page","link":"https:\/\/theclimatebook.org\/pt-pt\/notas-finais\/como-o-planeta-esta-a-mudar\/2-2-o-calor\/","title":{"rendered":"2.2 O Calor"},"content":{"rendered":"<div class=\"notes\">\n<p class=\"author\"><a href=\"\/contributors#katharine-hayhoe\" rel=\"author\">Katharine Hayhoe<\/a><\/p>\n<p class=\"date\">Todas as fontes online foram acedidas no dia  <time datetime=\"2022-01-11\">11 de Janeiro de 2022<\/time><\/p>\n<ol start=\"50\">\n<li>\n<p>\n<q>e provocou mais de 70 mil mortes prematuras<\/q> Robine, J-M., <em>et al<\/em>., <cite>\u2018Death toll exceeded 70,000 in Europe during the summer of 2003\u2019<\/cite>, <span class=\"book\">Comptes rendus biologies<\/span>, 331 (2), 2008: 171\u20138, <a href=\"https:\/\/doi.org\/10.1016\/j.crvi.2007.12.001\" target=\"_blank\" rel=\"noopener\">https:\/\/doi.org\/10.1016\/j.crvi.2007.12.001<\/a>.\n<\/p>\n<p>\n<q>duplicaram o risco de ocorr\u00eancia dessas ondas de calor<\/q> Stott, P., <em>et al<\/em>., <cite>\u2018Human contribution to the European heatwave of 2003\u2019<\/cite>, <span class=\"book\">Nature<\/span>, 432 (7017), 2004: 610\u201314, <a href=\"https:\/\/doi.org\/10.1038\/nature03089\" target=\"_blank\" rel=\"noopener\">https:\/\/doi.org\/10.1038\/nature03089<\/a>.\n<\/p>\n<p>\n<q>aumentaram pelo menos cento e cinquenta vezes a probabilidade de ocorr\u00eancia destas ondas de calor <\/q> Philip, S. Y., <em>et al<\/em>., <cite>\u2018Western North American extreme heat virtually impossible without human-caused climate change\u2019<\/cite>, World Weather Attribution 7 de Julho de 2021, <a href=\"https:\/\/www.worldweatherattribution.org\/western-north-american-extreme-heat-virtually-impossible-without-human-caused-climate-change\/\" target=\"_blank\" rel=\"noopener\">https:\/\/www.worldweatherattribution.org\/western-north-american-extreme-heat-virtually-impossible-without-human-caused-climate-change\/<\/a>.\n<\/p>\n<\/li>\n<li>\n<p>\n<q>Este sistema de alta presss\u00e3o, tamb\u00e9m conhecido por c\u00fapula de calor<\/q> Berardelli, J., <cite>\u2018What is a heat dome? Extreme temperatures in the Pacific Northwest, explained\u2019<\/cite>, <span class=\"book\">CBS News<\/span>, 30 de Junho de 2021, <a href=\"https:\/\/www.cbsnews.com\/news\/what-is-heat-dome-extreme-temperatures-pacific-northwest\/\" target=\"_blank\" rel=\"noopener\">https:\/\/www.cbsnews.com\/news\/what-is-heat-dome-extreme-temperatures-pacific-northwest\/<\/a>.\n<\/p>\n<p>\n<q>As temperaturas extremamente elevadas j\u00e1 s\u00e3o mais comuns<\/q> Painel Intergovernamental sobre as Altera\u00e7\u00f5es Clim\u00e1ticas, <cite><span class=\"book\">Climate Change 2013: The Physical Science Basis. Contribution of Working Group I to the Fifth Assessment Report of the Painel Intergovernamental sobre as Altera\u00e7\u00f5es Clim\u00e1ticas<\/span><\/cite>, ed. T. F. Stocker <em>et al<\/em>. (Cambridge: Cambridge University Press, 2013), <a href=\"https:\/\/www.ipcc.ch\/report\/ar5\/wg1\/\" target=\"_blank\" rel=\"noopener\">https:\/\/www.ipcc.ch\/report\/ar5\/wg1\/<\/a>.\n<\/p>\n<p>\n<q>Uma crian\u00e7a nascida em 2020<\/q> Thiery, W., <em>et al<\/em>., <cite>\u2018Intergenerational inequities in exposure to climate extremes\u2019<\/cite>, <span class=\"book\">Science<\/span>, 374 (6564), 2021, 158\u201360, <a href=\"https:\/\/doi.org\/10.1126\/science.abi7339\" target=\"_blank\" rel=\"noopener\">https:\/\/doi.org\/10.1126\/science.abi7339<\/a>.\n<\/p>\n<p>\n<q>por cada meio grau a mais de aquecimento global<\/q> Painel Intergovernamental sobre as Altera\u00e7\u00f5es Clim\u00e1ticas, <cite>\u2018Summary for policymakers\u2019<\/cite>, in <span class=\"book\">Global Warming of 1.5\u00b0C: An IPCC Special Report on the Impacts of Global Warming of 1.5\u00b0C above Pre-industrial Levels and Related Global Greenhouse Gas Emission Pathways, in the Context of Strengthening the Global Response to the Threat of Climate Change, Sustainable Development, and Efforts to Eradicate Poverty<\/span>, ed. V. Masson-Delmotte <em>et al<\/em>. (Cambridge: Cambridge University Press, 2018), <a href=\"https:\/\/www.ipcc.ch\/sr15\/chapter\/spm\/\" rel=\"noopener\" target=\"_blank\">https:\/\/www.ipcc.ch\/sr15\/chapter\/spm\/<\/a>.<\/p>\n<p>\n<q>oito das dez ondas de calor marinhas mais extremas<\/q> Smith, K. E., <em>et al<\/em>., <cite>\u2018Socioeconomic impacts of marine heatwaves: global issues and opportunities\u2019<\/cite>, Science, 374 (6566), 2021, <a href=\"https:\/\/doi.org\/10.1126\/science.abj3593\" target=\"_blank\" rel=\"noopener\">https:\/\/doi.org\/10.1126\/science.abj3593<\/a>.\n<\/p>\n<p>\n<q>matam milhares de milh\u00f5es de\u2026 outros animais marinhos<\/q> Shivaram, D., <cite>\u2018Heatwave killed an estimated 1 billion sea creatures, and scientists fear even worse\u2019<\/cite>, NPR, 9 de Julho de 2021, <a href=\"https:\/\/www.npr.org\/2021\/07\/09\/1014564664\/billion-sea-creatures-mussels-dead-canada-british-columbia-vancouver\" target=\"_blank\" rel=\"noopener\">https:\/\/www.npr.org\/2021\/07\/09\/1014564664\/billion-sea-creatures-mussels-dead-canada-british-columbia-vancouver<\/a>.\n<\/p>\n<p>\n<q>pode levar \u00e0 redu\u00e7\u00e3o generalizada de popula\u00e7\u00f5es<\/q> Crowe, M., <cite>\u2018Mass bird death event in Seattle attributed to record heat Monday\u2019<\/cite>, King 5, 29 de Junho de 2021, <a href=\"https:\/\/wa.audubon.org\/news\/mortality-event-west-seattle-caspian-tern-colony\" target=\"_blank\" rel=\"noopener\">https:\/\/wa.audubon.org\/news\/mortality-event-west-seattle-caspian-tern-colony<\/a>.\n<\/p>\n<p>\n<q>inc\u00eandios florestais, como os que ocorreram na Austr\u00e1lia em 2020<\/q> WWF Australia, <cite>\u2018New WWF report: 3 billion animals impacted by Australia\u2019s bushfire crisis\u2019<\/cite>, 28 de Julho de 2020, <a href=\"https:\/\/www.wwf.org.au\/news\/news\/2020\/3-billion-animals-impacted-by-australia-bushfire-crisis\" target=\"_blank\" rel=\"noopener\">https:\/\/www.wwf.org.au\/news\/news\/2020\/3-billion-animals-impacted-by-australia-bushfire-crisis<\/a>.\n<\/p>\n<p>\n<q>\u00e0 extin\u00e7\u00e3o de um ter\u00e7o das esp\u00e9cies<\/q> Thomas, C. D., <em>et al<\/em>., <cite>\u2018Extinction risk from climate change\u2019<\/cite>, <span class=\"book\">Nature<\/span>, 427 (6970), 2004: 145\u20138, <a href=\"https:\/\/doi.org\/10.1038\/nature02121\" target=\"_blank\" rel=\"noopener\">https:\/\/doi.org\/10.1038\/nature02121<\/a>.\n<\/p>\n<p>\n<q>doen\u00e7as relacionadas com o calor e at\u00e9 de morte<\/q> US Global Change Research Program, <cite><span class=\"book\">The Impacts of Climate Change on Human Health in the United States: A Scientific Assessment<\/span><\/cite>, 2016, <a href=\"https:\/\/health2016.globalchange.gov\" target=\"_blank\" rel=\"noopener\">https:\/\/health2016.globalchange.gov<\/a>.\n<\/p>\n<p>\n<q>atingindo a nossa sa\u00fade mental<\/q> American Psychiatric Association, <cite>\u2018Extreme heat contributes to worsening mental health, especially among vulnerable populations\u2019<\/cite>, 30 de Junho de 2021, <a href=\"https:\/\/www.psychiatry.org\/newsroom\/news-releases\/extreme-heat-contributes-to-worsening-mental-health-especially-among-vulnerable-populations\" target=\"_blank\" rel=\"noopener\">https:\/\/www.psychiatry.org\/newsroom\/news-releases\/extreme-heat-contributes-to-worsening-mental-health-especially-among-vulnerable-populations<\/a>.\n<\/p>\n<p>\n<q>o risco de viol\u00eancia interpessoal<\/q> Anderson, C. A., <cite>\u2018Temperature and aggression: ubiquitous effects of heat on the occurrence of human violence\u2019<\/cite>, <span class=\"book\">Psychological Bulletin<\/span>, 106 (1), 1989: 74\u201396, <a href=\"https:\/\/doi.org\/10.1037\/0033-2909.106.1.74\" target=\"_blank\" rel=\"noopener\">https:\/\/doi.org\/10.1037\/0033-2909.106.1.74<\/a>.\n<\/p>\n<p>\n<q>instabilidade pol\u00edtica<\/q> National Intelligence Council, <cite>National Intelligence Estimate: Climate Change and International Responses Increasing Challenges to US National Security through 2040<\/cite>, de Outubro de 2021, <a href=\"https:\/\/www.dni.gov\/files\/ODNI\/documents\/assessments\/NIE_Climate_Change_and_National_Security.pdf\" target=\"_blank\" rel=\"noopener\">https:\/\/www.dni.gov\/files\/ODNI\/documents\/assessments\/NIE_Climate_Change_and_National_Security.pdf<\/a>.\n<\/p>\n<\/li>\n<\/ol>\n<\/div>\n","protected":false},"excerpt":{"rendered":"<p>Katharine Hayhoe Todas as fontes online foram acedidas no dia 11 de Janeiro de 2022 e provocou mais de 70 mil mortes prematuras Robine, J-M., et al., \u2018Death toll exceeded 70,000 in Europe during the summer of 2003\u2019, Comptes rendus biologies, 331 (2), 2008: 171\u20138, https:\/\/doi.org\/10.1016\/j.crvi.2007.12.001. duplicaram o risco de ocorr\u00eancia dessas ondas de calor&hellip;<\/p>\n","protected":false},"author":5,"featured_media":0,"parent":981,"menu_order":2,"comment_status":"closed","ping_status":"closed","template":"page-essay.php","meta":{"footnotes":""},"class_list":["post-983","page","type-page","status-publish","hentry"],"_links":{"self":[{"href":"https:\/\/theclimatebook.org\/pt-pt\/wp-json\/wp\/v2\/pages\/983","targetHints":{"allow":["GET"]}}],"collection":[{"href":"https:\/\/theclimatebook.org\/pt-pt\/wp-json\/wp\/v2\/pages"}],"about":[{"href":"https:\/\/theclimatebook.org\/pt-pt\/wp-json\/wp\/v2\/types\/page"}],"author":[{"embeddable":true,"href":"https:\/\/theclimatebook.org\/pt-pt\/wp-json\/wp\/v2\/users\/5"}],"replies":[{"embeddable":true,"href":"https:\/\/theclimatebook.org\/pt-pt\/wp-json\/wp\/v2\/comments?post=983"}],"version-history":[{"count":0,"href":"https:\/\/theclimatebook.org\/pt-pt\/wp-json\/wp\/v2\/pages\/983\/revisions"}],"up":[{"embeddable":true,"href":"https:\/\/theclimatebook.org\/pt-pt\/wp-json\/wp\/v2\/pages\/981"}],"wp:attachment":[{"href":"https:\/\/theclimatebook.org\/pt-pt\/wp-json\/wp\/v2\/media?parent=983"}],"curies":[{"name":"wp","href":"https:\/\/api.w.org\/{rel}","templated":true}]}}