{"id":982,"date":"2022-10-20T11:32:21","date_gmt":"2022-10-20T11:32:21","guid":{"rendered":"https:\/\/theclimatebook.org\/notas-finais\/segunda-parte-como-o-planeta-esta-a-mudar\/2-1-as-condicoes-atmosfericas-parecem-exacerbadas\/"},"modified":"2022-10-20T11:32:21","modified_gmt":"2022-10-20T11:32:21","slug":"2-1-as-condicoes-atmosfericas-parecem-exacerbadas","status":"publish","type":"page","link":"https:\/\/theclimatebook.org\/pt-pt\/notas-finais\/como-o-planeta-esta-a-mudar\/2-1-as-condicoes-atmosfericas-parecem-exacerbadas\/","title":{"rendered":"2.1 As condi\u00e7\u00f5es atmosf\u00e9ricas parecem exacerbadas"},"content":{"rendered":"<div class=\"notes\">\n<p class=\"author\"><a href=\"\/contributors\/#greta-thunberg\" rel=\"author\">Greta Thunberg<\/a><\/p>\n<p class=\"date\">Todas as fontes online foram acedidas no dia  <time datetime=\"2022-01-11\">11 de Janeiro de 2022<\/time><\/p>\n<ol start=\"480\">\n<li><q>estes acontecimentos atmosf\u00e9ricos n\u00e3o est\u00e3o apenas a aumentar<\/q><br \/>\n<a href=\"https:\/\/www.undrr.org\/publication\/human-cost-disasters-overview-last-20-years-2000-2019\" target=\"_blank\" rel=\"noopener\">https:\/\/www.undrr.org\/publication\/human-cost-disasters-overview-last-20-years-2000-2019<\/a><br \/>\n<a href=\"https:\/\/public.wmo.int\/en\/media\/press-release\/weather-related-disasters-increase-over-past-50-years-causing-more-damage-fewer\" target=\"_blank\" rel=\"noopener\">https:\/\/public.wmo.int\/en\/media\/press-release\/weather-related-disasters-increase-over-past-50-years-causing-more-damage-fewer<\/a>.<\/li>\n<\/ol>\n<\/div>\n","protected":false},"excerpt":{"rendered":"<p>Greta Thunberg Todas as fontes online foram acedidas no dia 11 de Janeiro de 2022 estes acontecimentos atmosf\u00e9ricos n\u00e3o est\u00e3o apenas a aumentar https:\/\/www.undrr.org\/publication\/human-cost-disasters-overview-last-20-years-2000-2019 https:\/\/public.wmo.int\/en\/media\/press-release\/weather-related-disasters-increase-over-past-50-years-causing-more-damage-fewer.<\/p>\n","protected":false},"author":3,"featured_media":0,"parent":981,"menu_order":1,"comment_status":"closed","ping_status":"closed","template":"page-essay.php","meta":{"footnotes":""},"class_list":["post-982","page","type-page","status-publish","hentry"],"_links":{"self":[{"href":"https:\/\/theclimatebook.org\/pt-pt\/wp-json\/wp\/v2\/pages\/982","targetHints":{"allow":["GET"]}}],"collection":[{"href":"https:\/\/theclimatebook.org\/pt-pt\/wp-json\/wp\/v2\/pages"}],"about":[{"href":"https:\/\/theclimatebook.org\/pt-pt\/wp-json\/wp\/v2\/types\/page"}],"author":[{"embeddable":true,"href":"https:\/\/theclimatebook.org\/pt-pt\/wp-json\/wp\/v2\/users\/3"}],"replies":[{"embeddable":true,"href":"https:\/\/theclimatebook.org\/pt-pt\/wp-json\/wp\/v2\/comments?post=982"}],"version-history":[{"count":0,"href":"https:\/\/theclimatebook.org\/pt-pt\/wp-json\/wp\/v2\/pages\/982\/revisions"}],"up":[{"embeddable":true,"href":"https:\/\/theclimatebook.org\/pt-pt\/wp-json\/wp\/v2\/pages\/981"}],"wp:attachment":[{"href":"https:\/\/theclimatebook.org\/pt-pt\/wp-json\/wp\/v2\/media?parent=982"}],"curies":[{"name":"wp","href":"https:\/\/api.w.org\/{rel}","templated":true}]}}