{"id":978,"date":"2022-08-23T15:05:50","date_gmt":"2022-08-23T15:05:50","guid":{"rendered":"https:\/\/theclimatebook.org\/notas-finais\/o-modo-de-funcionamento-do-clima\/1-6-a-descoberta-das-alteracoes-climaticas\/"},"modified":"2022-08-23T15:05:50","modified_gmt":"2022-08-23T15:05:50","slug":"1-6-a-descoberta-das-alteracoes-climaticas","status":"publish","type":"page","link":"https:\/\/theclimatebook.org\/pt-pt\/notas-finais\/o-modo-de-funcionamento-do-clima\/1-6-a-descoberta-das-alteracoes-climaticas\/","title":{"rendered":"1.6 A Descoberta das Altera\u00e7\u00f5es Clim\u00e1ticas"},"content":{"rendered":"<div class=\"notes\">\n<p class=\"author\"><a href=\"\/contributors#michael-oppenheimer\" rel=\"author\">Michael Oppenheimer<\/a><\/p>\n<p class=\"date\">Todas as fontes online foram acedidas no dia  <time datetime=\"2020-03-03\">3 de Mar\u00e7o de 2022<\/time><\/p>\n<ol start=\"25\">\n<li><q>\u201cum problema que, se n\u00e3o for enfrentado\u201d<\/q> Oppenheimer, M., Depoimento de Michael Oppenheimer perante o Subcomit\u00e9 de Polui\u00e7\u00e3o Ambiental, Comit\u00e9 de Ambiente e Obras P\u00fablicas, Senado dos E.U.A., 11 de Junho de 1986.<\/li>\n<li><q>\u201ctemos uma tarefa assustadora pela frente\u201d <\/q> Oppenheimer, M., Depoimento de Michael Oppenheimer perante o Comit\u00e9 de Energia e Recursos Naturais, Senado dos E.U.A., 23 de Junho de 1986.\n<p><q>Come\u00e7ara uma corrida<\/q> Oppenheimer, M., and Boyle, R. H., <cite><span class=\"book\">Dead Heat: The Race against the Greenhouse Effect<\/span><\/cite> (New York: Basic Books, 1990).<\/li>\n<\/ol>\n<\/div>\n","protected":false},"excerpt":{"rendered":"<p>Michael Oppenheimer Todas as fontes online foram acedidas no dia 3 de Mar\u00e7o de 2022 \u201cum problema que, se n\u00e3o for enfrentado\u201d Oppenheimer, M., Depoimento de Michael Oppenheimer perante o Subcomit\u00e9 de Polui\u00e7\u00e3o Ambiental, Comit\u00e9 de Ambiente e Obras P\u00fablicas, Senado dos E.U.A., 11 de Junho de 1986. \u201ctemos uma tarefa assustadora pela frente\u201d Oppenheimer,&hellip;<\/p>\n","protected":false},"author":5,"featured_media":0,"parent":973,"menu_order":6,"comment_status":"closed","ping_status":"closed","template":"page-essay.php","meta":{"footnotes":""},"class_list":["post-978","page","type-page","status-publish","hentry"],"_links":{"self":[{"href":"https:\/\/theclimatebook.org\/pt-pt\/wp-json\/wp\/v2\/pages\/978","targetHints":{"allow":["GET"]}}],"collection":[{"href":"https:\/\/theclimatebook.org\/pt-pt\/wp-json\/wp\/v2\/pages"}],"about":[{"href":"https:\/\/theclimatebook.org\/pt-pt\/wp-json\/wp\/v2\/types\/page"}],"author":[{"embeddable":true,"href":"https:\/\/theclimatebook.org\/pt-pt\/wp-json\/wp\/v2\/users\/5"}],"replies":[{"embeddable":true,"href":"https:\/\/theclimatebook.org\/pt-pt\/wp-json\/wp\/v2\/comments?post=978"}],"version-history":[{"count":0,"href":"https:\/\/theclimatebook.org\/pt-pt\/wp-json\/wp\/v2\/pages\/978\/revisions"}],"up":[{"embeddable":true,"href":"https:\/\/theclimatebook.org\/pt-pt\/wp-json\/wp\/v2\/pages\/973"}],"wp:attachment":[{"href":"https:\/\/theclimatebook.org\/pt-pt\/wp-json\/wp\/v2\/media?parent=978"}],"curies":[{"name":"wp","href":"https:\/\/api.w.org\/{rel}","templated":true}]}}