{"id":977,"date":"2022-08-23T14:50:48","date_gmt":"2022-08-23T14:50:48","guid":{"rendered":"https:\/\/theclimatebook.org\/notas-finais\/o-modo-de-funcionamento-do-clima\/1-5-a-ciencia-tem-a-solidez-que-e-possivel\/"},"modified":"2022-08-23T14:50:48","modified_gmt":"2022-08-23T14:50:48","slug":"1-5-a-ciencia-tem-a-solidez-que-e-possivel","status":"publish","type":"page","link":"https:\/\/theclimatebook.org\/pt-pt\/notas-finais\/o-modo-de-funcionamento-do-clima\/1-5-a-ciencia-tem-a-solidez-que-e-possivel\/","title":{"rendered":"1.5 A ci\u00eancia tem a solidez que \u00e9 poss\u00edvel"},"content":{"rendered":"<div class=\"notes\">\n<p class=\"author\"><a href=\"\/contributors#greta-thunberg\" rel=\"author\">Greta Thunberg<\/a><\/p>\n<p class=\"date\">Todas as fontes online foram acedidas no dia  <time datetime=\"2020-04-24\">24 de Abril de 2020<\/time><\/p>\n<ol start=\"20\">\n<li>\n<p>\n<q>desde a ascens\u00e3o da civiliza\u00e7\u00e3o humana<\/q><br \/>\n<a href=\"https:\/\/www.nature.com\/articles\/nature.2015.18287\" target=\"_blank\" rel=\"noopener\">https:\/\/www.nature.com\/articles\/nature.2015.18287<\/a>\n<\/p>\n<p>\n<q>desapareceram mais de dois ter\u00e7os das esp\u00e9cies selvagens<\/q><br \/>\n<a href=\"https:\/\/www.globalcitizen.org\/en\/content\/humans-destroyed-83-of-wildlife-report\/\" target=\"_blank\" rel=\"noopener\">https:\/\/www.globalcitizen.org\/en\/content\/humans-destroyed-83-of-wildlife-report\/<\/a><br \/>\n<a href=\"https:\/\/www.pnas.org\/doi\/full\/10.1073\/pnas.1711842115\" target=\"_blank\" rel=\"noopener\">https:\/\/www.pnas.org\/doi\/full\/10.1073\/pnas.1711842115<\/a>\n<\/p>\n<p>\n<q>encheram os oceanos com pl\u00e1sticos<\/q><br \/>\n<a href=\"https:\/\/www.washingtonpost.com\/news\/morning-mix\/wp\/2016\/01\/20\/by-2050-there-will-be-more-plastic-than-fish-in-the-worlds-oceans-study-says\/\" target=\"_blank\" rel=\"noopener\">https:\/\/www.washingtonpost.com\/news\/morning-mix\/wp\/2016\/01\/20\/by-2050-there-will-be-more-plastic-than-fish-in-the-worlds-oceans-study-says\/<\/a>\n<\/p>\n<p>\n<q>90% do or\u00e7amento que resta<\/q> Friedlingstein, P., <em>et al<\/em>., <cite>\u2018Global carbon budget 2020\u2019<\/cite>,<span class=\"book\">Earth System Science Data<\/span>, 12 (4), 2020: 3269\u2013340, <a href=\"https:\/\/doi.org\/10.5194\/essd-12-3269-2020\" target=\"_blank\" rel=\"noopener\">https:\/\/doi.org\/10.5194\/essd-12-3269-2020.<\/a>\n<\/p>\n<p>\n<q>67% de probabilidade nos mantermos abaixo de 1,5\u00b0C<\/q> Painel Intergovernamental sobre as Altera\u00e7\u00f5es Clim\u00e1ticas. In: <cite>\u20182021: Summary for Policymakers\u2019<\/cite>, in: <span class=\"book\">Climate Change 2021: The Physical Science Basis<\/span>. Contribution of Working Group I to the Sixth Assessment Report of the Painel Intergovernamental sobre as Altera\u00e7\u00f5es Clim\u00e1ticas [Masson-Delmotte, V., P. Zhai, A. Pirani, S.L. Connors, C. P\u00e9an, S. Berger, N. Caud, Y. Chen, L. Goldfarb, M.I. Gomis, M. Huang, K. Leitzell, E. Lonnoy, J.B.R. Matthews, T.K. Maycock, T. Waterfield, O. Yelek\u00e7i, R. Yu, and B. Zhou (eds.)]. Cambridge University Press, Cambridge, United Kingdom and New York, NY, USA, pp. 3\u221232, doi:10.1017\/9781009157896.001. <a href=\"https:\/\/www.ipcc.ch\/sr15\/chapter\/spm\/\" rel=\"noopener\" target=\"_blank\">https:\/\/www.ipcc.ch\/sr15\/chapter\/spm\/<\/a>.\n<\/p>\n<p>\n<q>as grandes empresas petrol\u00edferas\u2026 tinham conhecimento das consequ\u00eancias<\/q> Supran, G., and Oreskes, N., <cite>\u2018Assessing ExxonMobil\u2019s climate change communications (1977\u20132014)\u2019<\/cite>, <span class=\"book\">Environmental Research Letters<\/span>, 12 (8), 2017: Article 084019, <a href=\"https:\/\/doi.org\/10.1088\/1748-9326\/aa815f\" target=\"_blank\" rel=\"noopener\">https:\/\/doi.org\/10.1088\/1748-9326\/aa815f<\/a>; Supran, G., and Oreskes, N., <cite>\u2018Rhetoric and frame analysis of ExxonMobil\u2019s climate change communications\u2019<\/cite>,<span class=\"book\">One Earth<\/span>, 4 (5), 2021: 696\u2013719, <a href=\"https:\/\/doi.org\/10.1016\/j.oneear.2021.04.014\" target=\"_blank\" rel=\"noopener\">https:\/\/doi.org\/10.1016\/j.oneear.2021.04.014<\/a>\n<\/p>\n<p>\n<q>mais de 50% das emiss\u00f5es antropog\u00e9nicas (ou seja, causadas pela esp\u00e9cie humana) de di\u00f3xido de carbono<\/q> Our World in Data, <cite>\u2018Cumulative CO<sub>2<\/sub> emissions by world region, 1751\u20132021\u2019<\/cite>,<br \/>\n<a href=\"ourworldindata.org\/grapher\/cumulative-co2-emissions-region\" target=\"_blank\" rel=\"noopener\">ourworldindata.org\/grapher\/cumulative-co2-emissions-region<\/a>\n<\/p>\n<\/li>\n<\/ol>\n<\/div>\n","protected":false},"excerpt":{"rendered":"<p>Greta Thunberg Todas as fontes online foram acedidas no dia 24 de Abril de 2020 desde a ascens\u00e3o da civiliza\u00e7\u00e3o humana https:\/\/www.nature.com\/articles\/nature.2015.18287 desapareceram mais de dois ter\u00e7os das esp\u00e9cies selvagens https:\/\/www.globalcitizen.org\/en\/content\/humans-destroyed-83-of-wildlife-report\/ https:\/\/www.pnas.org\/doi\/full\/10.1073\/pnas.1711842115 encheram os oceanos com pl\u00e1sticos https:\/\/www.washingtonpost.com\/news\/morning-mix\/wp\/2016\/01\/20\/by-2050-there-will-be-more-plastic-than-fish-in-the-worlds-oceans-study-says\/ 90% do or\u00e7amento que resta Friedlingstein, P., et al., \u2018Global carbon budget 2020\u2019,Earth System Science Data, 12&hellip;<\/p>\n","protected":false},"author":5,"featured_media":0,"parent":973,"menu_order":5,"comment_status":"closed","ping_status":"closed","template":"page-essay.php","meta":{"footnotes":""},"class_list":["post-977","page","type-page","status-publish","hentry"],"_links":{"self":[{"href":"https:\/\/theclimatebook.org\/pt-pt\/wp-json\/wp\/v2\/pages\/977","targetHints":{"allow":["GET"]}}],"collection":[{"href":"https:\/\/theclimatebook.org\/pt-pt\/wp-json\/wp\/v2\/pages"}],"about":[{"href":"https:\/\/theclimatebook.org\/pt-pt\/wp-json\/wp\/v2\/types\/page"}],"author":[{"embeddable":true,"href":"https:\/\/theclimatebook.org\/pt-pt\/wp-json\/wp\/v2\/users\/5"}],"replies":[{"embeddable":true,"href":"https:\/\/theclimatebook.org\/pt-pt\/wp-json\/wp\/v2\/comments?post=977"}],"version-history":[{"count":0,"href":"https:\/\/theclimatebook.org\/pt-pt\/wp-json\/wp\/v2\/pages\/977\/revisions"}],"up":[{"embeddable":true,"href":"https:\/\/theclimatebook.org\/pt-pt\/wp-json\/wp\/v2\/pages\/973"}],"wp:attachment":[{"href":"https:\/\/theclimatebook.org\/pt-pt\/wp-json\/wp\/v2\/media?parent=977"}],"curies":[{"name":"wp","href":"https:\/\/api.w.org\/{rel}","templated":true}]}}