{"id":975,"date":"2022-09-30T15:23:33","date_gmt":"2022-09-30T15:23:33","guid":{"rendered":"https:\/\/theclimatebook.org\/notas-finais\/o-modo-de-funcionamento-do-clima\/1-1-para-resolvermos-este-problema-e-preciso-entende-lot\/"},"modified":"2022-09-30T15:23:33","modified_gmt":"2022-09-30T15:23:33","slug":"1-1-para-resolvermos-este-problema-e-preciso-entende-lot","status":"publish","type":"page","link":"https:\/\/theclimatebook.org\/pt-pt\/notas-finais\/o-modo-de-funcionamento-do-clima\/1-1-para-resolvermos-este-problema-e-preciso-entende-lot\/","title":{"rendered":"1.1 Para resolvermos este problema, \u00e9 preciso entend\u00ea-lot&#8217;"},"content":{"rendered":"<div class=\"notes\">\n<p class=\"author\"><a href=\"\/contributors#greta-thunberg\" rel=\"author\">Greta Thunberg<\/a><\/p>\n<p class=\"date\">Todas as fontes online foram acedidas no dia  <time datetime=\"2020-04-24\">24 de Abril de 2020<\/time><\/p>\n<ol start=\"3\">\n<li><q>Os mais ricos, que s\u00e3o 1% da popula\u00e7\u00e3o mundial, s\u00e3o respons\u00e1veis\u2026<\/q> Gore, T., <cite>\u2018Confronting carbon inequality: putting climate justice at the heart of the COVID-19 recovery\u2019<\/cite>, Oxfam International, <time datetime=\"2021-09-21\">21 de Setembro de 2020<\/time>, <a href=\"https:\/\/www.oxfam.org\/en\/research\/confronting-carbon-inequality\" target=\"_blank\" rel=\"noopener\">https:\/\/www.oxfam.org\/en\/research\/confronting-carbon-inequality<\/a>; Credit Suisse Research Institute, <cite>Global Wealth Report, 2021<\/cite>, <time datetime=\"2021-06\">Junho de 2021<\/time>, <a href=\"https:\/\/www.credit-suisse.com\/about-us\/en\/reports-research\/global-wealth-report.html\" target=\"_blank\" rel=\"noopener\">https:\/\/www.credit-suisse.com\/about-us\/en\/reports-research\/global-wealth-report.html<\/a>.<\/li>\n<li><q>um patrim\u00f3nio l\u00edquido igual ou superior a 1.055.337<\/q> Credit Suisse Research Institute,<span class=\"book\">Global Wealth Report, 2021<\/span>, 18.\n<p><q>uma tonelada de di\u00f3xido de carbono por ano<\/q> Este valor \u00e9 calculado utilizando a via C1 para as emiss\u00f5es globais em 2050 a partir do contributo do Grupo de Trabalho III para o Sexto Relat\u00f3rio de Avalia\u00e7\u00e3o do PIAC e a estimativa do Departamento de Assuntos Econ\u00f3micos e Sociais das Na\u00e7\u00f5es Unidas para a popula\u00e7\u00e3o global em 2050. Painel Intergovernamental sobre as Altera\u00e7\u00f5es Clim\u00e1ticas, <span class=\"book\">Climate Change 2022: Mitigation of Climate Change. Working Group III Contribution to the Sixth Assessment Report of the Painel Intergovernamental sobre as Altera\u00e7\u00f5es Clim\u00e1ticas, <\/span>ed. P. R. Shukla <em>et al<\/em>. (Cambridge: Cambridge University Press, no prelo), <a href=\"https:\/\/www.ipcc.ch\/report\/ar6\/wg3\/\" rel=\"noopener\" target=\"_blank\">https:\/\/www.ipcc.ch\/report\/ar6\/wg3\/<\/a> United Nations Department of Economic and Social Affairs, Population Division, <cite>\u2018World population prospects 2022\u2019<\/cite>, 2022,<a href=\"population.un.org\/wpp\/\" target=\"_blank\" rel=\"noopener\">population.un.org\/wpp\/<\/a>.<\/p>\n<p><q>Na Su\u00e9cia, este valor cifra-se atualmente em cerca de 9 toneladas <\/q> Jonsson, M., <cite>\u2018Konsumtionsbaserade v\u00e4xthusgasutsl\u00e4pp per omr\u00e5de\u2019<\/cite>, Sveriges Milj\u00f6m\u00e5l, <a href=\"https:\/\/www.sverigesmiljomal.se\/miljomalen\/generationsmalet\/konsumtionsbaserade-vaxthusgasutslapp-per-omrade\/\" target=\"_blank\" rel=\"noopener\">https:\/\/www.sverigesmiljomal.se\/miljomalen\/generationsmalet\/konsumtionsbaserade-vaxthusgasutslapp-per-omrade\/<\/a>.<\/p>\n<p><q>Nos Estados Unidos \u00e9 de 17,1 toneladas\u2026 na China, 6,6 toneladas<\/q> Global Carbon Project, <cite>\u2018Data supplement to the global carbon budget 2021\u2019<\/cite> 2021, <a href=\"https:\/\/doi.org\/10.18160\/gcp-2021\" target=\"_blank\" rel=\"noopener\">https:\/\/doi.org\/10.18160\/gcp-2021<\/a>.<\/li>\n<\/ol>\n<\/div>\n","protected":false},"excerpt":{"rendered":"<p>Greta Thunberg Todas as fontes online foram acedidas no dia 24 de Abril de 2020 Os mais ricos, que s\u00e3o 1% da popula\u00e7\u00e3o mundial, s\u00e3o respons\u00e1veis\u2026 Gore, T., \u2018Confronting carbon inequality: putting climate justice at the heart of the COVID-19 recovery\u2019, Oxfam International, 21 de Setembro de 2020, https:\/\/www.oxfam.org\/en\/research\/confronting-carbon-inequality; Credit Suisse Research Institute, Global Wealth&hellip;<\/p>\n","protected":false},"author":5,"featured_media":0,"parent":973,"menu_order":0,"comment_status":"closed","ping_status":"closed","template":"page-essay.php","meta":{"footnotes":""},"class_list":["post-975","page","type-page","status-publish","hentry"],"_links":{"self":[{"href":"https:\/\/theclimatebook.org\/pt-pt\/wp-json\/wp\/v2\/pages\/975","targetHints":{"allow":["GET"]}}],"collection":[{"href":"https:\/\/theclimatebook.org\/pt-pt\/wp-json\/wp\/v2\/pages"}],"about":[{"href":"https:\/\/theclimatebook.org\/pt-pt\/wp-json\/wp\/v2\/types\/page"}],"author":[{"embeddable":true,"href":"https:\/\/theclimatebook.org\/pt-pt\/wp-json\/wp\/v2\/users\/5"}],"replies":[{"embeddable":true,"href":"https:\/\/theclimatebook.org\/pt-pt\/wp-json\/wp\/v2\/comments?post=975"}],"version-history":[{"count":0,"href":"https:\/\/theclimatebook.org\/pt-pt\/wp-json\/wp\/v2\/pages\/975\/revisions"}],"up":[{"embeddable":true,"href":"https:\/\/theclimatebook.org\/pt-pt\/wp-json\/wp\/v2\/pages\/973"}],"wp:attachment":[{"href":"https:\/\/theclimatebook.org\/pt-pt\/wp-json\/wp\/v2\/media?parent=975"}],"curies":[{"name":"wp","href":"https:\/\/api.w.org\/{rel}","templated":true}]}}