{"id":974,"date":"2022-09-30T15:20:54","date_gmt":"2022-09-30T15:20:54","guid":{"rendered":"https:\/\/theclimatebook.org\/notas-finais\/introducao-clima-por-numeros\/"},"modified":"2022-11-14T08:54:11","modified_gmt":"2022-11-14T08:54:11","slug":"clima-por-numeros","status":"publish","type":"page","link":"https:\/\/theclimatebook.org\/pt-pt\/notas-finais\/clima-por-numeros\/","title":{"rendered":"<a href=\"\/notas-finais\/clima-por-numeros\"><span class=\"part-title\"> Introdu\u00e7\u00e3o \/ <\/span>Clima por n\u00fameros<\/a>"},"content":{"rendered":"<div class=\"notes\">\n<ol start=\"3\" type=\"i\">\n<li>\n\t<q>o aquecimento global chegar\u00e1 a 3,2\u00b0C at\u00e9 2100<\/q> Painel Intergovernamental sobre as Altera\u00e7\u00f5es Clim\u00e1ticas, <span class=\"book\">Climate Change 2022: Mitigation of Climate Change. Working Group III Contribution to the Sixth Assessment Report of the Painel Intergovernamental sobre as Altera\u00e7\u00f5es Clim\u00e1ticas<\/span>, ed. P. R. Shukla <em>et al<\/em>. (Cambridge: Cambridge University Press, no prelo), <a href=\"https:\/\/www.ipcc.ch\/report\/ar6\/wg3\/\" rel=\"noopener\" target=\"_blank\">https:\/\/www.ipcc.ch\/report\/ar6\/wg3\/<\/a>.\n<\/li>\n<\/ol>\n<\/div>\n","protected":false},"excerpt":{"rendered":"<p>o aquecimento global chegar\u00e1 a 3,2\u00b0C at\u00e9 2100 Painel Intergovernamental sobre as Altera\u00e7\u00f5es Clim\u00e1ticas, Climate Change 2022: Mitigation of Climate Change. Working Group III Contribution to the Sixth Assessment Report of the Painel Intergovernamental sobre as Altera\u00e7\u00f5es Clim\u00e1ticas, ed. P. R. Shukla et al. (Cambridge: Cambridge University Press, no prelo), https:\/\/www.ipcc.ch\/report\/ar6\/wg3\/.<\/p>\n","protected":false},"author":5,"featured_media":0,"parent":972,"menu_order":1,"comment_status":"closed","ping_status":"closed","template":"page-essay.php","meta":{"footnotes":""},"class_list":["post-974","page","type-page","status-publish","hentry"],"_links":{"self":[{"href":"https:\/\/theclimatebook.org\/pt-pt\/wp-json\/wp\/v2\/pages\/974","targetHints":{"allow":["GET"]}}],"collection":[{"href":"https:\/\/theclimatebook.org\/pt-pt\/wp-json\/wp\/v2\/pages"}],"about":[{"href":"https:\/\/theclimatebook.org\/pt-pt\/wp-json\/wp\/v2\/types\/page"}],"author":[{"embeddable":true,"href":"https:\/\/theclimatebook.org\/pt-pt\/wp-json\/wp\/v2\/users\/5"}],"replies":[{"embeddable":true,"href":"https:\/\/theclimatebook.org\/pt-pt\/wp-json\/wp\/v2\/comments?post=974"}],"version-history":[{"count":0,"href":"https:\/\/theclimatebook.org\/pt-pt\/wp-json\/wp\/v2\/pages\/974\/revisions"}],"up":[{"embeddable":true,"href":"https:\/\/theclimatebook.org\/pt-pt\/wp-json\/wp\/v2\/pages\/972"}],"wp:attachment":[{"href":"https:\/\/theclimatebook.org\/pt-pt\/wp-json\/wp\/v2\/media?parent=974"}],"curies":[{"name":"wp","href":"https:\/\/api.w.org\/{rel}","templated":true}]}}