{"id":971,"date":"2022-08-08T14:23:01","date_gmt":"2022-08-08T14:23:01","guid":{"rendered":"https:\/\/theclimatebook.org\/especialistas\/"},"modified":"2022-08-08T14:23:01","modified_gmt":"2022-08-08T14:23:01","slug":"especialistas","status":"publish","type":"page","link":"https:\/\/theclimatebook.org\/pt-pt\/especialistas\/","title":{"rendered":"Especialistas"},"content":{"rendered":"<div class=\"contributors\">\n<ul>\n<li><span class=\"name\" id=\"greta-thunberg\">Greta Thunberg<\/span> \/ Ativista pelo movimento <em>Fridays for Future<\/em> e \u00e9 convidada para falar em com\u00edcios sobre o clima um pouco por todo o mundo, bem como no F\u00f3rum Econ\u00f3mico de Davos, no Congresso dos Estados Unidos da Am\u00e9rica e nas Na\u00e7\u00f5es Unidas.<\/li>\n<li><span class=\"name\" id=\"peter-brannen\">Peter Brannen<\/span> \/ Jornalista cient\u00edfico, colaborador da revista <em>The Atlantic<\/em> e autor de <em>The Ends of the World<\/em>.<\/li>\n<li><span class=\"name\" id=\"beth-shapiro\">Beth Shapiro<\/span> \/ Professora de Ecologia e Biologia Evolutiva na Universidade da Calif\u00f3rnia, Santa Cruz, e autora de <em>Life as We Made It<\/em>.<\/li>\n<li><span class=\"name\" id=\"elizabeth-kolbert\">Elizabeth Kolbert<\/span> \/ Membro da equipa de reda\u00e7\u00e3o da <em>New Yorker Magazine<\/em> e, mais recentemente, autora de <em>Sob Um C\u00e9u Branco: A Natureza do Futuro<\/em>.<\/li>\n<li><span class=\"name\" id=\"michael-oppenheimer\">Michael Oppenheimer<\/span> \/ Cientista do clima, professor de Geoci\u00eancias e Assuntos Internacionais na Universidade de Princeton e autor principal, desde longa data, do PIAC.<\/li>\n<li><span class=\"name\" id=\"naomi-oreskes\">Naomi Oreskes<\/span> \/ Professora de Hist\u00f3ria da Ci\u00eancia e docente afiliada de Ci\u00eancias da Terra e Ci\u00eancias Planet\u00e1rias na Universidade de Harvard.<\/li>\n<li><span class=\"name\" id=\"johan-rockstr\u00f6m\">Johan Rockstr\u00f6m<\/span> \/ Diretor do Instituto Potsdam para a Investiga\u00e7\u00e3o do Impacto Clim\u00e1tico (PIK) na Alemanha e professor na Universidade de Potsdam.<\/li>\n<li><span class=\"name\" id=\"katharine-hayhoe\">Katharine Hayhoe<\/span> \/ Professora Catedr\u00e1tica e Honor\u00e1ria na Universidade de Tecnologia do Texas e autora de <em>Saving Us<\/em>.<\/li>\n<li><span class=\"name\" id=\"zeke-hausfather\">Zeke Hausfather<\/span> \/ Investigador clim\u00e1tico principal na Stripe, cientista investigador na Berkeley Earth.<\/li>\n<li><span class=\"name\" id=\"bj\u00f8rn-h-samset\">Bj\u00f8rn H. Samset<\/span> \/ Investigador principal no CICERO Centro Internacional de Investiga\u00e7\u00e3o Clim\u00e1tica, principal autor do PIAC e especialista em efeitos clim\u00e1ticos de emiss\u00f5es provocadas por outros gases com efeito de estufa que n\u00e3o o CO2.<\/li>\n<li><span class=\"name\" id=\"paulo-ceppi\">Paulo Ceppi<\/span> \/ Professor de Ci\u00eancias Clim\u00e1ticas no Instituto Grantham e no Departamento de F\u00edsica do Imperial College de Londres.<\/li>\n<li><span class=\"name\" id=\"jennifer-francis\">Jennifer Francis<\/span> \/ Cientista principal no Centro Woodwell de Investiga\u00e7\u00e3o Clim\u00e1tica e ex-professora e investigadora do Departamento de Ci\u00eancias Marinhas e Costeiras da Universidade de Rutgers.<\/li>\n<li><span class=\"name\" id=\"friederike-otto\">Friederike Otto<\/span> \/ Professora principal de Ci\u00eancia do Clima no Instituto Grantham do Imperial College de Londres e correspons\u00e1vel pela Organiza\u00e7\u00e3o Meteorol\u00f3gica Mundial.<\/li>\n<li><span class=\"name\" id=\"kate-marvel\">Kate Marvel<\/span> \/ Cientista do clima no Centro de Investiga\u00e7\u00e3o de Sistemas Clim\u00e1ticos da Universidade de Columbia e no Instituto Goddard de Estudos Espaciais da NASA.<\/li>\n<li><span class=\"name\" id=\"ricarda-winkelmann\">Ricarda Winkelmann<\/span> \/ Professora de An\u00e1lise de Sistema Clim\u00e1ticos no Instituto Potsdam para a Investiga\u00e7\u00e3o do Impacto Clim\u00e1tico e na Universidade de Potsdam.<\/li>\n<li><span class=\"name\" id=\"stefan-rahmstorf\">Stefan Rahmstorf<\/span> \/ Chefe de An\u00e1lise de Sistemas Terrestres no Instituto Potsdam para a Investiga\u00e7\u00e3o do Impacto Clim\u00e1tico e professor de F\u00edsica dos Oceanos na Universidade de Potsdam.<\/li>\n<li><span class=\"name\" id=\"hans-otto-p\u00f6rtner\">Hans-Otto P\u00f6rtner<\/span> \/ Climatologista, fisiologista, professor e chefe do Departamento de Ecofisiologia Integrativa do Instituto Alfred Wegener.<\/li>\n<li><span class=\"name\" id=\"karin-kvale\">Karin Kvale<\/span> \/ Investigadora principal na GNS Science e especialista em modelagem do papel da ecologia marinha nos ciclos biogeoqu\u00edmicos globais.<\/li>\n<li><span class=\"name\" id=\"peter-h-gleick\">Peter H. Gleick<\/span> \/ Cofundador e presidente em\u00e9rito do Pacific Institute, membro da Academia Nacional de Ci\u00eancias dos Estados Unidos e hidroclimatologista.<\/li>\n<li><span class=\"name\" id=\"jo\u00eblle-gergis\">Jo\u00eblle Gergis<\/span> \/ Professora principal de Ci\u00eancia do Clima na Universidade Nacional da Austr\u00e1lia e principal autora do Sexto Relat\u00f3rio de Avalia\u00e7\u00e3o do PIAC.<\/li>\n<li><span class=\"name\" id=\"carlos-nobre\">Carlos Nobre<\/span> \/ Cientista dos sistemas terrestres em The Amazon, presidente do respetivo Painel Cient\u00edfico e coordenador do projeto Amaz\u00f4nia 4.0.<\/li>\n<li><span class=\"name\" id=\"julia-arieira\">Julia Arieira<\/span> \/ Especialista em ecologia vegetal e cientista especializada nos sistemas terrestres na Universidade Federal do Esp\u00edrito Santo.<\/li>\n<li><span class=\"name\" id=\"nath\u00e1lia-nascimento\">Nath\u00e1lia Nascimento<\/span> \/ Ge\u00f3grafa e cientista especializada nos sistemas terrestres na Universidade Federal do Esp\u00edrito Santo.<\/li>\n<li><span class=\"name\" id=\"beverly-law\">Beverly Law<\/span> \/ Professora em\u00e9rita de Biologia das Altera\u00e7\u00f5es Globais e Ci\u00eancia dos Sistemas Terrestres na Universidade Estadual do Oregon.<\/li>\n<li><span class=\"name\" id=\"andy-purvis\">Andy Purvis<\/span> \/ Investigador sobre altera\u00e7\u00f5es da biodiversidade no Museu de Hist\u00f3ria Natural de Londres e principal autor e coordenador da primeira Avalia\u00e7\u00e3o Global da Biodiversidade e dos Servi\u00e7os Ecossist\u00e9micos da IPBES.<\/li>\n<li><span class=\"name\" id=\"adriana-de-palma\">Adriana De Palma<\/span> \/ Jovem cientista do F\u00f3rum Econ\u00f3mico Mundial e investigadora principal no Museu de Hist\u00f3ria Natural de Londres.<\/li>\n<li><span class=\"name\" id=\"dave-goulson\">Dave Goulson<\/span> \/ Professor de Biologia na Universidade de Sussex e autor de mais de 400 artigos cient\u00edficos sobre ecologia e conserva\u00e7\u00e3o de abelhas e outros insetos e de, entre outras obras, <em>Silent Earth<\/em>.<\/li>\n<li><span class=\"name\" id=\"keith-w-larson\">Keith W. Larson<\/span> \/ Ecologista dedicado \u00e0s altera\u00e7\u00f5es ambientais no \u00c1rtico e Director do Centro do \u00c1rtico da Universidade de Ume\u00e5. <\/li>\n<li><span class=\"name\" id=\"jennifer-l-soong\">Jennifer L. Soong<\/span> \/ Cientista da Corteva especializada em carbono no solo e cientista afiliada na Universidade Estadual do Colorado e no Laborat\u00f3rio Nacional de Lawrence Berkeley.<\/li>\n<li><span class=\"name\" id=\"\u00f6rjan-gustafsson\">\u00d6rjan Gustafsson<\/span> \/ Professor de Biogeoqu\u00edmica na Universidade de Estocolmo e membro da Academia Real das Ci\u00eancias da Su\u00e9cia.<\/li>\n<li><span class=\"name\" id=\"tamsin-edwards\">Tamsin Edwards<\/span> \/ Cientista do clima no King\u2019s College de Londres, autora principal do relat\u00f3rio do PIAC e divulgadora cient\u00edfica especializada em incertezas relativas \u00e0 subida do n\u00edvel do mar.<\/li>\n<li><span class=\"name\" id=\"tedros-adhanom-ghebreyesus\">Tedros Adhanom Ghebreyesus<\/span> \/ Diretor-geral da Organiza\u00e7\u00e3o Mundial da Sa\u00fade (OMS).<\/li>\n<li><span class=\"name\" id=\"ana-m-vicedo-cabrera\">Ana M. Vicedo-Cabrera<\/span> \/ Epidemiologista ambiental, l\u00edder do n\u00facleo de investiga\u00e7\u00e3o Altera\u00e7\u00f5es Clim\u00e1ticas e Sa\u00fade da Universidade de Berna.<\/li>\n<li><span class=\"name\" id=\"drew-shindell\">Drew Shindell<\/span> \/ Cientista do clima e Professora Catedr\u00e1tica na Escola Nicholas do Meio Ambiente da Universidade de Duke, autor de v\u00e1rias avalia\u00e7\u00f5es do PIAC.<\/li>\n<li><span class=\"name\" id=\"felipe-j-col\u00f3n-gonz\u00e1lez\">Felipe J. Col\u00f3n-Gonz\u00e1lez<\/span> \/ Professor assistente no Departamento de Epidemiologia das Doen\u00e7as Infecciosas da Escola de Higiene e Medicina Tropical de Londres.<\/li>\n<li><span class=\"name\" id=\"john-brownstein\">John Brownstein<\/span> \/ Diretor de inova\u00e7\u00e3o no Hospital Infantil de Boston e professor no Departamento de Inform\u00e1tica Biom\u00e9dica e Pediatria da Escola de Medicina Harvard.<\/li>\n<li><span class=\"name\" id=\"derek-macfadden\">Derek MacFadden<\/span> \/ Cientista cl\u00ednico da Junior Clinical Research Chair de Utiliza\u00e7\u00e3o de Antibi\u00f3ticos e Resist\u00eancia aos Antibi\u00f3ticos do Hospital de Ottawa e do Ottawa Hospital Research Institute, Universidade do Ottawa, Canad\u00e1.<\/li>\n<li><span class=\"name\" id=\"sarah-mcgough\">Sarah McGough<\/span> \/ Epidemiologista especializada em doen\u00e7as infecciosas na Harvard T. H. Chan School of Public Health.<\/li>\n<li><span class=\"name\" id=\"mauricio-santillana\">Mauricio Santillana<\/span> \/ Professor de F\u00edsica na Universidade de Northeastern e Professor Adjunto de Epidemiologia na Harvard T. H. Chan School of Public Health.<\/li>\n<li><span class=\"name\" id=\"samuel-s-myers\">Samuel S. Myers<\/span> \/ Cientista e investigador principal na Harvard T. H. Chan School of Public Health e diretor da Alian\u00e7a de Sa\u00fade Planet\u00e1ria.<\/li>\n<li><span class=\"name\" id=\"saleemul-huq\">Saleemul Huq<\/span> \/ Diretor do Centro Internacional para Mudan\u00e7as Clim\u00e1ticas e Desenvolvimento do Bangladesh.<\/li>\n<li><span class=\"name\" id=\"jacqueline-patterson\">Jacqueline Patterson<\/span> \/ Fundadora e diretora executiva de The Chisholm Legacy Project: A Resource Hub for Black Frontline Climate Justice Leadership.<\/li>\n<li><span class=\"name\" id=\"abrahm-lustgarten\">Abrahm Lustgarten<\/span> \/ Escritor e rep\u00f3rter de investiga\u00e7\u00e3o na <em>ProPublica<\/em> e <em>The New York Times Magazine<\/em> e autor de um livro sobre migra\u00e7\u00e3o por motivos clim\u00e1ticos nos Estados Unidos, a publicar brevemente.<\/li>\n<li><span class=\"name\" id=\"michael-taylor\">Michael Taylor<\/span> \/ Cientista clim\u00e1tico das Cara\u00edbas, principal autor do PIAC, professor e reitor da Faculdade de Ci\u00eancia e Tecnologia, Universidade das \u00cdndias Ocidentais, Mona.<\/li>\n<li><span class=\"name\" id=\"hindou-oumarou-ibrahim\">Hindou Oumarou Ibrahim<\/span> \/ Ge\u00f3grafa chadiana, coordenadora da Associa\u00e7\u00e3o de Mulheres Fula e dos Povos Aut\u00f3ctones do Chade (AFPAT, <em>www.afpat.net<\/em>) e defensora dos Objetivos de Desenvolvimento Sustent\u00e1vel da ONU.<\/li>\n<li><span class=\"name\" id=\"elin-anna-labba\">Elin Anna Labba<\/span> \/ Jornalista e escritora s\u00e1mi que trabalha com literaturas aut\u00f3ctones no Tj\u00e1llegoahte, em Jokkmokk, Su\u00e9cia.<\/li>\n<li><span class=\"name\" id=\"s\u00f4nia-guajajara\">S\u00f4nia Guajajara<\/span> \/ Ativista ind\u00edgena brasileira, ambientalista, pol\u00edtica e coordenadora da Articula\u00e7\u00e3o dos Povos Ind\u00edgenas do Brasil (APIB).<\/li>\n<li><span class=\"name\" id=\"solomon-hsiang\">Solomon Hsiang<\/span> \/ Cientista e economista, professor e diretor do Laborat\u00f3rio de Pol\u00edticas Globais da Universidade da Calif\u00f3rnia, Berkeley,  e cofundador do Laborat\u00f3rio de Impacto Clim\u00e1tico.<\/li>\n<li><span class=\"name\" id=\"taikan-oki\">Taikan Oki<\/span> \/ Hidrologista global, ex-vice-reitor s\u00e9nior da Universidade das Na\u00e7\u00f5es Unidas, principal autor e coordenador do PIAC.<\/li>\n<li><span class=\"name\" id=\"marshall-burke\">Marshall Burke<\/span> \/ Professor associado no Departamento de Ci\u00eancia dos Sistemas Terrestres da Universidade de Stanford e cofundador da Atlas AI.<\/li>\n<li><span class=\"name\" id=\"eugene-linden\">Eugene Linden<\/span> \/ Jornalista e escritor; a sua obra mais recente sobre altera\u00e7\u00f5es clim\u00e1ticas tem como t\u00edtulo <em>Fire and Flood<\/em>. Uma obra anterior, intitulada <em>Winds of Change<\/em>, ganhou o Pr\u00e9mio Grantham de m\u00e9rito especial.<\/li>\n<li><span class=\"name\" id=\"kevin-anderson\">Kevin Anderson<\/span> \/ Professor de Energia e Altera\u00e7\u00f5es Clim\u00e1ticas nas universidades de Manchester, Uppsala e Bergen.<\/li>\n<li><span class=\"name\" id=\"alexandra-urisman-otto\">Alexandra Urisman Otto<\/span> \/ Rep\u00f3rter do clima no jornal sueco <em>Dagens Nyheter<\/em> e coautora de <em>Gretas Resa<\/em> (A viagem de Greta).<\/li>\n<li><span class=\"name\" id=\"bill-mckibben\">Bill McKibben<\/span> \/ Fundador das organiza\u00e7\u00f5es ambientais 350.org e Third Act e autor de mais de uma d\u00fazia de obras, incluindo <em>O Fim da Natureza e Eaarth<\/em>.<\/li>\n<li><span class=\"name\" id=\"glen-peters\">Glen Peters<\/span> \/ Diretor de investiga\u00e7\u00e3o do CICERO Centro Internacional de Investiga\u00e7\u00e3o Clim\u00e1tica em Oslo, membro da equipa executiva do Or\u00e7amento Global de Carbono e principal autor do PIAC.<\/li>\n<li><span class=\"name\" id=\"karl-heinz-erb\">Karl-Heinz Erb<\/span> \/ Principal autor do PIAC, Diretor do Instituto de Ecologia Social e professor associado de Utiliza\u00e7\u00e3o dos Solos e Altera\u00e7\u00f5es Globais na Universidade de Recursos Naturais e Ci\u00eancias da Vida, em Viena.<\/li>\n<li><span class=\"name\" id=\"simone-gingrich\">Simone Gingrich<\/span> \/ Professora assistente no Instituto de Ecologia Social da Universidade de Recursos Naturais e Ci\u00eancias da Vida em Viena.<\/li>\n<li><span class=\"name\" id=\"niclas-h\u00e4llstr\u00f6m\">Niclas H\u00e4llstr\u00f6m<\/span> \/ Diretor do What Next Forum, presidente do grupo ETC e professor afiliado de Ci\u00eancias da Terra na Universidade de Uppsala, Su\u00e9cia.<\/li>\n<li><span class=\"name\" id=\"jennie-c-stephens\">Jennie C. Stephens<\/span> \/ <em>Dean\u2019s Professor<\/em> de Ci\u00eancia e Pol\u00edtica de Sustentabilidade na Northeastern University e autora de <em>Diversifying Power<\/em>.<\/li>\n<li><span class=\"name\" id=\"isak-stoddard\">Isak Stoddard<\/span> \/ Doutorando em Desenvolvimento Sustent\u00e1vel e Recursos Naturais no Departamento de Ci\u00eancias da Terra da Universidade de Uppsala.<\/li>\n<li><span class=\"name\" id=\"rob-jackson\">Rob Jackson<\/span> \/ Cientista da terra na Universidade de Stanford e presidente do Global Carbon Project.<\/li>\n<li><span class=\"name\" id=\"alexander-popp\">Alexander Popp<\/span> \/ Cientista principal do Instituto Potsdam para a Investiga\u00e7\u00e3o do Impacto Clim\u00e1tico e l\u00edder de um grupo de investiga\u00e7\u00e3o sobre gest\u00e3o de utiliza\u00e7\u00e3o dos solos.<\/li>\n<li><span class=\"name\" id=\"michael-clark\">Michael Clark<\/span> \/ Cientista ambiental na Universidade de Oxford, dedicado aos sistemas alimentares e \u00e0 sua contribui\u00e7\u00e3o para o clima, para a biodiversidade e o bem-estar humano.<\/li>\n<li><span class=\"name\" id=\"sonja-vermeulen\">Sonja Vermeulen<\/span> \/ Diretora de programas do CGIAR e membro da Chatham House.<\/li>\n<li><span class=\"name\" id=\"john-barrett\">John Barrett<\/span> \/ Professor de Pol\u00edtica Energ\u00e9tica e Clim\u00e1tica na Universidade de Leeds, conselheiro do governo no DEFRA e principal autor do PIAC.<\/li>\n<li><span class=\"name\" id=\"alice-garvey\">Alice Garvey<\/span> \/ Investigadora do Sustainability Research Institute da Universidade de Leeds.<\/li>\n<li><span class=\"name\" id=\"ketan-joshi\">Ketan Joshi<\/span> \/ Escritor freelance, analista e consultor de comunica\u00e7\u00f5es, j\u00e1 trabalhou em v\u00e1rias organiza\u00e7\u00f5es clim\u00e1ticas australianas e europeias.<\/li>\n<li><span class=\"name\" id=\"alice-larkin\">Alice Larkin<\/span> \/ Vice-reitora e diretora da Escola de Engenharia e professora de Ci\u00eancia Clim\u00e1tica e Pol\u00edtica Energ\u00e9tica no Centro Tyndall de Investiga\u00e7\u00e3o para as Altera\u00e7\u00f5es Clim\u00e1ticas, Universidade de Manchester.<\/li>\n<li><span class=\"name\" id=\"jillian-anable\">Jillian Anable<\/span> \/ Codiretora do CREDS (Centre for Research into Energy Demand Solutions) da Universidade de Oxford.<\/li>\n<li><span class=\"name\" id=\"christian-brand\">Christian Brand<\/span> \/ Codiretor do Centro de Investiga\u00e7\u00e3o em Energia do Reino Unido e professor associado da Universidade de Oxford. Autor de <em>Personal Travel and Climate Change<\/em>.<\/li>\n<li><span class=\"name\" id=\"annie-lowrey\">Annie Lowrey<\/span> \/ Membro da equipa de reda\u00e7\u00e3o da revista <em>The Atlantic<\/em>, na qual aborda temas de pol\u00edtica econ\u00f3mica, e autora de <em>Give People Money<\/em>.<\/li>\n<li><span class=\"name\" id=\"mike-berners-lee\">Mike Berners-Lee<\/span> \/ Professor no Environment Centre da Universidade de Lancaster, diretor da Small World Consulting Ltd e autor de <em>There is No Planet B<\/em>.<\/li>\n<li><span class=\"name\" id=\"silpa-kaza\">Silpa Kaza<\/span> \/ Especialista principal em desenvolvimento urbano, trabalha no Banco Mundial, em gest\u00e3o urbana, gest\u00e3o de risco em situa\u00e7\u00f5es de cat\u00e1strofe, resili\u00eancia e utiliza\u00e7\u00e3o de solos a n\u00edvel global.<\/li>\n<li><span class=\"name\" id=\"nina-schrank\">Nina Schrank<\/span> \/ Ativista principal da Greenpeace no Reino Unido, na Plastics Team.<\/li>\n<li><span class=\"name\" id=\"nicholas-stern\">Nicholas Stern<\/span> \/ Professor de Economia e Governo e presidente do Grantham Research Institute na London School of Economics and Political Science.<\/li>\n<li><span class=\"name\" id=\"sunita-narain\">Sunita Narain<\/span> \/ Diretora-geral do Centro de Ci\u00eancia e Meio Ambiente, uma organiza\u00e7\u00e3o de investiga\u00e7\u00e3o e defesa do interesse p\u00fablico, sem fins lucrativos, com sede em Nova Deli.<\/li>\n<li><span class=\"name\" id=\"jason-hickel\">Jason Hickel<\/span> \/ Antrop\u00f3logo econ\u00f3mico, escritor e Professor no Instituto de Ci\u00eancia e Tecnologia Ambientais (ICTA-UAB) da Universidade Aut\u00f3noma de Barcelona.<\/li>\n<li><span class=\"name\" id=\"amitav-ghosh\">Amitav Ghosh<\/span> \/ Autor de dezasseis t\u00edtulos, de fic\u00e7\u00e3o e n\u00e3o-fic\u00e7\u00e3o; primeiro escritor de l\u00edngua inglesa a receber o pr\u00e9mio Jnanpith, a maior distin\u00e7\u00e3o liter\u00e1ria da \u00cdndia.<\/li>\n<li><span class=\"name\" id=\"stuart-capstick\">Stuart Capstick<\/span> \/ Cientista social ambiental na Universidade de Cardiff e vice\u2011diretor do Centro de Mudan\u00e7as Clim\u00e1ticas e Transforma\u00e7\u00f5es Sociais.<\/li>\n<li><span class=\"name\" id=\"lorraine-whitmarsh\">Lorraine Whitmarsh<\/span> \/ Professora de Psicologia Ambiental da Universidade de Bath e diretora do Centro de Mudan\u00e7as Clim\u00e1ticas e Transforma\u00e7\u00f5es Sociais (CAST).<\/li>\n<li><span class=\"name\" id=\"kate-raworth\">Kate Raworth<\/span> \/ Cofundadora do Doughnut Economics Action Lab e membro principal do Instituto de Mudan\u00e7a Ambiental da Universidade de Oxford.<\/li>\n<li><span class=\"name\" id=\"per-espen-stoknes\">Per Espen Stoknes<\/span> \/ Psic\u00f3logo, conferencista da TEDGlobal e codiretor do Centre for Sustainability da Norwegian Business School.<\/li>\n<li><span class=\"name\" id=\"gidon-eshel\">Gidon Eshel<\/span> \/ Professor de F\u00edsica Ambiental no Bard College, Nova Iorque.<\/li>\n<li><span class=\"name\" id=\"ayana-elizabeth-johnson\">Ayana Elizabeth Johnson<\/span> \/ Bi\u00f3loga marinha, cofundadora do grupo de reflex\u00e3o estrat\u00e9gico Urban Ocean Lab, corredatora da antologia <em>All We Can Save<\/em> e cocriadora do podcast <em>How to Save a Planet<\/em>.<\/li>\n<li><span class=\"name\" id=\"george-monbiot\">George Monbiot<\/span> \/ Escritor, cineasta e ativista ambiental; autor de uma coluna semanal no jornal The Guardian, bem como de v\u00e1rios livros e v\u00eddeos.<\/li>\n<li><span class=\"name\" id=\"rebecca-wrigley\">Rebecca Wrigley<\/span> \/ Fundadora e diretora executiva da Rewilding Britain, trabalha h\u00e1 trinta anos na conserva\u00e7\u00e3o e desenvolvimento comunit\u00e1rio.<\/li>\n<li><span class=\"name\" id=\"margaret-atwood\">Margaret Atwood<\/span> \/ Escritora galardoada com o Pr\u00e9mio Booker, autora de mais de cinquenta livros de fic\u00e7\u00e3o, poesia e ensaios cr\u00edticos.<\/li>\n<li><span class=\"name\" id=\"erica-chenoweth\">Erica Chenoweth<\/span> \/ Cientista pol\u00edtica, professora na Universidade de Harvard.<\/li>\n<li><span class=\"name\" id=\"michael-e-mann\">Michael E. Mann<\/span> \/ Ci\u00eancia Atmosf\u00e9rica na Penn State, colaborador do PIAC e autor de v\u00e1rios livros, entre os quais <em>The New Climate War<\/em>.<\/li>\n<li><span class=\"name\" id=\"seth-klein\">Seth Klein<\/span> \/ Chefe de equipa na Climate Emergency Unit e autor de <em>A Good War: Mobilizing Canada for the Climate Emergency<\/em>.<\/li>\n<li><span class=\"name\" id=\"david-wallace-wells\">David Wallace-Wells<\/span> \/ Autor de artigos de opini\u00e3o no <em>New York Times<\/em> e cr\u00f3nicas em revistas. Autor de <em>A Terra Inabit\u00e1vel<\/em>.<\/li>\n<li><span class=\"name\" id=\"naomi-klein\">Naomi Klein<\/span> \/ Jornalista e autora best-seller; professora de Justi\u00e7a Clim\u00e1tica e codiretora do Centre for Climate Justice da Universidade da Col\u00fambia Brit\u00e2nica.<\/li>\n<li><span class=\"name\" id=\"nicki-becker\">Nicki Becker<\/span> \/ Estudante de Direito e ativista de justi\u00e7a clim\u00e1tica da Argentina. Cofundadora da J\u00f3venes por el Clima e ativista, a n\u00edvel internacional, no movimento Fridays For Future MAPA.<\/li>\n<li><span class=\"name\" id=\"disha-a-ravi\">Disha A. Ravi<\/span> \/ Ativista e escritora indiana dedicada \u00e0 justi\u00e7a clim\u00e1tica e ambiental.<\/li>\n<li><span class=\"name\" id=\"hilda-flavia-nakabuye\">Hilda Flavia Nakabuye<\/span> \/ Ativista dos direitos do clima e do meio ambiente, fundou o movimento Fridays For Future no Uganda.<\/li>\n<li><span class=\"name\" id=\"laura-ver\u00f3nica-mu\u00f1oz\">Laura Ver\u00f3nica Mu\u00f1oz<\/span> \/ Ativista clim\u00e1tica ecofeminista das montanhas andinas colombianas, envolvida nos movimentos Fridays For Future, Pacto X el Clima e Unite for Climate Action.<\/li>\n<li><span class=\"name\" id=\"ina-maria-shikongo\">Ina Maria Shikongo<\/span> \/ M\u00e3e, ativista de justi\u00e7a clim\u00e1tica e poeta, envolvida no movimento internacional Fridays For Future.<\/li>\n<li><span class=\"name\" id=\"ayisha-siddiqa\">Ayisha Siddiqa<\/span> \/ Contadora de hist\u00f3rias paquistanesa-americana, defensora da justi\u00e7a clim\u00e1tica e cofundadora da Polluters Out e da Fossil Free University.<\/li>\n<li><span class=\"name\" id=\"mitzi-jonelle-tan\">Mitzi Jonelle Tan<\/span> \/ Ativista exclusivamente dedicada \u00e0 justi\u00e7a clim\u00e1tica, sediada nas Filipinas e envolvida nos movimentos Youth Advocates for Climate Action Philippines e Fridays For Future.<\/li>\n<li><span class=\"name\" id=\"wanjira-mathai\">Wanjira Mathai<\/span> \/ Ambientalista e ativista queniana, vice-presidente e diretora regional para \u00c1frica do Instituto de Recursos Mundiais.<\/li>\n<li><span class=\"name\" id=\"lucas-chancel\">Lucas Chancel<\/span> \/ Codiretor do World Inequality Lab da Escola de Economia de Paris e professor afiliado da Sciences Po.<\/li>\n<li><span class=\"name\" id=\"thomas-piketty\">Thomas Piketty<\/span> \/ Professor da EHESS e da Escola de Economia de Paris, codiretor do World Inequality Lab e do World Inequality Database.<\/li>\n<li><span class=\"name\" id=\"ol\u00faf\u00e9mi-o-t\u00e1\u00edw\u00f2\">Ol\u00faf\u00e9mi O. T\u00e1\u00edw\u00f2<\/span> \/ Professor assistente de Filosofia na Universidade de Georgetown e autor de <em>Reconsidering Reparations<\/em> e <em>Elite Capture<\/em>.<\/li>\n<li><span class=\"name\" id=\"robin-wall-kimmerer\">Robin Wall Kimmerer<\/span> \/ <em>Distinguished Professor<\/em> de Biologia Ambiental na Universidade do Estado de Nova Iorque, fundadora e diretora do Centro para Povos Nativos e Meio Ambiente.<\/li>\n<li><span class=\"name\" id=\"ed-hawkins\">Ed Hawkins<\/span> \/ Professor de Meteorologia na Universidade de Reading.<\/li>\n<\/ul>\n<\/div>\n","protected":false},"excerpt":{"rendered":"<p>Greta Thunberg \/ Ativista pelo movimento Fridays for Future e \u00e9 convidada para falar em com\u00edcios sobre o clima um pouco por todo o mundo, bem como no F\u00f3rum Econ\u00f3mico de Davos, no Congresso dos Estados Unidos da Am\u00e9rica e nas Na\u00e7\u00f5es Unidas. Peter Brannen \/ Jornalista cient\u00edfico, colaborador da revista The Atlantic e autor&hellip;<\/p>\n","protected":false},"author":5,"featured_media":0,"parent":0,"menu_order":1,"comment_status":"closed","ping_status":"closed","template":"","meta":{"footnotes":""},"class_list":["post-971","page","type-page","status-publish","hentry"],"_links":{"self":[{"href":"https:\/\/theclimatebook.org\/pt-pt\/wp-json\/wp\/v2\/pages\/971","targetHints":{"allow":["GET"]}}],"collection":[{"href":"https:\/\/theclimatebook.org\/pt-pt\/wp-json\/wp\/v2\/pages"}],"about":[{"href":"https:\/\/theclimatebook.org\/pt-pt\/wp-json\/wp\/v2\/types\/page"}],"author":[{"embeddable":true,"href":"https:\/\/theclimatebook.org\/pt-pt\/wp-json\/wp\/v2\/users\/5"}],"replies":[{"embeddable":true,"href":"https:\/\/theclimatebook.org\/pt-pt\/wp-json\/wp\/v2\/comments?post=971"}],"version-history":[{"count":0,"href":"https:\/\/theclimatebook.org\/pt-pt\/wp-json\/wp\/v2\/pages\/971\/revisions"}],"wp:attachment":[{"href":"https:\/\/theclimatebook.org\/pt-pt\/wp-json\/wp\/v2\/media?parent=971"}],"curies":[{"name":"wp","href":"https:\/\/api.w.org\/{rel}","templated":true}]}}