{"id":970,"date":"2022-08-08T14:21:15","date_gmt":"2022-08-08T14:21:15","guid":{"rendered":"https:\/\/theclimatebook.org\/o-livro\/"},"modified":"2022-08-08T14:21:15","modified_gmt":"2022-08-08T14:21:15","slug":"o-livro","status":"publish","type":"page","link":"https:\/\/theclimatebook.org\/pt-pt\/o-livro\/","title":{"rendered":"O Livro"},"content":{"rendered":"<div class=\"book-cover\">\n<img decoding=\"async\" src=\"\/wp-content\/uploads\/2022\/11\/OLivroDoClima-PRINT-scl.jpg\" alt=\"Capa de livro\" \/>\n<\/div>\n<p>Por todo o mundo, geof\u00edsicos e matem\u00e1ticos, ocean\u00f3grafos e meteorologistas, engenheiros, economistas, psic\u00f3logos e fil\u00f3sofos aplicam os seus conhecimentos para desenvolver um entendimento profundo da crise que enfrentamos. Em parceria com mais de uma centena de especialistas, Greta Thunberg criou O Livro do Clima, para nos equipar, a todos, com estes conhecimentos. Em estreita colabora\u00e7\u00e3o com todos eles, Greta partilha a sua hist\u00f3ria de aprendizagem, denunciando a \u00ablavagem verde\u00bb (<em>greenwashing<\/em>) com que somos manipulados e revelando a que ponto a Humanidade tem sido mantida na ignor\u00e2ncia. Segundo Greta, aqui reside um dos nossos maiores problemas, mas tamb\u00e9m a nossa maior fonte de esperan\u00e7a. Quando nos s\u00e3o apresentados todos os factos, temos a capacidade de agir. Se uma greve iniciada por uma crian\u00e7a consegue provocar um protesto a n\u00edvel global, o que conseguiremos, se tentarmos, a n\u00edvel global?<\/p>\n<p>\n<strong>Greta Thunberg<\/strong> nasceu em 2003. Em Agosto de 2018, come\u00e7ou uma greve escolar pelo clima \u00e0s portas do Parlamento Sueco que, desde ent\u00e3o, se estendeu a todo o planeta. \u00c9 ativista pelo movimento Fridays for Future (Sextas-feiras pelo Futuro) e \u00e9 convidada para falar em com\u00edcios sobre o clima um pouco por todo o mundo, bem como no F\u00f3rum Econ\u00f3mico de Davos, no Congresso dos Estados Unidos da Am\u00e9rica e nas Na\u00e7\u00f5es Unidas.\n<\/p>\n<p>\nEsta informa\u00e7\u00e3o refere-se \u00e0 edi\u00e7\u00e3o portuguesa d\u2019O Livro do Clima, publicado pela Objectiva, uma chancela do Penguin Random House Grupo Editorial.\n<\/p>\n<h2 class=\"page-entry-title\">Compre o Livro<\/h2>\n<ul class=\"shop\">\n<li><a href=\"https:\/\/www.penguinlivros.pt\/loja\/objectiva\/livro\/o-livro-do-clima\/\" target=\"_blank\" rel=\"noopener\">Penguin<\/a><\/li>\n<\/ul>\n","protected":false},"excerpt":{"rendered":"<p>Por todo o mundo, geof\u00edsicos e matem\u00e1ticos, ocean\u00f3grafos e meteorologistas, engenheiros, economistas, psic\u00f3logos e fil\u00f3sofos aplicam os seus conhecimentos para desenvolver um entendimento profundo da crise que enfrentamos. Em parceria com mais de uma centena de especialistas, Greta Thunberg criou O Livro do Clima, para nos equipar, a todos, com estes conhecimentos. Em estreita colabora\u00e7\u00e3o&hellip;<\/p>\n","protected":false},"author":5,"featured_media":0,"parent":0,"menu_order":0,"comment_status":"closed","ping_status":"closed","template":"","meta":{"footnotes":""},"class_list":["post-970","page","type-page","status-publish","hentry"],"_links":{"self":[{"href":"https:\/\/theclimatebook.org\/pt-pt\/wp-json\/wp\/v2\/pages\/970","targetHints":{"allow":["GET"]}}],"collection":[{"href":"https:\/\/theclimatebook.org\/pt-pt\/wp-json\/wp\/v2\/pages"}],"about":[{"href":"https:\/\/theclimatebook.org\/pt-pt\/wp-json\/wp\/v2\/types\/page"}],"author":[{"embeddable":true,"href":"https:\/\/theclimatebook.org\/pt-pt\/wp-json\/wp\/v2\/users\/5"}],"replies":[{"embeddable":true,"href":"https:\/\/theclimatebook.org\/pt-pt\/wp-json\/wp\/v2\/comments?post=970"}],"version-history":[{"count":0,"href":"https:\/\/theclimatebook.org\/pt-pt\/wp-json\/wp\/v2\/pages\/970\/revisions"}],"wp:attachment":[{"href":"https:\/\/theclimatebook.org\/pt-pt\/wp-json\/wp\/v2\/media?parent=970"}],"curies":[{"name":"wp","href":"https:\/\/api.w.org\/{rel}","templated":true}]}}