{"id":1065,"date":"2022-09-19T14:39:17","date_gmt":"2022-09-19T14:39:17","guid":{"rendered":"https:\/\/theclimatebook.org\/notas-finais\/o-que-urge-fazer\/5-19-a-descarbonizacao-exige-a-redistribuicao\/"},"modified":"2022-09-19T14:39:17","modified_gmt":"2022-09-19T14:39:17","slug":"5-19-a-descarbonizacao-exige-a-redistribuicao","status":"publish","type":"page","link":"https:\/\/theclimatebook.org\/pt-pt\/notas-finais\/o-que-urge-fazer\/5-19-a-descarbonizacao-exige-a-redistribuicao\/","title":{"rendered":"5.19 A Descarboniza\u00e7\u00e3o Exige a Redistribui\u00e7\u00e3o"},"content":{"rendered":"<div class=\"notes\">\n<p class=\"author\"><a href=\"\/contributors#lucas-chancel\" rel=\"author\">Lucas Chancel<\/a> and <a href=\"\/contributors#thomas-piketty\" rel=\"author\">Thomas Piketty<\/a><\/p>\n<p class=\"date\">Todas as fontes online foram acedidas no dia <time datetime=\"2022-02-03\">3 de Fevereiro de 2022<\/time><\/p>\n<ol start=\"\">\n<li>\n<p>\n<q>64% da popula\u00e7\u00e3o mundial encara\u2026 como uma emerg\u00eancia global<\/q> Flynn, C., <em>et al<\/em>., <cite><span class=\"book\">People\u2019s Climate Vote: Results<\/span><\/cite>, United Nations Development Programme and the University of Oxford, 26 de Janeiro de 2021, <a href=\"https:\/\/www.undp.org\/publications\/peoples-climate-vote\" target=\"_blank\" rel=\"noopener\">https:\/\/www.undp.org\/publications\/peoples-climate-vote<\/a>.\n<\/p>\n<p>\n<q>Os 10% que maior quantidade emitem<\/q> Chancel, L., <em>et al<\/em>., <cite><span class=\"book\">World Inequality Report 2022<\/span><\/cite>, World Inequality Lab, 2022, <a href=\"https:\/\/wir2022.wid.world\/\" target=\"_blank\" rel=\"noopener\">https:\/\/wir2022.wid.world\/<\/a>.\n<\/p>\n<p>\n<q>passou de aproximadamente 9,5% para 12%<\/q> Ibid.\n<\/p>\n<p>\n<q>Os 50% de indiv\u00edduos mais pobres no seio da popula\u00e7\u00e3o americana<\/q> Ibid.<\/p>\n<\/li>\n<li>\n<p>\n<q>o combust\u00edvel para avi\u00e3o que alimenta os voos dos ricos<\/q> Chancel, L., <cite><span class=\"book\">Unsustainable Inequalities: Social Justice and the Environment<\/span><\/cite> (Cambridge, MA: Harvard University Press, 2020).<a href=\"\" target=\"_blank\" rel=\"noopener\"><\/a>.\n<\/p>\n<p>\n<q>Um imposto modesto sobre a riqueza\u2026 com um suplemento para a polui\u00e7\u00e3o<\/q> Chancel <em>et al<\/em>., <cite><span class=\"book\">World Inequality Report 2022<\/span><\/cite>.\n<\/p>\n<\/li>\n<\/ol>\n<\/div>\n","protected":false},"excerpt":{"rendered":"<p>Lucas Chancel and Thomas Piketty Todas as fontes online foram acedidas no dia 3 de Fevereiro de 2022 64% da popula\u00e7\u00e3o mundial encara\u2026 como uma emerg\u00eancia global Flynn, C., et al., People\u2019s Climate Vote: Results, United Nations Development Programme and the University of Oxford, 26 de Janeiro de 2021, https:\/\/www.undp.org\/publications\/peoples-climate-vote. Os 10% que maior quantidade&hellip;<\/p>\n","protected":false},"author":5,"featured_media":0,"parent":1050,"menu_order":19,"comment_status":"closed","ping_status":"closed","template":"page-essay.php","meta":{"footnotes":""},"class_list":["post-1065","page","type-page","status-publish","hentry"],"_links":{"self":[{"href":"https:\/\/theclimatebook.org\/pt-pt\/wp-json\/wp\/v2\/pages\/1065","targetHints":{"allow":["GET"]}}],"collection":[{"href":"https:\/\/theclimatebook.org\/pt-pt\/wp-json\/wp\/v2\/pages"}],"about":[{"href":"https:\/\/theclimatebook.org\/pt-pt\/wp-json\/wp\/v2\/types\/page"}],"author":[{"embeddable":true,"href":"https:\/\/theclimatebook.org\/pt-pt\/wp-json\/wp\/v2\/users\/5"}],"replies":[{"embeddable":true,"href":"https:\/\/theclimatebook.org\/pt-pt\/wp-json\/wp\/v2\/comments?post=1065"}],"version-history":[{"count":0,"href":"https:\/\/theclimatebook.org\/pt-pt\/wp-json\/wp\/v2\/pages\/1065\/revisions"}],"up":[{"embeddable":true,"href":"https:\/\/theclimatebook.org\/pt-pt\/wp-json\/wp\/v2\/pages\/1050"}],"wp:attachment":[{"href":"https:\/\/theclimatebook.org\/pt-pt\/wp-json\/wp\/v2\/media?parent=1065"}],"curies":[{"name":"wp","href":"https:\/\/api.w.org\/{rel}","templated":true}]}}