{"id":1064,"date":"2022-09-19T14:34:13","date_gmt":"2022-09-19T14:34:13","guid":{"rendered":"https:\/\/theclimatebook.org\/notas-finais\/o-que-urge-fazer\/5-15-honestidade-solidariedade-integridade-e-justica-climatica\/"},"modified":"2022-09-19T14:34:13","modified_gmt":"2022-09-19T14:34:13","slug":"5-15-honestidade-solidariedade-integridade-e-justica-climatica","status":"publish","type":"page","link":"https:\/\/theclimatebook.org\/pt-pt\/notas-finais\/o-que-urge-fazer\/5-15-honestidade-solidariedade-integridade-e-justica-climatica\/","title":{"rendered":"5.15 Honestidade, solidariedade, integridade e justi\u00e7a clim\u00e1tica"},"content":{"rendered":"<div class=\"notes\">\n<p class=\"author\"><a href=\"\/contributors#greta-thunberg\" rel=\"author\">Greta Thunberg<\/a><\/p>\n<p class=\"date\">Todas as fontes online foram acedidas no dia <time datetime=\"2022-02-18\">18 de Fevereiro de 2022<\/time><\/p>\n<ol start=\"387\">\n<li>\n<p>\n<q>at\u00e9 90% dos povos ind\u00edgenas das Am\u00e9ricas \u2014 ou 10% da popula\u00e7\u00e3o mundial<\/q> <a href=\"https:\/\/www.sciencedirect.com\/science\/article\/pii\/S0277379118307261\" target=\"_blank\" rel=\"noopener\">https:\/\/www.sciencedirect.com\/science\/article\/pii\/S0277379118307261<\/a>\n<\/p>\n<p>\n<q>perto de um quarto da popula\u00e7\u00e3o sueca emigrou<\/q> Kastrup, A., <cite><span class=\"book\">The Swedish Heritage in America: The Swedish Element in America and American\u2013Swedish Relations in Their Historical Perspective<\/span><\/cite> (n.p.: Swedish Council of America, 1975); Runblom, H., and Norman, H., eds., <span class=\"book\">From Sweden to America: A History of the Migration<\/span> (Minneapolis: University of Minnesota Press, 1976).\n<\/p>\n<\/li>\n<li>\n<p>\n<q>Tal como a coloniza\u00e7\u00e3o de \u00c1frica<\/q> See Lindqvist, S., <cite><span class=\"book\">\u2018Exterminate All the Brutes\u2019<\/span><\/cite> (London: Granta, 1997).\n<\/p>\n<p>\n<q>a Su\u00e9cia alargava as suas fronteiras de um modo similar<\/q> <a href=\"https:\/\/www.levandehistoria.se\/fakta-fordjupning\/olika-former-av-intolerans\/rasism-mot-av-samer\/kolonisation\" target=\"_blank\" rel=\"noopener\">https:\/\/www.levandehistoria.se\/fakta-fordjupning\/olika-former-av-intolerans\/rasism-mot-av-samer\/kolonisation<\/a>\n<\/p>\n<p>\n<q>come\u00e7ou a reivindic\u00e1-lo como territ\u00f3rio sueco <\/q> <a href=\"https:\/\/www.sametinget.se\/62102\" target=\"_blank\" rel=\"noopener\">https:\/\/www.sametinget.se\/62102<\/a>\n<\/p>\n<p>\n<q>servidores do Facebook<\/q> <a href=\"https:\/\/www.svt.se\/nyheter\/granskning\/ug\/facebook-tjanade-miljarder-pa-sverige-ser-till-att-pengar-inte-nar-svenska-skattkassan\" target=\"_blank\" rel=\"noopener\">https:\/\/www.svt.se\/nyheter\/granskning\/ug\/facebook-tjanade-miljarder-pa-sverige-ser-till-att-pengar-inte-nar-svenska-skattkassan<\/a>\n<\/p>\n<p>\n<q>minera\u00e7\u00e3o de bitcoins<\/q> <a href=\"https:\/\/www.di.se\/nyheter\/trots-klimatvarningen-dambergs-elrabatt-nu-ocksa-till-kryptoutvinning\/\" target=\"_blank\" rel=\"noopener\">https:\/\/www.di.se\/nyheter\/trots-klimatvarningen-dambergs-elrabatt-nu-ocksa-till-kryptoutvinning\/<\/a>\n<\/p>\n<\/li>\n<\/ol>\n<\/div>\n","protected":false},"excerpt":{"rendered":"<p>Greta Thunberg Todas as fontes online foram acedidas no dia 18 de Fevereiro de 2022 at\u00e9 90% dos povos ind\u00edgenas das Am\u00e9ricas \u2014 ou 10% da popula\u00e7\u00e3o mundial https:\/\/www.sciencedirect.com\/science\/article\/pii\/S0277379118307261 perto de um quarto da popula\u00e7\u00e3o sueca emigrou Kastrup, A., The Swedish Heritage in America: The Swedish Element in America and American\u2013Swedish Relations in Their Historical&hellip;<\/p>\n","protected":false},"author":5,"featured_media":0,"parent":1050,"menu_order":15,"comment_status":"closed","ping_status":"closed","template":"page-essay.php","meta":{"footnotes":""},"class_list":["post-1064","page","type-page","status-publish","hentry"],"_links":{"self":[{"href":"https:\/\/theclimatebook.org\/pt-pt\/wp-json\/wp\/v2\/pages\/1064","targetHints":{"allow":["GET"]}}],"collection":[{"href":"https:\/\/theclimatebook.org\/pt-pt\/wp-json\/wp\/v2\/pages"}],"about":[{"href":"https:\/\/theclimatebook.org\/pt-pt\/wp-json\/wp\/v2\/types\/page"}],"author":[{"embeddable":true,"href":"https:\/\/theclimatebook.org\/pt-pt\/wp-json\/wp\/v2\/users\/5"}],"replies":[{"embeddable":true,"href":"https:\/\/theclimatebook.org\/pt-pt\/wp-json\/wp\/v2\/comments?post=1064"}],"version-history":[{"count":0,"href":"https:\/\/theclimatebook.org\/pt-pt\/wp-json\/wp\/v2\/pages\/1064\/revisions"}],"up":[{"embeddable":true,"href":"https:\/\/theclimatebook.org\/pt-pt\/wp-json\/wp\/v2\/pages\/1050"}],"wp:attachment":[{"href":"https:\/\/theclimatebook.org\/pt-pt\/wp-json\/wp\/v2\/media?parent=1064"}],"curies":[{"name":"wp","href":"https:\/\/api.w.org\/{rel}","templated":true}]}}