{"id":1060,"date":"2022-09-18T12:51:39","date_gmt":"2022-09-18T12:51:39","guid":{"rendered":"https:\/\/theclimatebook.org\/notas-finais\/o-que-urge-fazer\/5-10-o-poder-das-pessoas\/"},"modified":"2022-09-18T12:51:39","modified_gmt":"2022-09-18T12:51:39","slug":"5-10-o-poder-das-pessoas","status":"publish","type":"page","link":"https:\/\/theclimatebook.org\/pt-pt\/notas-finais\/o-que-urge-fazer\/5-10-o-poder-das-pessoas\/","title":{"rendered":"5.10 O Poder das Pessoas"},"content":{"rendered":"<div class=\"notes\">\n<p class=\"author\"><a href=\"\/contributors#erica-chenoweth\" rel=\"author\">Erica Chenoweth<\/a><\/p>\n<p class=\"date\">Todas as fontes online foram acedidas no dia <time datetime=\"2022-03-04\">4 de Mar\u00e7o de 2022<\/time><\/p>\n<p>A autora agradece a Zoe Marks pelo seu valioso feedback sobre este artigo.<\/p>\n<ol start=\"366\">\n<li>\n<p>\n<q>nenhum movimento de massas n\u00e3o violento fracassou\u2026 participa\u00e7\u00e3o de 3,5%<\/q> Chenoweth, E., <cite><span class=\"book\">Questions, Answers, and Some Cautionary Updates Regarding the 3.5% Rule<\/span><\/cite>, Carr Center for Human Rights Policy discussion paper, John F. Kennedy School of Government, Harvard University, 20 de Abril de 2020, <a href=\"https:\/\/carrcenter.hks.harvard.edu\/publications\/questions-answers-and-some-cautionary-updates-regarding-35-rule\" target=\"_blank\" rel=\"noopener\">https:\/\/carrcenter.hks.harvard.edu\/publications\/questions-answers-and-some-cautionary-updates-regarding-35-rule<\/a>.\n<\/p>\n<\/li>\n<li>\n<p>\n<q>o ponto de inflex\u00e3o cr\u00edtico para a mudan\u00e7a de comportamento<\/q> Centola, D., <cite><span class=\"book\">Change: How to Make Big Things Happen<\/span><\/cite> (New York: Little, Brown Spark, 2021).\n<\/p>\n<\/li>\n<\/ol>\n<\/div>\n","protected":false},"excerpt":{"rendered":"<p>Erica Chenoweth Todas as fontes online foram acedidas no dia 4 de Mar\u00e7o de 2022 A autora agradece a Zoe Marks pelo seu valioso feedback sobre este artigo. nenhum movimento de massas n\u00e3o violento fracassou\u2026 participa\u00e7\u00e3o de 3,5% Chenoweth, E., Questions, Answers, and Some Cautionary Updates Regarding the 3.5% Rule, Carr Center for Human Rights&hellip;<\/p>\n","protected":false},"author":5,"featured_media":0,"parent":1050,"menu_order":10,"comment_status":"closed","ping_status":"closed","template":"page-essay.php","meta":{"footnotes":""},"class_list":["post-1060","page","type-page","status-publish","hentry"],"_links":{"self":[{"href":"https:\/\/theclimatebook.org\/pt-pt\/wp-json\/wp\/v2\/pages\/1060","targetHints":{"allow":["GET"]}}],"collection":[{"href":"https:\/\/theclimatebook.org\/pt-pt\/wp-json\/wp\/v2\/pages"}],"about":[{"href":"https:\/\/theclimatebook.org\/pt-pt\/wp-json\/wp\/v2\/types\/page"}],"author":[{"embeddable":true,"href":"https:\/\/theclimatebook.org\/pt-pt\/wp-json\/wp\/v2\/users\/5"}],"replies":[{"embeddable":true,"href":"https:\/\/theclimatebook.org\/pt-pt\/wp-json\/wp\/v2\/comments?post=1060"}],"version-history":[{"count":0,"href":"https:\/\/theclimatebook.org\/pt-pt\/wp-json\/wp\/v2\/pages\/1060\/revisions"}],"up":[{"embeddable":true,"href":"https:\/\/theclimatebook.org\/pt-pt\/wp-json\/wp\/v2\/pages\/1050"}],"wp:attachment":[{"href":"https:\/\/theclimatebook.org\/pt-pt\/wp-json\/wp\/v2\/media?parent=1060"}],"curies":[{"name":"wp","href":"https:\/\/api.w.org\/{rel}","templated":true}]}}