{"id":1058,"date":"2022-09-18T12:46:22","date_gmt":"2022-09-18T12:46:22","guid":{"rendered":"https:\/\/theclimatebook.org\/notas-finais\/o-que-urge-fazer\/5-7-a-renaturalizacao\/"},"modified":"2022-09-18T12:46:22","modified_gmt":"2022-09-18T12:46:22","slug":"5-7-a-renaturalizacao","status":"publish","type":"page","link":"https:\/\/theclimatebook.org\/pt-pt\/notas-finais\/o-que-urge-fazer\/5-7-a-renaturalizacao\/","title":{"rendered":"5.7 A Renaturaliza\u00e7\u00e3o"},"content":{"rendered":"<div class=\"notes\">\n<p class=\"author\"><a href=\"\/contributors#george-monbiot\" rel=\"author\">George Monbiot<\/a> e <a href=\"\/contributors#rebecca-wrigley\" rel=\"author\">Rebecca Wrigley<\/a><\/p>\n<p class=\"date\">Todas as fontes online foram acedidas no dia <time datetime=\"2022-03-04\">4 de Mar\u00e7o de 2022<\/time><\/p>\n<ol start=\"349\">\n<li>\n<p>\n<q>Ex\u00e9rcitos de atum-rabil enchiam as zonas costeiras<\/q> <a href=\"http:\/\/www.trawlerphotos.co.uk\/forums\/showthread.php?4843-History-of-the-British-Tuna-Fishery\" target=\"_blank\" rel=\"noopener\">http:\/\/www.trawlerphotos.co.uk\/forums\/showthread.php?4843-History-of-the-British-Tuna-Fishery<\/a>.\n<\/p>\n<p>\n<q>aborrecendo os cardumes de cavala e arenque<\/q> Roberts, C. <cite><span class=\"book\">The Unnatural History of the Sea<\/span><\/cite> (Washington, DC: Island Press, 2007).\n<\/p>\n<\/li>\n<li>\n<p>\n<q>apenas 3% da superf\u00edcie terrestre do planeta<\/q> Plumptre, J. A., <em>et al<\/em>., <cite>\u2018Where might we find ecologically intact communities?\u2019<\/cite>, <span class=\"book\">Frontiers in Forests and Global Change<\/span>, 4, 2021: Article 626635, <a href=\"https:\/\/doi.org\/10.3389\/ffgc.2021.626635\" target=\"_blank\" rel=\"noopener\">https:\/\/doi.org\/10.3389\/ffgc.2021.626635<\/a>.\n<\/p>\n<p>\n<q>solu\u00e7\u00f5es clim\u00e1ticas naturais<\/q> Natural Climate Solutions, <a href=\"https:\/\/www.naturalclimate.solutions\/\" target=\"_blank\" rel=\"noopener\">https:\/\/www.naturalclimate.solutions\/<\/a>.\n<\/p>\n<p>\n<q>pode alterar drasticamente o equil\u00edbrio de carbono<\/q> Cromsigt, J. P. C. M., <em>et al<\/em>., <cite>\u2018Trophic rewilding as a climate change mitigation strategy?\u2019<\/cite>, <span class=\"book\">Philosophical Transactions of the Royal Society B: Biological Sciences<\/span>, 373 (1761), 2018: Article 20170440, <a href=\"https:\/\/doi.org\/10.1098\/rstb.2017.0440\" target=\"_blank\" rel=\"noopener\">https:\/\/doi.org\/10.1098\/rstb.2017.0440<\/a>.\n<\/p>\n<p>\n<q>os elefantes e os rinocerontes\u2026 s\u00e3o esp\u00e9cies naturais das florestas<\/q> Bello, C., <cite>\u2018Defaunation affects carbon storage in tropical forests\u2019<\/cite>, <span class=\"book\">, 1 (11), 2015: Article e150110, Science Advances<\/span>, 1 (11), 2015: Article e150110, <a href=\"https:\/\/doi.org\/10.1126\/sciadv.1501105\" target=\"_blank\" rel=\"noopener\">https:\/\/doi.org\/10.1126\/sciadv.1501105<\/a>.\n<\/p>\n<p>\n<q>se fosse permitido aos lobos alcan\u00e7arem os n\u00edveis populacionais naturais<\/q> Wilmers, C. C., and Schmitz, O. J., <cite>\u2018Effects of gray wolf induced trophic cascades on ecosystem carbon cycling\u2019<\/cite>, <span class=\"book\">Ecosphere<\/span>, 7 (10), 2016: Article e01501, <a href=\"https:\/\/doi.org\/10.1002\/ecs2.1501\" target=\"_blank\" rel=\"noopener\">https:\/\/doi.org\/10.1002\/ecs2.1501<\/a>.\n<\/p>\n<p>\n<q>Popula\u00e7\u00f5es saud\u00e1veis de caranguejos e peixes<\/q> Atwood, T. B., <em>et al<\/em>., <cite>\u2018Predators help protect carbon stocks in blue carbon ecosystems\u2019<\/cite>, <span class=\"book\">Nature Climate Change<\/span><a href=\"https:\/\/doi.org\/10.1038\/nclimate2763\" target=\"_blank\" rel=\"noopener\">https:\/\/doi.org\/10.1038\/nclimate2763<\/a>.\n<\/p>\n<p>\n<q>N\u00e3o h\u00e1 substitutos para\u2026 os recifes de anel\u00eddeos<\/q> Mroviec, A., <cite>\u2018Sabellaria reefs: ugly and fragile, yet incredibly important emblems of Dutch waters\u2019<\/cite>, EcoWatch, 31 de Maio de 2019, <a href=\"https:\/\/www.ecowatch.com\/sabellaria-reefs-2638515153.html\" target=\"_blank\" rel=\"noopener\">https:\/\/www.ecowatch.com\/sabellaria-reefs-2638515153.html<\/a>.\n<\/p>\n<p>\n<q>A perda destes habitats antigos \u00e9 uma das for\u00e7as<\/q> Heppel, S. S., <em>et al<\/em>., <cite>\u2018Effects of fishing on long-lived marine organisms\u2019<\/cite>, in Norse, E. A., and Crowder, L. B., eds., <span class=\"book\">Marine Conservation Biology: The Science of Maintaining the Sea\u2019s Biodiversity<\/span> (Washington, DC: Island Press, 2005), 211\u201331.\n<\/p>\n<\/li>\n<li>\n<p>\n<q>Um estudo da Rewilding Britain<\/q> Rewilding Britain, <cite><span class=\"book\">Rewilding and the Rural Economy: How Nature-Based Economies Can Help Boost and Sustain Local Communities<\/span><\/cite>, de Outubro de 2021, <a href=\"https:\/\/s3.eu-west-2.amazonaws.com\/assets.rewildingbritain.org.uk\/documents\/nature-based-economies-rewilding-britain.pdf\" target=\"_blank\" rel=\"noopener\">https:\/\/s3.eu-west-2.amazonaws.com\/assets.rewildingbritain.org.uk\/documents\/nature-based-economies-rewilding-britain.pdf<\/a>.\n<\/p>\n<\/li>\n<\/ol>\n<\/div>\n","protected":false},"excerpt":{"rendered":"<p>George Monbiot e Rebecca Wrigley Todas as fontes online foram acedidas no dia 4 de Mar\u00e7o de 2022 Ex\u00e9rcitos de atum-rabil enchiam as zonas costeiras http:\/\/www.trawlerphotos.co.uk\/forums\/showthread.php?4843-History-of-the-British-Tuna-Fishery. aborrecendo os cardumes de cavala e arenque Roberts, C. The Unnatural History of the Sea (Washington, DC: Island Press, 2007). apenas 3% da superf\u00edcie terrestre do planeta Plumptre, J.&hellip;<\/p>\n","protected":false},"author":5,"featured_media":0,"parent":1050,"menu_order":7,"comment_status":"closed","ping_status":"closed","template":"page-essay.php","meta":{"footnotes":""},"class_list":["post-1058","page","type-page","status-publish","hentry"],"_links":{"self":[{"href":"https:\/\/theclimatebook.org\/pt-pt\/wp-json\/wp\/v2\/pages\/1058","targetHints":{"allow":["GET"]}}],"collection":[{"href":"https:\/\/theclimatebook.org\/pt-pt\/wp-json\/wp\/v2\/pages"}],"about":[{"href":"https:\/\/theclimatebook.org\/pt-pt\/wp-json\/wp\/v2\/types\/page"}],"author":[{"embeddable":true,"href":"https:\/\/theclimatebook.org\/pt-pt\/wp-json\/wp\/v2\/users\/5"}],"replies":[{"embeddable":true,"href":"https:\/\/theclimatebook.org\/pt-pt\/wp-json\/wp\/v2\/comments?post=1058"}],"version-history":[{"count":0,"href":"https:\/\/theclimatebook.org\/pt-pt\/wp-json\/wp\/v2\/pages\/1058\/revisions"}],"up":[{"embeddable":true,"href":"https:\/\/theclimatebook.org\/pt-pt\/wp-json\/wp\/v2\/pages\/1050"}],"wp:attachment":[{"href":"https:\/\/theclimatebook.org\/pt-pt\/wp-json\/wp\/v2\/media?parent=1058"}],"curies":[{"name":"wp","href":"https:\/\/api.w.org\/{rel}","templated":true}]}}