{"id":1055,"date":"2022-09-18T11:25:18","date_gmt":"2022-09-18T11:25:18","guid":{"rendered":"https:\/\/theclimatebook.org\/notas-finais\/o-que-urge-fazer\/5-4-ultrapassar-a-apatia-climatica\/"},"modified":"2022-09-18T11:25:18","modified_gmt":"2022-09-18T11:25:18","slug":"5-4-ultrapassar-a-apatia-climatica","status":"publish","type":"page","link":"https:\/\/theclimatebook.org\/pt-pt\/notas-finais\/o-que-urge-fazer\/5-4-ultrapassar-a-apatia-climatica\/","title":{"rendered":"5.4 Ultrapassar a Apatia Clim\u00e1tica"},"content":{"rendered":"<div class=\"notes\">\n<p class=\"author\"><a href=\"\/contributors#per-espen-stoknes\" rel=\"author\">Per Espen Stoknes<\/a><\/p>\n<p class=\"date\">Todas as fontes online foram acedidas no dia <time datetime=\"2022-03-01\">1 de Mar\u00e7o de 2022<\/time><\/p>\n<ol start=\"337\">\n<li>\n<p>\n<q>\u201cIsto \u00e9 muito mau\u201d<\/q> Rich, N., <cite>\u2018Losing Earth: the decade we almost stopped climate change\u2019<\/cite>, <span class=\"book\">New York Times Magazine<\/span>, 1 de Agosto de 2018, <a href=\"\" target=\"_blank\" rel=\"noopener\"><\/a>.\n<\/p>\n<p>\n<q>os \u201cCinco D\u201d de defesa psicol\u00f3gica<\/q> Stoknes, P. E., <cite>\u2018How to transform apocalypse fatigue into action\u2019<\/cite>,, TED Talk, 2017, <a href=\"https:\/\/www.ted.com\/talks\/per_espen_stoknes_how_to_transform_apocalypse_fatigue_into_action_on_global_warming?language=en\" target=\"_blank\" rel=\"noopener\">https:\/\/www.ted.com\/talks\/per_espen_stoknes_how_to_transform_apocalypse_fatigue_into_action_on_global_warming?language=en<\/a>; Stoknes, P. E., <span class=\"book\">What We Think about When We Try Not to Think about Global Warming: Toward a New Psychology of Climate Action<\/span> (White River Junction, VT: Chelsea Green, 2015), 81\u20134.\n<\/p>\n<\/li>\n<li>\n<p>\n<q>\u201cS\u00e3o necess\u00e1rias pessoas ao longo de uma vasta frente\u201d<\/q> Naess, A., <cite>\u2018Deep Ecology of Wisdom\u2019<\/cite>, in <span class=\"book\">The Selected Works of Arne Naess<\/span>, ed. H. Glasser <em>et al<\/em>. (Dordrecht: Springer, 2005), vol. 10, 86\u20137.\n<\/p>\n<p>\n<q>Precisamos de pessoas na \u00e1rea das finan\u00e7as e da administra\u00e7\u00e3o<\/q> Stoknes, P. E., <cite><span class=\"book\">Tomorrow\u2019s Economy: A Guide to Creating Healthy Green Growth<\/span><\/cite> (Cambridge, MA: MIT Press, 2021).\n<\/p>\n<\/li>\n<li>\n<p>\n<q>tr\u00eas quartos da popula\u00e7\u00e3o est\u00e3o demasiado preocupados<\/q> Watts, J., <cite>\u2018Humans \u201cpushing Earth close to tipping point\u201d, say most in G20\u2019<\/cite>, <span class=\"book\">Guardian<\/span>, 16 de Agosto de 2021, <a href=\"https:\/\/www.theguardian.com\/environment\/2021\/aug\/16\/three-quarters-g20-earth-close-to-tipping-point-global-survey-climate-crisis\" target=\"_blank\" rel=\"noopener\">https:\/\/www.theguardian.com\/environment\/2021\/aug\/16\/three-quarters-g20-earth-close-to-tipping-point-global-survey-climate-crisis<\/a>. See also Leiserowitz, A., <em>et al<\/em>., <span class=\"book\">International Public Opinion on Climate Change<\/span>, Yale Program on Climate Change Communication, 28 de Junho de 2021, <a href=\"https:\/\/climatecommunication.yale.edu\/publications\/international-public-opinion-on-climate-change\/\" target=\"_blank\" rel=\"noopener\">https:\/\/climatecommunication.yale.edu\/publications\/international-public-opinion-on-climate-change\/<\/a>.\n<\/p>\n<p>\n<q>\u201cAo interagir com a mis\u00e9ria extrema\u201d<\/q> Naess, A., <cite><span class=\"book\">\u2018A Place of Joy in a World of Fact\u2019<\/span><\/cite> (1973), from <span class=\"book\">There Is No Point of No Return<\/span> (London: Penguin, 2021), 57.<\/a>.\n<\/p>\n<p>\n<q>tamb\u00e9m existem bons motivos para sentirmos uma felicidade profunda, entusiasmo e gratid\u00e3o<\/q> Uma boa regra geral para as comunica\u00e7\u00f5es clim\u00e1ticas \u00e9 partilhar tr\u00eas oportunidades ou ac\u00e7\u00f5es inovadoras para cada amea\u00e7a ou risco. Esta chamada \u201crela\u00e7\u00e3o de positividade\u201d resulta num maior envolvimento e criatividade. Permite que a energia mental que est\u00e1 ligada ao medo e \u00e0 preocupa\u00e7\u00e3o encontre uma sa\u00edda saud\u00e1vel, movendo as pessoas no sentido da oportunidade e da ac\u00e7\u00e3o.\n<\/p>\n<\/li>\n<\/ol>\n<\/div>\n","protected":false},"excerpt":{"rendered":"<p>Per Espen Stoknes Todas as fontes online foram acedidas no dia 1 de Mar\u00e7o de 2022 \u201cIsto \u00e9 muito mau\u201d Rich, N., \u2018Losing Earth: the decade we almost stopped climate change\u2019, New York Times Magazine, 1 de Agosto de 2018, . os \u201cCinco D\u201d de defesa psicol\u00f3gica Stoknes, P. E., \u2018How to transform apocalypse fatigue&hellip;<\/p>\n","protected":false},"author":5,"featured_media":0,"parent":1050,"menu_order":4,"comment_status":"closed","ping_status":"closed","template":"page-essay.php","meta":{"footnotes":""},"class_list":["post-1055","page","type-page","status-publish","hentry"],"_links":{"self":[{"href":"https:\/\/theclimatebook.org\/pt-pt\/wp-json\/wp\/v2\/pages\/1055","targetHints":{"allow":["GET"]}}],"collection":[{"href":"https:\/\/theclimatebook.org\/pt-pt\/wp-json\/wp\/v2\/pages"}],"about":[{"href":"https:\/\/theclimatebook.org\/pt-pt\/wp-json\/wp\/v2\/types\/page"}],"author":[{"embeddable":true,"href":"https:\/\/theclimatebook.org\/pt-pt\/wp-json\/wp\/v2\/users\/5"}],"replies":[{"embeddable":true,"href":"https:\/\/theclimatebook.org\/pt-pt\/wp-json\/wp\/v2\/comments?post=1055"}],"version-history":[{"count":0,"href":"https:\/\/theclimatebook.org\/pt-pt\/wp-json\/wp\/v2\/pages\/1055\/revisions"}],"up":[{"embeddable":true,"href":"https:\/\/theclimatebook.org\/pt-pt\/wp-json\/wp\/v2\/pages\/1050"}],"wp:attachment":[{"href":"https:\/\/theclimatebook.org\/pt-pt\/wp-json\/wp\/v2\/media?parent=1055"}],"curies":[{"name":"wp","href":"https:\/\/api.w.org\/{rel}","templated":true}]}}