{"id":1054,"date":"2022-09-17T15:22:35","date_gmt":"2022-09-17T15:22:35","guid":{"rendered":"https:\/\/theclimatebook.org\/notas-finais\/o-que-urge-fazer\/5-3-rumo-a-estilos-de-vida-de-15c\/"},"modified":"2022-09-17T15:22:35","modified_gmt":"2022-09-17T15:22:35","slug":"5-3-rumo-a-estilos-de-vida-de-15c","status":"publish","type":"page","link":"https:\/\/theclimatebook.org\/pt-pt\/notas-finais\/o-que-urge-fazer\/5-3-rumo-a-estilos-de-vida-de-15c\/","title":{"rendered":"5.3 Rumo a Estilos de Vida de 1,5\u00b0C"},"content":{"rendered":"<div class=\"notes\">\n<p class=\"author\"><a href=\"\/contributors#kate-raworth\" rel=\"author\">Kate Raworth<\/a><\/p>\n<p class=\"date\">Todas as fontes online foram acedidas no dia <time datetime=\"2022-03-01\">1 de Mar\u00e7o de 2022<\/time><\/p>\n<ol start=\"331\">\n<li>\n<p>\n<q>\u201cCompro, logo existo\u201d<\/q> Kruger, B., <cite><span class=\"book\">I shop therefore I am<\/span><\/cite>, 1987, MoMA, New York, <a href=\"https:\/\/www.moma.org\/collection\/works\/64897\" target=\"_blank\" rel=\"noopener\">https:\/\/www.moma.org\/collection\/works\/64897<\/a>.\n<\/p>\n<p>\n<q>Segundo a Oxfam, para que a humanidade possa viver bem<\/q> Gore, T., <cite>\u2018Confronting carbon inequality: putting justice at the heart of the COVID-19 recovery\u2019<\/cite>, Oxfam International, 21 de Setembro de 2020, <a href=\"https:\/\/www.oxfam.org\/en\/research\/confronting-carbon-inequality\" target=\"_blank\" rel=\"noopener\">https:\/\/www.oxfam.org\/en\/research\/confronting-carbon-inequality<\/a>.\n<\/p>\n<p>\n<q>\u201cos desejos e anseios humanos s\u00e3o incont\u00e1veis\u201d<\/q> Marshall, A., <cite><span class=\"book\">Principles of Economics<\/span><\/cite> (London: Macmillan &#038; Co., 1890), book 3, chapter 2.1.\n<\/p>\n<\/li>\n<li>\n<p>\n<q>\u201cA produ\u00e7\u00e3o em massa s\u00f3 \u00e9 lucrativa\u201d<\/q> Bernays, E., <cite><span class=\"book\">Propaganda <\/span><\/cite> (1928; New York: Ig Publishing, 2005), 84.\n<\/p>\n<p>\n<q>\u201cSomos governados, as nossas mentes s\u00e3o moldadas\u201d<\/q> Ibid., 37\u20138.\n<\/p>\n<p>\n<q>\u201ca publicidade n\u00e3o \u00e9 apenas uma colagem de mensagens\u201d<\/q> Berger, J., <cite><span class=\"book\">Ways of Seeing<\/span><\/cite> (London: BBC and Penguin, 1972), 131.\n<\/p>\n<p>\n<q>entre 2000 e 2014\u2026 consumidor m\u00e9dio<\/q> Remy, N., <em>et al<\/em>., <cite>\u2018Style that\u2019s sustainable: a new fast-fashion formula\u2019<\/cite>, McKinsey Sustainability, 20 de Outubro de 2016, <a href=\"https:\/\/www.mckinsey.com\/business-functions\/sustainability\/our-insights\/style-thats-sustainable-a-new-fast-fashion-formula\" target=\"_blank\" rel=\"noopener\">https:\/\/www.mckinsey.com\/business-functions\/sustainability\/our-insights\/style-thats-sustainable-a-new-fast-fashion-formula<\/a>.\n<\/p>\n<\/li>\n<li>\n<p>\n<q>De todas as fibras t\u00eaxteis produzidas<\/q> Ellen McArthur Foundation, <cite><span class=\"book\">A New Textiles Economy: Redesigning Fashion\u2019s Future<\/span><\/cite> , 2017, <a href=\"https:\/\/ellenmacarthurfoundation.org\/a-new-textiles-economy\" target=\"_blank\" rel=\"noopener\">https:\/\/ellenmacarthurfoundation.org\/a-new-textiles-economy<\/a>.\n<\/p>\n<p>\n<q>a ind\u00fastria global da moda produz cerca de 2% da totalidade de emiss\u00f5es de gases com efeito de estufa<\/q> Sadowski, M., <em>et al<\/em>., <cite><span class=\"book\">Roadmap to Net Zero: Delivering Science-Based Targets in the Apparel Sector<\/span><\/cite>, World Resources Institute working paper, de Novembro de 2021, <a href=\"https:\/\/doi.org\/10.46830\/wriwp.20.00004\" target=\"_blank\" rel=\"noopener\">https:\/\/doi.org\/10.46830\/wriwp.20.00004<\/a>.\n<\/p>\n<p>\n<q>No sentido de reduzir os impactos ecol\u00f3gicos \u00e0 escala requerida<\/q> Akenji, L., <em>et al<\/em>., <cite><span class=\"book\">1.5-Degree Lifestyles: Towards a Fair Consumption Space for All<\/span><\/cite>, Hot or Cool Institute, de Outubro de 2021, <a href=\"https:\/\/hotorcool.org\/wp-content\/uploads\/2021\/10\/Hot_or_Cool_1_5_lifestyles_FULL_REPORT_AND_ANNEX_B.pdf\" target=\"_blank\" rel=\"noopener\">https:\/\/hotorcool.org\/wp-content\/uploads\/2021\/10\/Hot_or_Cool_1_5_lifestyles_FULL_REPORT_AND_ANNEX_B.pdf<\/a>.\n<\/p>\n<p>\n<q>H\u00e1 muito que s\u00e3o aplicadas \u201climita\u00e7\u00f5es de escolha\u201d<\/q> Ibid.\n<\/p>\n<p>\n<q>Em 2019, Amsterd\u00e3o comprometeu-se a banir<\/q> Reuters, <cite>\u2018Amsterdam to ban polluting cars from 2030\u2019<\/cite>, 2 de Maio de 2019, <a href=\"https:\/\/www.reuters.com\/article\/us-netherlands-pollution-amsterdam-idUSKCN1S81XV\" target=\"_blank\" rel=\"noopener\">https:\/\/www.reuters.com\/article\/us-netherlands-pollution-amsterdam-idUSKCN1S81XV<\/a>.\n<\/p>\n<p>\n<q>Em 2021, o governo gal\u00eas anunciou o congelamento<\/q> BBC News, <cite>\u2018Wales transport: freeze on all new road building projects\u2019<\/cite>, 22 de Junho de 2021, <a href=\"https:\/\/www.bbc.com\/news\/uk-wales-politics-57552390\" target=\"_blank\" rel=\"noopener\">https:\/\/www.bbc.com\/news\/uk-wales-politics-57552390<\/a>; BBC News, <cite>\u2018France moves to ban short-haul domestic flights\u2019<\/cite>, 12 de Abril de 2021, <a href=\"https:\/\/www.bbc. com\/news\/world-europe-56716708\" target=\"_blank\" rel=\"noopener\">https:\/\/www.bbc. com\/news\/world-europe-56716708<\/a>.\n<\/p>\n<\/li>\n<li>\n<p>\n<q>Esta pol\u00edtica j\u00e1 animou a inova\u00e7\u00e3o local<\/q> Clouse, C., <cite>\u2018Amsterdam blazes a trail for circular fashion\u2019<\/cite>, GreenBiz, 18 de Novembro de 2021, <a href=\"https:\/\/www.greenbiz.com\/article\/amsterdam-blazes-trail-circular-fashion\" target=\"_blank\" rel=\"noopener\">https:\/\/www.greenbiz.com\/article\/amsterdam-blazes-trail-circular-fashion<\/a>.\n<\/p>\n<p>\n<q>em Viena, mais de 60% da popula\u00e7\u00e3o vive em habita\u00e7\u00f5es sociais<\/q> Ball, J., <cite>\u2018\u201cHousing as a basic human right\u201d: the Vienna model of social housing\u2019<\/cite>, <span class=\"book\">New Statesman<\/span>, 3 de Setembro de 2019, <a href=\"https:\/\/www.newstatesman.com\/spotlight\/2019\/09\/housing-basic-human-right-vienna-model-social-housing\" target=\"_blank\" rel=\"noopener\">https:\/\/www.newstatesman.com\/spotlight\/2019\/09\/housing-basic-human-right-vienna-model-social-housing<\/a>.\n<\/p>\n<p>\n<q>O gasto dos Estados Unidos com a sa\u00fade por pessoa<\/q> Wager, E., <em>et al<\/em>., <cite>\u2018How does health spending in the U.S. compare to other countries?\u2019<\/cite>, Health System Tracker, 21 de Janeiro de 2022, <a href=\"https:\/\/www.healthsystemtracker.org\/chart-collection\/health-spending-u-s-compare-countries\/\" target=\"_blank\" rel=\"noopener\">https:\/\/www.healthsystemtracker.org\/chart-collection\/health-spending-u-s-compare-countries\/<\/a>; Pichler, P. P., <em>et al<\/em>., <cite>\u2018International comparison of health care carbon footprints\u2019<\/cite>, <span class=\"book\">Environmental Research Letters<\/span>, 14 (6), 2019: Article 064004, <a href=\"https:\/\/doi.org\/10.1088\/1748-9326\/ab19e1\" target=\"_blank\" rel=\"noopener\">https:\/\/doi.org\/10.1088\/1748-9326\/ab19e1<\/a>.\n<\/p>\n<p>\n<q>\u201cluxo p\u00fablico e sufici\u00eancia privada\u201d<\/q> Monbiot, G., <cite>\u2018Public luxury for all or private luxury for some: this is the choice\u2019<\/cite>, <span class=\"book\">Guardian<\/span>, 31 May 2017, <a href=\"https:\/\/www.theguardian.com\/commentisfree\/2017\/may\/31\/private-wealth-labour-common-space\" target=\"_blank\" rel=\"noopener\">https:\/\/www.theguardian.com\/commentisfree\/2017\/may\/31\/private-wealth-labour-common-space<\/a>.\n<\/p>\n<p>\n<q>\u201cQuando e onde somos excessivos nas nossas vidas\u201d<\/q> Phillips, A., <cite>\u2018Insatiable creatures\u2019<\/cite>, <span class=\"book\">Guardian<\/span>, 8 de Agosto de 2009, <a href=\"https:\/\/www.theguardian.com\/books\/2009\/aug\/08\/excess-adam-phillips\" target=\"_blank\" rel=\"noopener\">https:\/\/www.theguardian.com\/books\/2009\/aug\/08\/excess-adam-phillips<\/a>.\n<\/p>\n<\/li>\n<li>\n<p>\n<q>\u201cApesar da relativa abund\u00e2ncia material de que dispomos\u201d\u2003<\/q> Gerhardt, S., <cite><span class=\"book\">The Selfish Society: How We All Forgot to Love One Another and Made Money Instead<\/span><\/cite> (London: Simon and Schuster, 2010), 32\u20133.\n<\/p>\n<p>\n<q>cinco atos simples que comprovadamente promovem o bem-estar<\/q> Aked, J., <em>et al<\/em>., <cite><span class=\"book\">Five Ways to Wellbeing<\/span><\/cite>, New Economics Foundation, 22 de Outubro de 2008, <a href=\"https:\/\/neweconomics.org\/2008\/10\/five-ways-to-wellbeing\" target=\"_blank\" rel=\"noopener\">https:\/\/neweconomics.org\/2008\/10\/five-ways-to-wellbeing<\/a>.\n<\/p>\n<p>\n<q>Transition Network<\/q> Transition Network, <a href=\"https:\/\/transitionnetwork.org\/\" target=\"_blank\" rel=\"noopener\">https:\/\/transitionnetwork.org\/<\/a>.\n<\/p>\n<p>\n<q>Take The Jump<\/q> The Jump, <a href=\"https:\/\/takethejump.org\/\" target=\"_blank\" rel=\"noopener\">https:\/\/takethejump.org\/<\/a>.\n<\/p>\n<\/li>\n<\/ol>\n<\/div>\n","protected":false},"excerpt":{"rendered":"<p>Kate Raworth Todas as fontes online foram acedidas no dia 1 de Mar\u00e7o de 2022 \u201cCompro, logo existo\u201d Kruger, B., I shop therefore I am, 1987, MoMA, New York, https:\/\/www.moma.org\/collection\/works\/64897. Segundo a Oxfam, para que a humanidade possa viver bem Gore, T., \u2018Confronting carbon inequality: putting justice at the heart of the COVID-19 recovery\u2019, Oxfam&hellip;<\/p>\n","protected":false},"author":5,"featured_media":0,"parent":1050,"menu_order":3,"comment_status":"closed","ping_status":"closed","template":"page-essay.php","meta":{"footnotes":""},"class_list":["post-1054","page","type-page","status-publish","hentry"],"_links":{"self":[{"href":"https:\/\/theclimatebook.org\/pt-pt\/wp-json\/wp\/v2\/pages\/1054","targetHints":{"allow":["GET"]}}],"collection":[{"href":"https:\/\/theclimatebook.org\/pt-pt\/wp-json\/wp\/v2\/pages"}],"about":[{"href":"https:\/\/theclimatebook.org\/pt-pt\/wp-json\/wp\/v2\/types\/page"}],"author":[{"embeddable":true,"href":"https:\/\/theclimatebook.org\/pt-pt\/wp-json\/wp\/v2\/users\/5"}],"replies":[{"embeddable":true,"href":"https:\/\/theclimatebook.org\/pt-pt\/wp-json\/wp\/v2\/comments?post=1054"}],"version-history":[{"count":0,"href":"https:\/\/theclimatebook.org\/pt-pt\/wp-json\/wp\/v2\/pages\/1054\/revisions"}],"up":[{"embeddable":true,"href":"https:\/\/theclimatebook.org\/pt-pt\/wp-json\/wp\/v2\/pages\/1050"}],"wp:attachment":[{"href":"https:\/\/theclimatebook.org\/pt-pt\/wp-json\/wp\/v2\/media?parent=1054"}],"curies":[{"name":"wp","href":"https:\/\/api.w.org\/{rel}","templated":true}]}}