{"id":1052,"date":"2022-09-16T08:34:23","date_gmt":"2022-09-16T08:34:23","guid":{"rendered":"https:\/\/theclimatebook.org\/notas-finais\/o-que-urge-fazer\/5-1-o-modo-mais-eficaz-de-sairmos-desta-confusao-e-educarmo-nos\/"},"modified":"2022-09-16T08:34:23","modified_gmt":"2022-09-16T08:34:23","slug":"5-1-o-modo-mais-eficaz-de-sairmos-desta-confusao-e-educarmo-nos","status":"publish","type":"page","link":"https:\/\/theclimatebook.org\/pt-pt\/notas-finais\/o-que-urge-fazer\/5-1-o-modo-mais-eficaz-de-sairmos-desta-confusao-e-educarmo-nos\/","title":{"rendered":"5.1 O modo mais eficaz de sairmos desta confus\u00e3o \u00e9 educarmo-nos"},"content":{"rendered":"<div class=\"notes\">\n<p class=\"author\"><a href=\"\/contributors#greta-thunberg\" rel=\"author\">Greta Thunberg<\/a><\/p>\n<p class=\"date\">Todas as fontes online foram acedidas no dia <time datetime=\"2022-02-11\">11 de Fevereiro de 2022<\/time><\/p>\n<ol start=\"324\">\n<li>\n<p>\n<q>\u201climitar o aquecimento global a 1,5\u00b0C exigir\u00e1\u201d<\/q> Painel Intergovernamental sobre as Altera\u00e7\u00f5es Clim\u00e1ticas, <cite>\u2018Summary for policymakers\u2019<\/cite>, in <span class=\"book\">Global Warming of 1.5\u00b0C: An IPCC Special Report on the Impacts of Global Warming of 1.5\u00b0C above Pre-industrial Levels and Related Global Greenhouse Gas Emission Pathways, in the Context of Strengthening the Global Response to the Threat of Climate Change, Sustainable Development, and Efforts to Eradicate Poverty<\/span>, ed. V. Masson-Delmotte <em>et al<\/em>. (Cambridge: Cambridge University Press, 2018), <a href=\"https:\/\/www.ipcc.ch\/sr15\/chapter\/spm\/\" rel=\"noopener\" target=\"_blank\">https:\/\/www.ipcc.ch\/sr15\/chapter\/spm\/<\/a>.\n<\/p>\n<\/li>\n<li value=\"326\">\n<p>\n<q>cem empresas s\u00e3o respons\u00e1veis por 70% das emiss\u00f5es mundiais<\/q> Griffin, Paul, <cite><span class=\"book\">The Carbon Majors Database: CDP Carbon Majors Report 2017<\/span><\/cite>, CDP and Climate Accountability Institute, de Junho de 2017, <a href=\"https:\/\/climateaccountability.org\/pdf\/CarbonMajorsRpt2017%20Jul17.pdf\" target=\"_blank\" rel=\"noopener\">https:\/\/climateaccountability.org\/pdf\/CarbonMajorsRpt2017%20Jul17.pdf<\/a>.\n<\/p>\n<\/li>\n<li>\n<p>\n<q>\u201cVencer lentamente \u00e9 o mesmo que perder\u201d<\/q> Steffen, A., <cite>\u2018Winning slowly is the same thing as losing\u2019<\/cite>, Twitter, 12 de Setembro de 2017, <a href=\"https:\/\/twitter.com\/alexsteffen\/status\/907460481769725955?lang=en\" target=\"_blank\" rel=\"noopener\">https:\/\/twitter.com\/alexsteffen\/status\/907460481769725955?lang=en<\/a>.\n<\/p>\n<\/li>\n<\/ol>\n<\/div>\n","protected":false},"excerpt":{"rendered":"<p>Greta Thunberg Todas as fontes online foram acedidas no dia 11 de Fevereiro de 2022 \u201climitar o aquecimento global a 1,5\u00b0C exigir\u00e1\u201d Painel Intergovernamental sobre as Altera\u00e7\u00f5es Clim\u00e1ticas, \u2018Summary for policymakers\u2019, in Global Warming of 1.5\u00b0C: An IPCC Special Report on the Impacts of Global Warming of 1.5\u00b0C above Pre-industrial Levels and Related Global Greenhouse&hellip;<\/p>\n","protected":false},"author":5,"featured_media":0,"parent":1050,"menu_order":1,"comment_status":"closed","ping_status":"closed","template":"page-essay.php","meta":{"footnotes":""},"class_list":["post-1052","page","type-page","status-publish","hentry"],"_links":{"self":[{"href":"https:\/\/theclimatebook.org\/pt-pt\/wp-json\/wp\/v2\/pages\/1052","targetHints":{"allow":["GET"]}}],"collection":[{"href":"https:\/\/theclimatebook.org\/pt-pt\/wp-json\/wp\/v2\/pages"}],"about":[{"href":"https:\/\/theclimatebook.org\/pt-pt\/wp-json\/wp\/v2\/types\/page"}],"author":[{"embeddable":true,"href":"https:\/\/theclimatebook.org\/pt-pt\/wp-json\/wp\/v2\/users\/5"}],"replies":[{"embeddable":true,"href":"https:\/\/theclimatebook.org\/pt-pt\/wp-json\/wp\/v2\/comments?post=1052"}],"version-history":[{"count":0,"href":"https:\/\/theclimatebook.org\/pt-pt\/wp-json\/wp\/v2\/pages\/1052\/revisions"}],"up":[{"embeddable":true,"href":"https:\/\/theclimatebook.org\/pt-pt\/wp-json\/wp\/v2\/pages\/1050"}],"wp:attachment":[{"href":"https:\/\/theclimatebook.org\/pt-pt\/wp-json\/wp\/v2\/media?parent=1052"}],"curies":[{"name":"wp","href":"https:\/\/api.w.org\/{rel}","templated":true}]}}