{"id":1051,"date":"2022-09-06T11:57:15","date_gmt":"2022-09-06T11:57:15","guid":{"rendered":"https:\/\/theclimatebook.org\/notas-finais\/que-medidas-tomamos\/4-4-este-nao-e-o-rumo-certo\/"},"modified":"2022-11-24T15:14:08","modified_gmt":"2022-11-24T15:14:08","slug":"4-4-este-nao-e-o-rumo-certo","status":"publish","type":"page","link":"https:\/\/theclimatebook.org\/pt-pt\/notas-finais\/que-medidas-tomamos\/4-4-este-nao-e-o-rumo-certo\/","title":{"rendered":"4.4 Este n\u00e3o \u00e9 o rumo certo"},"content":{"rendered":"<div class=\"notes\">\n<p class=\"author\"><a href=\"\/contributors#greta-thunberg\" rel=\"author\">Greta Thunberg<\/a><\/p>\n<p class=\"date\">Todas as fontes online foram acedidas no dia <time datetime=\"2022-02-24\">24 de Fevereiro de 2022<\/time><\/p>\n<ol start=\"216\">\n<li>\n<p>\n<q>segundo os c\u00e1lculos do cientista clim\u00e1tico Peter Kalmus<\/q> Kalmus, P., <cite>\u2018Today the world\u2019s biggest carbon capture facility turned on\u2019<\/cite>, Twitter, 9 de Setembro de 2021, <a href=\"https:\/\/techstory.in\/orca-worlds-largest-carbon-capturing-facility-just-opened-in-iceland\/\" target=\"_blank\" rel=\"noopener\">https:\/\/techstory.in\/orca-worlds-largest-carbon-capturing-facility-just-opened-in-iceland\/<\/a>, <a href=\"https:\/\/www.businessinsider.nl\/the-worlds-biggest-carbon-removal-plant-just-opened-in-a-year-itll-negate-just-3-seconds-worth-of-global-emissions\/\" target=\"_blank\" rel=\"noopener\">https:\/\/www.businessinsider.nl\/the-worlds-biggest-carbon-removal-plant-just-opened-in-a-year-itll-negate-just-3-seconds-worth-of-global-emissions\/<\/a>.\n<\/p>\n<p>\n<q>Falamos em transform\u00e1-los em algumas semanas.<\/q> Todos os anos emitimos actualmente cerca de 42GT de CO<sub>2<\/sub>. Isto significa cerca de 0,8GT de CO<sub>2<\/sub> por semana. Como exemplo, o roteiro da IEA Net Zero 2050 (a partir de 2021) estima que a captura global de CO<sub>2<\/sub> at\u00e9 2050 seja de 7,6GT de CO<sub>2<\/sub> por ano. Isto equivale a cerca de 9,5 semanas dos n\u00edveis de emiss\u00e3o actuais. A captura de CO<sub>2<\/sub> no ano 2050 apenas pela Direct Air Capture (DAC) \u00e9 estimada em &#8220;um pouco menos de 1 GT&#8221;.<br \/>\n<a href=\"https:\/\/www.unepfi.org\/industries\/investment\/net-zero-asset-owner-alliance-backs-call-to-scale-up-carbon-removal-from-atmosphere\/\" target=\"_blank\" rel=\"noopener\">https:\/\/www.unepfi.org\/industries\/investment\/net-zero-asset-owner-alliance-backs-call-to-scale-up-carbon-removal-from-atmosphere\/<\/a>, <a href=\"https:\/\/iea.blob.core.windows.net\/assets\/deebef5d-0c34-4539-9d0c-10b13d840027\/NetZeroby2050-ARoadmapfortheGlobalEnergySector_CORR.pdf\" target=\"_blank\" rel=\"noopener\">https:\/\/iea.blob.core.windows.net\/assets\/deebef5d-0c34-4539-9d0c-10b13d840027\/NetZeroby2050-ARoadmapfortheGlobalEnergySector_CORR.pdf<\/a>.<\/p>\n<p>\n<q>todos os caminhos e compromissos dependem<\/q><br \/>\n<a href=\"https:\/\/unfccc.int\/news\/cop26-update-to-the-ndc-synthesis-report\" target=\"_blank\" rel=\"noopener\">https:\/\/unfccc.int\/news\/cop26-update-to-the-ndc-synthesis-report<\/a>.\n<\/p>\n<p>\n<q>apenas uns pouco animadores 2%<\/q><br \/>\n<a href=\"https:\/\/www.iea.org\/news\/with-only-2-of-governments-recovery-spending-going-to-clean-energy-transitions-global-emissions-are-set-to-surge-to-an-all-time-high\" target=\"_blank\" rel=\"noopener\">https:\/\/www.iea.org\/news\/with-only-2-of-governments-recovery-spending-going-to-clean-energy-transitions-global-emissions-are-set-to-surge-to-an-all-time-high<\/a>.\n<\/p>\n<p>\n<q>o n\u00edvel mais alto desde a presid\u00eancia de George W. Bush<\/q><br \/>\n<a href=\"https:\/\/apnews.com\/article\/joe-biden-business-science-environment-and-nature-6ac8ff49970e4b052489678b40e3ba82.\" target=\"_blank\" rel=\"noopener\">https:\/\/apnews.com\/article\/joe-biden-business-science-environment-and-nature-6ac8ff49970e4b052489678b40e3ba82.<\/a>.\n<\/p>\n<p>\n<q>a quantidade global de eletricidade produzida em centrais el\u00e9tricas a carv\u00e3o<\/q><br \/>\n<a href=\"https:\/\/www.reuters.com\/markets\/commodities\/global-2021-coal-fired-electricity-generation-surges-record-high-2022-07-21\/\" target=\"_blank\" rel=\"noopener\">\thttps:\/\/www.reuters.com\/markets\/commodities\/global-2021-coal-fired-electricity-generation-surges-record-high-2022-07-21\/<\/a>.\n<\/p>\n<p>\n<q>segunda maior subida de emiss\u00f5es desde que h\u00e1 registo<\/q><br \/>\n<a href=\"https:\/\/www.iea.org\/news\/global-carbon-dioxide-emissions-are-set-for-their-second-biggest-increase-in-history\" target=\"_blank\" rel=\"noopener\">https:\/\/www.iea.org\/news\/global-carbon-dioxide-emissions-are-set-for-their-second-biggest-increase-in-history<\/a>.\n<\/p>\n<\/li>\n<li>\n<p>\n<q>subsidiada em 5,9 bili\u00f5es de d\u00f3lares s\u00f3 em 2020<\/q> Parry, I. W. H., <em>et al<\/em>., <cite><span class=\"book\">Still Not Getting Energy Prices Right: A Global and Country Update of Fossil Fuel Subsidies<\/span><\/cite>, International Monetary Fund working paper, 24 de Setembro de 2021, <a href=\"https:\/\/www.imf.org\/en\/Publications\/WP\/Issues\/2021\/09\/23\/Still-Not-Getting-Energy-Prices-Right-A-Global-and-Country-Update-of-Fossil-Fuel-Subsidies-466004\" target=\"_blank\" rel=\"noopener\">https:\/\/www.imf.org\/en\/Publications\/WP\/Issues\/2021\/09\/23\/Still-Not-Getting-Energy-Prices-Right-A-Global-and-Country-Update-of-Fossil-Fuel-Subsidies-466004<\/a>.\n<\/p>\n<p>\n<q>2% tinham sido investidos em energia verde<\/q> Ag\u00eancia Internacional de Energia, <cite>\u2018Sustainable recovery tracker: monitoring progress towards sustainable recoveries from the Covid-19 crisis\u2019<\/cite>, 2021, <a href=\"https:\/\/www.iea.org\/reports\/sustainable-recovery-tracker\" target=\"_blank\" rel=\"noopener\">https:\/\/www.iea.org\/reports\/sustainable-recovery-tracker<\/a>.\n<\/p>\n<p>\n<q>A China planeia construir quarenta e tr\u00eas novas centrais el\u00e9tricas a carv\u00e3o<\/q> Gunia, A., <cite>\u2018China is planning to build 43 new coal-fired power plants. Can it still keep its promises to cut emissions?\u2019<\/cite>, <span class=\"book\">Time<\/span>, 20 de Agosto de 2021, <a href=\"https:\/\/time.com\/6090732\/china-coal-power-plants-emissions\/\" target=\"_blank\" rel=\"noopener\">https:\/\/time.com\/6090732\/china-coal-power-plants-emissions\/<\/a>.\n<\/p>\n<\/li>\n<li>\n<p>\n<q>espera que aumentem 16% at\u00e9 2030<\/q> Secretariat of the United Nations Framework Convention on Climate Change, <cite><span class=\"book\">Nationally Determined Contributions under the Paris Agreement: Synthesis Report<\/span><\/cite>, 17 de Setembro de 2021, <a href=\"https:\/\/unfccc.int\/sites\/default\/files\/resource\/cma2021_08E.pdf\" target=\"_blank\" rel=\"noopener\">https:\/\/unfccc.int\/sites\/default\/files\/resource\/cma2021_08E.pdf<\/a>.\n<\/p>\n<p>\n<q>inc\u00eandios florestais em 2021 originaram o equivalente a 6.450 megatoneladas de CO<sub>2<\/sub><\/q> Copernicus Atmosphere Monitoring Service, <cite>\u2018Wildfires wreaked havoc in 2021, CAMS tracked their impact\u2019<\/cite>, 6 de Dezembro de 2021, <a href=\"https:\/\/atmosphere.copernicus.eu\/wildfires-wreaked-havoc-2021-cams-tracked-their-impact\" target=\"_blank\" rel=\"noopener\">https:\/\/atmosphere.copernicus.eu\/wildfires-wreaked-havoc-2021-cams-tracked-their-impact<\/a>.\n<\/p>\n<\/li>\n<\/ol>\n<\/div>\n","protected":false},"excerpt":{"rendered":"<p>Greta Thunberg Todas as fontes online foram acedidas no dia 24 de Fevereiro de 2022 segundo os c\u00e1lculos do cientista clim\u00e1tico Peter Kalmus Kalmus, P., \u2018Today the world\u2019s biggest carbon capture facility turned on\u2019, Twitter, 9 de Setembro de 2021, https:\/\/techstory.in\/orca-worlds-largest-carbon-capturing-facility-just-opened-in-iceland\/, https:\/\/www.businessinsider.nl\/the-worlds-biggest-carbon-removal-plant-just-opened-in-a-year-itll-negate-just-3-seconds-worth-of-global-emissions\/. Falamos em transform\u00e1-los em algumas semanas. Todos os anos emitimos actualmente cerca de&hellip;<\/p>\n","protected":false},"author":5,"featured_media":0,"parent":1022,"menu_order":4,"comment_status":"closed","ping_status":"closed","template":"page-essay.php","meta":{"footnotes":""},"class_list":["post-1051","page","type-page","status-publish","hentry"],"_links":{"self":[{"href":"https:\/\/theclimatebook.org\/pt-pt\/wp-json\/wp\/v2\/pages\/1051","targetHints":{"allow":["GET"]}}],"collection":[{"href":"https:\/\/theclimatebook.org\/pt-pt\/wp-json\/wp\/v2\/pages"}],"about":[{"href":"https:\/\/theclimatebook.org\/pt-pt\/wp-json\/wp\/v2\/types\/page"}],"author":[{"embeddable":true,"href":"https:\/\/theclimatebook.org\/pt-pt\/wp-json\/wp\/v2\/users\/5"}],"replies":[{"embeddable":true,"href":"https:\/\/theclimatebook.org\/pt-pt\/wp-json\/wp\/v2\/comments?post=1051"}],"version-history":[{"count":0,"href":"https:\/\/theclimatebook.org\/pt-pt\/wp-json\/wp\/v2\/pages\/1051\/revisions"}],"up":[{"embeddable":true,"href":"https:\/\/theclimatebook.org\/pt-pt\/wp-json\/wp\/v2\/pages\/1022"}],"wp:attachment":[{"href":"https:\/\/theclimatebook.org\/pt-pt\/wp-json\/wp\/v2\/media?parent=1051"}],"curies":[{"name":"wp","href":"https:\/\/api.w.org\/{rel}","templated":true}]}}