{"id":1045,"date":"2022-09-16T07:51:12","date_gmt":"2022-09-16T07:51:12","guid":{"rendered":"https:\/\/theclimatebook.org\/notas-finais\/que-medidas-tomamos\/4-23-eis-onde-definimos-o-limite\/"},"modified":"2022-09-16T07:51:12","modified_gmt":"2022-09-16T07:51:12","slug":"4-23-eis-onde-definimos-o-limite","status":"publish","type":"page","link":"https:\/\/theclimatebook.org\/pt-pt\/notas-finais\/que-medidas-tomamos\/4-23-eis-onde-definimos-o-limite\/","title":{"rendered":"4.23 Eis onde definimos o limite"},"content":{"rendered":"<div class=\"notes\">\n<p class=\"author\"><a href=\"\/contributors#greta-thunberg\" rel=\"author\">Greta Thunberg<\/a><\/p>\n<p class=\"date\">Todas as fontes online foram acedidas no dia <time datetime=\"2022-02-24\">24 de Fevereiro de 2022<\/time><\/p>\n<ol start=\"301\">\n<li>\n<p>\n<q>Segundo o Relat\u00f3rio sobre a Lacuna de Emiss\u00f5es do PNUMA<\/q> SEI, IISD, ODI, E3G, and UNEP. (2021). The Production Gap Report 2021. <a href=\"http:\/\/productiongap.org\/2021report\" target=\"_blank\" rel=\"noopener\">http:\/\/productiongap.org\/2021report <\/a>.\n<\/p>\n<\/li>\n<li value=\"303\">\n<p>\n<q>que se espera que aumentem 16%<\/q> <a href=\"https:\/\/unfccc.int\/sites\/default\/files\/resource\/cma2021_08E.pdf\" rel=\"noopener\" target=\"_blank\">https:\/\/unfccc.int\/sites\/default\/files\/resource\/cma2021_08E.pdf<\/a>.\n<\/p>\n<p>\n<q>A trajet\u00f3ria que estamos a seguir conduzir\u00e1 a um mundo 3,2\u00b0C mais quente<\/q> Painel Intergovernamental sobre as Altera\u00e7\u00f5es Clim\u00e1ticas, <cite><span class=\"book\">Climate Change 2022: Mitigation of Climate Change. Working Group III Contribution to the Sixth Assessment Report of the Painel Intergovernamental sobre as Altera\u00e7\u00f5es Clim\u00e1ticas<\/span><\/cite>, ed. P. R. Shukla, <em>et al<\/em>. (Cambridge: Cambridge University Press, no prelo), <a href=\"https:\/\/www.ipcc.ch\/report\/ar6\/wg3\/\" rel=\"noopener\" target=\"_blank\">https:\/\/www.ipcc.ch\/report\/ar6\/wg3\/<\/a>.\n<\/p>\n<p><q>n\u00fameros com frequ\u00eancia ignorados ou subestimados<\/q><br \/>\n<a href=\"https:\/\/www.nytimes.com\/2021\/02\/02\/climate\/cities-greenhouse-gas-emissions.html\" rel=\"noopener\" target=\"_blank\">https:\/\/www.nytimes.com\/2021\/02\/02\/climate\/cities-greenhouse-gas-emissions.html<\/a><br \/>\n<a href=\"https:\/\/www.washingtonpost.com\/climate-environment\/interactive\/2021\/greenhouse-gas-emissions-pledges-data\/\" rel=\"noopener\" target=\"_blank\">https:\/\/www.washingtonpost.com\/climate-environment\/interactive\/2021\/greenhouse-gas-emissions-pledges-data\/<\/a>\n<\/p>\n<p>\n<q>Estamos \u201caparentemente a anos-luz\u201d<\/q> Dennis, B., <cite>\u2018 What you need to know about the U.N. COP26 climate summit \u2013 and why it matters\u2019<\/cite>, <span class=\"book\">Washington Post<\/span>, 6 de Outubro de 2021, <a href=\"https:\/\/www.washingtonpost.com\/climate-environment\/2021\/10\/06\/cop26-glasgow-un-climate-talks\/\" target=\"_blank\" rel=\"noopener\">https:\/\/www.washingtonpost.com\/climate-environment\/2021\/10\/06\/cop26-glasgow-un-climate-talks\/<\/a>.\n<\/p>\n<\/li>\n<\/ol>\n<\/div>\n","protected":false},"excerpt":{"rendered":"<p>Greta Thunberg Todas as fontes online foram acedidas no dia 24 de Fevereiro de 2022 Segundo o Relat\u00f3rio sobre a Lacuna de Emiss\u00f5es do PNUMA SEI, IISD, ODI, E3G, and UNEP. (2021). The Production Gap Report 2021. http:\/\/productiongap.org\/2021report . que se espera que aumentem 16% https:\/\/unfccc.int\/sites\/default\/files\/resource\/cma2021_08E.pdf. A trajet\u00f3ria que estamos a seguir conduzir\u00e1 a um&hellip;<\/p>\n","protected":false},"author":5,"featured_media":0,"parent":1022,"menu_order":23,"comment_status":"closed","ping_status":"closed","template":"page-essay.php","meta":{"footnotes":""},"class_list":["post-1045","page","type-page","status-publish","hentry"],"_links":{"self":[{"href":"https:\/\/theclimatebook.org\/pt-pt\/wp-json\/wp\/v2\/pages\/1045","targetHints":{"allow":["GET"]}}],"collection":[{"href":"https:\/\/theclimatebook.org\/pt-pt\/wp-json\/wp\/v2\/pages"}],"about":[{"href":"https:\/\/theclimatebook.org\/pt-pt\/wp-json\/wp\/v2\/types\/page"}],"author":[{"embeddable":true,"href":"https:\/\/theclimatebook.org\/pt-pt\/wp-json\/wp\/v2\/users\/5"}],"replies":[{"embeddable":true,"href":"https:\/\/theclimatebook.org\/pt-pt\/wp-json\/wp\/v2\/comments?post=1045"}],"version-history":[{"count":0,"href":"https:\/\/theclimatebook.org\/pt-pt\/wp-json\/wp\/v2\/pages\/1045\/revisions"}],"up":[{"embeddable":true,"href":"https:\/\/theclimatebook.org\/pt-pt\/wp-json\/wp\/v2\/pages\/1022"}],"wp:attachment":[{"href":"https:\/\/theclimatebook.org\/pt-pt\/wp-json\/wp\/v2\/media?parent=1045"}],"curies":[{"name":"wp","href":"https:\/\/api.w.org\/{rel}","templated":true}]}}