{"id":1043,"date":"2022-09-15T21:56:01","date_gmt":"2022-09-15T21:56:01","guid":{"rendered":"https:\/\/theclimatebook.org\/notas-finais\/que-medidas-tomamos\/4-21-os-residuos-a-nivel-mundial\/"},"modified":"2022-09-15T21:56:01","modified_gmt":"2022-09-15T21:56:01","slug":"4-21-os-residuos-a-nivel-mundial","status":"publish","type":"page","link":"https:\/\/theclimatebook.org\/pt-pt\/notas-finais\/que-medidas-tomamos\/4-21-os-residuos-a-nivel-mundial\/","title":{"rendered":"4.21 Os Res\u00edduos a N\u00edvel Mundial"},"content":{"rendered":"<div class=\"notes\">\n<p class=\"author\"><a href=\"\/contributors#silpa-kaza\" rel=\"author\">Silpa Kaza<\/a><\/p>\n<p class=\"date\">Todas as fontes online foram acedidas no dia <time datetime=\"2021-11-25\">25 de Novembro de 2021<\/time><\/p>\n<ol start=\"290\">\n<li>\n<p>\n<q>a gest\u00e3o de res\u00edduos s\u00f3lidos \u00e9 uma das tr\u00eas principais fontes<\/q> Kaza, S., <em>et al<\/em>., <cite><span class=\"book\">What a Waste 2.0: A Global Snapshot of Solid Waste Management to 2050<\/span><\/cite>, Banco Mundial, 20 de Setembro de 2018, <a href=\"https:\/\/openknowledge.worldbank.org\/handle\/10986\/30317\" target=\"_blank\" rel=\"noopener\">https:\/\/openknowledge.worldbank.org\/handle\/10986\/30317<\/a>; Clean air Coalition and United Nations Environment Programme, <span class=\"book\">Global Methane Assessment: Benefits and Costs of Mitigating Methane Emissions<\/span>, 2021, <a href=\"https:\/\/www.ccacoalition.org\/en\/resources\/global-methane-assessment-full-report\" target=\"_blank\" rel=\"noopener\">https:\/\/www.ccacoalition.org\/en\/resources\/global-methane-assessment-full-report<\/a>.\n<\/p>\n<p>\n<q>Setenta e sete por cento dos pa\u00edses j\u00e1 integraram solu\u00e7\u00f5es<\/q> Secretariat of the United Nations Framework Convention on Climate Change, <cite><span class=\"book\">Nationally Determined Contributions under the Paris Agreement: Synthesis Report<\/span><\/cite>, 17 de Setembro de 2021, <a href=\"https:\/\/unfccc.int\/sites\/default\/files\/resource\/cma2021_08E.pdf\" target=\"_blank\" rel=\"noopener\">https:\/\/unfccc.int\/sites\/default\/files\/resource\/cma2021_08E.pdf<\/a>.\n<\/p>\n<\/li>\n<li>\n<p>\n<q>Isto traduz-se tamb\u00e9m numa varia\u00e7\u00e3o regional<\/q> Kaza, S., <em>et al<\/em>., <cite><span class=\"book\">More Growth, Less Garbage<\/span><\/cite>, Banco Mundial, 15 de Julho de 2021, <a href=\"https:\/\/openknowledge.worldbank.org\/handle\/10986\/35998\" target=\"_blank\" rel=\"noopener\">https:\/\/openknowledge.worldbank.org\/handle\/10986\/35998<\/a>.\n<\/p>\n<p>\n<q>Para prevenir uma crise de desperd\u00edcios ainda mais acentuada<\/q> Ibid.\n<\/p>\n<p>\n<q>mais de um ter\u00e7o do lixo gerado no mundo at\u00e9 2050<\/q> Ibid.\n<\/p>\n<\/li>\n<li>\n<p>\n<q>Estima-se que 1% da popula\u00e7\u00e3o urbana trabalhe informalmente na gest\u00e3o de desperd\u00edcios<\/q> Medina, M., <cite>\u2018Scrap and trade: scavenging myths\u2019<\/cite>, <span class=\"book\">Our World<\/span>, 15 de Mar\u00e7o de 2010, <a href=\"https:\/\/ourworld.unu.edu\/en\/scavenging-from-waste\" target=\"_blank\" rel=\"noopener\">https:\/\/ourworld.unu.edu\/en\/scavenging-from-waste<\/a>.\n<\/p>\n<p>\n<q>Nas regi\u00f5es em r\u00e1pido crescimento\u2026 mais de dois ter\u00e7os do lixo<\/q> Kaza <em>et al<\/em>., <cite><span class=\"book\">What a Waste 2.0<\/span><\/cite>.\n<\/p>\n<\/li>\n<li>\n<p>\n<q>s\u00e3o gerados 269 milh\u00f5es de toneladas de pl\u00e1stico oriundo dos res\u00edduos s\u00f3lidos municipais<\/q> Ibid.; Kaza <em>et al<\/em>., <cite><span class=\"book\">More Growth, Less Garbage<\/span><\/cite>.\n<\/p>\n<p>\n<q>espera-se que este valor quase triplique<\/q> PEW Charitable Trusts and SystemIQ, <cite><span class=\"book\">Breaking the Plastic Wave: A Comprehensive Assessment of Pathways towards Stopping Ocean Plastic Pollution<\/span><\/cite>, 2020, <a href=\"https:\/\/www.systemiq.earth\/breakingtheplasticwav\" target=\"_blank\" rel=\"noopener\">https:\/\/www.systemiq.earth\/breakingtheplasticwav<\/a>.\n<\/p>\n<p>\n<q>Imagine um cami\u00e3o do lixo cheio de garrafas de pl\u00e1stico<\/q> World Economic Forum, <cite><span class=\"book\">The New Plastics Economy: Rethinking the Future of Plastics<\/span><\/cite>, de Janeiro de 2016, <a href=\"https:\/\/www3.weforum.org\/docs\/WEF_The_New_Plastics_Economy.pdf\" target=\"_blank\" rel=\"noopener\">https:\/\/www3.weforum.org\/docs\/WEF_The_New_Plastics_Economy.pdf<\/a>.\n<\/p>\n<p>\n<q>80% do pl\u00e1stico que se deposita nos oceanos<\/q> Ocean Conservancy and McKinsey Center for Business and Environment, <cite><span class=\"book\">Stemming the Tide: Land-based Strategies for a Plastic-free Ocean<\/span><\/cite>, de Setembro de 2015, <a href=\"https:\/\/tinyurl.com\/33z9p2eu; and Statement of Accountability: https:\/\/oceanconservancy.org\/trash-free-seas\/take-deep-dive\/stemming-the-tide\/\" target=\"_blank\" rel=\"noopener\">https:\/\/tinyurl.com\/33z9p2eu; and Statement of Accountability: https:\/\/oceanconservancy.org\/trash-free-seas\/take-deep-dive\/stemming-the-tide\/<\/a>.\n<\/p>\n<p>\n<q>os 150 milh\u00f5es de toneladas de pl\u00e1stico\u2026 quadruplicar\u00e1<\/q> PEW Charitable Trusts and SystemIQ, <cite><span class=\"book\">Breaking the Plastic Wave<\/span><\/cite>\n<\/p>\n<\/li>\n<li>\n<p>\n<q>as melhorias levadas a cabo nos pa\u00edses com rendimentos elevados n\u00e3o \u00e9 suficiente<\/q> Banco Mundial, <cite><span class=\"book\">Bridging the Gap in Solid Waste Management: Governance Requirements for Results<\/span><\/cite>, 15 de Julho de 2021, <a href=\"https:\/\/openknowledge.worldbank.org\/handle\/10986\/35703\" target=\"_blank\" rel=\"noopener\">https:\/\/openknowledge.worldbank.org\/handle\/10986\/35703<\/a>.\n<\/p>\n<\/li>\n<\/ol>\n<\/div>\n","protected":false},"excerpt":{"rendered":"<p>Silpa Kaza Todas as fontes online foram acedidas no dia 25 de Novembro de 2021 a gest\u00e3o de res\u00edduos s\u00f3lidos \u00e9 uma das tr\u00eas principais fontes Kaza, S., et al., What a Waste 2.0: A Global Snapshot of Solid Waste Management to 2050, Banco Mundial, 20 de Setembro de 2018, https:\/\/openknowledge.worldbank.org\/handle\/10986\/30317; Clean air Coalition and&hellip;<\/p>\n","protected":false},"author":5,"featured_media":0,"parent":1022,"menu_order":21,"comment_status":"closed","ping_status":"closed","template":"page-essay.php","meta":{"footnotes":""},"class_list":["post-1043","page","type-page","status-publish","hentry"],"_links":{"self":[{"href":"https:\/\/theclimatebook.org\/pt-pt\/wp-json\/wp\/v2\/pages\/1043","targetHints":{"allow":["GET"]}}],"collection":[{"href":"https:\/\/theclimatebook.org\/pt-pt\/wp-json\/wp\/v2\/pages"}],"about":[{"href":"https:\/\/theclimatebook.org\/pt-pt\/wp-json\/wp\/v2\/types\/page"}],"author":[{"embeddable":true,"href":"https:\/\/theclimatebook.org\/pt-pt\/wp-json\/wp\/v2\/users\/5"}],"replies":[{"embeddable":true,"href":"https:\/\/theclimatebook.org\/pt-pt\/wp-json\/wp\/v2\/comments?post=1043"}],"version-history":[{"count":0,"href":"https:\/\/theclimatebook.org\/pt-pt\/wp-json\/wp\/v2\/pages\/1043\/revisions"}],"up":[{"embeddable":true,"href":"https:\/\/theclimatebook.org\/pt-pt\/wp-json\/wp\/v2\/pages\/1022"}],"wp:attachment":[{"href":"https:\/\/theclimatebook.org\/pt-pt\/wp-json\/wp\/v2\/media?parent=1043"}],"curies":[{"name":"wp","href":"https:\/\/api.w.org\/{rel}","templated":true}]}}