{"id":1042,"date":"2022-09-15T21:33:44","date_gmt":"2022-09-15T21:33:44","guid":{"rendered":"https:\/\/theclimatebook.org\/notas-finais\/que-medidas-tomamos\/4-19-o-custo-do-consumismo\/"},"modified":"2022-09-15T21:33:44","modified_gmt":"2022-09-15T21:33:44","slug":"4-19-o-custo-do-consumismo","status":"publish","type":"page","link":"https:\/\/theclimatebook.org\/pt-pt\/notas-finais\/que-medidas-tomamos\/4-19-o-custo-do-consumismo\/","title":{"rendered":"4.19 O Custo do Consumismo"},"content":{"rendered":"<div class=\"notes\">\n<p class=\"author\"><a href=\"\/contributors#annie-lowrey\" rel=\"author\">Annie Lowrey<\/a><\/p>\n<p class=\"date\">Todas as fontes online foram acedidas no dia <time datetime=\"2022-03-04\">4 de Mar\u00e7o de 2022<\/time><\/p>\n<ol start=\"281\">\n<li>\n<p>\n<q>Um ter\u00e7o de todas as emiss\u00f5es de carbono<\/q> <a href=\"https:\/\/www.theguardian.com\/environment\/2019\/oct\/09\/revealed-20-firms-third-carbon-emissions\" target=\"_blank\" rel=\"noopener\">https:\/\/www.theguardian.com\/environment\/2019\/oct\/09\/revealed-20-firms-third-carbon-emissions<\/a>.\n<\/p>\n<\/li>\n<li>\n<p>\n<q>Mais de 60%&#8230; adv\u00eam de exig\u00eancias dom\u00e9sticas<\/q> Ivanova, D., <em>et al<\/em>., <cite>\u2018Environmental impact assessment of household consumption\u2019<\/cite>, <span class=\"book\">Journal of Industrial Ecology<\/span>, 20 (3), 2016: 526\u201336, <a href=\"https:\/\/doi.org\/10.1111\/jiec.12371\" target=\"_blank\" rel=\"noopener\">https:\/\/doi.org\/10.1111\/jiec.12371<\/a>.\n<\/p>\n<p>\n<q>S\u00e3o os ricos dos pa\u00edses ricos que t\u00eam a maior responsabilidade<\/q> Wiedmann, T., <em>et al<\/em>., <cite>\u2018Scientists\u2019 warning on affluence\u2019<\/cite>, <span class=\"book\">Nature Communications<\/span>, 11, 2020: Article 3107, <a href=\"https:\/\/doi.org\/10.1038\/s41467-020-16941-y\" target=\"_blank\" rel=\"noopener\">https:\/\/doi.org\/10.1038\/s41467-020-16941-y<\/a>.\n<\/p>\n<p>\n<q>Um americano t\u00edpico \u00e9 respons\u00e1vel\u2026 por dez vezes mais emiss\u00f5es <\/q> Chancel, L., and Piketty, T., Chancel, L., and Piketty, T., <cite><span class=\"book\">Carbon and Inequality: From Kyoto to Paris. Trends in the Global Inequality of Carbon Emissions (1998\u20132013) and Prospects for an Equitable Adaptation Fund<\/span><\/cite>, Paris School of Economics working paper, 3 de Novembro de 2015, <a href=\"http:\/\/piketty.pse.ens.fr\/files\/ChancelPiketty2015.pdf\" target=\"_blank\" rel=\"noopener\">http:\/\/piketty.pse.ens.fr\/files\/ChancelPiketty2015.pdf<\/a>.\n<\/p>\n<p>\n<q>Uma casa americana alberga, em m\u00e9dia, 300 mil artigos individuais<\/q> Springer, S., <cite>\u2018Why is it so hard to stop buying more stuff?\u2019<\/cite>, <span class=\"book\">Boston Globe<\/span>, 18 de Maio de 2017, <a href=\"https:\/\/www.bostonglobe.com\/magazine\/2017\/05\/18\/why-hard-stop-buying-more-stuff\/TikBKa6hUCSN2UkKoSBSeL\/story.html\" target=\"_blank\" rel=\"noopener\">https:\/\/www.bostonglobe.com\/magazine\/2017\/05\/18\/why-hard-stop-buying-more-stuff\/TikBKa6hUCSN2UkKoSBSeL\/story.html<\/a>.\n<\/p>\n<\/li>\n<li>\n<p>\n<q>assoberbou o efeito ben\u00e9fico dos ve\u00edculos el\u00e9tricos<\/q> Cozzi, L., and Petropoulos, A., <cite>\u2018Growing preference for SUVs challenges emissions reductions in passenger car market\u2019<\/cite>, Ag\u00eancia Internacional de Energia, 15 de Outubro de 2019, <a href=\"https:\/\/www.iea.org\/commentaries\/growing-preference-for-suvs-challenges-emissions-reductions-in-passenger-car-market\" target=\"_blank\" rel=\"noopener\">https:\/\/www.iea.org\/commentaries\/growing-preference-for-suvs-challenges-emissions-reductions-in-passenger-car-market<\/a>.\n<\/p>\n<\/li>\n<\/ol>\n<\/div>\n","protected":false},"excerpt":{"rendered":"<p>Annie Lowrey Todas as fontes online foram acedidas no dia 4 de Mar\u00e7o de 2022 Um ter\u00e7o de todas as emiss\u00f5es de carbono https:\/\/www.theguardian.com\/environment\/2019\/oct\/09\/revealed-20-firms-third-carbon-emissions. Mais de 60%&#8230; adv\u00eam de exig\u00eancias dom\u00e9sticas Ivanova, D., et al., \u2018Environmental impact assessment of household consumption\u2019, Journal of Industrial Ecology, 20 (3), 2016: 526\u201336, https:\/\/doi.org\/10.1111\/jiec.12371. S\u00e3o os ricos dos pa\u00edses&hellip;<\/p>\n","protected":false},"author":5,"featured_media":0,"parent":1022,"menu_order":19,"comment_status":"closed","ping_status":"closed","template":"page-essay.php","meta":{"footnotes":""},"class_list":["post-1042","page","type-page","status-publish","hentry"],"_links":{"self":[{"href":"https:\/\/theclimatebook.org\/pt-pt\/wp-json\/wp\/v2\/pages\/1042","targetHints":{"allow":["GET"]}}],"collection":[{"href":"https:\/\/theclimatebook.org\/pt-pt\/wp-json\/wp\/v2\/pages"}],"about":[{"href":"https:\/\/theclimatebook.org\/pt-pt\/wp-json\/wp\/v2\/types\/page"}],"author":[{"embeddable":true,"href":"https:\/\/theclimatebook.org\/pt-pt\/wp-json\/wp\/v2\/users\/5"}],"replies":[{"embeddable":true,"href":"https:\/\/theclimatebook.org\/pt-pt\/wp-json\/wp\/v2\/comments?post=1042"}],"version-history":[{"count":0,"href":"https:\/\/theclimatebook.org\/pt-pt\/wp-json\/wp\/v2\/pages\/1042\/revisions"}],"up":[{"embeddable":true,"href":"https:\/\/theclimatebook.org\/pt-pt\/wp-json\/wp\/v2\/pages\/1022"}],"wp:attachment":[{"href":"https:\/\/theclimatebook.org\/pt-pt\/wp-json\/wp\/v2\/media?parent=1042"}],"curies":[{"name":"wp","href":"https:\/\/api.w.org\/{rel}","templated":true}]}}