{"id":1041,"date":"2022-09-15T21:23:40","date_gmt":"2022-09-15T21:23:40","guid":{"rendered":"https:\/\/theclimatebook.org\/notas-finais\/que-medidas-tomamos\/4-18-continuam-a-dizer-uma-coisa-e-a-fazer-outra\/"},"modified":"2022-11-15T16:32:39","modified_gmt":"2022-11-15T16:32:39","slug":"4-18-continuam-a-dizer-uma-coisa-e-a-fazer-outra","status":"publish","type":"page","link":"https:\/\/theclimatebook.org\/pt-pt\/notas-finais\/que-medidas-tomamos\/4-18-continuam-a-dizer-uma-coisa-e-a-fazer-outra\/","title":{"rendered":"4.18 Continuam a dizer uma coisa e a fazer outra"},"content":{"rendered":"<div class=\"notes\">\n<p class=\"author\"><a href=\"\/contributors#greta-thunberg\" rel=\"author\">Greta Thunberg<\/a><\/p>\n<p class=\"date\">All online sources accessed <time datetime=\"2022-03\">de Mar\u00e7o de 2022<\/time><\/p>\n<ol start=\"280\">\n<li>\n<p>\n<q>poder\u00e1 obrigar at\u00e9 1,2 mil milh\u00f5es de pessoas a fugirem dos seus lares<\/q>, <a href=\"https:\/\/www.visionofhumanity.org\/wp-content\/uploads\/2020\/10\/ETR_2020_web-1.pdf\" rel=\"noopener\" target=\"_blank\">https:\/\/www.visionofhumanity.org\/wp-content\/uploads\/2020\/10\/ETR_2020_web-1.pdf<\/a>.\n<\/p>\n<p>\n<q>n\u00fameros com frequ\u00eancia ignorados ou subestimados<\/q>, <a href=\"https:\/\/www.washingtonpost.com\/climate-environment\/interactive\/2021\/greenhouse-gas-emissions-pledges-data\/\" rel=\"noopener\" target=\"_blank\">https:\/\/www.washingtonpost.com\/climate-environment\/interactive\/2021\/greenhouse-gas-emissions-pledges-data\/; <\/a>, <a href=\"https:\/\/www.nytimes.com\/2021\/02\/02\/climate\/cities-greenhouse-gas-emissions.html\" rel=\"noopener\" target=\"_blank\">https:\/\/www.nytimes.com\/2021\/02\/02\/climate\/cities-greenhouse-gas-emissions.html<\/a>.\n<\/p>\n<p>\n<q>embora estejamos a caminho dos 3,2\u00b0C<\/q> Painel Intergovernamental sobre as Altera\u00e7\u00f5es Clim\u00e1ticas, <cite><span class=\"book\">Climate Change 2022: Mitigation of Climate Change. Working Group III Contribution to the Sixth Assessment Report of the Painel Intergovernamental sobre as Altera\u00e7\u00f5es Clim\u00e1ticas<\/span><\/cite>, ed. P. R. Shukla, <em>et al<\/em>. (Cambridge: Cambridge University Press, no prelo), <a href=\"https:\/\/www.ipcc.ch\/report\/ar6\/wg3\/\" rel=\"noopener\" target=\"_blank\">https:\/\/www.ipcc.ch\/report\/ar6\/wg3\/<\/a>.\n<\/p>\n<\/li>\n<\/ol>\n<\/div>\n","protected":false},"excerpt":{"rendered":"<p>Greta Thunberg All online sources accessed de Mar\u00e7o de 2022 poder\u00e1 obrigar at\u00e9 1,2 mil milh\u00f5es de pessoas a fugirem dos seus lares, https:\/\/www.visionofhumanity.org\/wp-content\/uploads\/2020\/10\/ETR_2020_web-1.pdf. n\u00fameros com frequ\u00eancia ignorados ou subestimados, https:\/\/www.washingtonpost.com\/climate-environment\/interactive\/2021\/greenhouse-gas-emissions-pledges-data\/; , https:\/\/www.nytimes.com\/2021\/02\/02\/climate\/cities-greenhouse-gas-emissions.html. embora estejamos a caminho dos 3,2\u00b0C Painel Intergovernamental sobre as Altera\u00e7\u00f5es Clim\u00e1ticas, Climate Change 2022: Mitigation of Climate Change. Working Group III&hellip;<\/p>\n","protected":false},"author":5,"featured_media":0,"parent":1022,"menu_order":18,"comment_status":"closed","ping_status":"closed","template":"page-essay.php","meta":{"footnotes":""},"class_list":["post-1041","page","type-page","status-publish","hentry"],"_links":{"self":[{"href":"https:\/\/theclimatebook.org\/pt-pt\/wp-json\/wp\/v2\/pages\/1041","targetHints":{"allow":["GET"]}}],"collection":[{"href":"https:\/\/theclimatebook.org\/pt-pt\/wp-json\/wp\/v2\/pages"}],"about":[{"href":"https:\/\/theclimatebook.org\/pt-pt\/wp-json\/wp\/v2\/types\/page"}],"author":[{"embeddable":true,"href":"https:\/\/theclimatebook.org\/pt-pt\/wp-json\/wp\/v2\/users\/5"}],"replies":[{"embeddable":true,"href":"https:\/\/theclimatebook.org\/pt-pt\/wp-json\/wp\/v2\/comments?post=1041"}],"version-history":[{"count":0,"href":"https:\/\/theclimatebook.org\/pt-pt\/wp-json\/wp\/v2\/pages\/1041\/revisions"}],"up":[{"embeddable":true,"href":"https:\/\/theclimatebook.org\/pt-pt\/wp-json\/wp\/v2\/pages\/1022"}],"wp:attachment":[{"href":"https:\/\/theclimatebook.org\/pt-pt\/wp-json\/wp\/v2\/media?parent=1041"}],"curies":[{"name":"wp","href":"https:\/\/api.w.org\/{rel}","templated":true}]}}