{"id":1040,"date":"2022-09-15T21:08:53","date_gmt":"2022-09-15T21:08:53","guid":{"rendered":"https:\/\/theclimatebook.org\/notas-finais\/que-medidas-tomamos\/4-17-o-futuro-e-eletrico\/"},"modified":"2022-11-24T15:16:52","modified_gmt":"2022-11-24T15:16:52","slug":"4-17-o-futuro-e-eletrico","status":"publish","type":"page","link":"https:\/\/theclimatebook.org\/pt-pt\/notas-finais\/que-medidas-tomamos\/4-17-o-futuro-e-eletrico\/","title":{"rendered":"4.17 O Futuro \u00c9 El\u00e9trico?"},"content":{"rendered":"<div class=\"notes\">\n<p class=\"author\"><a href=\"\/contributors#jillian-anable\" rel=\"author\">Jillian Anable<\/a> e <a href=\"\/contributors#christian-brand\" rel=\"author\"> Christian Brand<\/a><\/p>\n<p class=\"date\">Todas as fontes online foram acedidas no dia <time datetime=\"2022-03-01\">1 de Mar\u00e7o de 2022<\/time><\/p>\n<ol start=\"271\">\n<li>\n<p>\n<q>Estima-se que, a n\u00edvel mundial, a atividade total do sector dos transportes aumente para o dobro<\/q> International Transport Forum, <cite>\u2018Executive Summary\u2019<\/cite>, <span class=\"book\">ITF Transport Outlook 2021<\/span> , 17 de Maio de 2021, <a href=\"https:\/\/www.itf-oecd.org\/itf-transport-outlook-2021\" target=\"_blank\" rel=\"noopener\">https:\/\/www.itf-oecd.org\/itf-transport-outlook-2021<\/a>.\n<\/p>\n<p>\n<q>n\u00e3o ser\u00e1 poss\u00edvel atingir os objetivos de descarboniza\u00e7\u00e3o do Acordo de Paris<\/q> Ibid.\n<\/p>\n<p>\n<q>Autom\u00f3veis, carrinhas e autocarros costumam manter-se em<br \/>\nfuncionamento<br \/>\n<\/q> Keith, D. R., <em>et al<\/em>., <cite>\u2018Vehicle fleet turnover and the future of fuel economy\u2019<\/cite>, <span class=\"book\">Environmental Research Letters<\/span>, 14 (2), 2019: Article 021001, <a href=\"https:\/\/doi.org\/10.1088\/1748-9326\/aaf4d2\" target=\"_blank\" rel=\"noopener\">https:\/\/doi.org\/10.1088\/1748-9326\/aaf4d2<\/a>.\n<\/p>\n<p>\n<q>decr\u00e9scimo das emiss\u00f5es de CO2 oriundas dos autom\u00f3veis de \u201capenas\u201d 14% <\/q> Ag\u00eancia Internacional de Energia, <cite>\u2018Transport sector CO<sub>2<\/sub> emissions by mode in the sustainable development scenario, 2000\u20132030\u2019<\/cite>, 5 de Janeiro de 2022, <a href=\"https:\/\/www.iea.org\/data-and-statistics\/charts\/transport-sector-co2-emissions-by-mode-in-the-sustainable-development-scenario-2000-2030\" target=\"_blank\" rel=\"noopener\">https:\/\/www.iea.org\/data-and-statistics\/charts\/transport-sector-co2-emissions-by-mode-in-the-sustainable-development-scenario-2000-2030<\/a>.\n<\/p>\n<\/li>\n<li>\n<p>\n<q>o aumento do peso e da pot\u00eancia dos ve\u00edculos\u2026 reduzir a taxa de melhorias de efic\u00e1cia no sector autom\u00f3vel<\/q> Ag\u00eancia Internacional de Energia, <span class=\"book\">Vehicle Fuel Economy in Major Markets 2005\u20132019<\/span>, Global Fuel Economy Initiative working paper, de Novembro de 2021, <a href=\"https:\/\/www.globalfueleconomy.org\/data-and-research\/publications\/gfei-working-paper-22\" target=\"_blank\" rel=\"noopener\">https:\/\/www.globalfueleconomy.org\/data-and-research\/publications\/gfei-working-paper-22<\/a>.\n<\/p>\n<p>\n<q>45% da totalidade das vendas mundiais no segmento dos utilit\u00e1rios<\/q> \u2018In 2021, SUVs accounted for more than 45% of global car sales \u2013 setting a new record in terms of both volume and market share.\u2019 (Source: <a href=\"https:\/\/www.iea.org\/commentaries\/global-suv-sales-set-another-record-in-2021-setting-back-efforts-to-reduce-emissions\" rel=\"noopener\" target=\"_blank\">https:\/\/www.iea.org\/commentaries\/global-suv-sales-set-another-record-in-2021-setting-back-efforts-to-reduce-emissions<\/a>)\n<\/p>\n<p>\n<q>o que impediu at\u00e9 40% das melhorias poss\u00edveis na economia dos<br \/>\ncombust\u00edveis<\/q> Global Fuel Economy Initiative, <cite>\u2018Vehicle efficiency improvements vastly insufficient to achieve Paris goals says new GFEI report in urgent call for policy action\u2019<\/cite>, 4 de Novembro de 2021, <a href=\"https:\/\/www.globalfueleconomy.org\/blog\/2021\/november\/vehicle-efficiency-improvements-vastly-insufficient-to-achieve-paris-goals-says-new-gfei-report-in-urgent-call-for-policy-action\" target=\"_blank\" rel=\"noopener\">https:\/\/www.globalfueleconomy.org\/blog\/2021\/november\/vehicle-efficiency-improvements-vastly-insufficient-to-achieve-paris-goals-says-new-gfei-report-in-urgent-call-for-policy-action<\/a>.\n<\/p>\n<p>\n<q>uma queda de emiss\u00f5es de carbono em 2020 em todas as categorias<br \/>\ne tipos de autom\u00f3veis, exceto os SUV<\/q> Cozzi, L., and Petropoulos, A., <cite>\u2018Carbon emissions fell across all sectors in 2020 except for one \u2013 SUVs \u2013 analysis\u2019<\/cite>, Ag\u00eancia Internacional de Energia, 15 de Janeiro de 2021, <a href=\"https:\/\/www.iea.org\/commentaries\/carbon-emissions-fell-across-all-sectors-in-2020-except-for-one-suvs\" target=\"_blank\" rel=\"noopener\">https:\/\/www.iea.org\/commentaries\/carbon-emissions-fell-across-all-sectors-in-2020-except-for-one-suvs<\/a>.\n<\/p>\n<p>\n<q>Os Estados Unidos\u2026 cr\u00e9ditos de emiss\u00f5es<\/q> United States Environment and Protection Agency, <cite>\u2018Highlights of the automotive trends report\u2019<\/cite>, 19 de Novembro de 2019, <a href=\"https:\/\/www.epa.gov\/automotive-trends\/highlights-automotive-trends-report\" target=\"_blank\" rel=\"noopener\">https:\/\/www.epa.gov\/automotive-trends\/highlights-automotive-trends-report<\/a>.\n<\/p>\n<p>\n<q>autom\u00f3veis h\u00edbridos plug-in\u2026 cerca de um ter\u00e7o da venda global de utilit\u00e1rios SUV<\/q> \u2018plug-in hybrid electric cars made up about a fifth of global EV sales in 2021\u2019 <a href=\"https:\/\/www.iea.org\/data-and-statistics\/charts\/electric-car-registrations-and-sales-share-in-china-united-states-europe-and-other-regions-2016-2021\" rel=\"noopener\" target=\"_blank\">https:\/\/www.iea.org\/data-and-statistics\/charts\/electric-car-registrations-and-sales-share-in-china-united-states-europe-and-other-regions-2016-2021<\/a>, based on data underpinning the Figure \u2018Electric car registrations and sales share in China, United States, Europe and other regions, 2016-2021\u2019.\n<\/p>\n<p>\n<q>Um dos m\u00e9todos mais r\u00e1pidos, f\u00e1ceis e eficazes<\/q> Boyle, D. <em>et al<\/em>., <cite><span class=\"book\">Smoking out the Climate: Lessons from the Advertising Ban on Tobacco for Tackling the Climate Emergency<\/span><\/cite>, Badvertising, de Augosto de 2020, <a href=\"https:\/\/static1.squarespace.com\/static\/5ebd0080238e863d04911b51\/t\/5f1fe08099156872c6ca1e59\/1595924618033\/Smoking+Out+The+Climate+FINAL.pdf\" target=\"_blank\" rel=\"noopener\">https:\/\/static1.squarespace.com\/static\/5ebd0080238e863d04911b51\/t\/5f1fe08099156872c6ca1e59\/1595924618033\/Smoking+Out+The+Climate+FINAL.pdf<\/a>.\n<\/p>\n<p>\n<q>podia reduzir progressivamente\u2026 cerca de 100 milh\u00f5es de toneladas de<\/q> Gross, R., <em>et al<\/em>., <cite><span class=\"book\">Review of Energy Policy<\/span><\/cite>, United Kingdom Energy Research Centre, de Dezembro de 2020, <a href=\"https:\/\/ukerc.ac.uk\/publications\/review-of-energy-policy-2020\/\" target=\"_blank\" rel=\"noopener\">https:\/\/ukerc.ac.uk\/publications\/review-of-energy-policy-2020\/<\/a>.\n<\/p>\n<p>\n<q>o aumento do n\u00famero de indiv\u00edduos obrigados a deslocarem-se num autom\u00f3vel<\/q> Mattioli, G., <cite>\u2018Transport poverty and car dependence: a European perspective\u2019<\/cite>, in Pereira, R. H. M., and Boisjoly, G., eds., <span class=\"book\">Advances in Transport Policy and Planning: Social Issues in Transport Planning<\/span> (London: Academic Press, 2021), 101\u201333, <a href=\"https:\/\/doi.org\/10.1016\/bs.atpp.2021.06.004\" target=\"_blank\" rel=\"noopener\">https:\/\/doi.org\/10.1016\/bs.atpp.2021.06.004<\/a>.\n<\/p>\n<\/li>\n<li>\n<p>\n<q>Impor um limite de 130 km\/h\u2026 nas autoestradas<\/q> Umweltbundesamt, <cite>\u2018Speed limits on motorways clearly cut down CO<sub>2<\/sub> emissions\u2019<\/cite>, 18 de Mar\u00e7o de 2020, <a href=\"https:\/\/www.umweltbundesamt.de\/en\/press\/pressinformation\/speed-limits-on-motorways-clearly-cut-down-co2\" target=\"_blank\" rel=\"noopener\">https:\/\/www.umweltbundesamt.de\/en\/press\/pressinformation\/speed-limits-on-motorways-clearly-cut-down-co2<\/a>.\n<\/p>\n<p>\n<q>\u00c9 mais carbono do que a totalidade das emiss\u00f5es anuais do conjunto dos sessenta pa\u00edses menos emissores<\/q> Global Carbon Atlas, <cite>\u2018CO<sub>2<\/sub> emissions\u2019<\/cite>, 2018, <a href=\"www.globalcarbonatlas.org\/en\/CO2-emissions\" target=\"_blank\" rel=\"noopener\">www.globalcarbonatlas.org\/en\/CO2-emissions<\/a>.\n<\/p>\n<p>\n<q>Baixar o limite de velocidade para os 100 km\/h<\/q> Umweltbundesamt, <cite>\u2018Speed limits on motorways clearly cut down CO<sub>2<\/sub> emissions\u2019<\/cite>.\n<\/p>\n<p>\n<q>59% das viagens de autom\u00f3vel s\u00e3o desloca\u00e7\u00f5es de menos de 8 quil\u00f3metros<\/q> Department for Transport, <cite>\u2018National travel survey: 2020\u2019<\/cite>, 22 de Setembro de 2021, <a href=\"https:\/\/www.gov.uk\/government\/statistics\/national-travel-survey-2020\/national-travel-survey-2020\" target=\"_blank\" rel=\"noopener\">https:\/\/www.gov.uk\/government\/statistics\/national-travel-survey-2020\/national-travel-survey-2020<\/a>.\n<\/p>\n<p>\n<q>Andar a p\u00e9 ou de bicicleta, el\u00e9trica ou n\u00e3o\u2026 pode reduzir as emiss\u00f5es<\/q> Brand, C., <em>et al<\/em>., <cite>\u2018The climate change mitigation impacts of active travel: evidence from a longitudinal panel study in seven European cities\u2019<\/cite>, <span class=\"book\">Global Environmental Change<\/span>, 67, 2021: Article 102224, <a href=\"https:\/\/doi.org\/10.1016\/j.gloenvcha.2021.102224\" target=\"_blank\" rel=\"noopener\">https:\/\/doi.org\/10.1016\/j.gloenvcha.2021.102224<\/a>.\n<\/p>\n<p>\n<q>novas formas de micromobilidade el\u00e9trica mais leves<\/q> Ebenezer, N., <em>et al<\/em>., <cite><span class=\"book\">Electromobility in the Global South: An Equitable Transition toward Road Passenger Transport Decarbonization<\/span><\/cite>, Sustainable Mobility for All Partnership and Climate Compatible Growth Programme, <a href=\"https:\/\/www.sum4all.org\/data\/files\/electromobility_in_the_global_south_an_equitable_transition_toward_road_passenger_transport_decarbonization.pdf\" target=\"_blank\" rel=\"noopener\">https:\/\/www.sum4all.org\/data\/files\/electromobility_in_the_global_south_an_equitable_transition_toward_road_passenger_transport_decarbonization.pdf<\/a>.\n<\/p>\n<p>\n<q>os autocarros t\u00eam-se revelado\u2026 transi\u00e7\u00e3o para tecnologia de baterias<\/q> Facts &#038; Factors, <cite>\u2018Global electric bus market share grow at 25% CAGR, to exceed 600 thousand units sales by 2026, according to Facts &#038; Factors\u2019<\/cite>, GlobeNewswire, 25 de Junho de 2021, <a href=\"https:\/\/www.globenewswire.com\/news-release\/2021\/06\/25\/2253218\/0\/en\/Global-Electric-Bus-Market-Share-Grow-at-25-CAGR-to-Exceed-600-Thousand-Units-Sales-by-2026-According-to-Facts-Factors.html\" target=\"_blank\" rel=\"noopener\">https:\/\/www.globenewswire.com\/news-release\/2021\/06\/25\/2253218\/0\/en\/Global-Electric-Bus-Market-Share-Grow-at-25-CAGR-to-Exceed-600-Thousand-Units-Sales-by-2026-According-to-Facts-Factors.html<\/a>.\n<\/p>\n<\/li>\n<li>\n<p>\n<q>um aumento de viagens em rela\u00e7\u00e3o aos\u2026 utilizadores de bicicleta<\/q> Figg, H., <cite>\u2018Free passenger transport \u2013 exploring the benefits and disadvantages\u2019<\/cite>, Eltis, 2 de Junho de 2021, <a href=\"https:\/\/www.eltis.org\/resources\/case-studies\/free-passenger-transport-exploring-benefits-and-disadvantages\" target=\"_blank\" rel=\"noopener\">https:\/\/www.eltis.org\/resources\/case-studies\/free-passenger-transport-exploring-benefits-and-disadvantages<\/a>.\n<\/p>\n<p>\n<q>pol\u00edticas de restri\u00e7\u00e3o rodovi\u00e1ria foram essenciais para a Holanda<\/q> Bruno, M., <em>et al<\/em>., <cite>\u2018Mobility protests in the Netherlands of the 1970s: activism, innovation, and transitions\u2019<\/cite>, <span class=\"book\">Environmental Innovation and Societal Transitions<\/span>, 40, 2021: 521\u201335, <a href=\"https:\/\/doi.org\/10.1016\/j.eist.2021.10.001\" target=\"_blank\" rel=\"noopener\">https:\/\/doi.org\/10.1016\/j.eist.2021.10.001<\/a>.\n<\/p>\n<p>\n<q>as emiss\u00f5es de carbono per capita oriundas do transporte individual nos Pa\u00edses Baixos<\/q> Calculation of average per capita carbon emissions based on data from European Environment Agency, <cite>\u2018EEA greenhouse gases: data viewer\u2019<\/cite>, <a href=\"https:\/\/www.eea.europa.eu\/data-and-maps\/data\/data-viewers\/greenhouse-gases-viewer\" target=\"_blank\" rel=\"noopener\">https:\/\/www.eea.europa.eu\/data-and-maps\/data\/data-viewers\/greenhouse-gases-viewer<\/a>.\n<\/p>\n<p>\n<q>a quilometragem total de cada carro ter\u00e1 de diminuir.<\/q> Hopkinson, L., <em>et al<\/em>., <cite>\u2018Radical transport policy two-pager #10. The last chance saloon: we need to cut car mileage by at least 20 per cent\u2019<\/cite>, Transport for Quality of Life, de Dezembro de 2021, <a href=\"https:\/\/www.transportforqualityoflife.com\/u\/files\/211214 per cent20The per cent20last per cent20chance per cent20saloon per cent20to per cent20cut per cent20car per cent20mileage.pdf\" target=\"_blank\" rel=\"noopener\">https:\/\/www.transportforqualityoflife.com\/u\/files\/211214 per cent20The per cent20last per cent20chance per cent20saloon per cent20to per cent20cut per cent20car per cent20mileage.pdf<\/a>.\n<\/p>\n<p>\n<q>pol\u00edticas\u2026 para criar \u201cbairros de quinze ou vinte minutos\u201d<\/q> Pozoukidou, G., and Chatziyiannaki, Z., <cite>\u201815-minute city: decomposing the new urban planning eutopia\u2019<\/cite>, <span class=\"book\">Sustainability<\/span>, 13 (2), 2021: Article 928, <a href=\"https:\/\/doi.org\/10.3390\/su13020928\" target=\"_blank\" rel=\"noopener\">https:\/\/doi.org\/10.3390\/su13020928<\/a>.\n<\/p>\n<p>\n<q>a pandemia da Covid-19 acelerou as tend\u00eancias de prefer\u00eancia de reuni\u00f5es por videoconfer\u00eancia<\/q> Skiles, M., <em>et al<\/em>., <cite>\u2018Conference demographics and footprint changed by virtual platforms\u2019<\/cite>, <span class=\"book\">Nature Sustainability<\/span>, 5 (2), 2022: 149\u201356, <a href=\"https:\/\/doi.org\/10.1038\/s41893-021-00823-2\" rel=\"noopener\" target=\"_blank\">https:\/\/doi.org\/10.1038\/s41893-021-00823-2<\/a>.\n<\/p>\n<\/li>\n<li>\n<p>\n<q>apenas 11% da popula\u00e7\u00e3o&#8230; \u00e9 respons\u00e1vel por quase 44% da quilometragem total dos autom\u00f3veis <\/q> Cass, N., <em>et al<\/em>., <cite><span class=\"book\">Curbing Excess: High Energy Consumption and the Fair Energy Transition, Centre for Research into Energy Demand Solutions<\/span><\/cite>, de Fevereiro de 2020, <a href=\"https:\/\/www.creds.ac.uk\/wp-content\/uploads\/CREDS-curbing-excess-Feb2022.pdf\" target=\"_blank\" rel=\"noopener\">https:\/\/www.creds.ac.uk\/wp-content\/uploads\/CREDS-curbing-excess-Feb2022.pdf<\/a>.\n<\/p>\n<p>\n<q>Cerca de 80%&#8230; nunca viajou de avi\u00e3o<\/q> Hopkinson, L., and Cairns, S., <cite><span class=\"book\">Elite Status: Global Inequalities in Flying<\/span><\/cite>, Possible, de Mar\u00e7o de 2021, <a href=\"https:\/\/static1.squarespace.com\/static\/5d30896202a18c0001b49180\/t\/605a0951f9b7543b55bb003b\/1616513362894\/Elite+Status+Global+inequalities+in+flying.pdf\" target=\"_blank\" rel=\"noopener\">https:\/\/static1.squarespace.com\/static\/5d30896202a18c0001b49180\/t\/605a0951f9b7543b55bb003b\/1616513362894\/Elite+Status+Global+inequalities+in+flying.pdf<\/a>.\n<\/p>\n<\/li>\n<\/ol>\n<\/div>\n","protected":false},"excerpt":{"rendered":"<p>Jillian Anable e Christian Brand Todas as fontes online foram acedidas no dia 1 de Mar\u00e7o de 2022 Estima-se que, a n\u00edvel mundial, a atividade total do sector dos transportes aumente para o dobro International Transport Forum, \u2018Executive Summary\u2019, ITF Transport Outlook 2021 , 17 de Maio de 2021, https:\/\/www.itf-oecd.org\/itf-transport-outlook-2021. n\u00e3o ser\u00e1 poss\u00edvel atingir os&hellip;<\/p>\n","protected":false},"author":5,"featured_media":0,"parent":1022,"menu_order":17,"comment_status":"closed","ping_status":"closed","template":"page-essay.php","meta":{"footnotes":""},"class_list":["post-1040","page","type-page","status-publish","hentry"],"_links":{"self":[{"href":"https:\/\/theclimatebook.org\/pt-pt\/wp-json\/wp\/v2\/pages\/1040","targetHints":{"allow":["GET"]}}],"collection":[{"href":"https:\/\/theclimatebook.org\/pt-pt\/wp-json\/wp\/v2\/pages"}],"about":[{"href":"https:\/\/theclimatebook.org\/pt-pt\/wp-json\/wp\/v2\/types\/page"}],"author":[{"embeddable":true,"href":"https:\/\/theclimatebook.org\/pt-pt\/wp-json\/wp\/v2\/users\/5"}],"replies":[{"embeddable":true,"href":"https:\/\/theclimatebook.org\/pt-pt\/wp-json\/wp\/v2\/comments?post=1040"}],"version-history":[{"count":0,"href":"https:\/\/theclimatebook.org\/pt-pt\/wp-json\/wp\/v2\/pages\/1040\/revisions"}],"up":[{"embeddable":true,"href":"https:\/\/theclimatebook.org\/pt-pt\/wp-json\/wp\/v2\/pages\/1022"}],"wp:attachment":[{"href":"https:\/\/theclimatebook.org\/pt-pt\/wp-json\/wp\/v2\/media?parent=1040"}],"curies":[{"name":"wp","href":"https:\/\/api.w.org\/{rel}","templated":true}]}}