{"id":1038,"date":"2022-09-08T15:08:15","date_gmt":"2022-09-08T15:08:15","guid":{"rendered":"https:\/\/theclimatebook.org\/notas-finais\/que-medidas-tomamos\/4-15-o-senao-tecnico\/"},"modified":"2022-09-08T15:08:15","modified_gmt":"2022-09-08T15:08:15","slug":"4-15-o-senao-tecnico","status":"publish","type":"page","link":"https:\/\/theclimatebook.org\/pt-pt\/notas-finais\/que-medidas-tomamos\/4-15-o-senao-tecnico\/","title":{"rendered":"4.15 O Sen\u00e3o T\u00e9cnico"},"content":{"rendered":"<div class=\"notes\">\n<p class=\"author\"><a href=\"\/contributors#ketan-joshi\" rel=\"author\">Ketan Joshi<\/a><\/p>\n<p class=\"date\">Todas as fontes online foram acedidas no dia <time datetime=\"2022-04-13\">13 de Abril de 2022<\/time><\/p>\n<ol start=\"260\">\n<li>\n<p>\n<q>Em 2020\u2026 o sector secund\u00e1rio foi respons\u00e1vel pela produ\u00e7\u00e3o de 8736 megatoneladas<\/q> Ag\u00eancia Internacional de Energia, <cite><span class=\"book\">World Energy Outlook 2021<\/span><\/cite>, de Outubro de 2021, <a href=\"https:\/\/www.iea.org\/reports\/world-energy-outlook-2021\" target=\"_blank\" rel=\"noopener\">https:\/\/www.iea.org\/reports\/world-energy-outlook-2021<\/a>.\n<\/p>\n<p>\n<q>m\u00e9todos como a eletrifica\u00e7\u00e3o dos processos industriais<\/q> Ibid.; Ag\u00eancia Internacional de Energia, <cite><span class=\"book\">Energy Technology Perspectives 2020<\/span><\/cite>, de Setembro de 2020, <a href=\"https:\/\/www.iea.org\/reports\/energy-technology-perspectives-2020\" target=\"_blank\" rel=\"noopener\">https:\/\/www.iea.org\/reports\/energy-technology-perspectives-2020<\/a>.\n<\/p>\n<\/li>\n<li>\n<p>\n<q>o or\u00e7amento nuns estonteantes 1,7 mil milh\u00f5es de coroas norueguesas<\/q> <cite>\u2018Norway scraps \u201cmoon landing\u201d carbon capture project\u2019<\/cite>, <span class=\"book\">Sydney Morning Herald<\/span>, 20 de Setembro de 2013, <a href=\"https:\/\/www.smh.com.au\/business\/the-economy\/norway-scraps-moon-landing-carbon-capture-project-20130921-2u63u.html\" target=\"_blank\" rel=\"noopener\">https:\/\/www.smh.com.au\/business\/the-economy\/norway-scraps-moon-landing-carbon-capture-project-20130921-2u63u.html<\/a>.\n<\/p>\n<\/li>\n<li>\n<p>\n<q>investimento necess\u00e1rio aumentou 912 milh\u00f5es de coroas norueguesas<\/q> Norum, H., <cite>\u2018Milliardsprekk for \u201cLangskip\u201d\u2019<\/cite>, NRK, 8 de Novembro de 2021, <a href=\"https:\/\/www.nrk.no\/norge\/varsler-langskip-sprekk-pa-nesten-1-milliard-1.15721955\" target=\"_blank\" rel=\"noopener\">https:\/\/www.nrk.no\/norge\/varsler-langskip-sprekk-pa-nesten-1-milliard-1.15721955<\/a>.\n<\/p>\n<p>\n<q>\u201cA menos que as partes concordem em prosseguir\u201d<\/q> Ibid.\n<\/p>\n<p>\n<q>a muito atrasada central de CCS das instala\u00e7\u00f5es de res\u00edduos Klemetsrud<\/q> Peters, G., <cite>\u2018Oslo\u2019s climate budget \u2013 leading the way?\u2019<\/cite>, Center for International Climate Research, 30 de Setembro de 2016, <a href=\"https:\/\/cicero.oslo.no\/en\/posts\/news\/oslos-climate-budget-leading-the-way\" target=\"_blank\" rel=\"noopener\">https:\/\/cicero.oslo.no\/en\/posts\/news\/oslos-climate-budget-leading-the-way<\/a>.\n<\/p>\n<\/li>\n<li>\n<p>\n<q>a CCS \u00e9 um fracasso<\/q> Abdulla, A., <em>et al<\/em>., <cite>\u2018Explaining successful and failed investments in U.S. carbon capture and storage using empirical and expert assessments\u2019<\/cite>, <span class=\"book\">Environmental Research Letters<\/span>, 16 (1), 2021: Article 014036, <a href=\"https:\/\/doi.org\/10.1088\/1748-9326\/abd19e\" target=\"_blank\" rel=\"noopener\">https:\/\/doi.org\/10.1088\/1748-9326\/abd19e<\/a>.\n<\/p>\n<\/li>\n<\/ol>\n<\/div>\n","protected":false},"excerpt":{"rendered":"<p>Ketan Joshi Todas as fontes online foram acedidas no dia 13 de Abril de 2022 Em 2020\u2026 o sector secund\u00e1rio foi respons\u00e1vel pela produ\u00e7\u00e3o de 8736 megatoneladas Ag\u00eancia Internacional de Energia, World Energy Outlook 2021, de Outubro de 2021, https:\/\/www.iea.org\/reports\/world-energy-outlook-2021. m\u00e9todos como a eletrifica\u00e7\u00e3o dos processos industriais Ibid.; Ag\u00eancia Internacional de Energia, Energy Technology Perspectives&hellip;<\/p>\n","protected":false},"author":5,"featured_media":0,"parent":1022,"menu_order":15,"comment_status":"closed","ping_status":"closed","template":"page-essay.php","meta":{"footnotes":""},"class_list":["post-1038","page","type-page","status-publish","hentry"],"_links":{"self":[{"href":"https:\/\/theclimatebook.org\/pt-pt\/wp-json\/wp\/v2\/pages\/1038","targetHints":{"allow":["GET"]}}],"collection":[{"href":"https:\/\/theclimatebook.org\/pt-pt\/wp-json\/wp\/v2\/pages"}],"about":[{"href":"https:\/\/theclimatebook.org\/pt-pt\/wp-json\/wp\/v2\/types\/page"}],"author":[{"embeddable":true,"href":"https:\/\/theclimatebook.org\/pt-pt\/wp-json\/wp\/v2\/users\/5"}],"replies":[{"embeddable":true,"href":"https:\/\/theclimatebook.org\/pt-pt\/wp-json\/wp\/v2\/comments?post=1038"}],"version-history":[{"count":0,"href":"https:\/\/theclimatebook.org\/pt-pt\/wp-json\/wp\/v2\/pages\/1038\/revisions"}],"up":[{"embeddable":true,"href":"https:\/\/theclimatebook.org\/pt-pt\/wp-json\/wp\/v2\/pages\/1022"}],"wp:attachment":[{"href":"https:\/\/theclimatebook.org\/pt-pt\/wp-json\/wp\/v2\/media?parent=1038"}],"curies":[{"name":"wp","href":"https:\/\/api.w.org\/{rel}","templated":true}]}}