{"id":1037,"date":"2022-09-08T14:56:02","date_gmt":"2022-09-08T14:56:02","guid":{"rendered":"https:\/\/theclimatebook.org\/notas-finais\/que-medidas-tomamos\/4-14-mapeamento-de-emissoes-num-mundo-industrial\/"},"modified":"2022-09-08T14:56:02","modified_gmt":"2022-09-08T14:56:02","slug":"4-14-mapeamento-de-emissoes-num-mundo-industrial","status":"publish","type":"page","link":"https:\/\/theclimatebook.org\/pt-pt\/notas-finais\/que-medidas-tomamos\/4-14-mapeamento-de-emissoes-num-mundo-industrial\/","title":{"rendered":"4.14 Mapeamento de Emiss\u00f5es num Mundo Industrial"},"content":{"rendered":"<div class=\"notes\">\n<p class=\"author\"><a href=\"\/contributors#john-barrett\" rel=\"author\">John Barrett<\/a> e <a href=\"\/contributors#alice-garvey\" rel=\"author\">Alice Garvey<\/a><\/p>\n<p class=\"date\">Todas as fontes online foram acedidas no dia <time datetime=\"2022-03-24\">24 de Mar\u00e7o de 2022<\/time><\/p>\n<ol start=\"256\">\n<li>\n<p>\n<q>respons\u00e1vel por mais de 30% das emiss\u00f5es<\/q> Fischedick, M., <em>et al<\/em>., <cite>\u2018Industry\u2019<\/cite>, in Painel Intergovernamental sobre as Altera\u00e7\u00f5es Clim\u00e1ticas, <span class=\"book\">Climate Change 2014: Mitigation of Climate Change. Contribution of Working Group III to the Fifth Assessment Report of the Painel Intergovernamental sobre as Altera\u00e7\u00f5es Clim\u00e1ticas<\/span>, ed. O. Edenhofer <em>et al<\/em>. (Cambridge: Cambridge University Press, 2015), <a href=\"https:\/\/www.ipcc.ch\/report\/ar5\/wg3\/\" target=\"_blank\" rel=\"noopener\">https:\/\/www.ipcc.ch\/report\/ar5\/wg3\/<\/a>.\n<\/p>\n<p>\n<q>A quota mais elevada\u2026 \u00e9 oriunda da siderurgia<\/q> Serrenho, A. C., <em>et al<\/em>., <cite>\u2018The influence of UK emissions reduction targets on the emissions of the global steel industry\u2019<\/cite>, <span class=\"book\">Resources, Conservation and Recycling<\/span>, 107, 2016: 174\u201384, <a href=\"https:\/\/doi.org\/10.1016\/j.resconrec.2016.01.001\" target=\"_blank\" rel=\"noopener\">https:\/\/doi.org\/10.1016\/j.resconrec.2016.01.001<\/a>.\n<\/p>\n<p>\n<q>tr\u00eas tipos de ind\u00fastria pesada\u2026 s\u00e3o respons\u00e1veis por 70%<\/q> Ag\u00eancia Internacional de Energia, <cite><span class=\"book\">Energy Technology Perspectives 2020<\/span><\/cite>, de Setembro de 2020), <a href=\"https:\/\/www.iea.org\/reports\/energy-technology-perspectives-2020\" target=\"_blank\" rel=\"noopener\">https:\/\/www.iea.org\/reports\/energy-technology-perspectives-2020<\/a>.\n<\/p>\n<p>\n<q>Na produ\u00e7\u00e3o do cimento, metade das emiss\u00f5es totais de CO<sup>2<\/sup><\/q> Van Ruijven, B. J., <em>et al<\/em>., <cite>\u2018Long-term model-based projections of energy use and CO<sub>2<\/sub> emissions from the global steel and cement industries\u2019<\/cite>, <span class=\"book\">Resources, Conservation and Recycling<\/span>, 112, 2016: 15\u201336, <a href=\"https:\/\/doi.org\/10.1016\/j.resconrec.2016.04.016\" target=\"_blank\" rel=\"noopener\">https:\/\/doi.org\/10.1016\/j.resconrec.2016.04.016<\/a>.\n<\/p>\n<p>\n<q>As emiss\u00f5es territoriais\u2026 ocorrem no seio de um pa\u00eds espec\u00edfico<\/q><br \/>\nBarrett, J., <em>et al<\/em>., <cite>\u2018Consumption-based GHG emission accounting: a UK case study\u2019<\/cite>, <span class=\"book\">Climate Policy<\/span>, 13 (4), 2013: 1\u201319, <a href=\"https:\/\/doi.org\/10.1080\/14693062.2013.788858\" target=\"_blank\" rel=\"noopener\">https:\/\/doi.org\/10.1080\/14693062.2013.788858<\/a>.\n<\/p>\n<\/li>\n<li value=\"258\">\n<p>\n<q>estes ganhos foram anulados pelo aumento da procura<\/q> Wang, P., <em>et al<\/em>., <cite>\u2018Efficiency stagnation in global steel production urges joint supply- and demand-side mitigation efforts\u2019<\/cite>, <span class=\"book\">Nature Communications<\/span>, 12, 2021: Article 2066, <a href=\"https:\/\/doi.org\/10.1038\/s41467-021-22245-6\" target=\"_blank\" rel=\"noopener\">https:\/\/doi.org\/10.1038\/s41467-021-22245-6<\/a>.\n<\/p>\n<p>\n<q>Estima-se que a procura pelo menos duplique at\u00e9 2050<\/q> Allwood, J. M., <em>et al<\/em>., <cite>\u2018Options for achieving a 50% cut in industrial carbon emissions by 2050\u2019<\/cite>, <span class=\"book\">Environmental Science and Technology<\/span>, 44 (6), 2010: 1888\u201394, <a href=\"https:\/\/doi.org\/10.1021\/es902909k\" target=\"_blank\" rel=\"noopener\">https:\/\/doi.org\/10.1021\/es902909k<\/a>.\n<\/p>\n<p>\n<q>a procura de a\u00e7o e cimento\u2026 da atividade econ\u00f3mica<\/q> Van Ruijven <em>et al<\/em>., <cite>\u2018Long-term model-based projections of energy use and CO<sub>2<\/sub> emissions\u2019<\/cite>.\n<\/p>\n<p>\n<q>61% do aumento das emiss\u00f5es de gases com efeito de estufa da China<\/q> Minx, Jan C., <em>et al<\/em>., <cite>\u2018A \u201ccarbonizing dragon\u201d: China\u2019s fast-growing CO<sub>2<\/sub> emissions revisited\u2019<\/cite>, <span class=\"book\">Environmental Science and Technology<\/span>, 45 (21) 2011: 9144\u201353, <a href=\"https:\/\/doi.org\/10.1021\/es201497m\" target=\"_blank\" rel=\"noopener\">https:\/\/doi.org\/10.1021\/es201497m<\/a>.\n<\/p>\n<\/li>\n<li>\n<p>\n<q>estima-se que at\u00e9 2050 um quinto da produ\u00e7\u00e3o global de a\u00e7o ocorra na \u00cdndia<\/q> Ag\u00eancia Internacional de Energia, <cite><span class=\"book\">Iron and Steel Technology Roadmap: Towards More Sustainable Steelmaking<\/span><\/cite>, de Outubro de 2020, <a href=\"https:\/\/www.iea.org\/reports\/iron-and-steel-technology-roadmap\" target=\"_blank\" rel=\"noopener\">https:\/\/www.iea.org\/reports\/iron-and-steel-technology-roadmap<\/a>.\n<\/p>\n<p>\n<q>37% do carbono que podemos emitir na produ\u00e7\u00e3o de a\u00e7o<\/q> Wang <em>et al<\/em>., <cite>\u2018Efficiency stagnation in global steel production\u2019<\/cite>.\n<\/p>\n<p>\n<q>estrat\u00e9gias de \u201cefici\u00eancia dos materiais\u201d<\/q> Allwood, J. M., <em>et al<\/em>., <cite><span class=\"book\">Steel Arising: Opportunities for the UK in a Transforming Global Steel Industry<\/span><\/cite>, Use Less Group, University of Cambridge, de Abril de 2019, <a href=\"https:\/\/doi.org\/10.17863\/CAM.40835\" target=\"_blank\" rel=\"noopener\">https:\/\/doi.org\/10.17863\/CAM.40835<\/a>.\n<\/p>\n<\/li>\n<\/ol>\n<\/div>\n","protected":false},"excerpt":{"rendered":"<p>John Barrett e Alice Garvey Todas as fontes online foram acedidas no dia 24 de Mar\u00e7o de 2022 respons\u00e1vel por mais de 30% das emiss\u00f5es Fischedick, M., et al., \u2018Industry\u2019, in Painel Intergovernamental sobre as Altera\u00e7\u00f5es Clim\u00e1ticas, Climate Change 2014: Mitigation of Climate Change. Contribution of Working Group III to the Fifth Assessment Report of&hellip;<\/p>\n","protected":false},"author":5,"featured_media":0,"parent":1022,"menu_order":14,"comment_status":"closed","ping_status":"closed","template":"page-essay.php","meta":{"footnotes":""},"class_list":["post-1037","page","type-page","status-publish","hentry"],"_links":{"self":[{"href":"https:\/\/theclimatebook.org\/pt-pt\/wp-json\/wp\/v2\/pages\/1037","targetHints":{"allow":["GET"]}}],"collection":[{"href":"https:\/\/theclimatebook.org\/pt-pt\/wp-json\/wp\/v2\/pages"}],"about":[{"href":"https:\/\/theclimatebook.org\/pt-pt\/wp-json\/wp\/v2\/types\/page"}],"author":[{"embeddable":true,"href":"https:\/\/theclimatebook.org\/pt-pt\/wp-json\/wp\/v2\/users\/5"}],"replies":[{"embeddable":true,"href":"https:\/\/theclimatebook.org\/pt-pt\/wp-json\/wp\/v2\/comments?post=1037"}],"version-history":[{"count":0,"href":"https:\/\/theclimatebook.org\/pt-pt\/wp-json\/wp\/v2\/pages\/1037\/revisions"}],"up":[{"embeddable":true,"href":"https:\/\/theclimatebook.org\/pt-pt\/wp-json\/wp\/v2\/pages\/1022"}],"wp:attachment":[{"href":"https:\/\/theclimatebook.org\/pt-pt\/wp-json\/wp\/v2\/media?parent=1037"}],"curies":[{"name":"wp","href":"https:\/\/api.w.org\/{rel}","templated":true}]}}