{"id":1036,"date":"2022-09-08T14:35:27","date_gmt":"2022-09-08T14:35:27","guid":{"rendered":"https:\/\/theclimatebook.org\/notas-finais\/que-medidas-tomamos\/4-13-desenvolvimento-de-novos-sistemas-alimentares\/"},"modified":"2022-09-08T14:35:27","modified_gmt":"2022-09-08T14:35:27","slug":"4-13-desenvolvimento-de-novos-sistemas-alimentares","status":"publish","type":"page","link":"https:\/\/theclimatebook.org\/pt-pt\/notas-finais\/que-medidas-tomamos\/4-13-desenvolvimento-de-novos-sistemas-alimentares\/","title":{"rendered":"4.13 Desenvolvimento de Novos Sistemas Alimentares"},"content":{"rendered":"<div class=\"notes\">\n<p class=\"author\"><a href=\"\/contributors#sonja-vermeulen\" rel=\"author\">Sonja Vermeulen<\/a><\/p>\n<p class=\"date\">Todas as fontes online foram acedidas no dia <time datetime=\"2022-02-28\">28 de Fevereiro de 2022<\/time><\/p>\n<ol start=\"252\">\n<li>\n<p>\n<q>um s\u00f3lido consenso entre os cientistas<\/q> Willett, W., <em>et al<\/em>., <cite>\u2018Food in the Anthropocene: the EAT\u2013Lancet commission on healthy diets from sustainable food systems\u2019<\/cite>, <span class=\"book\">Lancet<\/span>, 393 (10170), 2019: 447\u201392, <a href=\"https:\/\/doi.org\/10.1016\/S0140-6736(18)31788-4\" target=\"_blank\" rel=\"noopener\">https:\/\/doi.org\/10.1016\/S0140-6736(18)31788-4<\/a>.\n<\/p>\n<p>\n<q>o lado da oferta\u2026 tamb\u00e9m \u00e9 importante<\/q> Poore, J., and Nemecek, T., <cite>\u2018Reducing food\u2019s environmental impacts through producers and consumers\u2019<\/cite>, <span class=\"book\">Science<\/span>, 360 (6392), 2018: 987\u201392, <a href=\"https:\/\/doi.org\/10.1126\/science.aaq0216\" target=\"_blank\" rel=\"noopener\">https:\/\/doi.org\/10.1126\/science.aaq0216<\/a>.\n<\/p>\n<p>\n<q>o gado era t\u00e3o valorizado pelo estrume <\/q> Bogaard, A., <em>et al<\/em>., <cite>\u2018Crop manuring and intensive land management by Europe\u2019s first farmers\u2019<\/cite>, <span class=\"book\">Proceedings of the National Academy of Sciences<\/span>, 110 (31), 2013: 12589\u201394, <a href=\"https:\/\/doi.org\/10.1073\/pnas.1305918110\" target=\"_blank\" rel=\"noopener\">https:\/\/doi.org\/10.1073\/pnas.1305918110<\/a>.\n<\/p>\n<\/li>\n<li>\n<p>\n<q>prejudicando a biodiversidade e as fun\u00e7\u00f5es ecossist\u00e9micas<\/q> Lassaletta, L., <em>et al<\/em>., <cite>\u2018Food and feed trade as a driver in the global nitrogen cycle: 50-year trends\u2019<\/cite>, <span class=\"book\">Biogeochemistry<\/span>, 118, 2014: 225\u201341, <a href=\"https:\/\/doi.org\/10.1007\/s10533-013-9923-4\" target=\"_blank\" rel=\"noopener\">https:\/\/doi.org\/10.1007\/s10533-013-9923-4<\/a>.\n<\/p>\n<p><q>o grande desafio \u00e9 conservar a maior quantidade poss\u00edvel de ecossistemas de biodiversidade ricos em carbono<\/q> Painel Intergovernamental sobre as Altera\u00e7\u00f5es Clim\u00e1ticas<cite> <span class=\"book\">Climate Change and Land 2019: An IPCC Special Report on Climate Change, Desertification, Land Degradation, Sustainable Land Management, Food Security, and Greenhouse Gas Fluxes in Terrestrial Ecosystems<\/span><\/cite>, ed. P. R. Shukla <em>et al<\/em>., 2019, <a href=\"https:\/\/www.ipcc.ch\/srccl\/\" target=\"_blank\" rel=\"noopener\">https:\/\/www.ipcc.ch\/srccl\/<\/a>.\n<\/p>\n<p><q>o principal motivo da destrui\u00e7\u00e3o destes ecossistemas<\/q> Curtis, P. G., <em>et al<\/em>., <cite>\u2018Classifying drivers of global forest loss\u2019<\/cite>, <span class=\"book\">Science<\/span>, 361 (6407), 2018: 1108\u201311, <a href=\"https:\/\/doi.org\/10.1126\/science.aau3445\" target=\"_blank\" rel=\"noopener\">https:\/\/doi.org\/10.1126\/science.aau3445<\/a>.\n<\/p>\n<p><q>grande parte do desafio pol\u00edtico\u2026 centra-se em produzir mais com menos<\/q> Constance, D. H., <em>et al<\/em>., eds., <cite><span class=\"book\">Contested Sustainability Discourses in the Agrifood System <\/span><\/cite> (Abingdon: Routledge, 2018).\n<\/p>\n<p><q>esfor\u00e7os para alcan\u00e7ar a intensifica\u00e7\u00e3o sustent\u00e1vel<\/q> Bonilla-Cedrez, C., <em>et al<\/em>., <cite>\u2018Fertilizer and grain prices constrain food production in sub-Saharan Africa\u2019<\/cite>, <span class=\"book\">Nature Food<\/span>, 2 (10), 2021: 766\u201372, <a href=\"https:\/\/doi.org\/10.1038\/s43016-021-00370-1\" target=\"_blank\" rel=\"noopener\">https:\/\/doi.org\/10.1038\/s43016-021-00370-1<\/a>.\n<\/p>\n<\/li>\n<li>\n<p>\n<q>estes projetos tamb\u00e9m t\u00eam os seus problemas<\/q> Carlile, R., and Garnett, T., <cite>\u2018What is agroecology?\u2019<\/cite>, Table, 9 de Junho de 2021, <a href=\"https:\/\/www.tabledebates.org\/building-blocks\/agroecology\" target=\"_blank\" rel=\"noopener\">https:\/\/www.tabledebates.org\/building-blocks\/agroecology<\/a>.\n<\/p>\n<p>\n<q>A prioridade na mudan\u00e7a \u00e9 a altera\u00e7\u00e3o dos 5% de calorias<\/q> Poore and Nemecek, <cite>\u2018Reducing food\u2019s environmental impacts\u2019<\/cite>.\n<\/p>\n<p>\n<q>A preocupa\u00e7\u00e3o principal \u00e9 a otimiza\u00e7\u00e3o<\/q> Xie, H., <em>et al<\/em>., <cite>\u2018Prospects for agricultural sustainable intensification: a review of research\u2019<\/cite>, <span class=\"book\">Land<\/span>, 8 (11), 2019: Article 157, <a href=\"https:\/\/doi.org\/10.3390\/land8110157\" target=\"_blank\" rel=\"noopener\">https:\/\/doi.org\/10.3390\/land8110157<\/a>.\n<\/p>\n<p>\n<q>de prefer\u00eancia alternando com a diversifica\u00e7\u00e3o de usos mistos da terra<\/q> Vermeulen, S., <em>et al<\/em>., <cite><span class=\"book\">Healthy Diets from Sustainable Production: Indonesia<\/span><\/cite>, Hoffmann Centre for Sustainable Resource Economy and Chatham House, 24 de Janeiro de 2019, <a href=\"https:\/\/www.chathamhouse.org\/2019\/01\/healthy-diets-sustainable-production-indonesia\" target=\"_blank\" rel=\"noopener\">https:\/\/www.chathamhouse.org\/2019\/01\/healthy-diets-sustainable-production-indonesia<\/a>.\n<\/p>\n<p>\n<q>uma vaca numa quinta industrial moderna na Europa<\/q> Herrero, M., <em>et al<\/em>., <cite>\u2018Biomass use, production, feed efficiencies, and greenhouse gas emissions from global livestock systems\u2019<\/cite>, <span class=\"book\">Proceedings of the National Academy of Sciences<\/span>, 110 (52), 2013: 20888\u201393, <a href=\"https:\/\/doi.org\/10.1073\/pnas.1308149110\" target=\"_blank\" rel=\"noopener\">https:\/\/doi.org\/10.1073\/pnas.1308149110<\/a>.\n<\/p>\n<\/li>\n<li>\n<p>\n<q>Cerca de 20% de terra coberta com arbustos e \u00e1rvores<\/q> Painel Intergovernamental sobre as Altera\u00e7\u00f5es Clim\u00e1ticas, <cite><span class=\"book\">Climate Change and Land 2019<\/span><\/cite>; Willett <em>et al<\/em>., <cite>\u2018Food in the Anthropocene\u2019<\/cite>.\n<\/p>\n<p>\n<q>Os sistemas de gest\u00e3o de pastagens \u00e0 base de pastor\u00edcia sustent\u00e1vel<\/q> Painel Intergovernamental sobre as Altera\u00e7\u00f5es Clim\u00e1ticas, <cite><span class=\"book\">Climate Change and Land 2019<\/span><\/cite>.\n<\/p>\n<p>\n<q>uma utiliza\u00e7\u00e3o diferente dos subs\u00eddios, no valor de mais de 500 mil milh\u00f5es de d\u00f3lares<\/q> Food and Agriculture Organization of the United Nations, United Nations Development Programme and United Nations Environment Programme, <cite><span class=\"book\">A Multi-Billion-Dollar Opportunity: Repurposing Agricultural Support to Transform Food Systems<\/span><\/cite>, 2021, <a href=\"https:\/\/doi.org\/10.4060\/cb6562en\" target=\"_blank\" rel=\"noopener\">https:\/\/doi.org\/10.4060\/cb6562en<\/a>.\n<\/p>\n<p>\n<q>progresso em quest\u00f5es sociais profundas<\/q> Huyer, S., <cite>\u2018Closing the gender gap in agriculture\u2019<\/cite>, <span class=\"book\">Gender, Technology and Development<\/span>, 20 (2), 2016: 105\u201316, <a href=\"https:\/\/doi.org\/10.1177\/0971852416643872\" target=\"_blank\" rel=\"noopener\">https:\/\/doi.org\/10.1177\/0971852416643872<\/a>.\n<\/p>\n<\/li>\n<\/ol>\n<\/div>\n","protected":false},"excerpt":{"rendered":"<p>Sonja Vermeulen Todas as fontes online foram acedidas no dia 28 de Fevereiro de 2022 um s\u00f3lido consenso entre os cientistas Willett, W., et al., \u2018Food in the Anthropocene: the EAT\u2013Lancet commission on healthy diets from sustainable food systems\u2019, Lancet, 393 (10170), 2019: 447\u201392, https:\/\/doi.org\/10.1016\/S0140-6736(18)31788-4. o lado da oferta\u2026 tamb\u00e9m \u00e9 importante Poore, J., and&hellip;<\/p>\n","protected":false},"author":5,"featured_media":0,"parent":1022,"menu_order":13,"comment_status":"closed","ping_status":"closed","template":"page-essay.php","meta":{"footnotes":""},"class_list":["post-1036","page","type-page","status-publish","hentry"],"_links":{"self":[{"href":"https:\/\/theclimatebook.org\/pt-pt\/wp-json\/wp\/v2\/pages\/1036","targetHints":{"allow":["GET"]}}],"collection":[{"href":"https:\/\/theclimatebook.org\/pt-pt\/wp-json\/wp\/v2\/pages"}],"about":[{"href":"https:\/\/theclimatebook.org\/pt-pt\/wp-json\/wp\/v2\/types\/page"}],"author":[{"embeddable":true,"href":"https:\/\/theclimatebook.org\/pt-pt\/wp-json\/wp\/v2\/users\/5"}],"replies":[{"embeddable":true,"href":"https:\/\/theclimatebook.org\/pt-pt\/wp-json\/wp\/v2\/comments?post=1036"}],"version-history":[{"count":0,"href":"https:\/\/theclimatebook.org\/pt-pt\/wp-json\/wp\/v2\/pages\/1036\/revisions"}],"up":[{"embeddable":true,"href":"https:\/\/theclimatebook.org\/pt-pt\/wp-json\/wp\/v2\/pages\/1022"}],"wp:attachment":[{"href":"https:\/\/theclimatebook.org\/pt-pt\/wp-json\/wp\/v2\/media?parent=1036"}],"curies":[{"name":"wp","href":"https:\/\/api.w.org\/{rel}","templated":true}]}}