{"id":1033,"date":"2022-09-07T17:25:52","date_gmt":"2022-09-07T17:25:52","guid":{"rendered":"https:\/\/theclimatebook.org\/notas-finais\/que-medidas-tomamos\/4-10-uma-nova-maneira-de-pensar\/"},"modified":"2022-09-07T17:25:52","modified_gmt":"2022-09-07T17:25:52","slug":"4-10-uma-nova-maneira-de-pensar","status":"publish","type":"page","link":"https:\/\/theclimatebook.org\/pt-pt\/notas-finais\/que-medidas-tomamos\/4-10-uma-nova-maneira-de-pensar\/","title":{"rendered":"4.10 Uma nova maneira de pensar"},"content":{"rendered":"<div class=\"notes\">\n<p class=\"author\"><a href=\"\/contributors#greta-thunberg\" rel=\"author\">Greta Thunberg<\/a><\/p>\n<p class=\"date\">Todas as fontes online foram acedidas no dia <time datetime=\"2022-02-24\">24 de Fevereiro de 2022<\/time><\/p>\n<ol start=\"240\">\n<li>\n<p>\n<q>\u201cO estilo de vida americano\u201d<\/q> Deen, T., <cite>\u2018U.S. lifestyle is not up for negotiation\u2019<\/cite>, Inter Press Service, 1 de Maio de 2012, <a href=\"https:\/\/www.ipsnews.net\/2012\/05\/us-lifestyle-is-not-up-for-negotiation\/\" target=\"_blank\" rel=\"noopener\">https:\/\/www.ipsnews.net\/2012\/05\/us-lifestyle-is-not-up-for-negotiation\/<\/a>.\n<\/p>\n<\/li>\n<li>\n<p>\n<q>o n\u00edvel de seguran\u00e7a de di\u00f3xido de carbono para essa estabilidade<\/q> Hansen, J., <em>et al<\/em>., <cite>\u2018Target atmospheric CO<sub>2<\/sub>: where should humanity aim?\u2019<\/cite>, <span class=\"book\">Open Atmospheric Science Journal<\/span>, 2, 2008: 217\u201331, doi: 10.2174\/1874282300802010217.\n<\/p>\n<\/li>\n<\/ol>\n<\/div>\n","protected":false},"excerpt":{"rendered":"<p>Greta Thunberg Todas as fontes online foram acedidas no dia 24 de Fevereiro de 2022 \u201cO estilo de vida americano\u201d Deen, T., \u2018U.S. lifestyle is not up for negotiation\u2019, Inter Press Service, 1 de Maio de 2012, https:\/\/www.ipsnews.net\/2012\/05\/us-lifestyle-is-not-up-for-negotiation\/. o n\u00edvel de seguran\u00e7a de di\u00f3xido de carbono para essa estabilidade Hansen, J., et al., \u2018Target atmospheric&hellip;<\/p>\n","protected":false},"author":5,"featured_media":0,"parent":1022,"menu_order":10,"comment_status":"closed","ping_status":"closed","template":"page-essay.php","meta":{"footnotes":""},"class_list":["post-1033","page","type-page","status-publish","hentry"],"_links":{"self":[{"href":"https:\/\/theclimatebook.org\/pt-pt\/wp-json\/wp\/v2\/pages\/1033","targetHints":{"allow":["GET"]}}],"collection":[{"href":"https:\/\/theclimatebook.org\/pt-pt\/wp-json\/wp\/v2\/pages"}],"about":[{"href":"https:\/\/theclimatebook.org\/pt-pt\/wp-json\/wp\/v2\/types\/page"}],"author":[{"embeddable":true,"href":"https:\/\/theclimatebook.org\/pt-pt\/wp-json\/wp\/v2\/users\/5"}],"replies":[{"embeddable":true,"href":"https:\/\/theclimatebook.org\/pt-pt\/wp-json\/wp\/v2\/comments?post=1033"}],"version-history":[{"count":0,"href":"https:\/\/theclimatebook.org\/pt-pt\/wp-json\/wp\/v2\/pages\/1033\/revisions"}],"up":[{"embeddable":true,"href":"https:\/\/theclimatebook.org\/pt-pt\/wp-json\/wp\/v2\/pages\/1022"}],"wp:attachment":[{"href":"https:\/\/theclimatebook.org\/pt-pt\/wp-json\/wp\/v2\/media?parent=1033"}],"curies":[{"name":"wp","href":"https:\/\/api.w.org\/{rel}","templated":true}]}}