{"id":1031,"date":"2022-09-06T15:37:44","date_gmt":"2022-09-06T15:37:44","guid":{"rendered":"https:\/\/theclimatebook.org\/notas-finais\/que-medidas-tomamos\/4-8-e-a-geoengenharia\/"},"modified":"2022-09-06T15:37:44","modified_gmt":"2022-09-06T15:37:44","slug":"4-8-e-a-geoengenharia","status":"publish","type":"page","link":"https:\/\/theclimatebook.org\/pt-pt\/notas-finais\/que-medidas-tomamos\/4-8-e-a-geoengenharia\/","title":{"rendered":"4.8 E a Geoengenharia?"},"content":{"rendered":"<div class=\"notes\">\n<p class=\"author\"><a href=\"\/contributors#niclas-h\u00e4llstr\u00f6m\" rel=\"author\">Niclas H\u00e4llstr\u00f6m<\/a>, <a href=\"\/contributors#jennie-c.-stephens\" rel=\"author\">Jennie C. Stephens<\/a> e <a href=\"\/contributors#isak-stoddard\" rel=\"author\">Isak Stoddard<\/a><\/p>\n<p class=\"date\">Todas as fontes online foram acedidas no dia <time datetime=\"2021-11-30\">30 de Novembro de 2021<\/time><\/p>\n<ol start=\"233\">\n<li>\n<p>\n<q>a inje\u00e7\u00e3o de aeross\u00f3is para a estratosfera poderia perturbar as mon\u00e7\u00f5e<\/q> Jones, A. C., <em>et al<\/em>., <cite>\u2018Impacts of hemispheric solar geoengineering on tropical cyclone frequency\u2018<\/cite>, <span class=\"book\">Nature Communications<\/span>, 8, 2017: 1382, <a href=\"https:\/\/doi.org\/10.1038\/s41467-017-01606-0\" target=\"_blank\" rel=\"noopener\">https:\/\/doi.org\/10.1038\/s41467-017-01606-0<\/a>.\n<\/p>\n<p>\n<q>se as inje\u00e7\u00f5es de aeross\u00f3is para enfraquecer os raios do Sol parassem<\/q> Pierrehumbert, R., and Mann, M., <cite>\u2018Some say we can \u201csolar-engineer\u201d ourselves out of the climate crisis. Don\u2019t buy it\u2019<\/cite>, <span class=\"book\">Guardian<\/span>. 22 de Abril de 2021, <a href=\"https:\/\/www.theguardian.com\/commentisfree\/2021\/apr\/22\/climate-crisis-emergency-earth-day\" target=\"_blank\" rel=\"noopener\">https:\/\/www.theguardian.com\/commentisfree\/2021\/apr\/22\/climate-crisis-emergency-earth-day<\/a>.\n<\/p>\n<p>\n<q>essas tecnologias n\u00e3o podem ser usadas de um modo equitativo e seguro <\/q> Ver <cite>\u2018We call for an international non-use agreement on solar geoengineering\u2019<\/cite>, Solar Geoengineering Non-use Agreement, <a href=\"https:\/\/www.solargeoeng.org\/\" target=\"_blank\" rel=\"noopener\">https:\/\/www.solargeoeng.org\/<\/a>.\n<\/p>\n<\/li>\n<li>\n<p>\n<q>sistemas de governa\u00e7\u00e3o globais est\u00e1veis que funcionariam sem falhas<\/q> Stephens, J. C., <em>et al<\/em>., <cite>\u2018The dangers of mainstreaming solar geoengineering: a critique of the National Academies report\u2019<\/cite>, <span class=\"book\">Environmental Politics<\/span>, 18 de Outubro de 2021, <a href=\"https:\/\/doi.org\/10.1080\/09644016.2021.1989214\" target=\"_blank\" rel=\"noopener\">https:\/\/doi.org\/10.1080\/09644016.2021.1989214<\/a>.\n<\/p>\n<p>\n<q>intensificando as desigualdades atuais\u2026 e escalando o risco de guerras<\/q> Stephens, J. C., <em>et al<\/em>., <cite>\u2018The risks of solar geoengineering research\u2019<\/cite>, <span class=\"book\">Science<\/span>, 372 (6547), 2021: 1161, <a href=\"https:\/\/doi.org\/10.1126\/science.abj3679\" target=\"_blank\" rel=\"noopener\">https:\/\/doi.org\/10.1126\/science.abj3679<\/a>.\n<\/p>\n<p>\n<q>Conven\u00e7\u00e3o das Na\u00e7\u00f5es Unidas sobre a Diversidade Biol\u00f3gica<\/q> <cite>\u2018Climate-related geoengineering and biodiversity\u2019<\/cite>, United Nations Convention on Biological Diversity, 23 de Mar\u00e7o de 2017, <a href=\"https:\/\/www.cbd.int\/climate\/geoengineering\/\" target=\"_blank\" rel=\"noopener\">https:\/\/www.cbd.int\/climate\/geoengineering\/<\/a>.\n<\/p>\n<p>\n<q>as implica\u00e7\u00f5es de os interesses instalados difundirem a ideia da<br \/>\ngeoengenharia dvested interests mainstreaming the idea of geoengineering<\/q> Stephens, J. C., and Surprise, K., <cite>\u2018The hidden injustices of advancing solar geoengineering research\u2019<\/cite>, <span class=\"book\">Global Sustainability<\/span>, 3, 2020: Article e2, <a href=\"https:\/\/doi.org\/10.1017\/sus.2019.28\" target=\"_blank\" rel=\"noopener\">https:\/\/doi.org\/10.1017\/sus.2019.28<\/a>.\n<\/p>\n<p>\n<q>Sugerir que a geoengenharia \u00e9 um \u201cplano B\u201d <\/q> Ver, por exemplo Pierrehumbert, R., <cite>\u2018There is no plan B for dealing with the climate crisis\u2019<\/cite>, <span class=\"book\">Bulletin of the Atomic Scientists<\/span>, 75 (5), 2019: 215\u201321, <a href=\"https:\/\/doi.org\/10.1080\/00963402.2019.1654255\" target=\"_blank\" rel=\"noopener\">https:\/\/doi.org\/10.1080\/00963402.2019.1654255<\/a>.\n<\/p>\n<\/li>\n<\/ol>\n<\/div>\n","protected":false},"excerpt":{"rendered":"<p>Niclas H\u00e4llstr\u00f6m, Jennie C. Stephens e Isak Stoddard Todas as fontes online foram acedidas no dia 30 de Novembro de 2021 a inje\u00e7\u00e3o de aeross\u00f3is para a estratosfera poderia perturbar as mon\u00e7\u00f5e Jones, A. C., et al., \u2018Impacts of hemispheric solar geoengineering on tropical cyclone frequency\u2018, Nature Communications, 8, 2017: 1382, https:\/\/doi.org\/10.1038\/s41467-017-01606-0. se as inje\u00e7\u00f5es&hellip;<\/p>\n","protected":false},"author":5,"featured_media":0,"parent":1022,"menu_order":8,"comment_status":"closed","ping_status":"closed","template":"page-essay.php","meta":{"footnotes":""},"class_list":["post-1031","page","type-page","status-publish","hentry"],"_links":{"self":[{"href":"https:\/\/theclimatebook.org\/pt-pt\/wp-json\/wp\/v2\/pages\/1031","targetHints":{"allow":["GET"]}}],"collection":[{"href":"https:\/\/theclimatebook.org\/pt-pt\/wp-json\/wp\/v2\/pages"}],"about":[{"href":"https:\/\/theclimatebook.org\/pt-pt\/wp-json\/wp\/v2\/types\/page"}],"author":[{"embeddable":true,"href":"https:\/\/theclimatebook.org\/pt-pt\/wp-json\/wp\/v2\/users\/5"}],"replies":[{"embeddable":true,"href":"https:\/\/theclimatebook.org\/pt-pt\/wp-json\/wp\/v2\/comments?post=1031"}],"version-history":[{"count":0,"href":"https:\/\/theclimatebook.org\/pt-pt\/wp-json\/wp\/v2\/pages\/1031\/revisions"}],"up":[{"embeddable":true,"href":"https:\/\/theclimatebook.org\/pt-pt\/wp-json\/wp\/v2\/pages\/1022"}],"wp:attachment":[{"href":"https:\/\/theclimatebook.org\/pt-pt\/wp-json\/wp\/v2\/media?parent=1031"}],"curies":[{"name":"wp","href":"https:\/\/api.w.org\/{rel}","templated":true}]}}