{"id":1030,"date":"2022-09-06T14:22:14","date_gmt":"2022-09-06T14:22:14","guid":{"rendered":"https:\/\/theclimatebook.org\/notas-finais\/que-medidas-tomamos\/4-7-de-que-modo-as-florestas-podem-ajudar-nos\/"},"modified":"2022-09-06T14:22:14","modified_gmt":"2022-09-06T14:22:14","slug":"4-7-de-que-modo-as-florestas-podem-ajudar-nos","status":"publish","type":"page","link":"https:\/\/theclimatebook.org\/pt-pt\/notas-finais\/que-medidas-tomamos\/4-7-de-que-modo-as-florestas-podem-ajudar-nos\/","title":{"rendered":"4.7 De que Modo as Florestas Podem Ajudar-nos?"},"content":{"rendered":"<div class=\"notes\">\n<p class=\"author\"><a href=\"\/contributors#karl-heinz-erb\" rel=\"author\">Karl-Heinz Erb<\/a> e <a href=\"\/contributors#simone-gingrich\" rel=\"author\">Simone Gingrich<\/a><\/p>\n<p class=\"date\">Todas as fontes online foram acedidas no dia <time datetime=\"2022-07-31\">31 de Julho de 2022<\/time><\/p>\n<ol start=\"230\">\n<li>\n<p>\n<q>armazenando cerca de duas vezes mais do que a atmosfera<\/q> Arneth, A., <em>et al<\/em>., <cite>\u2018Framing and context\u2019<\/cite>, in Painel Intergovernamental sobre as Altera\u00e7\u00f5es Clim\u00e1ticas, <span class=\"book\">Climate Change and Land: An IPCC Special Report on Climate Change, Desertification, Land Degradation, Sustainable Land Management, Food Security, and Greenhouse Gas Fluxes in Terrestrial Ecosystems<\/span>, ed. P. R. Shukla <em>et al<\/em>., 2019, <a href=\"https:\/\/www.ipcc.ch\/srccl\/\" target=\"_blank\" rel=\"noopener\">https:\/\/www.ipcc.ch\/srccl\/<\/a>.\n<\/p>\n<p>\n<q>cerca de 13,2 de CO<sub>2<\/sub> equivalente (GtCO<sub>2<\/sub>e)<\/q> Friedlingstein, P., <em>et al<\/em>., <cite>\u2018Global carbon budget 2020\u2019<\/cite>, <span class=\"book\">Earth Systems Science Data<\/span>, 12 (4), 2020: 3269\u2013340, <a href=\"https:\/\/doi.org\/10.5194\/essd-12-3269-2020\" target=\"_blank\" rel=\"noopener\">https:\/\/doi.org\/10.5194\/essd-12-3269-2020<\/a>.\n<\/p>\n<p>\n<q>Esta expans\u00e3o \u00e9 muitas vezes impulsionada por florestas de monoculturas industriais<\/q> Le No\u00eb, J., <em>et al<\/em>., <cite>\u2018Altered growth conditions more than reforestation counteracted forest biomass carbon emissions 1990\u20132020\u2019<\/cite>, <span class=\"book\">Nature Communications<\/span>, 12, 2021: Article 6075, <a href=\"https:\/\/doi.org\/10.1038\/s41467-021-26398-2\" target=\"_blank\" rel=\"noopener\">https:\/\/doi.org\/10.1038\/s41467-021-26398-2<\/a>.<\/p>\n<p>\n<q>No in\u00edcio do s\u00e9culo XIX, as florestas de muitas regi\u00f5es estavam fortemente reduzidas<\/q> Gingrich, S., <em>et al<\/em>., <cite>\u2018Forest transitions in the United States, France and Austria: dynamics of forest change and their socio-metabolic drivers\u2019<\/cite>, <span class=\"book\">Journal of Land Use Science<\/span>, 17 (1), 2022: 113\u201333, <a href=\"https:\/\/doi.org\/10.1080\/1747423X.2021.2018514\" target=\"_blank\" rel=\"noopener\">https:\/\/doi.org\/10.1080\/1747423X.2021.2018514<\/a>.\n<\/p>\n<\/li>\n<li>\n<p>\n<q>respons\u00e1veis por emiss\u00f5es de utiliza\u00e7\u00e3o do solo de 2,4 GtCO<sub>2<\/sub>e por ano <\/q> Hong, C., <em>et al<\/em>., <cite>\u2018Global and regional drivers of land-use emissions in 1961\u20132017\u2019<\/cite>, <span class=\"book\">Nature<\/span>, 589 (7843), 2021: 554\u201361, <a href=\"https:\/\/doi.org\/10.1038\/s41586-020-03138-y\" target=\"_blank\" rel=\"noopener\">https:\/\/doi.org\/10.1038\/s41586-020-03138-y<\/a>; Arneth, <cite>\u2018Framing and context\u2019<\/cite>.\n<\/p>\n<p>\n<q>as reservas de carbono de florestas plantadas s\u00e3o consideravelmente mais<br \/>\nbaixas<br \/>\n<\/q> Erb, K.-H., <em>et al<\/em>., <cite>\u2018Unexpectedly large impact of forest management and grazing on global vegetation biomass\u2019<\/cite>, <span class=\"book\">Nature<\/span>, 553 (7686), 2018: 73\u20136, <a href=\"https:\/\/doi.org\/10.1038\/nature25138\" target=\"_blank\" rel=\"noopener\">https:\/\/doi.org\/10.1038\/nature25138<\/a>.\n<\/p>\n<p>\n<q>Esta \u201cdura\u00e7\u00e3o de vida\u201d\u2026 \u00e9, tipicamente, de cerca de cinquenta anos<\/q> Luyssaert, S., <em>et al<\/em>., <cite>\u2018Old-growth forests as global carbon sinks\u2019<\/cite>, <span class=\"book\">Nature<\/span>, 455 (7210), 2008: 213\u201315, <a href=\"https:\/\/doi.org\/10.1038\/nature07276\" target=\"_blank\" rel=\"noopener\">https:\/\/doi.org\/10.1038\/nature07276<\/a>.\n<\/p>\n<p>\n<q>este \u201ctempo de paridade\u201d pode demorar\u2026 s\u00e9culos<\/q> Erb, K.-H., <em>et al<\/em>., <cite>\u2018Changes in perspective needed to forge \u201cno-regret\u201d forest-based climate change mitigation strategies\u2019<\/cite>, <span class=\"book\">GCB Bioenergy<\/span>, 14 (3), 2022: 246\u201357, <a href=\"https:\/\/doi.org\/10.1111\/gcbb.12921\" target=\"_blank\" rel=\"noopener\">https:\/\/doi.org\/10.1111\/gcbb.12921<\/a>.\n<\/p>\n<p>\n<q>a quantidade de artefactos fabricados pelo homem excede a massa<\/q> Elhacham, E., <em>et al<\/em>., <cite>\u2018Global human-made mass exceeds all living biomass\u2019<\/cite>, <span class=\"book\">Nature<\/span>, 588 (7838), 2020: 442\u20134, <a href=\"https:\/\/doi.org\/10.1038\/s41586-020-3010-5\" target=\"_blank\" rel=\"noopener\">https:\/\/doi.org\/10.1038\/s41586-020-3010-5<\/a>\n<\/p>\n<p>\n<q>devemos concentrar-nos na redu\u00e7\u00e3o da utiliza\u00e7\u00e3o de recursos<\/q> Creutzig, F., <em>et al<\/em>., <cite>\u2018Beyond technology: demand-side solutions for climate change mitigation\u2019<\/cite>, <span class=\"book\">Annual Review of Environmental Resources<\/span>, 41, 2016: 173\u201398, <a href=\"https:\/\/doi.org\/10.1146\/annurev-environ-110615-085428\" target=\"_blank\" rel=\"noopener\">https:\/\/doi.org\/10.1146\/annurev-environ-110615-085428<\/a>\n<\/p>\n<p>\n<q>Hoje em dia, na Uni\u00e3o Europeia, cerca de um quarto a um ter\u00e7o da madeira cortada<\/q> Camia, A., <em>et al<\/em>., <cite><span class=\"book\">The Use of Woody Biomass for Energy Production in the EU<\/span><\/cite>, European Commission Joint Research Centre, 2021, <a href=\"https:\/\/publications.jrc.ec.europa.eu\/repository\/handle\/JRC122719\" target=\"_blank\" rel=\"noopener\">https:\/\/publications.jrc.ec.europa.eu\/repository\/handle\/JRC122719<\/a>.\n<\/p>\n<p>\n<q>a legisla\u00e7\u00e3o da Uni\u00e3o Europeia trate a bioenergia florestal como sustent\u00e1vel<\/q> Searchinger, T. D., <em>et al<\/em>., <cite>\u2018Europe\u2019s renewable energy directive poised to harm global forests\u2019<\/cite>, <span class=\"book\">Nature Communications<\/span>, 9, 2018: Article 3741, <a href=\"https:\/\/doi.org\/10.1038\/s41467-018-06175-4\" target=\"_blank\" rel=\"noopener\">https:\/\/doi.org\/10.1038\/s41467-018-06175-4<\/a>.\n<\/p>\n<\/li>\n<\/ol>\n<\/div>\n","protected":false},"excerpt":{"rendered":"<p>Karl-Heinz Erb e Simone Gingrich Todas as fontes online foram acedidas no dia 31 de Julho de 2022 armazenando cerca de duas vezes mais do que a atmosfera Arneth, A., et al., \u2018Framing and context\u2019, in Painel Intergovernamental sobre as Altera\u00e7\u00f5es Clim\u00e1ticas, Climate Change and Land: An IPCC Special Report on Climate Change, Desertification, Land&hellip;<\/p>\n","protected":false},"author":5,"featured_media":0,"parent":1022,"menu_order":7,"comment_status":"closed","ping_status":"closed","template":"page-essay.php","meta":{"footnotes":""},"class_list":["post-1030","page","type-page","status-publish","hentry"],"_links":{"self":[{"href":"https:\/\/theclimatebook.org\/pt-pt\/wp-json\/wp\/v2\/pages\/1030","targetHints":{"allow":["GET"]}}],"collection":[{"href":"https:\/\/theclimatebook.org\/pt-pt\/wp-json\/wp\/v2\/pages"}],"about":[{"href":"https:\/\/theclimatebook.org\/pt-pt\/wp-json\/wp\/v2\/types\/page"}],"author":[{"embeddable":true,"href":"https:\/\/theclimatebook.org\/pt-pt\/wp-json\/wp\/v2\/users\/5"}],"replies":[{"embeddable":true,"href":"https:\/\/theclimatebook.org\/pt-pt\/wp-json\/wp\/v2\/comments?post=1030"}],"version-history":[{"count":0,"href":"https:\/\/theclimatebook.org\/pt-pt\/wp-json\/wp\/v2\/pages\/1030\/revisions"}],"up":[{"embeddable":true,"href":"https:\/\/theclimatebook.org\/pt-pt\/wp-json\/wp\/v2\/pages\/1022"}],"wp:attachment":[{"href":"https:\/\/theclimatebook.org\/pt-pt\/wp-json\/wp\/v2\/media?parent=1030"}],"curies":[{"name":"wp","href":"https:\/\/api.w.org\/{rel}","templated":true}]}}