{"id":1029,"date":"2022-09-06T12:19:39","date_gmt":"2022-09-06T12:19:39","guid":{"rendered":"https:\/\/theclimatebook.org\/notas-finais\/que-medidas-tomamos\/fontes-de-energias-renovaveis\/"},"modified":"2022-09-06T12:19:39","modified_gmt":"2022-09-06T12:19:39","slug":"fontes-de-energias-renovaveis","status":"publish","type":"page","link":"https:\/\/theclimatebook.org\/pt-pt\/notas-finais\/que-medidas-tomamos\/fontes-de-energias-renovaveis\/","title":{"rendered":"Fontes de Energias Renov\u00e1veis"},"content":{"rendered":"<div class=\"notes\">\n<p class=\"date\">Todas as fontes online foram acedidas no dia <time datetime=\"2022-03-04\">4 de Mar\u00e7o de 2022<\/time><\/p>\n<ol start=\"228\">\n<li>\n<p>\n<q>96% do hidrog\u00e9nio \u00e9 produzido a partir de combust\u00edveis f\u00f3sseis<\/q> Vaughan, A., <cite>\u2018Europe wants to use hydrogen to slow climate change \u2013 will it work?\u2019<\/cite>, <span class=\"book\">New Scientist<\/span>, 7 de Julho de 2020, <a href=\"https:\/\/www.newscientist.com\/article\/2248140-europe-wants-to-use-hydrogen-to-slow-climate-change-will-it-work\/#:~:text=Globally%2C%20around%2096%20per%20cent,coal%20and%20gas%20power%20stations\" target=\"_blank\" rel=\"noopener\">https:\/\/www.newscientist.com\/article\/2248140-europe-wants-to-use-hydrogen-to-slow-climate-change-will-it-work\/#:~:text=Globally%2C%20around%2096%20per%20cent,coal%20and%20gas%20power%20stations<\/a>.\n<\/p>\n<p>\n<q>emitir mais gases com efeito de estufa do que a quantidade que captava<\/q> Global Witness, <cite>\u2018Hydrogen\u2019s hidden emissions\u2019<\/cite>, 20 de Janeiro de 2022, <a href=\"https:\/\/www.globalwitness.org\/en\/campaigns\/fossil-gas\/shell-hydrogen-true-emissions\/\" target=\"_blank\" rel=\"noopener\">https:\/\/www.globalwitness.org\/en\/campaigns\/fossil-gas\/shell-hydrogen-true-emissions\/<\/a>\n<\/p>\n<\/li>\n<li>\n<p>\n<q>17% das emiss\u00f5es de g\u00e1s f\u00f3ssil<\/q> Gonzales, V., <cite>\u2018Geothermal energy 101\u2019<\/cite>, Resources for the Future, 11 de Setembro de 2020, <a href=\"https:\/\/www.rff.org\/publications\/explainers\/geothermal-energy-101\/#:~:text=For%20comparison%2C%20geothermal%20fields%20only,type%20of%20fossil%2Dfuel%20plant\" target=\"_blank\" rel=\"noopener\">https:\/\/www.rff.org\/publications\/explainers\/geothermal-energy-101\/#:~:text=For%20comparison%2C%20geothermal%20fields%20only,type%20of%20fossil%2Dfuel%20plant<\/a>.\n<\/p>\n<\/li>\n<\/ol>\n<\/div>\n","protected":false},"excerpt":{"rendered":"<p>Todas as fontes online foram acedidas no dia 4 de Mar\u00e7o de 2022 96% do hidrog\u00e9nio \u00e9 produzido a partir de combust\u00edveis f\u00f3sseis Vaughan, A., \u2018Europe wants to use hydrogen to slow climate change \u2013 will it work?\u2019, New Scientist, 7 de Julho de 2020, https:\/\/www.newscientist.com\/article\/2248140-europe-wants-to-use-hydrogen-to-slow-climate-change-will-it-work\/#:~:text=Globally%2C%20around%2096%20per%20cent,coal%20and%20gas%20power%20stations. emitir mais gases com efeito de estufa do que&hellip;<\/p>\n","protected":false},"author":5,"featured_media":0,"parent":1022,"menu_order":6,"comment_status":"closed","ping_status":"closed","template":"page-essay.php","meta":{"footnotes":""},"class_list":["post-1029","page","type-page","status-publish","hentry"],"_links":{"self":[{"href":"https:\/\/theclimatebook.org\/pt-pt\/wp-json\/wp\/v2\/pages\/1029","targetHints":{"allow":["GET"]}}],"collection":[{"href":"https:\/\/theclimatebook.org\/pt-pt\/wp-json\/wp\/v2\/pages"}],"about":[{"href":"https:\/\/theclimatebook.org\/pt-pt\/wp-json\/wp\/v2\/types\/page"}],"author":[{"embeddable":true,"href":"https:\/\/theclimatebook.org\/pt-pt\/wp-json\/wp\/v2\/users\/5"}],"replies":[{"embeddable":true,"href":"https:\/\/theclimatebook.org\/pt-pt\/wp-json\/wp\/v2\/comments?post=1029"}],"version-history":[{"count":0,"href":"https:\/\/theclimatebook.org\/pt-pt\/wp-json\/wp\/v2\/pages\/1029\/revisions"}],"up":[{"embeddable":true,"href":"https:\/\/theclimatebook.org\/pt-pt\/wp-json\/wp\/v2\/pages\/1022"}],"wp:attachment":[{"href":"https:\/\/theclimatebook.org\/pt-pt\/wp-json\/wp\/v2\/media?parent=1029"}],"curies":[{"name":"wp","href":"https:\/\/api.w.org\/{rel}","templated":true}]}}