{"id":1028,"date":"2022-09-06T12:14:51","date_gmt":"2022-09-06T12:14:51","guid":{"rendered":"https:\/\/theclimatebook.org\/notas-finais\/que-medidas-tomamos\/4-6-a-ascensao-das-energias-renovaveis\/"},"modified":"2022-09-06T12:14:51","modified_gmt":"2022-09-06T12:14:51","slug":"4-6-a-ascensao-das-energias-renovaveis","status":"publish","type":"page","link":"https:\/\/theclimatebook.org\/pt-pt\/notas-finais\/que-medidas-tomamos\/4-6-a-ascensao-das-energias-renovaveis\/","title":{"rendered":"4.6 A Ascens\u00e3o das Energias Renov\u00e1veis"},"content":{"rendered":"<div class=\"notes\">\n<p class=\"author\"><a href=\"\/contributors#glen-peters\" rel=\"author\">Glen Peters<\/a><\/p>\n<p class=\"date\">Todas as fontes online foram acedidas no dia <time datetime=\"2022-03-04\">4 de Mar\u00e7o de 2022<\/time><\/p>\n<ol start=\"224\">\n<li>\n<p>\n<q>Durante duzentos anos, as emiss\u00f5es globais de CO<sub>2<\/sub> aumentaram a um ritmo est\u00e1vel de 1,6% ao ano.For 200 years, global emissions have grown<\/q> Stoddard, I., <em>et al<\/em>., <cite>\u2018Three decades of climate mitigation: why haven\u2019t we bent the global emissions curve?\u2019<\/cite>, <span class=\"book\">Annual Review of Environment and Resources<\/span>, 46, 2021: 653\u201389, <a href=\"https:\/\/doi.org\/10.1146\/annurev-environ-012220-011104\" target=\"_blank\" rel=\"noopener\">https:\/\/doi.org\/10.1146\/annurev-environ-012220-011104<\/a>.\n<\/p>\n<p>\n<q>agora ao n\u00edvel mais alto desde a d\u00e9cada de 1950<\/q> Ibid.\n<\/p>\n<p>\n<q>as emiss\u00f5es de CO<sub>2<\/sub> estiveram em queda nos pa\u00edses de rendimento elevado<\/q> Friedlingstein, P., <em>et al<\/em>., <cite>\u2018Global carbon budget 2021\u2019<\/cite>, <span class=\"book\">Earth System Science Data<\/span>, 14 (4), 2022: 1917\u20132005, <a href=\"https:\/\/doi.org\/10.5194\/essd-14-1917-2022\" target=\"_blank\" rel=\"noopener\">https:\/\/doi.org\/10.5194\/essd-14-1917-2022<\/a>.\n<\/p>\n<\/li>\n<\/ol>\n<\/div>\n","protected":false},"excerpt":{"rendered":"<p>Glen Peters Todas as fontes online foram acedidas no dia 4 de Mar\u00e7o de 2022 Durante duzentos anos, as emiss\u00f5es globais de CO2 aumentaram a um ritmo est\u00e1vel de 1,6% ao ano.For 200 years, global emissions have grown Stoddard, I., et al., \u2018Three decades of climate mitigation: why haven\u2019t we bent the global emissions curve?\u2019,&hellip;<\/p>\n","protected":false},"author":5,"featured_media":0,"parent":1022,"menu_order":6,"comment_status":"closed","ping_status":"closed","template":"page-essay.php","meta":{"footnotes":""},"class_list":["post-1028","page","type-page","status-publish","hentry"],"_links":{"self":[{"href":"https:\/\/theclimatebook.org\/pt-pt\/wp-json\/wp\/v2\/pages\/1028","targetHints":{"allow":["GET"]}}],"collection":[{"href":"https:\/\/theclimatebook.org\/pt-pt\/wp-json\/wp\/v2\/pages"}],"about":[{"href":"https:\/\/theclimatebook.org\/pt-pt\/wp-json\/wp\/v2\/types\/page"}],"author":[{"embeddable":true,"href":"https:\/\/theclimatebook.org\/pt-pt\/wp-json\/wp\/v2\/users\/5"}],"replies":[{"embeddable":true,"href":"https:\/\/theclimatebook.org\/pt-pt\/wp-json\/wp\/v2\/comments?post=1028"}],"version-history":[{"count":0,"href":"https:\/\/theclimatebook.org\/pt-pt\/wp-json\/wp\/v2\/pages\/1028\/revisions"}],"up":[{"embeddable":true,"href":"https:\/\/theclimatebook.org\/pt-pt\/wp-json\/wp\/v2\/pages\/1022"}],"wp:attachment":[{"href":"https:\/\/theclimatebook.org\/pt-pt\/wp-json\/wp\/v2\/media?parent=1028"}],"curies":[{"name":"wp","href":"https:\/\/api.w.org\/{rel}","templated":true}]}}