{"id":1027,"date":"2022-09-06T12:06:00","date_gmt":"2022-09-06T12:06:00","guid":{"rendered":"https:\/\/theclimatebook.org\/notas-finais\/que-medidas-tomamos\/4-5-a-persistencia-dos-combustiveis-fosseis\/"},"modified":"2022-09-06T12:06:00","modified_gmt":"2022-09-06T12:06:00","slug":"4-5-a-persistencia-dos-combustiveis-fosseis","status":"publish","type":"page","link":"https:\/\/theclimatebook.org\/pt-pt\/notas-finais\/que-medidas-tomamos\/4-5-a-persistencia-dos-combustiveis-fosseis\/","title":{"rendered":"4.5 A Persist\u00eancia dos Combust\u00edveis F\u00f3sseis"},"content":{"rendered":"<div class=\"notes\">\n<p class=\"author\"><a href=\"\/contributors#bill-mcKibben\" rel=\"author\">Bill McKibben<\/a><\/p>\n<p class=\"date\">Todas as fontes online foram acedidas no dia <time datetime=\"2022-04-13\">13 de Abril de 2022<\/time><\/p>\n<ol start=\"219\">\n<li>\n<p>\n<q>fumo que hoje em dia mata 8,7 milh\u00f5es de pessoas todos os anos<\/q> Vohra, K., <em>et al<\/em>., <cite>\u2018Global mortality from outdoor fine particle pollution generated by fossil fuel combustion: results from GEOS-Chem\u2019<\/cite>, <span class=\"book\">Environmental Research<\/span>, 195, 2021: Article 110754, <a href=\"https:\/\/doi.org\/10.1016\/j.envres.2021.110754\" target=\"_blank\" rel=\"noopener\">https:\/\/doi.org\/10.1016\/j.envres.2021.110754<\/a>.\n<\/p>\n<\/li>\n<li>\n<p>\n<q>sempre que duplicamos a quantidade de energia solar no planeta<\/q> Niranjan, A., <cite>\u2018Falling solar panel prices spell sunny future for clean energy\u2019<\/cite>, Deutsche Welle, 28 May 2020, <a href=\"https:\/\/www.dw.com\/en\/cheap-solar-energy-prices-explained\/a-53590607\" target=\"_blank\" rel=\"noopener\">https:\/\/www.dw.com\/en\/cheap-solar-energy-prices-explained\/a-53590607<\/a>.\n<\/p>\n<p>\n<q>cerca de 1.446 mil milh\u00f5es de ve\u00edculos nas estradas do mundo<\/q> Hedges &#038; Company, <cite>\u2018How Many Cars Are There in the World in 2021?\u2019<\/cite>, 24 de Junho de 2021, <a href=\"https:\/\/hedgescompany.com\/blog\/2021\/06\/how-many-cars-are-there-in-the-world\/\" target=\"_blank\" rel=\"noopener\">https:\/\/hedgescompany.com\/blog\/2021\/06\/how-many-cars-are-there-in-the-world\/<\/a>.\n<\/p>\n<p>\n<q>Nos Estados Unidos h\u00e1 282 milh\u00f5es de carros<\/q> Carlier, M., <cite>\u2018U.S. \u2013 Number of vehicles in operation\u2019<\/cite>, Statista, 15 de Dezembro de 2021, <a href=\"https:\/\/www.statista.com\/statistics\/859950\/vehicles-in-operation-by-quarter-united-states\/\" target=\"_blank\" rel=\"noopener\">https:\/\/www.statista.com\/statistics\/859950\/vehicles-in-operation-by-quarter-united-states\/<\/a>.\n<\/p>\n<\/li>\n<\/ol>\n<ol start=\"222\">\n<li>\n<p>\n<q>90% ter\u00e1 a sua primeira energia de fontes renov\u00e1veis<\/q> <cite>\u2018Renewables will give more people access to electricity than coal, says IEA\u2019<\/cite>, Renewable and Appropriate Energy Laboratory, University of California, Berkeley, 19 de Outubro de 2017, <a href=\"https:\/\/rael.berkeley.edu\/2017\/10\/renewables-will-give-more-people-access-to-electricity-than-coal-says-iea\/\" target=\"_blank\" rel=\"noopener\">https:\/\/rael.berkeley.edu\/2017\/10\/renewables-will-give-more-people-access-to-electricity-than-coal-says-iea\/<\/a>.\n<\/p>\n<\/li>\n<\/ol>\n<\/div>\n","protected":false},"excerpt":{"rendered":"<p>Bill McKibben Todas as fontes online foram acedidas no dia 13 de Abril de 2022 fumo que hoje em dia mata 8,7 milh\u00f5es de pessoas todos os anos Vohra, K., et al., \u2018Global mortality from outdoor fine particle pollution generated by fossil fuel combustion: results from GEOS-Chem\u2019, Environmental Research, 195, 2021: Article 110754, https:\/\/doi.org\/10.1016\/j.envres.2021.110754. sempre&hellip;<\/p>\n","protected":false},"author":5,"featured_media":0,"parent":1022,"menu_order":5,"comment_status":"closed","ping_status":"closed","template":"page-essay.php","meta":{"footnotes":""},"class_list":["post-1027","page","type-page","status-publish","hentry"],"_links":{"self":[{"href":"https:\/\/theclimatebook.org\/pt-pt\/wp-json\/wp\/v2\/pages\/1027","targetHints":{"allow":["GET"]}}],"collection":[{"href":"https:\/\/theclimatebook.org\/pt-pt\/wp-json\/wp\/v2\/pages"}],"about":[{"href":"https:\/\/theclimatebook.org\/pt-pt\/wp-json\/wp\/v2\/types\/page"}],"author":[{"embeddable":true,"href":"https:\/\/theclimatebook.org\/pt-pt\/wp-json\/wp\/v2\/users\/5"}],"replies":[{"embeddable":true,"href":"https:\/\/theclimatebook.org\/pt-pt\/wp-json\/wp\/v2\/comments?post=1027"}],"version-history":[{"count":0,"href":"https:\/\/theclimatebook.org\/pt-pt\/wp-json\/wp\/v2\/pages\/1027\/revisions"}],"up":[{"embeddable":true,"href":"https:\/\/theclimatebook.org\/pt-pt\/wp-json\/wp\/v2\/pages\/1022"}],"wp:attachment":[{"href":"https:\/\/theclimatebook.org\/pt-pt\/wp-json\/wp\/v2\/media?parent=1027"}],"curies":[{"name":"wp","href":"https:\/\/api.w.org\/{rel}","templated":true}]}}