{"id":1026,"date":"2022-09-06T11:46:40","date_gmt":"2022-09-06T11:46:40","guid":{"rendered":"https:\/\/theclimatebook.org\/notas-finais\/que-medidas-tomamos\/4-3-a-verdade-acerca-das-metas-climaticas-governamentais\/"},"modified":"2022-09-06T11:46:40","modified_gmt":"2022-09-06T11:46:40","slug":"4-3-a-verdade-acerca-das-metas-climaticas-governamentais","status":"publish","type":"page","link":"https:\/\/theclimatebook.org\/pt-pt\/notas-finais\/que-medidas-tomamos\/4-3-a-verdade-acerca-das-metas-climaticas-governamentais\/","title":{"rendered":"4.3 A Verdade acerca das Metas Clim\u00e1ticas Governamentais"},"content":{"rendered":"<div class=\"notes\">\n<p class=\"author\"><a href=\"\/contributors#alexandra-urisman-otto\" rel=\"author\">Alexandra Urisman Otto<\/a><\/p>\n<p class=\"date\">Todas as fontes online foram acedidas no dia <time datetime=\"2022-03-13\">13 de Mar\u00e7o de 2022<\/time><\/p>\n<ol start=\"211\">\n<li>\n<p>\n<q>o n\u00famero que \u00e9 sempre referido nos debates pol\u00edticos e nas estat\u00edsticas oficiais<\/q> <a href=\"https:\/\/www.naturvardsverket.se\/om-oss\/aktuellt\/nyheter-och-pressmeddelanden\/sveriges-klimatutslapp-okade-med-fyra-procent-under-2021\/\" target=\"_blank\" rel=\"noopener\">https:\/\/www.naturvardsverket.se\/om-oss\/aktuellt\/nyheter-och-pressmeddelanden\/sveriges-klimatutslapp-okade-med-fyra-procent-under-2021\/<\/a>.\n<\/p>\n<p>\n<q>quando acrescentamos as emiss\u00f5es do consumo<\/q><br \/>\n<a href=\"https:\/\/web.archive.org\/web\/20210416194222\/\" target=\"_blank\" rel=\"noopener\">https:\/\/web.archive.org\/web\/20210416194222\/<\/a>, <a href=\"https:\/\/naturvardsverket.se\/Sa-mar-miljon\/Statistik-A-O\/Vaxthusgaser-konsumtionsbaserade-utslapp-Sverige-och-andra-lander\/\" target=\"_blank\" rel=\"noopener\">https:\/\/naturvardsverket.se\/Sa-mar-miljon\/Statistik-A-O\/Vaxthusgaser-konsumtionsbaserade-utslapp-Sverige-och-andra-lander\/<\/a>.\n<\/p>\n<p>\n<q>e da queima de biomassa<\/q><br \/>\n<a href=\"https:\/\/www.statistikdatabasen.scb.se\/pxweb\/sv\/ssd\/START__MI__MI0107\/TotaltUtslappN\/\" target=\"_blank\" rel=\"noopener\">https:\/\/www.statistikdatabasen.scb.se\/pxweb\/sv\/ssd\/START__MI__MI0107\/TotaltUtslappN\/<\/a>.\n<\/p>\n<p>\n<q>a Su\u00e9cia necessitaria de uma percentagem de dois d\u00edgitos nos cortes anuais de emiss\u00f5es para se aproximar do seu quinh\u00e3o da transi\u00e7\u00e3o<\/q><br \/>\n<a href=\"https:\/\/www.tandfonline.com\/doi\/full\/10.1080\/14693062.2020.1728209\" target=\"_blank\" rel=\"noopener\">https:\/\/www.tandfonline.com\/doi\/full\/10.1080\/14693062.2020.1728209<\/a>.\n<\/p>\n<\/li>\n<li>\n<p>\n<q>a avalia\u00e7\u00e3o que a Ag\u00eancia de Prote\u00e7\u00e3o Ambiental sueca faz<\/q> Naturv\u00e5rdsverket, <cite>\u2018Underlag till regeringens klimatpolitiska handlingsplan\u2019<\/cite>, <a href=\"https:\/\/www.naturvardsverket.se\/om-oss\/publikationer\/6800\/underlag-till-regeringens-klimatpolitiska-handlingsplan\/\" target=\"_blank\" rel=\"noopener\">https:\/\/www.naturvardsverket.se\/om-oss\/publikationer\/6800\/underlag-till-regeringens-klimatpolitiska-handlingsplan\/<\/a>.\n<\/p>\n<\/li>\n<li>\n<p>\n<q>a publica\u00e7\u00e3o do artigo no ver\u00e3o<\/q><br \/>\n<a href=\"https:\/\/www.dn.se\/sverige\/sverige-ska-ga-fore-anda-ar-klimatmalen-langt-ifran-tillrackliga\/\" target=\"_blank\" rel=\"noopener\">https:\/\/www.dn.se\/sverige\/sverige-ska-ga-fore-anda-ar-klimatmalen-langt-ifran-tillrackliga\/<\/a>.\n<\/p>\n<\/li>\n<li>\n<p>\n<q>\u201cSe estivermos a calcular mal as emiss\u00f5es\u201d<\/q> Mooney, C., <em>et al<\/em>., <cite>\u2018Countries\u2019 climate pledges built on flawed data, Post investigation finds\u2019<\/cite>, <span class=\"book\">Washington Post<\/span>, 7 de Novembro de 2021, <a href=\"https:\/\/www.washingtonpost.com\/climate-environment\/interactive\/2021\/greenhouse-gas-emissions-pledges-data\/\" target=\"_blank\" rel=\"noopener\">https:\/\/www.washingtonpost.com\/climate-environment\/interactive\/2021\/greenhouse-gas-emissions-pledges-data\/<\/a>.\n<\/p>\n<\/li>\n<\/ol>\n<\/div>\n","protected":false},"excerpt":{"rendered":"<p>Alexandra Urisman Otto Todas as fontes online foram acedidas no dia 13 de Mar\u00e7o de 2022 o n\u00famero que \u00e9 sempre referido nos debates pol\u00edticos e nas estat\u00edsticas oficiais https:\/\/www.naturvardsverket.se\/om-oss\/aktuellt\/nyheter-och-pressmeddelanden\/sveriges-klimatutslapp-okade-med-fyra-procent-under-2021\/. quando acrescentamos as emiss\u00f5es do consumo https:\/\/web.archive.org\/web\/20210416194222\/, https:\/\/naturvardsverket.se\/Sa-mar-miljon\/Statistik-A-O\/Vaxthusgaser-konsumtionsbaserade-utslapp-Sverige-och-andra-lander\/. e da queima de biomassa https:\/\/www.statistikdatabasen.scb.se\/pxweb\/sv\/ssd\/START__MI__MI0107\/TotaltUtslappN\/. a Su\u00e9cia necessitaria de uma percentagem de dois d\u00edgitos nos cortes&hellip;<\/p>\n","protected":false},"author":5,"featured_media":0,"parent":1022,"menu_order":3,"comment_status":"closed","ping_status":"closed","template":"page-essay.php","meta":{"footnotes":""},"class_list":["post-1026","page","type-page","status-publish","hentry"],"_links":{"self":[{"href":"https:\/\/theclimatebook.org\/pt-pt\/wp-json\/wp\/v2\/pages\/1026","targetHints":{"allow":["GET"]}}],"collection":[{"href":"https:\/\/theclimatebook.org\/pt-pt\/wp-json\/wp\/v2\/pages"}],"about":[{"href":"https:\/\/theclimatebook.org\/pt-pt\/wp-json\/wp\/v2\/types\/page"}],"author":[{"embeddable":true,"href":"https:\/\/theclimatebook.org\/pt-pt\/wp-json\/wp\/v2\/users\/5"}],"replies":[{"embeddable":true,"href":"https:\/\/theclimatebook.org\/pt-pt\/wp-json\/wp\/v2\/comments?post=1026"}],"version-history":[{"count":0,"href":"https:\/\/theclimatebook.org\/pt-pt\/wp-json\/wp\/v2\/pages\/1026\/revisions"}],"up":[{"embeddable":true,"href":"https:\/\/theclimatebook.org\/pt-pt\/wp-json\/wp\/v2\/pages\/1022"}],"wp:attachment":[{"href":"https:\/\/theclimatebook.org\/pt-pt\/wp-json\/wp\/v2\/media?parent=1026"}],"curies":[{"name":"wp","href":"https:\/\/api.w.org\/{rel}","templated":true}]}}