{"id":1025,"date":"2022-09-06T11:42:13","date_gmt":"2022-09-06T11:42:13","guid":{"rendered":"https:\/\/theclimatebook.org\/notas-finais\/que-medidas-tomamos\/4-2-o-novo-negacionismo\/"},"modified":"2022-09-06T11:42:13","modified_gmt":"2022-09-06T11:42:13","slug":"4-2-o-novo-negacionismo","status":"publish","type":"page","link":"https:\/\/theclimatebook.org\/pt-pt\/notas-finais\/que-medidas-tomamos\/4-2-o-novo-negacionismo\/","title":{"rendered":"4.2 O Novo Negacionismo"},"content":{"rendered":"<div class=\"notes\">\n<p class=\"author\"><a href=\"\/contributors#kevin-anderson\" rel=\"author\">Kevin Anderson<\/a><\/p>\n<p class=\"date\">Todas as fontes online foram acedidas no dia <time datetime=\"2022-02-28\">28 de Fevereiro de 2022<\/time><\/p>\n<ol start=\"206\">\n<li>\n<p>\n<q>menos de oito anos ao ritmo atual de emiss\u00f5es<\/q> Painel Intergovernamental sobre as Altera\u00e7\u00f5es Clim\u00e1ticas, <cite><span class=\"book\">Climate Change 2021: The Physical Science Basis. Contribution of Working Group I to the Sixth Assessment Report of the Painel Intergovernamental sobre as Altera\u00e7\u00f5es Clim\u00e1ticas<\/span><\/cite>, ed. V. Masson-Delmotte <em>et al<\/em>. (Cambridge: Cambridge University Press, no prelo), <a href=\"https:\/\/www.ipcc.ch\/report\/ar6\/wg1\/\" rel=\"noopener\" target=\"_blank\">https:\/\/www.ipcc.ch\/report\/ar6\/wg1\/<\/a>. Este valor baseia-se no or\u00e7amento do carbono para uma hip\u00f3tese de 67% de ficar abaixo de 1,5\u00b0C (ver Quadro SPM.2), actualizado com os \u00faltimos dados de emiss\u00f5es para 2020 e 2021. O or\u00e7amento \u00e9 depois dividido pelas actuais emiss\u00f5es globais de CO2 para 2021, o que d\u00e1 menos de oito anos aos n\u00edveis actuais de emiss\u00f5es.\n<\/p>\n<p>\n<q>restam-nos menos de vinte anos de emiss\u00f5es ao ritmo atual<\/q> Ibid. Calculado utilizando a hip\u00f3tese de 83% de ficar abaixo de 2\u00b0C (reflectindo o termo \u201cbastante abaixo de 2\u00b0C\u201d) da Tabela SPM.2\n<\/p>\n<p>\n<q>por volta de 2035 ter\u00edamos de ter eliminado a utiliza\u00e7\u00e3o de todos os combust\u00edveis f\u00f3sseis<\/q> Anderson, K., <em>et al<\/em>., <cite>\u2018A factor of two: how the mitigation plans of \u2018climate progressive\u2019 nations fall far short of Paris-compliant pathways\u2019<\/cite>, <span class=\"book\">Climate Policy<\/span>, 20 (10), 2020: 1290\u20131304, <a href=\"https:\/\/doi.org\/10.1080\/14693062.2020.1728209\" target=\"_blank\" rel=\"noopener\">https:\/\/doi.org\/10.1080\/14693062.2020.1728209<\/a>. The global carbon budget (for a 67% chance of not exceeding 1.5\u00b0C) is taken from the latest IPCC report (Assessment Report 6 \u2013 AR6). The IPCC give a global carbon budget of 400 billion tonnes of carbon dioxide, but this value is from the start of 2020. Between then and the start of 2022, a further 80 billion tonnes of CO<sub>2<\/sub> has been emitted (globally), dropping the budget to around 320 billion tonnes. With the focus here being on fossil fuels, some of the remaining budget will be required for what are referred to as industrial process emissions (principally from cement production) and for any net land-based CO<sub>2<\/sub> emissions. A very optimistic interpretation of these is around 60 billion tonnes, leaving a fossil fuel carbon budget of around 260 billion tonnes. This approach is detailed in the above \u2018Factor of Two\u2019 paper.\n<\/p>\n<\/li>\n<li value=\"208\">\n<p>\n<q>o 1% dos mais ricos\u2026 d\u00e3o origem ao dobro das emiss\u00f5es<\/q> Kartha, S., <em>et al<\/em>., <cite><span class=\"book\">The Carbon Inequality Era: An Assessment of the Global Distribution of Consumption Emissions among Individuals from 1990 to 2015 and Beyond<\/span><\/cite>, Stockholm Environment Institute and Oxfam, 21 de Setembro de 2020, <a href=\"https:\/\/doi.org\/10.21201\/2020.6492\" target=\"_blank\" rel=\"noopener\">https:\/\/doi.org\/10.21201\/2020.6492<\/a>.\n<\/p>\n<p>\n<q>isso bastaria para diminuir as emiss\u00f5es globais em cerca de um ter\u00e7o<\/q> Global Carbon Atlas, <a href=\"http:\/\/www.globalcarbonatlas.org\/en\/CO2-emissions\" target=\"_blank\" rel=\"noopener\">http:\/\/www.globalcarbonatlas.org\/en\/CO2-emissions<\/a>; Chancel, L., and Piketty, T., <cite><span class=\"book\">Carbon and Inequality: From Kyoto to Paris. Trends in the Global Inequality of Carbon Emissions (1998\u20132013) and Prospects for an Equitable Adaptation Fund<\/span><\/cite>, Paris School of Economics working paper, 3 de Novembro de 2015, <a href=\"http:\/\/piketty.pse.ens.fr\/files\/ChancelPiketty2015.pdf\" target=\"_blank\" rel=\"noopener\">http:\/\/piketty.pse.ens.fr\/files\/ChancelPiketty2015.pdf<\/a>. \u00c9 um c\u00e1lculo simples baseado em dados do Global Carbon Atlas e na an\u00e1lise do relat\u00f3rio de Chancel e Piketty.\n<\/p>\n<\/li>\n<\/ol>\n<\/div>\n","protected":false},"excerpt":{"rendered":"<p>Kevin Anderson Todas as fontes online foram acedidas no dia 28 de Fevereiro de 2022 menos de oito anos ao ritmo atual de emiss\u00f5es Painel Intergovernamental sobre as Altera\u00e7\u00f5es Clim\u00e1ticas, Climate Change 2021: The Physical Science Basis. Contribution of Working Group I to the Sixth Assessment Report of the Painel Intergovernamental sobre as Altera\u00e7\u00f5es Clim\u00e1ticas,&hellip;<\/p>\n","protected":false},"author":5,"featured_media":0,"parent":1022,"menu_order":2,"comment_status":"closed","ping_status":"closed","template":"page-essay.php","meta":{"footnotes":""},"class_list":["post-1025","page","type-page","status-publish","hentry"],"_links":{"self":[{"href":"https:\/\/theclimatebook.org\/pt-pt\/wp-json\/wp\/v2\/pages\/1025","targetHints":{"allow":["GET"]}}],"collection":[{"href":"https:\/\/theclimatebook.org\/pt-pt\/wp-json\/wp\/v2\/pages"}],"about":[{"href":"https:\/\/theclimatebook.org\/pt-pt\/wp-json\/wp\/v2\/types\/page"}],"author":[{"embeddable":true,"href":"https:\/\/theclimatebook.org\/pt-pt\/wp-json\/wp\/v2\/users\/5"}],"replies":[{"embeddable":true,"href":"https:\/\/theclimatebook.org\/pt-pt\/wp-json\/wp\/v2\/comments?post=1025"}],"version-history":[{"count":0,"href":"https:\/\/theclimatebook.org\/pt-pt\/wp-json\/wp\/v2\/pages\/1025\/revisions"}],"up":[{"embeddable":true,"href":"https:\/\/theclimatebook.org\/pt-pt\/wp-json\/wp\/v2\/pages\/1022"}],"wp:attachment":[{"href":"https:\/\/theclimatebook.org\/pt-pt\/wp-json\/wp\/v2\/media?parent=1025"}],"curies":[{"name":"wp","href":"https:\/\/api.w.org\/{rel}","templated":true}]}}