{"id":1024,"date":"2022-08-31T18:00:39","date_gmt":"2022-08-31T18:00:39","guid":{"rendered":"https:\/\/theclimatebook.org\/notas-finais\/como-o-planeta-esta-a-mudar\/2-19-a-biodiversidade-terrestre\/"},"modified":"2022-08-31T18:00:39","modified_gmt":"2022-08-31T18:00:39","slug":"2-19-a-biodiversidade-terrestre","status":"publish","type":"page","link":"https:\/\/theclimatebook.org\/pt-pt\/notas-finais\/como-o-planeta-esta-a-mudar\/2-19-a-biodiversidade-terrestre\/","title":{"rendered":"2.19 A Biodiversidade Terrestre"},"content":{"rendered":"<div class=\"notes\">\n<p class=\"author\"><a href=\"\/contributors#adriana-de-palma\" rel=\"author\">Adriana De Palma<\/a> e <a href=\"\/contributors#andy-purvis\" rel=\"author\">Andy Purvis<\/a><\/p>\n<p class=\"date\">Todas as fontes online foram acedidas no dia <time datetime=\"2022-01-15\">15 de Janeiro de 2022<\/time><\/p>\n<ol start=\"107\">\n<li>\n<p>\n<q>A ca\u00e7a contribuiu para eliminar muitas esp\u00e9cies de mam\u00edferos\u2026 de grande porte<\/q> Purvis, A., <em>et al<\/em>., <cite>\u2018Status and trends \u2013 nature\u2019<\/cite>, in IPBES, <span class=\"book\">Global Assessment Report of the Intergovernmental Science-Policy Platform on Biodiversity and Ecosystem Services<\/span>, ed. E. S. Brondizio <em>et al<\/em>., 2019, <a href=\"https:\/\/doi.org\/10.5281\/zenodo.3832005\" target=\"_blank\" rel=\"noopener\">https:\/\/doi.org\/10.5281\/zenodo.3832005<\/a>.\n<\/p>\n<p>\n<q>H\u00e1 muitos povos ind\u00edgenas\u2026 ainda hoje gerem as terras<\/q> Ibid.; Ellis, E. C., <cite>\u2018Land use and ecological change: a 12,000-year history\u2019<\/cite>, <span class=\"book\">Annual Review of Environment and Resources<\/span>, 46, 2021: 1\u201333, <a href=\"https:\/\/doi.org\/10.1146\/annurev-environ-012220-010822\" target=\"_blank\" rel=\"noopener\">https:\/\/doi.org\/10.1146\/annurev-environ-012220-010822<\/a>.\n<\/p>\n<p>\n<q>A nossa marca\u2026 \u00e9 vis\u00edvel at\u00e9 do espa\u00e7o<\/q> Watson, J. E. M., <em>et al<\/em>., <cite>\u2018Catastrophic declines in wilderness areas undermine global environment targets\u2019<\/cite>, <span class=\"book\">Current Biology<\/span>, 26 (21), 2016: 2929\u201334, <a href=\"https:\/\/doi.org\/10.1016\/j.cub.2016.08.049\" target=\"_blank\" rel=\"noopener\">https:\/\/doi.org\/10.1016\/j.cub.2016.08.049<\/a>.\n<\/p>\n<p>\n<q>cultivamos mais de 30% dos solos cada vez mais intensivamente<\/q> Purvis <em>et al<\/em>., <cite>\u2018Status and trends\u2019<\/cite>.\n<\/p>\n<p>\n<q>Os impactos destas amea\u00e7as na natureza t\u00eam fortes varia\u00e7\u00f5es a n\u00edvel<br \/>\nregional<\/q> Foley, J. A., <em>et al<\/em>., <cite>\u2018Global consequences of land use\u2019<\/cite>, <span class=\"book\">Science<\/span>, 309 (5734), 2005: 570\u201374, <a href=\"https:\/\/doi.org\/10.1126\/science.1111772\" target=\"_blank\" rel=\"noopener\">https:\/\/doi.org\/10.1126\/science.1111772<\/a>; Purvis <em>et al<\/em>., <cite>\u2018Status and trends\u2019<\/cite>.\n<\/p>\n<\/li>\n<li>\n<p>\n<q>Nos s\u00edtios onde a terceira vaga se encontra numa fase avan\u00e7ada<\/q> D\u00edaz, S., <em>et al<\/em>., <cite>\u2018Pervasive human-driven decline of life on Earth points to the need for transformative change\u2019<\/cite>, <span class=\"book\">Science<\/span>, 366 (6471), 2019: Article eaax3100, <a href=\"https:\/\/doi.org\/10.1126\/science.aax3100\" target=\"_blank\" rel=\"noopener\">https:\/\/doi.org\/10.1126\/science.aax3100<\/a><\/p>\n<p>\n<q>a biomassa vegetal e a cobertura florestal globais perfazem apenas cerca de metade<\/q> Purvis <em>et al<\/em>., <cite>\u2018Status and trends\u2019<\/cite>.\n<\/p>\n<p>\n<q>Embora a agricultura intensiva tenha aumentado em muito a produ\u00e7\u00e3o agr\u00edcola<\/q> D\u00edaz <em>et al<\/em>., <cite>\u2018Pervasive human-driven decline of life on Earth\u2019<\/cite>.\n<\/p>\n<\/li>\n<li>\n<p>\n<q>Bramble Cay\u2026 tinha uma esp\u00e9cie de roedor, o morcego-rato<\/q> Woinarski, J. C. Z., <em>et al<\/em>., <cite>\u2018The contribution of policy, law, management, research, and advocacy failings to the recent extinctions of three Australian vertebrate species\u2019<\/cite>, <span class=\"book\">Conservation Biology<\/span>, 31 (1), 2017: 13\u201323, <a href=\"https:\/\/doi.org\/10.1111\/cobi.12852\" target=\"_blank\" rel=\"noopener\">https:\/\/doi.org\/10.1111\/cobi.12852<\/a>.\n<\/p>\n<p>\n<q>n\u00e3o estejam a gerar uma perda de biodiversidade\u2026 como a utiliza\u00e7\u00e3o dos solos pela esp\u00e9cie humana<\/q> Otto-P\u00f6rtner, H., <em>et al<\/em>.,  <cite><span class=\"book\">IPBES\u2013IPCC Co-sponsored Workshop Report on Biodiversity and Climate Change<\/span><\/cite>, Intergovernmental Science-Policy Platform on Biodiversity and Ecosystem Services and Painel Intergovernamental sobre as Altera\u00e7\u00f5es Clim\u00e1ticas, 2021, <a href=\"https:\/\/doi.org\/10.5281\/zenodo.4782538\" target=\"_blank\" rel=\"noopener\">https:\/\/doi.org\/10.5281\/zenodo.4782538<\/a>.\n<\/p>\n<p>\n<q>um c\u00edrculo vicioso com as altera\u00e7\u00f5es clim\u00e1ticas<\/q> Ibid.\n<\/p>\n<\/li>\n<\/ol>\n<\/div>\n","protected":false},"excerpt":{"rendered":"<p>Adriana De Palma e Andy Purvis Todas as fontes online foram acedidas no dia 15 de Janeiro de 2022 A ca\u00e7a contribuiu para eliminar muitas esp\u00e9cies de mam\u00edferos\u2026 de grande porte Purvis, A., et al., \u2018Status and trends \u2013 nature\u2019, in IPBES, Global Assessment Report of the Intergovernmental Science-Policy Platform on Biodiversity and Ecosystem Services,&hellip;<\/p>\n","protected":false},"author":5,"featured_media":0,"parent":981,"menu_order":19,"comment_status":"closed","ping_status":"closed","template":"page-essay.php","meta":{"footnotes":""},"class_list":["post-1024","page","type-page","status-publish","hentry"],"_links":{"self":[{"href":"https:\/\/theclimatebook.org\/pt-pt\/wp-json\/wp\/v2\/pages\/1024","targetHints":{"allow":["GET"]}}],"collection":[{"href":"https:\/\/theclimatebook.org\/pt-pt\/wp-json\/wp\/v2\/pages"}],"about":[{"href":"https:\/\/theclimatebook.org\/pt-pt\/wp-json\/wp\/v2\/types\/page"}],"author":[{"embeddable":true,"href":"https:\/\/theclimatebook.org\/pt-pt\/wp-json\/wp\/v2\/users\/5"}],"replies":[{"embeddable":true,"href":"https:\/\/theclimatebook.org\/pt-pt\/wp-json\/wp\/v2\/comments?post=1024"}],"version-history":[{"count":0,"href":"https:\/\/theclimatebook.org\/pt-pt\/wp-json\/wp\/v2\/pages\/1024\/revisions"}],"up":[{"embeddable":true,"href":"https:\/\/theclimatebook.org\/pt-pt\/wp-json\/wp\/v2\/pages\/981"}],"wp:attachment":[{"href":"https:\/\/theclimatebook.org\/pt-pt\/wp-json\/wp\/v2\/media?parent=1024"}],"curies":[{"name":"wp","href":"https:\/\/api.w.org\/{rel}","templated":true}]}}