{"id":1023,"date":"2022-09-06T11:32:07","date_gmt":"2022-09-06T11:32:07","guid":{"rendered":"https:\/\/theclimatebook.org\/notas-finais\/quarta-parte-que-medidas-tomamos\/4-1-como-poderemos-reparar-os-nossos-erros-se-formos-incapazes-de-admitir-que-erramos\/"},"modified":"2022-09-06T11:32:07","modified_gmt":"2022-09-06T11:32:07","slug":"4-1-como-poderemos-reparar-os-nossos-erros-se-formos-incapazes-de-admitir-que-erramos","status":"publish","type":"page","link":"https:\/\/theclimatebook.org\/pt-pt\/notas-finais\/que-medidas-tomamos\/4-1-como-poderemos-reparar-os-nossos-erros-se-formos-incapazes-de-admitir-que-erramos\/","title":{"rendered":"4.1 Como poderemos reparar os nossos erros se formos incapazes de admitir que err\u00e1mos?"},"content":{"rendered":"<div class=\"notes\">\n<p class=\"author\"><a href=\"\/contributors#greta-thunberg\" rel=\"author\">Greta Thunberg<\/a><\/p>\n<p class=\"date\">Todas as fontes online foram acedidas no dia <time datetime=\"2022-02-04\">4 de Fevereiro de 2022<\/time><\/p>\n<ol start=\"201\">\n<li>\n<p>\n<q>apenas um ter\u00e7o das nossas emiss\u00f5es reais\u2026 eram inclu\u00eddas<\/q> <cite>\u2018Klimatpolitiken r\u00e4cker bara halvv\u00e4gs \u2013 f\u00f6r att n\u00e5 redan bristf\u00e4lliga m\u00e5l\u2019<\/cite>, <span class=\"book\">Dagens Nyheter<\/span>, 25 de Julho de 2021, <a href=\"https:\/\/www.dn.se\/sverige\/klimatpolitiken-racker-bara-halvvags-for-att-na-redan-bristfalliga-mal\/\" target=\"_blank\" rel=\"noopener\">https:\/\/www.dn.se\/sverige\/klimatpolitiken-racker-bara-halvvags-for-att-na-redan-bristfalliga-mal\/<\/a>.\n<\/p>\n<p>\n<q>este fen\u00f3meno est\u00e1 longe de ser exclusivo<\/q> Mooney, C., <em>et al<\/em>., <cite>\u2018Countries\u2019 climate pledges built on flawed data, Post investigation finds\u2019<\/cite>, <span class=\"book\">Washington Post<\/span>, 7 de Novembro de 2021, <a href=\"https:\/\/www.washingtonpost.com\/climate-environment\/interactive\/2021\/greenhouse-gas-emissions-pledges-data\/\" target=\"_blank\" rel=\"noopener\">https:\/\/www.washingtonpost.com\/climate-environment\/interactive\/2021\/greenhouse-gas-emissions-pledges-data\/<\/a>.\n<\/p>\n<\/li>\n<\/ol>\n<\/div>\n","protected":false},"excerpt":{"rendered":"<p>Greta Thunberg Todas as fontes online foram acedidas no dia 4 de Fevereiro de 2022 apenas um ter\u00e7o das nossas emiss\u00f5es reais\u2026 eram inclu\u00eddas \u2018Klimatpolitiken r\u00e4cker bara halvv\u00e4gs \u2013 f\u00f6r att n\u00e5 redan bristf\u00e4lliga m\u00e5l\u2019, Dagens Nyheter, 25 de Julho de 2021, https:\/\/www.dn.se\/sverige\/klimatpolitiken-racker-bara-halvvags-for-att-na-redan-bristfalliga-mal\/. este fen\u00f3meno est\u00e1 longe de ser exclusivo Mooney, C., et al., \u2018Countries\u2019&hellip;<\/p>\n","protected":false},"author":5,"featured_media":0,"parent":1022,"menu_order":1,"comment_status":"closed","ping_status":"closed","template":"page-essay.php","meta":{"footnotes":""},"class_list":["post-1023","page","type-page","status-publish","hentry"],"_links":{"self":[{"href":"https:\/\/theclimatebook.org\/pt-pt\/wp-json\/wp\/v2\/pages\/1023","targetHints":{"allow":["GET"]}}],"collection":[{"href":"https:\/\/theclimatebook.org\/pt-pt\/wp-json\/wp\/v2\/pages"}],"about":[{"href":"https:\/\/theclimatebook.org\/pt-pt\/wp-json\/wp\/v2\/types\/page"}],"author":[{"embeddable":true,"href":"https:\/\/theclimatebook.org\/pt-pt\/wp-json\/wp\/v2\/users\/5"}],"replies":[{"embeddable":true,"href":"https:\/\/theclimatebook.org\/pt-pt\/wp-json\/wp\/v2\/comments?post=1023"}],"version-history":[{"count":0,"href":"https:\/\/theclimatebook.org\/pt-pt\/wp-json\/wp\/v2\/pages\/1023\/revisions"}],"up":[{"embeddable":true,"href":"https:\/\/theclimatebook.org\/pt-pt\/wp-json\/wp\/v2\/pages\/1022"}],"wp:attachment":[{"href":"https:\/\/theclimatebook.org\/pt-pt\/wp-json\/wp\/v2\/media?parent=1023"}],"curies":[{"name":"wp","href":"https:\/\/api.w.org\/{rel}","templated":true}]}}