{"id":1021,"date":"2022-09-05T15:57:46","date_gmt":"2022-09-05T15:57:46","guid":{"rendered":"https:\/\/theclimatebook.org\/notas-finais\/como-somos-afetados\/3-20-o-verdadeiro-custo-das-alteracoes-climaticas\/"},"modified":"2022-09-05T15:57:46","modified_gmt":"2022-09-05T15:57:46","slug":"3-20-o-verdadeiro-custo-das-alteracoes-climaticas","status":"publish","type":"page","link":"https:\/\/theclimatebook.org\/pt-pt\/notas-finais\/como-somos-afetados\/3-20-o-verdadeiro-custo-das-alteracoes-climaticas\/","title":{"rendered":"3.20 O Verdadeiro Custo das Altera\u00e7\u00f5es Clim\u00e1ticas"},"content":{"rendered":"<div class=\"notes\">\n<p class=\"author\"><a href=\"\/contributors#eugene-linden\" rel=\"author\">Eugene Linden<\/a><\/p>\n<p class=\"date\">Todas as fontes online foram acedidas no dia <time datetime=\"2022-03-04\">4 de Mar\u00e7o de 2022<\/time><\/p>\n<ol start=\"191\">\n<li>\n<p>\n<q>\u00bc de 1% do PIB<\/q> Nordhaus, W. D., <cite>\u2018Rolling the \u201cDICE\u201d: an optimal transition path for controlling greenhouse gases\u2019\u2018Rolling the \u201cDICE\u201d: an optimal transition path for controlling greenhouse gases\u2019<\/cite>, <span class=\"book\">Resource and Energy Economics<\/span>, 15 (1), 1993, 27\u201350, <a href=\"https:\/\/doi.org\/10.1016\/0928-7655(93)90017-O\" target=\"_blank\" rel=\"noopener\">https:\/\/doi.org\/10.1016\/0928-7655(93)90017-O<\/a>.\n<\/p>\n<\/li>\n<li>\n<p>\n<q>o preju\u00edzo econ\u00f3mico global de um aquecimento de 2\u00b0C seria de 69 bili\u00f5es de d\u00f3lares<\/q> Lafakis, C., <em>et al<\/em>., <cite><span class=\"book\">The Economic Implications of Climate Change<\/span><\/cite>, Moody\u2019s Analytics, de Junho de 2021, <a href=\"https:\/\/www.moodysanalytics.com\/-\/media\/article\/2019\/economic-implications-of-climate-change.pdf\" target=\"_blank\" rel=\"noopener\">https:\/\/www.moodysanalytics.com\/-\/media\/article\/2019\/economic-implications-of-climate-change.pdf<\/a>.\n<\/p>\n<p>\n<q>preju\u00edzos econ\u00f3micos tr\u00eas vezes superiores aos que foram causados pela pandemia da Covid-19<\/q> Guo, J., <em>et al<\/em>., <cite><span class=\"book\">The Economics of Climate Change: No Action Not an Option<\/span><\/cite>, Swiss Re Institute, de Abril de 2021, <a href=\"https:\/\/www.swissre.com\/dam\/jcr:e73ee7c3-7f83-4c17-a2b8-8ef23a8d3312\/swiss-re-institute-expertise-publication-economics-of-climate-change.pdf\" target=\"_blank\" rel=\"noopener\">https:\/\/www.swissre.com\/dam\/jcr:e73ee7c3-7f83-4c17-a2b8-8ef23a8d3312\/swiss-re-institute-expertise-publication-economics-of-climate-change.pdf<\/a>.\n<\/p>\n<\/li>\n<li>\n<p>\n<q>Na segunda d\u00e9cada, esse n\u00famero subiu para 3 bili\u00f5es de d\u00f3lares<\/q> Aon, <cite><span class=\"book\">Weather Climate and Catastrophe Insight: 2019 Annual Report<\/span><\/cite>, 2019, <a href=\"https:\/\/www.aon.com\/global-weather-catastrophe-natural-disasters-costs-climate-change-2019-annual-report\/index.html?utm_source=prnewswire&#038;utm_medium=mediarelease&#038;utm_campaign=natcat20\" target=\"_blank\" rel=\"noopener\">https:\/\/www.aon.com\/global-weather-catastrophe-natural-disasters-costs-climate-change-2019-annual-report\/index.html?utm_source=prnewswire&#038;utm_medium=mediarelease&#038;utm_campaign=natcat20<\/a>.\n<\/p>\n<\/li>\n<\/ol>\n<\/div>\n","protected":false},"excerpt":{"rendered":"<p>Eugene Linden Todas as fontes online foram acedidas no dia 4 de Mar\u00e7o de 2022 \u00bc de 1% do PIB Nordhaus, W. D., \u2018Rolling the \u201cDICE\u201d: an optimal transition path for controlling greenhouse gases\u2019\u2018Rolling the \u201cDICE\u201d: an optimal transition path for controlling greenhouse gases\u2019, Resource and Energy Economics, 15 (1), 1993, 27\u201350, https:\/\/doi.org\/10.1016\/0928-7655(93)90017-O. o preju\u00edzo&hellip;<\/p>\n","protected":false},"author":5,"featured_media":0,"parent":1003,"menu_order":20,"comment_status":"closed","ping_status":"closed","template":"page-essay.php","meta":{"footnotes":""},"class_list":["post-1021","page","type-page","status-publish","hentry"],"_links":{"self":[{"href":"https:\/\/theclimatebook.org\/pt-pt\/wp-json\/wp\/v2\/pages\/1021","targetHints":{"allow":["GET"]}}],"collection":[{"href":"https:\/\/theclimatebook.org\/pt-pt\/wp-json\/wp\/v2\/pages"}],"about":[{"href":"https:\/\/theclimatebook.org\/pt-pt\/wp-json\/wp\/v2\/types\/page"}],"author":[{"embeddable":true,"href":"https:\/\/theclimatebook.org\/pt-pt\/wp-json\/wp\/v2\/users\/5"}],"replies":[{"embeddable":true,"href":"https:\/\/theclimatebook.org\/pt-pt\/wp-json\/wp\/v2\/comments?post=1021"}],"version-history":[{"count":0,"href":"https:\/\/theclimatebook.org\/pt-pt\/wp-json\/wp\/v2\/pages\/1021\/revisions"}],"up":[{"embeddable":true,"href":"https:\/\/theclimatebook.org\/pt-pt\/wp-json\/wp\/v2\/pages\/1003"}],"wp:attachment":[{"href":"https:\/\/theclimatebook.org\/pt-pt\/wp-json\/wp\/v2\/media?parent=1021"}],"curies":[{"name":"wp","href":"https:\/\/api.w.org\/{rel}","templated":true}]}}