{"id":1019,"date":"2022-09-05T15:30:50","date_gmt":"2022-09-05T15:30:50","guid":{"rendered":"https:\/\/theclimatebook.org\/notas-finais\/como-somos-afetados\/3-18-a-escassez-de-agua\/"},"modified":"2022-09-05T15:30:50","modified_gmt":"2022-09-05T15:30:50","slug":"3-18-a-escassez-de-agua","status":"publish","type":"page","link":"https:\/\/theclimatebook.org\/pt-pt\/notas-finais\/como-somos-afetados\/3-18-a-escassez-de-agua\/","title":{"rendered":"3.18 A Escassez de \u00c1gua"},"content":{"rendered":"<div class=\"notes\">\n<p class=\"author\"><a href=\"\/contributors#taikan-oki\" rel=\"author\">Taikan Oki<\/a><\/p>\n<p class=\"date\">Todas as fontes online foram acedidas no dia <time datetime=\"2022-03-01\">1 de Mar\u00e7o de 2022<\/time><\/p>\n<ol start=\"186\">\n<li>\n<p><q>numa revis\u00e3o dos ciclos hidrol\u00f3gicos globais<\/q> Oki, T., and Kanae, S., <cite>\u2018Global hydrological cycles and world water resources\u2019<\/cite>, <span class=\"book\">Science<\/span>, 313 (5790), 2006: 1068\u201372, <a href=\"https:\/\/doi.org\/10.1126\/science.1128845\" target=\"_blank\" rel=\"noopener\">https:\/\/doi.org\/10.1126\/science.1128845<\/a>.<\/p>\n<\/li>\n<li>\n<p><q>um relat\u00f3rio compilado pela Plataforma para a Redu\u00e7\u00e3o do Risco de Cat\u00e1strofes das Na\u00e7\u00f5es Unidas<\/q> United Nations Office for Disaster Risk Reduction and Centre for Research on the Epidemiology of Disasters, <cite>\u2018The human cost of disasters: an overview of the last 20 years (2000\u20132019)\u2019<\/cite>, 12 de Outubro de 2020, <a href=\"https:\/\/reliefweb.int\/report\/world\/human-cost-disasters-overview-last-20-years-2000-2019\" target=\"_blank\" rel=\"noopener\">https:\/\/reliefweb.int\/report\/world\/human-cost-disasters-overview-last-20-years-2000-2019<\/a>.<\/p>\n<p><q>De acordo com o Relat\u00f3rio de Amea\u00e7as Ecol\u00f3gicas<\/q> Institute for Economics and Peace, <cite><span class=\"book\">Ecological Threat Register 2020: Understanding Ecological Threats, Resilience and Peace<\/span><\/cite>, de Setembro de 2020), <a href=\"https:\/\/www.visionofhumanity.org\/wp-content\/uploads\/2020\/10\/ETR_2020_web-1.pdf\" target=\"_blank\" rel=\"noopener\">https:\/\/www.visionofhumanity.org\/wp-content\/uploads\/2020\/10\/ETR_2020_web-1.pdf<\/a><\/p>\n<p><q>1,2 mil milh\u00f5es de pessoas podem ser for\u00e7adas a migrar<\/q> <a href=\"https:\/\/www.visionofhumanity.org\/wp-content\/uploads\/2020\/10\/ETR_2020_web-1.pdf\" target=\"_blank\" rel=\"noopener\">https:\/\/www.visionofhumanity.org\/wp-content\/uploads\/2020\/10\/ETR_2020_web-1.pdf<\/a><\/p>\n<p><q>216 milh\u00f5es de pessoas podem ser deslocadas a n\u00edvel interno<\/q> Clement, V., <em>et al<\/em>., <cite><span class=\"book\">Groundswell Part 2: Acting on Internal Climate Migration<\/span><\/cite>, World Bank working paper, 13 de Setembro de 2021, <a href=\"https:\/\/openknowledge.worldbank.org\/handle\/10986\/36248\" target=\"_blank\" rel=\"noopener\">https:\/\/openknowledge.worldbank.org\/handle\/10986\/36248<\/a>.<\/p>\n<p><q>cerca de 733 milh\u00f5es\u2026 est\u00e3o particularmente em risco<\/q> United Nations Water, <cite><span class=\"book\">Summary Progress Update 2021: SDG 6 \u2013 Water and Sanitation for All<\/span><\/cite>, de Julho de 2021, <a href=\"https:\/\/www.unwater.org\/app\/uploads\/2021\/07\/SDG-6-Summary-Progress-Update-2021_Version-de Julho de-2021.pdf\" target=\"_blank\" rel=\"noopener\">https:\/\/www.unwater.org\/app\/uploads\/2021\/07\/SDG-6-Summary-Progress-Update-2021_Version-de Julho de-2021.pdf<\/a>.<\/p>\n<\/li>\n<\/ol>\n<\/div>\n","protected":false},"excerpt":{"rendered":"<p>Taikan Oki Todas as fontes online foram acedidas no dia 1 de Mar\u00e7o de 2022 numa revis\u00e3o dos ciclos hidrol\u00f3gicos globais Oki, T., and Kanae, S., \u2018Global hydrological cycles and world water resources\u2019, Science, 313 (5790), 2006: 1068\u201372, https:\/\/doi.org\/10.1126\/science.1128845. um relat\u00f3rio compilado pela Plataforma para a Redu\u00e7\u00e3o do Risco de Cat\u00e1strofes das Na\u00e7\u00f5es Unidas United&hellip;<\/p>\n","protected":false},"author":5,"featured_media":0,"parent":1003,"menu_order":18,"comment_status":"closed","ping_status":"closed","template":"page-essay.php","meta":{"footnotes":""},"class_list":["post-1019","page","type-page","status-publish","hentry"],"_links":{"self":[{"href":"https:\/\/theclimatebook.org\/pt-pt\/wp-json\/wp\/v2\/pages\/1019","targetHints":{"allow":["GET"]}}],"collection":[{"href":"https:\/\/theclimatebook.org\/pt-pt\/wp-json\/wp\/v2\/pages"}],"about":[{"href":"https:\/\/theclimatebook.org\/pt-pt\/wp-json\/wp\/v2\/types\/page"}],"author":[{"embeddable":true,"href":"https:\/\/theclimatebook.org\/pt-pt\/wp-json\/wp\/v2\/users\/5"}],"replies":[{"embeddable":true,"href":"https:\/\/theclimatebook.org\/pt-pt\/wp-json\/wp\/v2\/comments?post=1019"}],"version-history":[{"count":0,"href":"https:\/\/theclimatebook.org\/pt-pt\/wp-json\/wp\/v2\/pages\/1019\/revisions"}],"up":[{"embeddable":true,"href":"https:\/\/theclimatebook.org\/pt-pt\/wp-json\/wp\/v2\/pages\/1003"}],"wp:attachment":[{"href":"https:\/\/theclimatebook.org\/pt-pt\/wp-json\/wp\/v2\/media?parent=1019"}],"curies":[{"name":"wp","href":"https:\/\/api.w.org\/{rel}","templated":true}]}}