{"id":1017,"date":"2022-09-05T14:17:20","date_gmt":"2022-09-05T14:17:20","guid":{"rendered":"https:\/\/theclimatebook.org\/notas-finais\/como-somos-afetados\/3-15-em-prol-da-floresta\/"},"modified":"2022-09-05T14:17:20","modified_gmt":"2022-09-05T14:17:20","slug":"3-15-em-prol-da-floresta","status":"publish","type":"page","link":"https:\/\/theclimatebook.org\/pt-pt\/notas-finais\/como-somos-afetados\/3-15-em-prol-da-floresta\/","title":{"rendered":"3.15 Em Prol da Floresta"},"content":{"rendered":"<div class=\"notes\">\n<p class=\"author\"><a href=\"\/contributors#sonia-guajajara\" rel=\"author\">Sonia Guajajara<\/a><\/p>\n<p class=\"date\">Todas as fontes online foram acedidas no dia <time datetime=\"2022-03-04\">4 de Mar\u00e7o de 2022<\/time><\/p>\n<ol start=\"177\">\n<li>\n<p>\n<q>Os povos ind\u00edgenas\u2026 s\u00e3o respons\u00e1veis pela vigil\u00e2ncia<\/q> Rainforest Foundation Norway, <cite><span class=\"book\">Donor Funding for Indigenous Peoples and Local Communities to Secure Tenure Rights and Manage Forests in Tropical Countries (2011\u20132020)<\/span><\/cite>, 2021, <a href=\"https:\/\/d5i6is0eze552.cloudfront.net\/documents\/Publikasjoner\/Andre-rapporter\/RFN_Falling_short_2021.pdf\" target=\"_blank\" rel=\"noopener\">https:\/\/d5i6is0eze552.cloudfront.net\/documents\/Publikasjoner\/Andre-rapporter\/RFN_Falling_short_2021.pdf<\/a>; Food and Agriculture Organization of the United Nations and Fund for the Development of Indigenous Peoples of Latin America and the Caribbean, <span class=\"book\">Los pueblos ind\u00edgenas y tribales y la gobernanza de los bosques: na oportunidad para la acci\u00f3n clim\u00e1tica en Latina Am\u00e9rica y el Caribe<\/span>, 2021, <a href=\"https:\/\/www.fao.org\/documents\/card\/en\/c\/cb2953es\" target=\"_blank\" rel=\"noopener\">https:\/\/www.fao.org\/documents\/card\/en\/c\/cb2953es<\/a>.\n<\/p>\n<p>\n<q>preserva\u00e7\u00e3o de 80% da biodiversidade<\/q> Campbell, J. Y., <cite>\u2018No sustainable development without Indigenous peoples\u2019<\/cite>, International Institute for Sustainable Development SDG Knowledge Hub, 8 de Agosto de 2019, <a href=\"https:\/\/sdg.iisd.org\/commentary\/guest-articles\/no-sustainable-development-without-indigenous-peoples\/\" target=\"_blank\" rel=\"noopener\">https:\/\/sdg.iisd.org\/commentary\/guest-articles\/no-sustainable-development-without-indigenous-peoples\/<\/a>.\n<\/p>\n<\/li>\n<\/ol>\n<\/div>\n","protected":false},"excerpt":{"rendered":"<p>Sonia Guajajara Todas as fontes online foram acedidas no dia 4 de Mar\u00e7o de 2022 Os povos ind\u00edgenas\u2026 s\u00e3o respons\u00e1veis pela vigil\u00e2ncia Rainforest Foundation Norway, Donor Funding for Indigenous Peoples and Local Communities to Secure Tenure Rights and Manage Forests in Tropical Countries (2011\u20132020), 2021, https:\/\/d5i6is0eze552.cloudfront.net\/documents\/Publikasjoner\/Andre-rapporter\/RFN_Falling_short_2021.pdf; Food and Agriculture Organization of the United Nations and&hellip;<\/p>\n","protected":false},"author":5,"featured_media":0,"parent":1003,"menu_order":15,"comment_status":"closed","ping_status":"closed","template":"page-essay.php","meta":{"footnotes":""},"class_list":["post-1017","page","type-page","status-publish","hentry"],"_links":{"self":[{"href":"https:\/\/theclimatebook.org\/pt-pt\/wp-json\/wp\/v2\/pages\/1017","targetHints":{"allow":["GET"]}}],"collection":[{"href":"https:\/\/theclimatebook.org\/pt-pt\/wp-json\/wp\/v2\/pages"}],"about":[{"href":"https:\/\/theclimatebook.org\/pt-pt\/wp-json\/wp\/v2\/types\/page"}],"author":[{"embeddable":true,"href":"https:\/\/theclimatebook.org\/pt-pt\/wp-json\/wp\/v2\/users\/5"}],"replies":[{"embeddable":true,"href":"https:\/\/theclimatebook.org\/pt-pt\/wp-json\/wp\/v2\/comments?post=1017"}],"version-history":[{"count":0,"href":"https:\/\/theclimatebook.org\/pt-pt\/wp-json\/wp\/v2\/pages\/1017\/revisions"}],"up":[{"embeddable":true,"href":"https:\/\/theclimatebook.org\/pt-pt\/wp-json\/wp\/v2\/pages\/1003"}],"wp:attachment":[{"href":"https:\/\/theclimatebook.org\/pt-pt\/wp-json\/wp\/v2\/media?parent=1017"}],"curies":[{"name":"wp","href":"https:\/\/api.w.org\/{rel}","templated":true}]}}