{"id":1016,"date":"2022-09-05T14:09:42","date_gmt":"2022-09-05T14:09:42","guid":{"rendered":"https:\/\/theclimatebook.org\/notas-finais\/como-somos-afetados\/3-13-a-chuva-no-sahel\/"},"modified":"2022-09-05T14:09:42","modified_gmt":"2022-09-05T14:09:42","slug":"3-13-a-chuva-no-sahel","status":"publish","type":"page","link":"https:\/\/theclimatebook.org\/pt-pt\/notas-finais\/como-somos-afetados\/3-13-a-chuva-no-sahel\/","title":{"rendered":"3.13 A Chuva no Sahel"},"content":{"rendered":"<div class=\"notes\">\n<p class=\"author\"><a href=\"\/contributors#hindou-oumarou-ibrahim\" rel=\"author\">Hindou Oumarou Ibrahim<\/a><\/p>\n<p class=\"date\">Todas as fontes online foram acedidas no dia <time datetime=\"2022-03-07\">7 de Mar\u00e7o de 2022<\/time><\/p>\n<ol start=\"171\">\n<li>\n<p>\n<q>Noventa por cento da nossa \u00e1gua desapareceu<\/q> Usigbe, L., <cite>\u2018Drying Lake Chad Basin gives rise to crisis\u2019<\/cite>, Africa Renewal, 24 de Dezembro de 2019, <a href=\"un.org\/africarenewal\/magazine\/december-2019-march-2020\/drying-lake-chad-basin-gives-rise-crisis\" target=\"_blank\" rel=\"noopener\">un.org\/africarenewal\/magazine\/december-2019-march-2020\/drying-lake-chad-basin-gives-rise-crisis<\/a>.\n<\/p>\n<p>\n<q>a temperatura m\u00e9dia pode ser\u2026 3 a 4\u00b0C mais elevada<\/q> Niang, I., <em>et al<\/em>., <cite>\u2018Africa\u2019<\/cite>, in Painel Intergovernamental sobre as Altera\u00e7\u00f5es Clim\u00e1ticas, <span class=\"book\">Climate Change 2014: Impacts, Adaptation, and Vulnerability. Part B: Regional Aspects. Contribution of Working Group II to the Fifth Assessment Report of the Painel Intergovernamental sobre as Altera\u00e7\u00f5es Clim\u00e1ticas<\/span>, ed. V. R. Barros, <em>et al<\/em>. (Cambridge: Cambridge University Press, 2014), <a href=\"https:\/\/www.ipcc.ch\/report\/ar5\/wg2\/\" target=\"_blank\" rel=\"noopener\">https:\/\/www.ipcc.ch\/report\/ar5\/wg2\/<\/a>; Bodewig, C., <cite>\u2018Climate change in the Sahel: how can cash transfers help protect the poor?\u2019<\/cite> Brookings, 4 de Dezembro de 2019, <a href=\"https:\/\/www.brookings.edu\/blog\/future-development\/2019\/12\/04\/climate-change-in-the-sahel-how-can-cash-transfers-help-protect-the-poor\/\" target=\"_blank\" rel=\"noopener\">https:\/\/www.brookings.edu\/blog\/future-development\/2019\/12\/04\/climate-change-in-the-sahel-how-can-cash-transfers-help-protect-the-poor\/<\/a>.\n<\/p>\n<\/li>\n<\/ol>\n<\/div>\n","protected":false},"excerpt":{"rendered":"<p>Hindou Oumarou Ibrahim Todas as fontes online foram acedidas no dia 7 de Mar\u00e7o de 2022 Noventa por cento da nossa \u00e1gua desapareceu Usigbe, L., \u2018Drying Lake Chad Basin gives rise to crisis\u2019, Africa Renewal, 24 de Dezembro de 2019, un.org\/africarenewal\/magazine\/december-2019-march-2020\/drying-lake-chad-basin-gives-rise-crisis. a temperatura m\u00e9dia pode ser\u2026 3 a 4\u00b0C mais elevada Niang, I., et al.,&hellip;<\/p>\n","protected":false},"author":5,"featured_media":0,"parent":1003,"menu_order":13,"comment_status":"closed","ping_status":"closed","template":"page-essay.php","meta":{"footnotes":""},"class_list":["post-1016","page","type-page","status-publish","hentry"],"_links":{"self":[{"href":"https:\/\/theclimatebook.org\/pt-pt\/wp-json\/wp\/v2\/pages\/1016","targetHints":{"allow":["GET"]}}],"collection":[{"href":"https:\/\/theclimatebook.org\/pt-pt\/wp-json\/wp\/v2\/pages"}],"about":[{"href":"https:\/\/theclimatebook.org\/pt-pt\/wp-json\/wp\/v2\/types\/page"}],"author":[{"embeddable":true,"href":"https:\/\/theclimatebook.org\/pt-pt\/wp-json\/wp\/v2\/users\/5"}],"replies":[{"embeddable":true,"href":"https:\/\/theclimatebook.org\/pt-pt\/wp-json\/wp\/v2\/comments?post=1016"}],"version-history":[{"count":0,"href":"https:\/\/theclimatebook.org\/pt-pt\/wp-json\/wp\/v2\/pages\/1016\/revisions"}],"up":[{"embeddable":true,"href":"https:\/\/theclimatebook.org\/pt-pt\/wp-json\/wp\/v2\/pages\/1003"}],"wp:attachment":[{"href":"https:\/\/theclimatebook.org\/pt-pt\/wp-json\/wp\/v2\/media?parent=1016"}],"curies":[{"name":"wp","href":"https:\/\/api.w.org\/{rel}","templated":true}]}}