{"id":1015,"date":"2022-09-05T14:04:25","date_gmt":"2022-09-05T14:04:25","guid":{"rendered":"https:\/\/theclimatebook.org\/notas-finais\/como-somos-afetados\/3-12-a-subida-do-nivel-do-mar-e-as-pequenas-ilhas\/"},"modified":"2022-09-05T14:04:25","modified_gmt":"2022-09-05T14:04:25","slug":"3-12-a-subida-do-nivel-do-mar-e-as-pequenas-ilhas","status":"publish","type":"page","link":"https:\/\/theclimatebook.org\/pt-pt\/notas-finais\/como-somos-afetados\/3-12-a-subida-do-nivel-do-mar-e-as-pequenas-ilhas\/","title":{"rendered":"3.12 A Subida do N\u00edvel do Mar e as Pequenas Ilhas"},"content":{"rendered":"<div class=\"notes\">\n<p class=\"author\"><a href=\"\/contributors#Michael Taylor\" rel=\"author\">Michael Taylor<\/a><\/p>\n<p class=\"date\">Todas as fontes online foram acedidas no dia <time datetime=\"2022-03-04\">4 de Mar\u00e7o de 2022<\/time><\/p>\n<ol start=\"169\">\n<li>\n<p>\n<q>grande parte do turismo das Cara\u00edbas est\u00e1 ligado \u00e0s praias<\/q> Acevedo, S., N., <em>et al<\/em>., <cite>\u2018Caribbean Tourism in the Global Marketplace: Trends, Drivers, and Challenges\u2019<\/cite>, in Srinivasan, K., <em>et al<\/em>., eds., <span class=\"book\">Unleashing Growth and Strengthening Resilience in the Caribbean<\/span> (Washington, DC: International Monetary Fund, 2017), 39\u201362, <a href=\"https:\/\/doi.org\/10.5089\/9781484315194.071\" target=\"_blank\" rel=\"noopener\">https:\/\/doi.org\/10.5089\/9781484315194.071<\/a>.\n<\/p>\n<\/li>\n<li>\n<p>\n<q>preju\u00edzos que ascenderam a um quarto do PIB do pa\u00eds<\/q> Zegarra, M. A., <em>et al<\/em>., <cite><span class=\"book\">Impact of Hurricane Dorian in the Bahamas: A View from the Sky<\/span><\/cite>, Inter-American Development Bank, de Janeiro de 2020, <a href=\"http:\/\/dx.doi.org\/10.18235\/0002163\" target=\"_blank\" rel=\"noopener\">http:\/\/dx.doi.org\/10.18235\/0002163<\/a>.\n<\/p>\n<p>\n<q>at\u00e9 80%&#8230; fiquem inundadas<\/q> Simpson, M. C., <em>et al<\/em>., <cite><span class=\"book\">Quantification and Magnitude of Losses and Damages Resulting from the Impacts of Climate Change: Modelling the Transformational Impacts and Costs of Sea Level Rise in the Caribbean<\/span><\/cite>, United Nations Development Programme, de Dezembro de 2010, <a href=\"https:\/\/www.unep.org\/resources\/report\/modelling-transformational-impacts-and-costs-sea-level-rise-caribbean\" target=\"_blank\" rel=\"noopener\">https:\/\/www.unep.org\/resources\/report\/modelling-transformational-impacts-and-costs-sea-level-rise-caribbean<\/a>.\n<\/p>\n<\/li>\n<\/ol>\n<\/div>\n","protected":false},"excerpt":{"rendered":"<p>Michael Taylor Todas as fontes online foram acedidas no dia 4 de Mar\u00e7o de 2022 grande parte do turismo das Cara\u00edbas est\u00e1 ligado \u00e0s praias Acevedo, S., N., et al., \u2018Caribbean Tourism in the Global Marketplace: Trends, Drivers, and Challenges\u2019, in Srinivasan, K., et al., eds., Unleashing Growth and Strengthening Resilience in the Caribbean (Washington,&hellip;<\/p>\n","protected":false},"author":5,"featured_media":0,"parent":1003,"menu_order":12,"comment_status":"closed","ping_status":"closed","template":"page-essay.php","meta":{"footnotes":""},"class_list":["post-1015","page","type-page","status-publish","hentry"],"_links":{"self":[{"href":"https:\/\/theclimatebook.org\/pt-pt\/wp-json\/wp\/v2\/pages\/1015","targetHints":{"allow":["GET"]}}],"collection":[{"href":"https:\/\/theclimatebook.org\/pt-pt\/wp-json\/wp\/v2\/pages"}],"about":[{"href":"https:\/\/theclimatebook.org\/pt-pt\/wp-json\/wp\/v2\/types\/page"}],"author":[{"embeddable":true,"href":"https:\/\/theclimatebook.org\/pt-pt\/wp-json\/wp\/v2\/users\/5"}],"replies":[{"embeddable":true,"href":"https:\/\/theclimatebook.org\/pt-pt\/wp-json\/wp\/v2\/comments?post=1015"}],"version-history":[{"count":0,"href":"https:\/\/theclimatebook.org\/pt-pt\/wp-json\/wp\/v2\/pages\/1015\/revisions"}],"up":[{"embeddable":true,"href":"https:\/\/theclimatebook.org\/pt-pt\/wp-json\/wp\/v2\/pages\/1003"}],"wp:attachment":[{"href":"https:\/\/theclimatebook.org\/pt-pt\/wp-json\/wp\/v2\/media?parent=1015"}],"curies":[{"name":"wp","href":"https:\/\/api.w.org\/{rel}","templated":true}]}}