{"id":1014,"date":"2022-09-05T13:25:11","date_gmt":"2022-09-05T13:25:11","guid":{"rendered":"https:\/\/theclimatebook.org\/notas-finais\/como-somos-afetados\/3-11-os-refugiados-climaticos\/"},"modified":"2022-09-05T13:25:11","modified_gmt":"2022-09-05T13:25:11","slug":"3-11-os-refugiados-climaticos","status":"publish","type":"page","link":"https:\/\/theclimatebook.org\/pt-pt\/notas-finais\/como-somos-afetados\/3-11-os-refugiados-climaticos\/","title":{"rendered":"3.11  Os Refugiados Clim\u00e1ticos"},"content":{"rendered":"<div class=\"notes\">\n<p class=\"author\"><a href=\"\/contributors#abrahm-lustgarten\" rel=\"author\">Abrahm Lustgarten<\/a><\/p>\n<p class=\"date\">Todas as fontes online foram acedidas no dia <time datetime=\"2021-11-11\">11 de Novembro de 2021<\/time><\/p>\n<ol start=\"166\">\n<li>\n<p>\n<q>19% do planeta\u2026 poder\u00e1 ser inabit\u00e1vel<\/q> Chi Xu, C., <em>et al<\/em>., <cite>\u2018Future of the human climate niche\u2019<\/cite>, <span class=\"book\">Proceedings of the National Academy of Sciences<\/span>, 117 (21), 3030: 11350\u20135, <a href=\"https:\/\/doi.org\/10.1073\/pnas.1910114117\" target=\"_blank\" rel=\"noopener\">https:\/\/doi.org\/10.1073\/pnas.1910114117<\/a>.\n<\/p>\n<\/li>\n<li>\n<p>\n<q>86 milh\u00f5es de pessoas deslocadas<\/q> Rigaud, K. K., <em>et al<\/em>., <cite><span class=\"book\">Groundswell: Preparing for Internal Climate Migration<\/span><br \/>\n<\/cite>, World Bank working paper, 19 de Mar\u00e7o de 2018, <a href=\"https:\/\/openknowledge.worldbank.org\/handle\/10986\/29461\" target=\"_blank\" rel=\"noopener\">https:\/\/openknowledge.worldbank.org\/handle\/10986\/29461<\/a>.\n<\/p>\n<p>\n<q>cerca de 89 milh\u00f5es de habitantes\u2026 deslocados internamente<\/q> Clement, V., <em>et al<\/em>., <cite><span class=\"book\">Groundswell Part Two: Acting on Internal Climate Migration<\/span><br \/>\n<\/cite>, World Bank working paper, 13 de Setembro de 2021, <a href=\"https:\/\/openknowledge.worldbank.org\/handle\/10986\/36248\" target=\"_blank\" rel=\"noopener\">https:\/\/openknowledge.worldbank.org\/handle\/10986\/36248<\/a>.\n<\/p>\n<p>\n<q>n\u00famero que n\u00e3o tem em conta as que se ir\u00e3o mudar para norte<\/q> Rigaud <em>et al<\/em>, World Bank, <cite><span class=\"book\">Groundswell<\/span><\/cite>.\n<\/p>\n<p>\n<q>Ao incluirmos a complexidade do risco de secas<\/q> Lustgarten, A., and Jones, B., <cite>\u2018About our climate migration model\u2019, <\/cite>, ProPublica, 23 de Julho de 2020, <a href=\"https:\/\/assets-c3.propublica.org\/Climate-Migration-Modeling-Methodology.pdf\" target=\"_blank\" rel=\"noopener\">https:\/\/assets-c3.propublica.org\/Climate-Migration-Modeling-Methodology.pdf<\/a>; World Bank, <span class=\"book\">Groundswell<\/span>.<\/p>\n<\/li>\n<\/ol>\n<\/div>\n","protected":false},"excerpt":{"rendered":"<p>Abrahm Lustgarten Todas as fontes online foram acedidas no dia 11 de Novembro de 2021 19% do planeta\u2026 poder\u00e1 ser inabit\u00e1vel Chi Xu, C., et al., \u2018Future of the human climate niche\u2019, Proceedings of the National Academy of Sciences, 117 (21), 3030: 11350\u20135, https:\/\/doi.org\/10.1073\/pnas.1910114117. 86 milh\u00f5es de pessoas deslocadas Rigaud, K. K., et al., Groundswell:&hellip;<\/p>\n","protected":false},"author":5,"featured_media":0,"parent":1003,"menu_order":11,"comment_status":"closed","ping_status":"closed","template":"page-essay.php","meta":{"footnotes":""},"class_list":["post-1014","page","type-page","status-publish","hentry"],"_links":{"self":[{"href":"https:\/\/theclimatebook.org\/pt-pt\/wp-json\/wp\/v2\/pages\/1014","targetHints":{"allow":["GET"]}}],"collection":[{"href":"https:\/\/theclimatebook.org\/pt-pt\/wp-json\/wp\/v2\/pages"}],"about":[{"href":"https:\/\/theclimatebook.org\/pt-pt\/wp-json\/wp\/v2\/types\/page"}],"author":[{"embeddable":true,"href":"https:\/\/theclimatebook.org\/pt-pt\/wp-json\/wp\/v2\/users\/5"}],"replies":[{"embeddable":true,"href":"https:\/\/theclimatebook.org\/pt-pt\/wp-json\/wp\/v2\/comments?post=1014"}],"version-history":[{"count":0,"href":"https:\/\/theclimatebook.org\/pt-pt\/wp-json\/wp\/v2\/pages\/1014\/revisions"}],"up":[{"embeddable":true,"href":"https:\/\/theclimatebook.org\/pt-pt\/wp-json\/wp\/v2\/pages\/1003"}],"wp:attachment":[{"href":"https:\/\/theclimatebook.org\/pt-pt\/wp-json\/wp\/v2\/media?parent=1014"}],"curies":[{"name":"wp","href":"https:\/\/api.w.org\/{rel}","templated":true}]}}