{"id":1011,"date":"2022-09-05T12:28:43","date_gmt":"2022-09-05T12:28:43","guid":{"rendered":"https:\/\/theclimatebook.org\/notas-finais\/como-somos-afetados\/3-8-agora-temos-de-fazer-o-aparentemente-impossivel\/"},"modified":"2022-09-05T12:28:43","modified_gmt":"2022-09-05T12:28:43","slug":"3-8-agora-temos-de-fazer-o-aparentemente-impossivel","status":"publish","type":"page","link":"https:\/\/theclimatebook.org\/pt-pt\/notas-finais\/como-somos-afetados\/3-8-agora-temos-de-fazer-o-aparentemente-impossivel\/","title":{"rendered":"3.8 Agora temos de fazer o aparentemente imposs\u00edvel"},"content":{"rendered":"<div class=\"notes\">\n<p class=\"author\"><a href=\"\/contributors#greta-thunberg\" rel=\"author\">Greta Thunberg<\/a><\/p>\n<p class=\"date\">Todas as fontes online foram acedidas no dia <time datetime=\"2022-02-03\">3 de Fevereiro de 2022<\/time><\/p>\n<ol start=\"154\">\n<li>\n<p>\n<q>Se todos vivessem como n\u00f3s vivemos na Su\u00e9cia<\/q> World Wildlife Fund, <cite><span class=\"book\">Living Planet Report 2016: Risk and Resilience in a New Era<\/span><\/cite>, 26 de Outubro de 2016, <a href=\"https:\/\/www.worldwildlife.org\/pages\/living-planet-report-2016\" target=\"_blank\" rel=\"noopener\">https:\/\/www.worldwildlife.org\/pages\/living-planet-report-2016<\/a>.\n<\/p>\n<p>\n<q>menos energia\u2026 do que um frigor\u00edfico americano normal<\/q> Bryce, R., <cite><span class=\"book\">A Question of Power: Electricity and the Wealth of Nations<\/span><\/cite> (New York: PublicAffairs, 2020).\n<\/p>\n<\/li>\n<li>\n<p>\n<q>reduziu as suas emiss\u00f5es territoriais em 43%<\/q> <cite><span class=\"book\">World Wildlife Fund, Carbon Footprint: Exploring the UK\u2019s Contribution to Climate Change<\/span><\/cite>, de Mar\u00e7o de 2020, <a href=\"https:\/\/www.wwf.org.uk\/sites\/default\/files\/2020-04\/FINAL-WWF-UK_Carbon_Footprint_Analysis_Report_de Mar\u00e7o de_2020%20%28003%29.pdf\" target=\"_blank\" rel=\"noopener\">https:\/\/www.wwf.org.uk\/sites\/default\/files\/2020-04\/FINAL-WWF-UK_Carbon_Footprint_Analysis_Report_de Mar\u00e7o de_2020%20%28003%29.pdf<\/a>.\n<\/p>\n<p>\n<q>esse n\u00famero aproxima-se dos 23%<\/q> <a href=\"https:\/\/www.gov.uk\/government\/statistics\/uks-carbon-footprint\" target=\"_blank\" rel=\"noopener\">https:\/\/www.gov.uk\/government\/statistics\/uks-carbon-footprint<\/a>.\n<\/p>\n<p>\n<q>13,2 milh\u00f5es de toneladas de CO<sub>2<\/sub>\u2026 na Drax<\/q> Cockburn, H., <cite>\u2018UK\u2019s biggest carbon emitter Drax \u201cgreenwashing\u201d wood-fired power at COP26\u2019<\/cite>, <span class=\"book\">Independent<\/span>, 12 de Novembro de 2021, <a href=\"https:\/\/www.independent.co.uk\/climate-change\/news\/drax-greenwashing-cop26-wood-emissions-b1956072.html\" target=\"_blank\" rel=\"noopener\">https:\/\/www.independent.co.uk\/climate-change\/news\/drax-greenwashing-cop26-wood-emissions-b1956072.html<\/a>\n<\/p>\n<p>\n<q>emiss\u00f5es associadas \u00e0s For\u00e7as Armadas<\/q> Ambrose, T., <cite>\u2018World\u2019s militaries avoiding scrutiny over emissions, scientists say\u2019<\/cite>, <span class=\"book\">Guardian<\/span>, 11 de Novembro de 2021, <a href=\"https:\/\/www.theguardian.com\/environment\/2021\/nov\/11\/worlds-militaries-avoiding-scrutiny-over-emissions\" target=\"_blank\" rel=\"noopener\">https:\/\/www.theguardian.com\/environment\/2021\/nov\/11\/worlds-militaries-avoiding-scrutiny-over-emissions<\/a>.\n<\/p>\n<p>\n<q>570 milh\u00f5es de barris de petr\u00f3leo e g\u00e1s por ano<\/q> Oil and Gas Authority, <cite><span class=\"book\">UK Oil and Gas Reserves and Resources as at End 2020<\/span><\/cite>, 22 de Setembro de 2021, <a href=\"https:\/\/www.ogauthority.co.uk\/media\/7764\/rr-report_final-22-september-2021.pdf\" target=\"_blank\" rel=\"noopener\">https:\/\/www.ogauthority.co.uk\/media\/7764\/rr-report_final-22-september-2021.pdf<\/a>.\n<\/p>\n<p><q>aumentaram as emiss\u00f5es<\/q> As emiss\u00f5es territoriais suecas diminu\u00edram em 20,64 milh\u00f5es de toneladas entre 1990 e 2019. As emiss\u00f5es territoriais biog\u00e9nicas suecas aumentaram em 26,87 milh\u00f5es de toneladas e a avia\u00e7\u00e3o e a navega\u00e7\u00e3o internacional aumentaram em 5,8 milh\u00f5es de toneladas, durante o mesmo per\u00edodo de tempo. O calend\u00e1rio estat\u00edstico para as emiss\u00f5es suecas baseadas no consumo no estrangeiro come\u00e7a em 2008. Entre 2008 e 2019, as emiss\u00f5es baseadas no consumo no estrangeiro diminu\u00edram em 10,9 milh\u00f5es de toneladas. Resumo total: Aumento das emiss\u00f5es suecas em 1990-2019, ao incluir as emiss\u00f5es baseadas no consumo no estrangeiro (onde o cronograma come\u00e7a mais tarde): 1,13 milh\u00f5es de toneladas. Aumento das emiss\u00f5es 1990-2019, quando se excluem as emiss\u00f5es baseadas no consumo no estrangeiro: 12,03 milh\u00f5es de toneladas. <a href=\"https:\/\/www.statistikdatabasen.scb.se\/pxweb\/sv\/ssd\/START__MI__MI0107\/TotaltUtslappN\/\" target=\"_blank\" rel=\"noopener\">https:\/\/www.statistikdatabasen.scb.se\/pxweb\/sv\/ssd\/START__MI__MI0107\/TotaltUtslappN\/<\/a>.\n<\/p>\n<p>\n<q>uma subida de temperatura m\u00e9dia global de 1,2\u00b0C<\/q> World Meteorological Organization, <cite><span class=\"book\">State of the Global Climate 2020<\/span><\/cite>, 2021, <a href=\"https:\/\/library.wmo.int\/doc_num.php?explnum_id=10618\" target=\"_blank\" rel=\"noopener\">https:\/\/library.wmo.int\/doc_num.php?explnum_id=10618<\/a>.\n<\/p>\n<\/li>\n<li>\n<p>\n<q>Um ter\u00e7o de todas as emiss\u00f5es antropog\u00e9nicas de CO<sub>2<\/sub><\/q> Global Carbon Project, <cite>\u2018Data supplement to the global carbon budget 2021\u2019<\/cite>, 2021, <a href=\"https:\/\/doi.org\/10.18160\/gcp-2021\" target=\"_blank\" rel=\"noopener\">https:\/\/doi.org\/10.18160\/gcp-2021<\/a>.\n<\/p>\n<p>\n<q>uma investiga\u00e7\u00e3o recente do <span class=\"book\">The Washington Post<\/span><\/q> Mooney, C., <em>et al<\/em>., <cite>\u2018Countries\u2019 climate pledges built on flawed data, Post investigation finds\u2019<\/cite>, <span class=\"book\">Washington Post<\/span>, 7 de Novembro de 2021, <a href=\"https:\/\/www.washingtonpost.com\/climate-environment\/interactive\/2021\/greenhouse-gas-emissions-pledges-data\/\" target=\"_blank\" rel=\"noopener\">https:\/\/www.washingtonpost.com\/climate-environment\/interactive\/2021\/greenhouse-gas-emissions-pledges-data\/<\/a>.\n<\/p>\n<p>\n<q>onde faltam at\u00e9 23% das emiss\u00f5es totais de CO<sub>2<\/sub><\/q> Muyskens, J., <em>et al<\/em>., <cite>\u2018Measuring the invisible: how the Post did its global emissions analysis\u2019<\/cite>, <span class=\"book\">Washington Post<\/span>, 7 de Novembro de 2021, <a href=\"https:\/\/www.washingtonpost.com\/climate-environment\/2021\/11\/07\/invisible-methodology-measuring-emissions-gap\/\" target=\"_blank\" rel=\"noopener\">https:\/\/www.washingtonpost.com\/climate-environment\/2021\/11\/07\/invisible-methodology-measuring-emissions-gap\/<\/a>.\n<\/p>\n<p>\n<q>avan\u00e7amos para um aquecimento global de 3,2\u00b0C<\/q> Painel Intergovernamental sobre as Altera\u00e7\u00f5es Clim\u00e1ticas, <cite><span class=\"book\">Climate Change 2022: Mitigation of Climate Change. Working Group III Contribution to the Sixth Assessment Report of the Painel Intergovernamental sobre as Altera\u00e7\u00f5es Clim\u00e1ticas<\/span><\/cite>, ed. P. R. Shukla <em>et al<\/em>. (Cambridge: Cambridge University Press, no prelo), <a href=\"https:\/\/www.ipcc.ch\/report\/ar6\/wg3\/\" rel=\"noopener\" target=\"_blank\">https:\/\/www.ipcc.ch\/report\/ar6\/wg3\/<\/a>.\n<\/p>\n<\/li>\n<\/ol>\n<\/div>\n","protected":false},"excerpt":{"rendered":"<p>Greta Thunberg Todas as fontes online foram acedidas no dia 3 de Fevereiro de 2022 Se todos vivessem como n\u00f3s vivemos na Su\u00e9cia World Wildlife Fund, Living Planet Report 2016: Risk and Resilience in a New Era, 26 de Outubro de 2016, https:\/\/www.worldwildlife.org\/pages\/living-planet-report-2016. menos energia\u2026 do que um frigor\u00edfico americano normal Bryce, R., A Question&hellip;<\/p>\n","protected":false},"author":5,"featured_media":0,"parent":1003,"menu_order":8,"comment_status":"closed","ping_status":"closed","template":"page-essay.php","meta":{"footnotes":""},"class_list":["post-1011","page","type-page","status-publish","hentry"],"_links":{"self":[{"href":"https:\/\/theclimatebook.org\/pt-pt\/wp-json\/wp\/v2\/pages\/1011","targetHints":{"allow":["GET"]}}],"collection":[{"href":"https:\/\/theclimatebook.org\/pt-pt\/wp-json\/wp\/v2\/pages"}],"about":[{"href":"https:\/\/theclimatebook.org\/pt-pt\/wp-json\/wp\/v2\/types\/page"}],"author":[{"embeddable":true,"href":"https:\/\/theclimatebook.org\/pt-pt\/wp-json\/wp\/v2\/users\/5"}],"replies":[{"embeddable":true,"href":"https:\/\/theclimatebook.org\/pt-pt\/wp-json\/wp\/v2\/comments?post=1011"}],"version-history":[{"count":0,"href":"https:\/\/theclimatebook.org\/pt-pt\/wp-json\/wp\/v2\/pages\/1011\/revisions"}],"up":[{"embeddable":true,"href":"https:\/\/theclimatebook.org\/pt-pt\/wp-json\/wp\/v2\/pages\/1003"}],"wp:attachment":[{"href":"https:\/\/theclimatebook.org\/pt-pt\/wp-json\/wp\/v2\/media?parent=1011"}],"curies":[{"name":"wp","href":"https:\/\/api.w.org\/{rel}","templated":true}]}}